{"id":6071,"date":"2021-08-27T15:45:02","date_gmt":"2021-08-27T12:45:02","guid":{"rendered":"http:\/\/birimler.atauni.edu.tr\/tezhip-anasanat-dali\/?page_id=6071"},"modified":"2021-09-27T09:58:07","modified_gmt":"2021-09-27T06:58:07","slug":"anabilim-dali-kurulu-kararlari","status":"publish","type":"page","link":"https:\/\/atauni.edu.tr\/tezhip-anasanat-dali\/anabilim-dali-kurulu-kararlari\/","title":{"rendered":"Anabilim Dal\u0131 Kurulu Kararlar\u0131"},"content":{"rendered":"\t\t<div data-elementor-type=\"wp-page\" data-elementor-id=\"6071\" class=\"elementor elementor-6071\" data-elementor-post-type=\"page\">\n\t\t\t\t\t\t<section class=\"elementor-section elementor-top-section elementor-element elementor-element-730d320 elementor-section-boxed elementor-section-height-default elementor-section-height-default\" data-id=\"730d320\" data-element_type=\"section\">\n\t\t\t\t\t\t<div class=\"elementor-container elementor-column-gap-default\">\n\t\t\t\t\t<div class=\"elementor-column elementor-col-100 elementor-top-column elementor-element elementor-element-753d0860\" data-id=\"753d0860\" data-element_type=\"column\">\n\t\t\t<div class=\"elementor-widget-wrap\">\n\t\t\t\t\t\t\t<\/div>\n\t\t<\/div>\n\t\t\t\t\t<\/div>\n\t\t<\/section>\n\t\t\t\t<section class=\"elementor-section elementor-top-section elementor-element elementor-element-9be811a elementor-section-boxed elementor-section-height-default elementor-section-height-default\" data-id=\"9be811a\" data-element_type=\"section\">\n\t\t\t\t\t\t<div class=\"elementor-container elementor-column-gap-default\">\n\t\t\t\t\t<div class=\"elementor-column elementor-col-100 elementor-top-column elementor-element elementor-element-1ed847b7\" data-id=\"1ed847b7\" data-element_type=\"column\">\n\t\t\t<div class=\"elementor-widget-wrap elementor-element-populated\">\n\t\t\t\t\t\t<div class=\"elementor-element elementor-element-4ce0d07f elementor-widget elementor-widget-heading\" data-id=\"4ce0d07f\" data-element_type=\"widget\" data-widget_type=\"heading.default\">\n\t\t\t\t<div class=\"elementor-widget-container\">\n\t\t\t\t\t<h2 class=\"elementor-heading-title elementor-size-default\">B\u00f6l\u00fcm Kurulu Kararlar\u0131<\/h2>\t\t\t\t<\/div>\n\t\t\t\t<\/div>\n\t\t\t\t<div class=\"elementor-element elementor-element-63260862 elementor-widget-divider--view-line elementor-widget elementor-widget-divider\" data-id=\"63260862\" data-element_type=\"widget\" data-widget_type=\"divider.default\">\n\t\t\t\t<div class=\"elementor-widget-container\">\n\t\t\t\t\t\t\t<div class=\"elementor-divider\">\n\t\t\t<span class=\"elementor-divider-separator\">\n\t\t\t\t\t\t<\/span>\n\t\t<\/div>\n\t\t\t\t\t\t<\/div>\n\t\t\t\t<\/div>\n\t\t\t\t\t<\/div>\n\t\t<\/div>\n\t\t\t\t\t<\/div>\n\t\t<\/section>\n\t\t\t\t<section class=\"elementor-section elementor-top-section elementor-element elementor-element-681db8b elementor-section-boxed elementor-section-height-default elementor-section-height-default\" data-id=\"681db8b\" data-element_type=\"section\">\n\t\t\t\t\t\t<div class=\"elementor-container elementor-column-gap-default\">\n\t\t\t\t\t<div class=\"elementor-column elementor-col-100 elementor-top-column elementor-element elementor-element-ad4dac5\" data-id=\"ad4dac5\" data-element_type=\"column\">\n\t\t\t<div class=\"elementor-widget-wrap elementor-element-populated\">\n\t\t\t\t\t\t<div class=\"elementor-element elementor-element-2f96b3d elementor-widget elementor-widget-text-editor\" data-id=\"2f96b3d\" data-element_type=\"widget\" data-widget_type=\"text-editor.default\">\n\t\t\t\t<div class=\"elementor-widget-container\">\n\t\t\t\t\t\t\t\t\t<p>Anasanat Dal\u0131 Tezhip b\u00f6l\u00fcm\u00fcn\u00fcn faaliyetlerini d\u00fczenlemek ve ilerletmek amac\u0131yla Anabilim Dal\u0131 Kurulu taraf\u0131ndan al\u0131nan kararlar, b\u00f6l\u00fcm\u00fcn akademik ve idari i\u015fleyi\u015fini \u015fekillendirmektedir. Bu kurul, b\u00f6l\u00fcm\u00fcn gelece\u011fi i\u00e7in stratejiler belirler, e\u011fitim-\u00f6\u011fretim faaliyetlerinin geli\u015ftirilmesi i\u00e7in gerekli ad\u0131mlar\u0131 atar ve sanat\u0131n \u00e7e\u015fitli alanlar\u0131nda yap\u0131lan ara\u015ft\u0131rmalar\u0131 destekler.<\/p>\n<p>Kararlar genellikle d\u00fczenli aral\u0131klarla toplanan Anabilim Dal\u0131 Kurulu toplant\u0131lar\u0131nda al\u0131n\u0131r. Toplant\u0131lar, b\u00f6l\u00fcm\u00fcn \u00f6\u011fretim \u00fcyeleri, idari personeli ve ilgili di\u011fer payda\u015flar\u0131n kat\u0131l\u0131m\u0131yla ger\u00e7ekle\u015ftirilir. Her bir toplant\u0131, b\u00f6l\u00fcm\u00fcn mevcut durumu, gelecekteki planlar\u0131 ve kar\u015f\u0131la\u015f\u0131lan sorunlar\u0131n tart\u0131\u015f\u0131lmas\u0131 i\u00e7in bir platform sa\u011flar.<\/p>\n<p>Al\u0131nan kararlar aras\u0131nda e\u011fitim programlar\u0131n\u0131n g\u00fcncellenmesi, yeni sanat projelerinin desteklenmesi, ulusal ve uluslararas\u0131 i\u015fbirlikleri kurulmas\u0131 gibi konular yer alabilir. Ayr\u0131ca, b\u00f6l\u00fcm\u00fcn fiziksel altyap\u0131s\u0131n\u0131n geli\u015ftirilmesi, laboratuvar ve at\u00f6lyelerin donat\u0131lmas\u0131 da al\u0131nan kararlar\u0131n kapsam\u0131nda olabilir.<\/p>\n<p>Anabilim Dal\u0131 Kurulu, kararlar\u0131n\u0131 al\u0131rken b\u00f6l\u00fcme ba\u015fvuran \u00f6\u011frencilerin e\u011fitim gereksinimleri, \u00f6\u011fretim \u00fcyelerinin ara\u015ft\u0131rma hedefleri ve b\u00f6l\u00fcm\u00fcn genel misyonu gibi fakt\u00f6rleri dikkate al\u0131r. Bu approach, kararlar\u0131n hem b\u00f6l\u00fcm\u00fcn kendi ihtiya\u00e7lar\u0131na hem de sanat camias\u0131n\u0131n daha geni\u015f \u00e7\u0131karlar\u0131na hizmet etmesini sa\u011flar.<\/p>\t\t\t\t\t\t\t\t<\/div>\n\t\t\t\t<\/div>\n\t\t\t\t\t<\/div>\n\t\t<\/div>\n\t\t\t\t\t<\/div>\n\t\t<\/section>\n\t\t\t\t<\/div>\n\t\t","protected":false},"excerpt":{"rendered":"<p>B\u00f6l\u00fcm Kurulu Kararlar\u0131 Lorem Ipsum Nedir? Lorem Ipsum, dizgi ve bask\u0131 end\u00fcstrisinde kullan\u0131lan m\u0131g\u0131r metinlerdir. Lorem Ipsum, ad\u0131 bilinmeyen bir matbaac\u0131n\u0131n bir hurufat numune kitab\u0131 olu\u015fturmak \u00fczere bir yaz\u0131 galerisini alarak kar\u0131\u015ft\u0131rd\u0131\u011f\u0131 1500&#8217;lerden beri end\u00fcstri standard\u0131 sahte metinler olarak kullan\u0131lm\u0131\u015ft\u0131r. Be\u015fy\u00fcz y\u0131l boyunca varl\u0131\u011f\u0131n\u0131 s\u00fcrd\u00fcrmekle kalmam\u0131\u015f, ayn\u0131 zamanda pek de\u011fi\u015fmeden elektronik dizgiye de s\u0131\u00e7ram\u0131\u015ft\u0131r. 1960&#8217;larda [&hellip;]<\/p>\n","protected":false},"author":1,"featured_media":0,"parent":0,"menu_order":0,"comment_status":"closed","ping_status":"closed","template":"elementor_header_footer","meta":{"footnotes":""},"class_list":["post-6071","page","type-page","status-publish","hentry"],"_links":{"self":[{"href":"https:\/\/atauni.edu.tr\/tezhip-anasanat-dali\/wp-json\/wp\/v2\/pages\/6071","targetHints":{"allow":["GET"]}}],"collection":[{"href":"https:\/\/atauni.edu.tr\/tezhip-anasanat-dali\/wp-json\/wp\/v2\/pages"}],"about":[{"href":"https:\/\/atauni.edu.tr\/tezhip-anasanat-dali\/wp-json\/wp\/v2\/types\/page"}],"author":[{"embeddable":true,"href":"https:\/\/atauni.edu.tr\/tezhip-anasanat-dali\/wp-json\/wp\/v2\/users\/1"}],"replies":[{"embeddable":true,"href":"https:\/\/atauni.edu.tr\/tezhip-anasanat-dali\/wp-json\/wp\/v2\/comments?post=6071"}],"version-history":[{"count":8,"href":"https:\/\/atauni.edu.tr\/tezhip-anasanat-dali\/wp-json\/wp\/v2\/pages\/6071\/revisions"}],"predecessor-version":[{"id":6144,"href":"https:\/\/atauni.edu.tr\/tezhip-anasanat-dali\/wp-json\/wp\/v2\/pages\/6071\/revisions\/6144"}],"wp:attachment":[{"href":"https:\/\/atauni.edu.tr\/tezhip-anasanat-dali\/wp-json\/wp\/v2\/media?parent=6071"}],"curies":[{"name":"wp","href":"https:\/\/api.w.org\/{rel}","templated":true}]}}