{"id":5682,"date":"2021-07-13T10:10:01","date_gmt":"2021-07-13T07:10:01","guid":{"rendered":"https:\/\/portaltest.atauni.edu.tr\/bilgisayar-muhendisligi\/?page_id=5682"},"modified":"2022-05-05T19:56:08","modified_gmt":"2022-05-05T16:56:08","slug":"misyon-vizyon-ve-temel-degerler","status":"publish","type":"page","link":"https:\/\/atauni.edu.tr\/tibbi-aromatik-bitki-ve-ilac-arastirma-merkezi\/misyon-vizyon-ve-temel-degerler\/","title":{"rendered":"Misyon, Vizyon ve Temel De\u011ferler"},"content":{"rendered":"\t\t<div data-elementor-type=\"wp-page\" data-elementor-id=\"5682\" class=\"elementor elementor-5682\" data-elementor-post-type=\"page\">\n\t\t\t\t\t\t<section class=\"elementor-section elementor-top-section elementor-element elementor-element-730d320 elementor-section-boxed elementor-section-height-default elementor-section-height-default\" data-id=\"730d320\" data-element_type=\"section\">\n\t\t\t\t\t\t<div class=\"elementor-container elementor-column-gap-default\">\n\t\t\t\t\t<div class=\"elementor-column elementor-col-100 elementor-top-column elementor-element elementor-element-753d0860\" data-id=\"753d0860\" data-element_type=\"column\">\n\t\t\t<div class=\"elementor-widget-wrap\">\n\t\t\t\t\t\t\t<\/div>\n\t\t<\/div>\n\t\t\t\t\t<\/div>\n\t\t<\/section>\n\t\t\t\t<section class=\"elementor-section elementor-top-section elementor-element elementor-element-9be811a elementor-section-boxed elementor-section-height-default elementor-section-height-default\" data-id=\"9be811a\" data-element_type=\"section\">\n\t\t\t\t\t\t<div class=\"elementor-container elementor-column-gap-default\">\n\t\t\t\t\t<div class=\"elementor-column elementor-col-100 elementor-top-column elementor-element elementor-element-1ed847b7\" data-id=\"1ed847b7\" data-element_type=\"column\">\n\t\t\t<div class=\"elementor-widget-wrap elementor-element-populated\">\n\t\t\t\t\t\t<div class=\"elementor-element elementor-element-4ce0d07f elementor-widget elementor-widget-heading\" data-id=\"4ce0d07f\" data-element_type=\"widget\" data-widget_type=\"heading.default\">\n\t\t\t\t<div class=\"elementor-widget-container\">\n\t\t\t\t\t<h2 class=\"elementor-heading-title elementor-size-default\">Misyon, Vizyon ve Temel De\u011ferler<\/h2>\t\t\t\t<\/div>\n\t\t\t\t<\/div>\n\t\t\t\t<div class=\"elementor-element elementor-element-63260862 elementor-widget-divider--view-line elementor-widget elementor-widget-divider\" data-id=\"63260862\" data-element_type=\"widget\" data-widget_type=\"divider.default\">\n\t\t\t\t<div class=\"elementor-widget-container\">\n\t\t\t\t\t\t\t<div class=\"elementor-divider\">\n\t\t\t<span class=\"elementor-divider-separator\">\n\t\t\t\t\t\t<\/span>\n\t\t<\/div>\n\t\t\t\t\t\t<\/div>\n\t\t\t\t<\/div>\n\t\t\t\t\t<\/div>\n\t\t<\/div>\n\t\t\t\t\t<\/div>\n\t\t<\/section>\n\t\t\t\t<section class=\"elementor-section elementor-top-section elementor-element elementor-element-681db8b elementor-section-boxed elementor-section-height-default elementor-section-height-default\" data-id=\"681db8b\" data-element_type=\"section\">\n\t\t\t\t\t\t<div class=\"elementor-container elementor-column-gap-default\">\n\t\t\t\t\t<div class=\"elementor-column elementor-col-100 elementor-top-column elementor-element elementor-element-ad4dac5\" data-id=\"ad4dac5\" data-element_type=\"column\">\n\t\t\t<div class=\"elementor-widget-wrap elementor-element-populated\">\n\t\t\t\t\t\t<div class=\"elementor-element elementor-element-2f96b3d elementor-widget elementor-widget-text-editor\" data-id=\"2f96b3d\" data-element_type=\"widget\" data-widget_type=\"text-editor.default\">\n\t\t\t\t<div class=\"elementor-widget-container\">\n\t\t\t\t\t\t\t\t\t<p style=\"margin-bottom: 1rem;line-height: 26px;text-align: left;padding: 0px 12px;font-family: Ubuntu;font-size: 13px\"><span style=\"font-weight: bolder\">V\u0130ZYONUMUZ<\/span><\/p><p style=\"margin-bottom: 1rem;line-height: 26px;text-align: left;padding: 0px 12px;font-family: Ubuntu;font-size: 13px\">T\u0131bbi ve aromatik bitkiler ve ila\u00e7 konusunda Ar-Ge ihtiya\u00e7lar\u0131n\u0131 kar\u015f\u0131layabilecek bir ara\u015ft\u0131rma merkezi olarak b\u00f6lgemizi ve \u00fcniversitemizi daha ileriye ta\u015f\u0131mak.<\/p><p style=\"margin-bottom: 1rem;line-height: 26px;text-align: left;padding: 0px 12px;font-family: Ubuntu;font-size: 13px\"><span style=\"font-weight: bolder\">M\u0130SYONUMUZ<\/span><\/p><p style=\"margin-bottom: 1rem;line-height: 26px;text-align: left;padding: 0px 12px;font-family: Ubuntu;font-size: 13px\">\u00dcniversitemiz ve b\u00f6lge \u00fcniversiteleri ara\u015ft\u0131rmac\u0131lar\u0131n\u0131n, kamu kurulu\u015flar\u0131n\u0131n ve \u00f6zel sekt\u00f6r\u00fcn T\u0131bbi ve aromatik bitkiler ve ila\u00e7 konular\u0131nda Ar-Ge ve analiz ihtiya\u00e7lar\u0131na y\u00f6nelik \u00e7\u00f6z\u00fcmler \u00fcreterek \u00fcniversitemizin hayat\u0131n hizmetinde misyonuna destek olmakt\u0131r.<\/p>\t\t\t\t\t\t\t\t<\/div>\n\t\t\t\t<\/div>\n\t\t\t\t\t<\/div>\n\t\t<\/div>\n\t\t\t\t\t<\/div>\n\t\t<\/section>\n\t\t\t\t<\/div>\n\t\t","protected":false},"excerpt":{"rendered":"<p>Misyon, Vizyon ve Temel De\u011ferler V\u0130ZYONUMUZ T\u0131bbi ve aromatik bitkiler ve ila\u00e7 konusunda Ar-Ge ihtiya\u00e7lar\u0131n\u0131 kar\u015f\u0131layabilecek bir ara\u015ft\u0131rma merkezi olarak b\u00f6lgemizi ve \u00fcniversitemizi daha ileriye ta\u015f\u0131mak. M\u0130SYONUMUZ \u00dcniversitemiz ve b\u00f6lge \u00fcniversiteleri ara\u015ft\u0131rmac\u0131lar\u0131n\u0131n, kamu kurulu\u015flar\u0131n\u0131n ve \u00f6zel sekt\u00f6r\u00fcn T\u0131bbi ve aromatik bitkiler ve ila\u00e7 konular\u0131nda Ar-Ge ve analiz ihtiya\u00e7lar\u0131na y\u00f6nelik \u00e7\u00f6z\u00fcmler \u00fcreterek \u00fcniversitemizin hayat\u0131n hizmetinde misyonuna [&hellip;]<\/p>\n","protected":false},"author":1,"featured_media":0,"parent":0,"menu_order":0,"comment_status":"closed","ping_status":"closed","template":"elementor_header_footer","meta":{"footnotes":""},"class_list":["post-5682","page","type-page","status-publish","hentry"],"_links":{"self":[{"href":"https:\/\/atauni.edu.tr\/tibbi-aromatik-bitki-ve-ilac-arastirma-merkezi\/wp-json\/wp\/v2\/pages\/5682","targetHints":{"allow":["GET"]}}],"collection":[{"href":"https:\/\/atauni.edu.tr\/tibbi-aromatik-bitki-ve-ilac-arastirma-merkezi\/wp-json\/wp\/v2\/pages"}],"about":[{"href":"https:\/\/atauni.edu.tr\/tibbi-aromatik-bitki-ve-ilac-arastirma-merkezi\/wp-json\/wp\/v2\/types\/page"}],"author":[{"embeddable":true,"href":"https:\/\/atauni.edu.tr\/tibbi-aromatik-bitki-ve-ilac-arastirma-merkezi\/wp-json\/wp\/v2\/users\/1"}],"replies":[{"embeddable":true,"href":"https:\/\/atauni.edu.tr\/tibbi-aromatik-bitki-ve-ilac-arastirma-merkezi\/wp-json\/wp\/v2\/comments?post=5682"}],"version-history":[{"count":11,"href":"https:\/\/atauni.edu.tr\/tibbi-aromatik-bitki-ve-ilac-arastirma-merkezi\/wp-json\/wp\/v2\/pages\/5682\/revisions"}],"predecessor-version":[{"id":6347,"href":"https:\/\/atauni.edu.tr\/tibbi-aromatik-bitki-ve-ilac-arastirma-merkezi\/wp-json\/wp\/v2\/pages\/5682\/revisions\/6347"}],"wp:attachment":[{"href":"https:\/\/atauni.edu.tr\/tibbi-aromatik-bitki-ve-ilac-arastirma-merkezi\/wp-json\/wp\/v2\/media?parent=5682"}],"curies":[{"name":"wp","href":"https:\/\/api.w.org\/{rel}","templated":true}]}}