{"id":6184,"date":"2022-05-05T15:19:18","date_gmt":"2022-05-05T12:19:18","guid":{"rendered":"https:\/\/birimler.atauni.edu.tr\/tibbi-aromatik-bitki-ve-ilac-arastirma-merkezi\/?page_id=6184"},"modified":"2022-05-05T19:55:23","modified_gmt":"2022-05-05T16:55:23","slug":"hakkinda","status":"publish","type":"page","link":"https:\/\/atauni.edu.tr\/tibbi-aromatik-bitki-ve-ilac-arastirma-merkezi\/hakkinda\/","title":{"rendered":"Hakk\u0131nda"},"content":{"rendered":"\t\t<div data-elementor-type=\"wp-page\" data-elementor-id=\"6184\" class=\"elementor elementor-6184\" data-elementor-post-type=\"page\">\n\t\t\t\t\t\t<section class=\"elementor-section elementor-top-section elementor-element elementor-element-9981cc9 elementor-section-boxed elementor-section-height-default elementor-section-height-default\" data-id=\"9981cc9\" data-element_type=\"section\">\n\t\t\t\t\t\t<div class=\"elementor-container elementor-column-gap-default\">\n\t\t\t\t\t<div class=\"elementor-column elementor-col-100 elementor-top-column elementor-element elementor-element-f96830a\" data-id=\"f96830a\" data-element_type=\"column\">\n\t\t\t<div class=\"elementor-widget-wrap elementor-element-populated\">\n\t\t\t\t\t\t<div class=\"elementor-element elementor-element-f1ccdb2 elementor-widget elementor-widget-text-editor\" data-id=\"f1ccdb2\" data-element_type=\"widget\" data-widget_type=\"text-editor.default\">\n\t\t\t\t<div class=\"elementor-widget-container\">\n\t\t\t\t\t\t\t\t\t<p style=\"margin-bottom: 1rem;line-height: 26px;padding: 0px 12px;font-family: Ubuntu;font-size: 13px\">Merkezimiz 2547 say\u0131l\u0131 Y\u00fcksek \u00d6\u011fretim Kanununun 7\/D maddesi uyar\u0131nca Y\u00fcksek \u00d6\u011fretim Kurulunun 01.03.1999 tarihli toplant\u0131s\u0131nda al\u0131nan kararla Atat\u00fcrk \u00dcniversitesine ba\u011fl\u0131 olarak&nbsp;T\u0131bbi Aromatik Bitki ve \u0130la\u00e7 Ara\u015ft\u0131rma Merkezi&nbsp;ad\u0131 alt\u0131nda kurulu\u015funu tamamlam\u0131\u015f ve gerekli organlar\u0131n\u0131 olu\u015fturmu\u015ftur.<br><br>&nbsp;AMA\u00c7LAR<br><\/p><p style=\"margin-bottom: 1rem;line-height: 26px;padding: 0px 12px;font-family: Ubuntu;font-size: 13px\">1. Do\u011fal ve sentetik kaynakl\u0131 her t\u00fcrl\u00fc&nbsp;farmas\u00f6tik, kozmetik ve di\u011fer end\u00fcstriyel hammadde ve \u00fcr\u00fcnlerin geli\u015ftirilmesi,&nbsp;form\u00fclasyonu, kalite kontrolleri, biyolojik, farmakolojik,&nbsp;toksikolojik&nbsp;ve klinik de\u011ferlendirmeleri,<\/p><p style=\"margin-bottom: 1rem;line-height: 26px;padding: 0px 12px;font-family: Ubuntu;font-size: 13px\">2. T\u0131bbi ve aromatik bitkisel \u00fcr\u00fcnler yan\u0131nda do\u011fal ve sentetik ila\u00e7lar\u0131n ve kozmetiklerin biyolojik, kimyasal, farmakolojik,&nbsp;biyoteknolojik&nbsp;a\u00e7\u0131lardan incelenmesini sa\u011flamak amac\u0131yla gerekli laboratuvarlar\u0131 ve \u00fcretim tesislerini kurmak ve hizmete sunmak,<\/p><p style=\"margin-bottom: 1rem;line-height: 26px;padding: 0px 12px;font-family: Ubuntu;font-size: 13px\">3. Halk ilac\u0131 olarak kullan\u0131lan t\u0131bbi ve aromatik bitkilerin incelenmesine \u00f6ncelik vererek \u00fclkemizde yeti\u015fen bitkilerle ilgili folklorik,&nbsp;etnobotanik,&nbsp;taksonomik, kimyasal, farmakolojik her t\u00fcrl\u00fc ara\u015ft\u0131rmalar\u0131 yapmak,<\/p><p style=\"margin-bottom: 1rem;line-height: 26px;padding: 0px 12px;font-family: Ubuntu;font-size: 13px\">4. Benzer konularda faaliyet g\u00f6steren yerli ve yabanc\u0131 ki\u015fi ve kurulu\u015flarla i\u015fbirli\u011fi, ara\u015ft\u0131rma, plan ve proje \u00e7al\u0131\u015fmalar\u0131 yapmak,<\/p><p style=\"margin-bottom: 1rem;line-height: 26px;padding: 0px 12px;font-family: Ubuntu;font-size: 13px\">5. Yurti\u00e7i ve yurt d\u0131\u015f\u0131nda yerli ve yabanc\u0131 kurulu\u015flarla m\u00fc\u015ftereken ya da tek ba\u015f\u0131na konferans, seminer, kurs, sergi, sempozyum vb. e\u011fitim programlar\u0131 d\u00fczenlemek, d\u00fczenlenenlere kat\u0131lmak, dan\u0131\u015fmanl\u0131k, uzmanl\u0131k ve rehberlik hizmetleri sunmak,<\/p><p style=\"margin-bottom: 1rem;line-height: 26px;padding: 0px 12px;font-family: Ubuntu;font-size: 13px\">6. Merkezin faaliyet alan\u0131na giren konularda ya da merkez faaliyetleri ile ilgili makale, rapor, kitap, dergi, bro\u015f\u00fcr, video yapmak,<\/p><p style=\"margin-bottom: 1rem;line-height: 26px;padding: 0px 12px;font-family: Ubuntu;font-size: 13px\">7. \u00dclkemizde \u00f6zellikle Do\u011fu Anadolu\u2019da mevcut flora zenginli\u011fi ile ilgili biyolojik \u00e7e\u015fitlili\u011fin envanterinin \u00e7\u0131kar\u0131lmas\u0131, korunmas\u0131, ekonomiye kazand\u0131r\u0131lmas\u0131 konular\u0131nda bilimsel \u00e7al\u0131\u015fmalar yapmak, biyolojik \u00e7evrenin korunmas\u0131 bilincinin yerle\u015fmesine katk\u0131 sa\u011flamak,<\/p><p style=\"margin-bottom: 1rem;line-height: 26px;padding: 0px 12px;font-family: Ubuntu;font-size: 13px\">8. End\u00fcstriyel potansiyele sahip t\u0131bbi ve aromatik bitkilerin tar\u0131m\u0131, \u00fcretimi ve \u0131slah\u0131 ile ilgili \u00e7al\u0131\u015fmalara yard\u0131mc\u0131 olmak,<\/p><p style=\"margin-bottom: 1rem;line-height: 26px;padding: 0px 12px;font-family: Ubuntu;font-size: 13px\">9.T\u00fcrkiye\u2019deki ila\u00e7, kozmetik, u\u00e7ucu ya\u011f, g\u0131da, boya, koku ve tat end\u00fcstrilerinin ihtiya\u00e7 duydu\u011fu do\u011fal, sentetik veya yar\u0131 sentetik hammadde, ara madde ve \u00fcr\u00fcnlerin \u00fcretiminde d\u0131\u015f \u00fclkelere ba\u011f\u0131ml\u0131l\u0131\u011f\u0131 asgariye indirecek \u00e7al\u0131\u015fmalar yapmak,<\/p><p style=\"margin-bottom: 1rem;line-height: 26px;padding: 0px 12px;font-family: Ubuntu;font-size: 13px\">10. Do\u011fal kaynakl\u0131 preparatlar\u0131n \u00fcretimi, standardizasyonu ve kalite kontrol\u00fc ile ilgili ara\u015ft\u0131rma ve uygulamal\u0131 \u00e7al\u0131\u015fmalar yapmak.<\/p>\t\t\t\t\t\t\t\t<\/div>\n\t\t\t\t<\/div>\n\t\t\t\t\t<\/div>\n\t\t<\/div>\n\t\t\t\t\t<\/div>\n\t\t<\/section>\n\t\t\t\t<\/div>\n\t\t","protected":false},"excerpt":{"rendered":"<p>Merkezimiz 2547 say\u0131l\u0131 Y\u00fcksek \u00d6\u011fretim Kanununun 7\/D maddesi uyar\u0131nca Y\u00fcksek \u00d6\u011fretim Kurulunun 01.03.1999 tarihli toplant\u0131s\u0131nda al\u0131nan kararla Atat\u00fcrk \u00dcniversitesine ba\u011fl\u0131 olarak&nbsp;T\u0131bbi Aromatik Bitki ve \u0130la\u00e7 Ara\u015ft\u0131rma Merkezi&nbsp;ad\u0131 alt\u0131nda kurulu\u015funu tamamlam\u0131\u015f ve gerekli organlar\u0131n\u0131 olu\u015fturmu\u015ftur. &nbsp;AMA\u00c7LAR 1. Do\u011fal ve sentetik kaynakl\u0131 her t\u00fcrl\u00fc&nbsp;farmas\u00f6tik, kozmetik ve di\u011fer end\u00fcstriyel hammadde ve \u00fcr\u00fcnlerin geli\u015ftirilmesi,&nbsp;form\u00fclasyonu, kalite kontrolleri, biyolojik, farmakolojik,&nbsp;toksikolojik&nbsp;ve klinik [&hellip;]<\/p>\n","protected":false},"author":472,"featured_media":0,"parent":0,"menu_order":0,"comment_status":"closed","ping_status":"closed","template":"","meta":{"footnotes":""},"class_list":["post-6184","page","type-page","status-publish","hentry"],"_links":{"self":[{"href":"https:\/\/atauni.edu.tr\/tibbi-aromatik-bitki-ve-ilac-arastirma-merkezi\/wp-json\/wp\/v2\/pages\/6184","targetHints":{"allow":["GET"]}}],"collection":[{"href":"https:\/\/atauni.edu.tr\/tibbi-aromatik-bitki-ve-ilac-arastirma-merkezi\/wp-json\/wp\/v2\/pages"}],"about":[{"href":"https:\/\/atauni.edu.tr\/tibbi-aromatik-bitki-ve-ilac-arastirma-merkezi\/wp-json\/wp\/v2\/types\/page"}],"author":[{"embeddable":true,"href":"https:\/\/atauni.edu.tr\/tibbi-aromatik-bitki-ve-ilac-arastirma-merkezi\/wp-json\/wp\/v2\/users\/472"}],"replies":[{"embeddable":true,"href":"https:\/\/atauni.edu.tr\/tibbi-aromatik-bitki-ve-ilac-arastirma-merkezi\/wp-json\/wp\/v2\/comments?post=6184"}],"version-history":[{"count":4,"href":"https:\/\/atauni.edu.tr\/tibbi-aromatik-bitki-ve-ilac-arastirma-merkezi\/wp-json\/wp\/v2\/pages\/6184\/revisions"}],"predecessor-version":[{"id":6344,"href":"https:\/\/atauni.edu.tr\/tibbi-aromatik-bitki-ve-ilac-arastirma-merkezi\/wp-json\/wp\/v2\/pages\/6184\/revisions\/6344"}],"wp:attachment":[{"href":"https:\/\/atauni.edu.tr\/tibbi-aromatik-bitki-ve-ilac-arastirma-merkezi\/wp-json\/wp\/v2\/media?parent=6184"}],"curies":[{"name":"wp","href":"https:\/\/api.w.org\/{rel}","templated":true}]}}