{"id":6197,"date":"2022-05-05T15:24:19","date_gmt":"2022-05-05T12:24:19","guid":{"rendered":"https:\/\/birimler.atauni.edu.tr\/tibbi-aromatik-bitki-ve-ilac-arastirma-merkezi\/?page_id=6197"},"modified":"2023-03-31T15:57:19","modified_gmt":"2023-03-31T12:57:19","slug":"birimler","status":"publish","type":"page","link":"https:\/\/atauni.edu.tr\/tibbi-aromatik-bitki-ve-ilac-arastirma-merkezi\/birimler\/","title":{"rendered":"Birimler"},"content":{"rendered":"\t\t<div data-elementor-type=\"wp-page\" data-elementor-id=\"6197\" class=\"elementor elementor-6197\" data-elementor-post-type=\"page\">\n\t\t\t\t\t\t<section class=\"elementor-section elementor-top-section elementor-element elementor-element-b5cb397 elementor-section-boxed elementor-section-height-default elementor-section-height-default\" data-id=\"b5cb397\" data-element_type=\"section\">\n\t\t\t\t\t\t<div class=\"elementor-container elementor-column-gap-default\">\n\t\t\t\t\t<div class=\"elementor-column elementor-col-100 elementor-top-column elementor-element elementor-element-bbab3b1\" data-id=\"bbab3b1\" data-element_type=\"column\">\n\t\t\t<div class=\"elementor-widget-wrap elementor-element-populated\">\n\t\t\t\t\t\t<div class=\"elementor-element elementor-element-bcf7136 elementor-align-left elementor-widget elementor-widget-button\" data-id=\"bcf7136\" data-element_type=\"widget\" data-widget_type=\"button.default\">\n\t\t\t\t<div class=\"elementor-widget-container\">\n\t\t\t\t\t\t\t\t\t<div class=\"elementor-button-wrapper\">\n\t\t\t\t\t<a class=\"elementor-button elementor-button-link elementor-size-md\" href=\"https:\/\/birimler.atauni.edu.tr\/tibbi-aromatik-bitki-ve-ilac-arastirma-merkezi\/egitim-ve-arastirma-grubu\/\" target=\"_blank\">\n\t\t\t\t\t\t<span class=\"elementor-button-content-wrapper\">\n\t\t\t\t\t\t\t\t\t<span class=\"elementor-button-text\">E\u011fitim ve Ara\u015ft\u0131rma Grubu<\/span>\n\t\t\t\t\t<\/span>\n\t\t\t\t\t<\/a>\n\t\t\t\t<\/div>\n\t\t\t\t\t\t\t\t<\/div>\n\t\t\t\t<\/div>\n\t\t\t\t<div class=\"elementor-element elementor-element-95fb812 elementor-align-left elementor-widget elementor-widget-button\" data-id=\"95fb812\" data-element_type=\"widget\" data-widget_type=\"button.default\">\n\t\t\t\t<div class=\"elementor-widget-container\">\n\t\t\t\t\t\t\t\t\t<div class=\"elementor-button-wrapper\">\n\t\t\t\t\t<a class=\"elementor-button elementor-button-link elementor-size-md\" href=\"https:\/\/birimler.atauni.edu.tr\/tibbi-aromatik-bitki-ve-ilac-arastirma-merkezi\/tibbi-bitki-yetistiriciligi-ve-teshis-grubu\/\" target=\"_blank\">\n\t\t\t\t\t\t<span class=\"elementor-button-content-wrapper\">\n\t\t\t\t\t\t\t\t\t<span class=\"elementor-button-text\">T\u0131bbi Bitki Yeti\u015ftiricili\u011fi ve Te\u015fhi\u015f Grubu<\/span>\n\t\t\t\t\t<\/span>\n\t\t\t\t\t<\/a>\n\t\t\t\t<\/div>\n\t\t\t\t\t\t\t\t<\/div>\n\t\t\t\t<\/div>\n\t\t\t\t\t<\/div>\n\t\t<\/div>\n\t\t\t\t\t<\/div>\n\t\t<\/section>\n\t\t\t\t<\/div>\n\t\t","protected":false},"excerpt":{"rendered":"<p>E\u011fitim ve Ara\u015ft\u0131rma Grubu T\u0131bbi Bitki Yeti\u015ftiricili\u011fi ve Te\u015fhi\u015f Grubu<\/p>\n","protected":false},"author":472,"featured_media":0,"parent":0,"menu_order":0,"comment_status":"closed","ping_status":"closed","template":"","meta":{"footnotes":""},"class_list":["post-6197","page","type-page","status-publish","hentry"],"_links":{"self":[{"href":"https:\/\/atauni.edu.tr\/tibbi-aromatik-bitki-ve-ilac-arastirma-merkezi\/wp-json\/wp\/v2\/pages\/6197","targetHints":{"allow":["GET"]}}],"collection":[{"href":"https:\/\/atauni.edu.tr\/tibbi-aromatik-bitki-ve-ilac-arastirma-merkezi\/wp-json\/wp\/v2\/pages"}],"about":[{"href":"https:\/\/atauni.edu.tr\/tibbi-aromatik-bitki-ve-ilac-arastirma-merkezi\/wp-json\/wp\/v2\/types\/page"}],"author":[{"embeddable":true,"href":"https:\/\/atauni.edu.tr\/tibbi-aromatik-bitki-ve-ilac-arastirma-merkezi\/wp-json\/wp\/v2\/users\/472"}],"replies":[{"embeddable":true,"href":"https:\/\/atauni.edu.tr\/tibbi-aromatik-bitki-ve-ilac-arastirma-merkezi\/wp-json\/wp\/v2\/comments?post=6197"}],"version-history":[{"count":28,"href":"https:\/\/atauni.edu.tr\/tibbi-aromatik-bitki-ve-ilac-arastirma-merkezi\/wp-json\/wp\/v2\/pages\/6197\/revisions"}],"predecessor-version":[{"id":6519,"href":"https:\/\/atauni.edu.tr\/tibbi-aromatik-bitki-ve-ilac-arastirma-merkezi\/wp-json\/wp\/v2\/pages\/6197\/revisions\/6519"}],"wp:attachment":[{"href":"https:\/\/atauni.edu.tr\/tibbi-aromatik-bitki-ve-ilac-arastirma-merkezi\/wp-json\/wp\/v2\/media?parent=6197"}],"curies":[{"name":"wp","href":"https:\/\/api.w.org\/{rel}","templated":true}]}}