{"id":6472,"date":"2023-03-31T15:23:32","date_gmt":"2023-03-31T12:23:32","guid":{"rendered":"https:\/\/birimler.atauni.edu.tr\/tibbi-aromatik-bitki-ve-ilac-arastirma-merkezi\/?page_id=6472"},"modified":"2025-05-25T13:17:46","modified_gmt":"2025-05-25T10:17:46","slug":"egitim-ve-arastirma-grubu","status":"publish","type":"page","link":"https:\/\/atauni.edu.tr\/tibbi-aromatik-bitki-ve-ilac-arastirma-merkezi\/egitim-ve-arastirma-grubu\/","title":{"rendered":"E\u011fitim ve Ara\u015ft\u0131rma Grubu"},"content":{"rendered":"\t\t<div data-elementor-type=\"wp-page\" data-elementor-id=\"6472\" class=\"elementor elementor-6472\" data-elementor-post-type=\"page\">\n\t\t\t\t\t\t<section class=\"elementor-section elementor-top-section elementor-element elementor-element-3d1ee4b elementor-section-boxed elementor-section-height-default elementor-section-height-default\" data-id=\"3d1ee4b\" data-element_type=\"section\">\n\t\t\t\t\t\t<div class=\"elementor-container elementor-column-gap-default\">\n\t\t\t\t\t<div class=\"elementor-column elementor-col-100 elementor-top-column elementor-element elementor-element-256af17\" data-id=\"256af17\" data-element_type=\"column\">\n\t\t\t<div class=\"elementor-widget-wrap elementor-element-populated\">\n\t\t\t\t\t\t<div class=\"elementor-element elementor-element-938a145 elementor-widget elementor-widget-heading\" data-id=\"938a145\" data-element_type=\"widget\" data-widget_type=\"heading.default\">\n\t\t\t\t<div class=\"elementor-widget-container\">\n\t\t\t\t\t<h4 class=\"elementor-heading-title elementor-size-default\"><a href=\"https:\/\/avesis.atauni.edu.tr\/guvenalp\" target=\"_blank\">Prof. Dr. Z\u00fchal G\u00fcvenalp<\/a><\/h4>\t\t\t\t<\/div>\n\t\t\t\t<\/div>\n\t\t\t\t<div class=\"elementor-element elementor-element-0795145 elementor-widget elementor-widget-heading\" data-id=\"0795145\" data-element_type=\"widget\" data-widget_type=\"heading.default\">\n\t\t\t\t<div class=\"elementor-widget-container\">\n\t\t\t\t\t<h4 class=\"elementor-heading-title elementor-size-default\"><a href=\"https:\/\/avesis.atauni.edu.tr\/ozbek\">Do\u00e7. Dr. Hilal \u00d6zbek<\/a><\/h4>\t\t\t\t<\/div>\n\t\t\t\t<\/div>\n\t\t\t\t<div class=\"elementor-element elementor-element-0ba0e15 elementor-widget elementor-widget-heading\" data-id=\"0ba0e15\" data-element_type=\"widget\" data-widget_type=\"heading.default\">\n\t\t\t\t<div class=\"elementor-widget-container\">\n\t\t\t\t\t<h4 class=\"elementor-heading-title elementor-size-default\"><a href=\"https:\/\/avesis.atauni.edu.tr\/songul.karakaya\">Do\u00e7. Dr. Song\u00fcl Karakaya<\/a><\/h4>\t\t\t\t<\/div>\n\t\t\t\t<\/div>\n\t\t\t\t<div class=\"elementor-element elementor-element-2a95df2 elementor-widget elementor-widget-heading\" data-id=\"2a95df2\" data-element_type=\"widget\" data-widget_type=\"heading.default\">\n\t\t\t\t<div class=\"elementor-widget-container\">\n\t\t\t\t\t<h4 class=\"elementor-heading-title elementor-size-default\"><a href=\"https:\/\/avesis.atauni.edu.tr\/esen.karaoglan\" target=\"_blank\">Do\u00e7. Dr. Esen Sezen Karao\u011flan<\/a><\/h4>\t\t\t\t<\/div>\n\t\t\t\t<\/div>\n\t\t\t\t<div class=\"elementor-element elementor-element-227ced2 elementor-widget elementor-widget-heading\" data-id=\"227ced2\" data-element_type=\"widget\" data-widget_type=\"heading.default\">\n\t\t\t\t<div class=\"elementor-widget-container\">\n\t\t\t\t\t<h4 class=\"elementor-heading-title elementor-size-default\"><a href=\"https:\/\/avesis.atauni.edu.tr\/leyla.guven\" target=\"_blank\">Do\u00e7. Dr.  Leyla G\u00fcven<\/a><\/h4>\t\t\t\t<\/div>\n\t\t\t\t<\/div>\n\t\t\t\t<div class=\"elementor-element elementor-element-1d7ef58 elementor-widget elementor-widget-heading\" data-id=\"1d7ef58\" data-element_type=\"widget\" data-widget_type=\"heading.default\">\n\t\t\t\t<div class=\"elementor-widget-container\">\n\t\t\t\t\t<h4 class=\"elementor-heading-title elementor-size-default\"><a href=\"https:\/\/avesis.atauni.edu.tr\/hafize.yuca\" target=\"_blank\">Do\u00e7. Dr.  Hafize Yuca<\/a><\/h4>\t\t\t\t<\/div>\n\t\t\t\t<\/div>\n\t\t\t\t<div class=\"elementor-element elementor-element-6fff079 elementor-widget elementor-widget-heading\" data-id=\"6fff079\" data-element_type=\"widget\" data-widget_type=\"heading.default\">\n\t\t\t\t<div class=\"elementor-widget-container\">\n\t\t\t\t\t<h4 class=\"elementor-heading-title elementor-size-default\"><a href=\"https:\/\/avesis.atauni.edu.tr\/handansevindik\">Dr. \u00d6\u011fr. \u00dcyesi Handan G\u00f6kben Kasil<\/a><\/h4>\t\t\t\t<\/div>\n\t\t\t\t<\/div>\n\t\t\t\t<div class=\"elementor-element elementor-element-e467030 elementor-widget elementor-widget-heading\" data-id=\"e467030\" data-element_type=\"widget\" data-widget_type=\"heading.default\">\n\t\t\t\t<div class=\"elementor-widget-container\">\n\t\t\t\t\t<h4 class=\"elementor-heading-title elementor-size-default\"><a href=\"https:\/\/avesis.atauni.edu.tr\/enes.tekman\" target=\"_blank\">Ar\u015f. G\u00f6r. Enes Tekman<\/a><\/h4>\t\t\t\t<\/div>\n\t\t\t\t<\/div>\n\t\t\t\t\t<\/div>\n\t\t<\/div>\n\t\t\t\t\t<\/div>\n\t\t<\/section>\n\t\t\t\t<\/div>\n\t\t","protected":false},"excerpt":{"rendered":"<p>Prof. Dr. Z\u00fchal G\u00fcvenalp Do\u00e7. Dr. Hilal \u00d6zbek Do\u00e7. Dr. Song\u00fcl Karakaya Do\u00e7. Dr. Esen Sezen Karao\u011flan Do\u00e7. Dr. Leyla G\u00fcven Do\u00e7. Dr. Hafize Yuca Dr. \u00d6\u011fr. \u00dcyesi Handan G\u00f6kben Kasil Ar\u015f. G\u00f6r. Enes Tekman<\/p>\n","protected":false},"author":472,"featured_media":0,"parent":0,"menu_order":0,"comment_status":"closed","ping_status":"closed","template":"","meta":{"footnotes":""},"class_list":["post-6472","page","type-page","status-publish","hentry"],"_links":{"self":[{"href":"https:\/\/atauni.edu.tr\/tibbi-aromatik-bitki-ve-ilac-arastirma-merkezi\/wp-json\/wp\/v2\/pages\/6472","targetHints":{"allow":["GET"]}}],"collection":[{"href":"https:\/\/atauni.edu.tr\/tibbi-aromatik-bitki-ve-ilac-arastirma-merkezi\/wp-json\/wp\/v2\/pages"}],"about":[{"href":"https:\/\/atauni.edu.tr\/tibbi-aromatik-bitki-ve-ilac-arastirma-merkezi\/wp-json\/wp\/v2\/types\/page"}],"author":[{"embeddable":true,"href":"https:\/\/atauni.edu.tr\/tibbi-aromatik-bitki-ve-ilac-arastirma-merkezi\/wp-json\/wp\/v2\/users\/472"}],"replies":[{"embeddable":true,"href":"https:\/\/atauni.edu.tr\/tibbi-aromatik-bitki-ve-ilac-arastirma-merkezi\/wp-json\/wp\/v2\/comments?post=6472"}],"version-history":[{"count":33,"href":"https:\/\/atauni.edu.tr\/tibbi-aromatik-bitki-ve-ilac-arastirma-merkezi\/wp-json\/wp\/v2\/pages\/6472\/revisions"}],"predecessor-version":[{"id":6556,"href":"https:\/\/atauni.edu.tr\/tibbi-aromatik-bitki-ve-ilac-arastirma-merkezi\/wp-json\/wp\/v2\/pages\/6472\/revisions\/6556"}],"wp:attachment":[{"href":"https:\/\/atauni.edu.tr\/tibbi-aromatik-bitki-ve-ilac-arastirma-merkezi\/wp-json\/wp\/v2\/media?parent=6472"}],"curies":[{"name":"wp","href":"https:\/\/api.w.org\/{rel}","templated":true}]}}