{"id":6503,"date":"2023-03-31T15:51:37","date_gmt":"2023-03-31T12:51:37","guid":{"rendered":"https:\/\/birimler.atauni.edu.tr\/tibbi-aromatik-bitki-ve-ilac-arastirma-merkezi\/?page_id=6503"},"modified":"2025-05-25T13:14:43","modified_gmt":"2025-05-25T10:14:43","slug":"tibbi-bitki-yetistiriciligi-ve-teshis-grubu","status":"publish","type":"page","link":"https:\/\/atauni.edu.tr\/tibbi-aromatik-bitki-ve-ilac-arastirma-merkezi\/tibbi-bitki-yetistiriciligi-ve-teshis-grubu\/","title":{"rendered":"T\u0131bbi Bitki Yeti\u015ftiricili\u011fi ve Te\u015fhi\u015f Grubu"},"content":{"rendered":"\t\t<div data-elementor-type=\"wp-page\" data-elementor-id=\"6503\" class=\"elementor elementor-6503\" data-elementor-post-type=\"page\">\n\t\t\t\t\t\t<section class=\"elementor-section elementor-top-section elementor-element elementor-element-b7f11d7 elementor-section-boxed elementor-section-height-default elementor-section-height-default\" data-id=\"b7f11d7\" data-element_type=\"section\">\n\t\t\t\t\t\t<div class=\"elementor-container elementor-column-gap-default\">\n\t\t\t\t\t<div class=\"elementor-column elementor-col-100 elementor-top-column elementor-element elementor-element-6a8d8dc\" data-id=\"6a8d8dc\" data-element_type=\"column\">\n\t\t\t<div class=\"elementor-widget-wrap elementor-element-populated\">\n\t\t\t\t\t\t<div class=\"elementor-element elementor-element-a78928f elementor-widget elementor-widget-heading\" data-id=\"a78928f\" data-element_type=\"widget\" data-widget_type=\"heading.default\">\n\t\t\t\t<div class=\"elementor-widget-container\">\n\t\t\t\t\t<h4 class=\"elementor-heading-title elementor-size-default\"><a href=\"https:\/\/avesis.atauni.edu.tr\/tpolat\">Prof.Dr. Ta\u015fk\u0131n POLAT<\/a><\/h4>\t\t\t\t<\/div>\n\t\t\t\t<\/div>\n\t\t\t\t<div class=\"elementor-element elementor-element-368772c elementor-widget elementor-widget-heading\" data-id=\"368772c\" data-element_type=\"widget\" data-widget_type=\"heading.default\">\n\t\t\t\t<div class=\"elementor-widget-container\">\n\t\t\t\t\t<h4 class=\"elementor-heading-title elementor-size-default\"><a href=\"https:\/\/avesis.atauni.edu.tr\/furkan.coban\/iletisim\">Dr.\u00d6\u011fr.\u00dcyesi Furkan \u00c7OBAN<\/a><\/h4>\t\t\t\t<\/div>\n\t\t\t\t<\/div>\n\t\t\t\t\t<\/div>\n\t\t<\/div>\n\t\t\t\t\t<\/div>\n\t\t<\/section>\n\t\t\t\t<\/div>\n\t\t","protected":false},"excerpt":{"rendered":"<p>Prof.Dr. Ta\u015fk\u0131n POLAT Dr.\u00d6\u011fr.\u00dcyesi Furkan \u00c7OBAN<\/p>\n","protected":false},"author":472,"featured_media":0,"parent":0,"menu_order":0,"comment_status":"closed","ping_status":"closed","template":"","meta":{"footnotes":""},"class_list":["post-6503","page","type-page","status-publish","hentry"],"_links":{"self":[{"href":"https:\/\/atauni.edu.tr\/tibbi-aromatik-bitki-ve-ilac-arastirma-merkezi\/wp-json\/wp\/v2\/pages\/6503","targetHints":{"allow":["GET"]}}],"collection":[{"href":"https:\/\/atauni.edu.tr\/tibbi-aromatik-bitki-ve-ilac-arastirma-merkezi\/wp-json\/wp\/v2\/pages"}],"about":[{"href":"https:\/\/atauni.edu.tr\/tibbi-aromatik-bitki-ve-ilac-arastirma-merkezi\/wp-json\/wp\/v2\/types\/page"}],"author":[{"embeddable":true,"href":"https:\/\/atauni.edu.tr\/tibbi-aromatik-bitki-ve-ilac-arastirma-merkezi\/wp-json\/wp\/v2\/users\/472"}],"replies":[{"embeddable":true,"href":"https:\/\/atauni.edu.tr\/tibbi-aromatik-bitki-ve-ilac-arastirma-merkezi\/wp-json\/wp\/v2\/comments?post=6503"}],"version-history":[{"count":8,"href":"https:\/\/atauni.edu.tr\/tibbi-aromatik-bitki-ve-ilac-arastirma-merkezi\/wp-json\/wp\/v2\/pages\/6503\/revisions"}],"predecessor-version":[{"id":6555,"href":"https:\/\/atauni.edu.tr\/tibbi-aromatik-bitki-ve-ilac-arastirma-merkezi\/wp-json\/wp\/v2\/pages\/6503\/revisions\/6555"}],"wp:attachment":[{"href":"https:\/\/atauni.edu.tr\/tibbi-aromatik-bitki-ve-ilac-arastirma-merkezi\/wp-json\/wp\/v2\/media?parent=6503"}],"curies":[{"name":"wp","href":"https:\/\/api.w.org\/{rel}","templated":true}]}}