{"id":6197,"date":"2021-11-05T14:44:33","date_gmt":"2021-11-05T11:44:33","guid":{"rendered":"https:\/\/birimler.atauni.edu.tr\/tibbi-deneysel-uygulama-ve-arastirma-merkezi\/?page_id=6197"},"modified":"2025-11-28T03:23:54","modified_gmt":"2025-11-28T00:23:54","slug":"belgeler","status":"publish","type":"page","link":"https:\/\/atauni.edu.tr\/tibbi-deneysel-uygulama-ve-arastirma-merkezi\/belgeler\/","title":{"rendered":"Belgeler"},"content":{"rendered":"\t\t<div data-elementor-type=\"wp-page\" data-elementor-id=\"6197\" class=\"elementor elementor-6197\" data-elementor-post-type=\"page\">\n\t\t\t\t\t\t<section class=\"elementor-section elementor-top-section elementor-element elementor-element-365a390 elementor-section-boxed elementor-section-height-default elementor-section-height-default\" data-id=\"365a390\" data-element_type=\"section\">\n\t\t\t\t\t\t<div class=\"elementor-container elementor-column-gap-default\">\n\t\t\t\t\t<div class=\"elementor-column elementor-col-100 elementor-top-column elementor-element elementor-element-7cbea84\" data-id=\"7cbea84\" data-element_type=\"column\">\n\t\t\t<div class=\"elementor-widget-wrap elementor-element-populated\">\n\t\t\t\t\t\t<div class=\"elementor-element elementor-element-1791beb elementor-widget elementor-widget-heading\" data-id=\"1791beb\" data-element_type=\"widget\" data-widget_type=\"heading.default\">\n\t\t\t\t<div class=\"elementor-widget-container\">\n\t\t\t\t\t<h2 class=\"elementor-heading-title elementor-size-default\"><a href=\"https:\/\/birimler.atauni.edu.tr\/tibbi-deneysel-uygulama-ve-arastirma-merkezi\/wp-content\/uploads\/sites\/455\/2020\/07\/c8f3fbcfa16f2fc353d61bc64d0ffe59-5-2.doc\">\u00c7al\u0131\u015fma \u0130zin Belgesi<\/a><\/h2>\t\t\t\t<\/div>\n\t\t\t\t<\/div>\n\t\t\t\t\t<\/div>\n\t\t<\/div>\n\t\t\t\t\t<\/div>\n\t\t<\/section>\n\t\t\t\t<section class=\"elementor-section elementor-top-section elementor-element elementor-element-16f6e92 elementor-section-boxed elementor-section-height-default elementor-section-height-default\" data-id=\"16f6e92\" data-element_type=\"section\">\n\t\t\t\t\t\t<div class=\"elementor-container elementor-column-gap-default\">\n\t\t\t\t\t<div class=\"elementor-column elementor-col-100 elementor-top-column elementor-element elementor-element-cfda835\" data-id=\"cfda835\" data-element_type=\"column\">\n\t\t\t<div class=\"elementor-widget-wrap elementor-element-populated\">\n\t\t\t\t\t\t<div class=\"elementor-element elementor-element-4c542b2 elementor-widget elementor-widget-heading\" data-id=\"4c542b2\" data-element_type=\"widget\" data-widget_type=\"heading.default\">\n\t\t\t\t<div class=\"elementor-widget-container\">\n\t\t\t\t\t<h2 class=\"elementor-heading-title elementor-size-default\"><a href=\"https:\/\/birimler.atauni.edu.tr\/tibbi-deneysel-uygulama-ve-arastirma-merkezi\/wp-content\/uploads\/sites\/455\/2020\/07\/0edf6424c831e65453a05d55efb82558-3.docx\">Deney Hayvan\u0131 \u0130stek- Bak\u0131m S\u00f6zle\u015fmesi<\/a><\/h2>\t\t\t\t<\/div>\n\t\t\t\t<\/div>\n\t\t\t\t\t<\/div>\n\t\t<\/div>\n\t\t\t\t\t<\/div>\n\t\t<\/section>\n\t\t\t\t<section class=\"elementor-section elementor-top-section elementor-element elementor-element-d632426 elementor-section-boxed elementor-section-height-default elementor-section-height-default\" data-id=\"d632426\" data-element_type=\"section\">\n\t\t\t\t\t\t<div class=\"elementor-container elementor-column-gap-default\">\n\t\t\t\t\t<div class=\"elementor-column elementor-col-100 elementor-top-column elementor-element elementor-element-6613669\" data-id=\"6613669\" data-element_type=\"column\">\n\t\t\t<div class=\"elementor-widget-wrap elementor-element-populated\">\n\t\t\t\t\t\t<div class=\"elementor-element elementor-element-d0924a6 elementor-widget elementor-widget-heading\" data-id=\"d0924a6\" data-element_type=\"widget\" data-widget_type=\"heading.default\">\n\t\t\t\t<div class=\"elementor-widget-container\">\n\t\t\t\t\t<h2 class=\"elementor-heading-title elementor-size-default\"><a href=\"https:\/\/birimler.atauni.edu.tr\/tibbi-deneysel-uygulama-ve-arastirma-merkezi\/wp-content\/uploads\/sites\/455\/2020\/07\/2025-Yili-Fiyat-Listesi_imzali.pdf\">2025 Deney Hayvanlar\u0131 Fiyat Listesi<\/a><\/h2>\t\t\t\t<\/div>\n\t\t\t\t<\/div>\n\t\t\t\t<div class=\"elementor-element elementor-element-61d1c4c elementor-widget elementor-widget-heading\" data-id=\"61d1c4c\" data-element_type=\"widget\" data-widget_type=\"heading.default\">\n\t\t\t\t<div class=\"elementor-widget-container\">\n\t\t\t\t\t<h5 class=\"elementor-heading-title elementor-size-default\"><a href=\"https:\/\/birimler.atauni.edu.tr\/tibbi-deneysel-uygulama-ve-arastirma-merkezi\/wp-content\/uploads\/sites\/455\/2025\/11\/ATADEM-2026-Fiyat-Listesi.pdf\">2026 Deney Hayvanlar\u0131 Fiyat Listesi<\/a><\/h5>\t\t\t\t<\/div>\n\t\t\t\t<\/div>\n\t\t\t\t\t<\/div>\n\t\t<\/div>\n\t\t\t\t\t<\/div>\n\t\t<\/section>\n\t\t\t\t<\/div>\n\t\t","protected":false},"excerpt":{"rendered":"<p>\u00c7al\u0131\u015fma \u0130zin Belgesi Deney Hayvan\u0131 \u0130stek- Bak\u0131m S\u00f6zle\u015fmesi 2025 Deney Hayvanlar\u0131 Fiyat Listesi 2026 Deney Hayvanlar\u0131 Fiyat Listesi<\/p>\n","protected":false},"author":427,"featured_media":0,"parent":0,"menu_order":0,"comment_status":"closed","ping_status":"closed","template":"","meta":{"footnotes":""},"class_list":["post-6197","page","type-page","status-publish","hentry"],"_links":{"self":[{"href":"https:\/\/atauni.edu.tr\/tibbi-deneysel-uygulama-ve-arastirma-merkezi\/wp-json\/wp\/v2\/pages\/6197","targetHints":{"allow":["GET"]}}],"collection":[{"href":"https:\/\/atauni.edu.tr\/tibbi-deneysel-uygulama-ve-arastirma-merkezi\/wp-json\/wp\/v2\/pages"}],"about":[{"href":"https:\/\/atauni.edu.tr\/tibbi-deneysel-uygulama-ve-arastirma-merkezi\/wp-json\/wp\/v2\/types\/page"}],"author":[{"embeddable":true,"href":"https:\/\/atauni.edu.tr\/tibbi-deneysel-uygulama-ve-arastirma-merkezi\/wp-json\/wp\/v2\/users\/427"}],"replies":[{"embeddable":true,"href":"https:\/\/atauni.edu.tr\/tibbi-deneysel-uygulama-ve-arastirma-merkezi\/wp-json\/wp\/v2\/comments?post=6197"}],"version-history":[{"count":74,"href":"https:\/\/atauni.edu.tr\/tibbi-deneysel-uygulama-ve-arastirma-merkezi\/wp-json\/wp\/v2\/pages\/6197\/revisions"}],"predecessor-version":[{"id":6584,"href":"https:\/\/atauni.edu.tr\/tibbi-deneysel-uygulama-ve-arastirma-merkezi\/wp-json\/wp\/v2\/pages\/6197\/revisions\/6584"}],"wp:attachment":[{"href":"https:\/\/atauni.edu.tr\/tibbi-deneysel-uygulama-ve-arastirma-merkezi\/wp-json\/wp\/v2\/media?parent=6197"}],"curies":[{"name":"wp","href":"https:\/\/api.w.org\/{rel}","templated":true}]}}