{"id":6373,"date":"2022-05-13T15:44:38","date_gmt":"2022-05-13T12:44:38","guid":{"rendered":"https:\/\/birimler.atauni.edu.tr\/tibbi-deneysel-uygulama-ve-arastirma-merkezi\/?page_id=6373"},"modified":"2024-12-04T14:08:26","modified_gmt":"2024-12-04T11:08:26","slug":"yonetim-kurulu","status":"publish","type":"page","link":"https:\/\/atauni.edu.tr\/tibbi-deneysel-uygulama-ve-arastirma-merkezi\/yonetim-kurulu\/","title":{"rendered":"Y\u00f6netim Kurulu"},"content":{"rendered":"\t\t<div data-elementor-type=\"wp-page\" data-elementor-id=\"6373\" class=\"elementor elementor-6373\" data-elementor-post-type=\"page\">\n\t\t\t\t\t\t<section class=\"elementor-section elementor-top-section elementor-element elementor-element-dc5d161 elementor-section-boxed elementor-section-height-default elementor-section-height-default\" data-id=\"dc5d161\" data-element_type=\"section\">\n\t\t\t\t\t\t<div class=\"elementor-container elementor-column-gap-default\">\n\t\t\t\t\t<div class=\"elementor-column elementor-col-100 elementor-top-column elementor-element elementor-element-9eb44ae\" data-id=\"9eb44ae\" data-element_type=\"column\">\n\t\t\t<div class=\"elementor-widget-wrap elementor-element-populated\">\n\t\t\t\t\t\t<div class=\"elementor-element elementor-element-8e24ad9 elementor-widget elementor-widget-heading\" data-id=\"8e24ad9\" data-element_type=\"widget\" data-widget_type=\"heading.default\">\n\t\t\t\t<div class=\"elementor-widget-container\">\n\t\t\t\t\t<h2 class=\"elementor-heading-title elementor-size-small\">Y\u00f6netim Kurulu Ba\u015fkan\u0131: Do\u00e7. Dr. Hakan AYDIN<br>\u00dcye: Prof. Dr. Erol AKPINAR<br>\u00dcye: Prof. Dr. Mustafa Sinan AKTA\u015e<br>\u00dcye: <span style=\"letter-spacing: -0.2px\">Do\u00e7. Dr. Emin \u015eENG\u00dcL<\/span><br>\u00dcye: <span style=\"letter-spacing: -0.2px\">Do\u00e7. Dr. Mustafa Can G\u00dcLER<\/span><br>\u00dcye: Do\u00e7. Dr. R\u00fcstem An\u0131l U\u011eAN <br><span style=\"letter-spacing: -0.2px\">\u00dcye: Dr. \u00d6\u011fr. \u00dcyesi Buket BAKAN<\/span><br><span style=\"letter-spacing: -0.2px\">Raport\u00f6r: Dr. \u00d6\u011fr. \u00dcyesi Nergis ULA\u015e<\/span><span style=\"letter-spacing: -0.2px\"><\/span><\/h2>\t\t\t\t<\/div>\n\t\t\t\t<\/div>\n\t\t\t\t\t<\/div>\n\t\t<\/div>\n\t\t\t\t\t<\/div>\n\t\t<\/section>\n\t\t\t\t<\/div>\n\t\t","protected":false},"excerpt":{"rendered":"<p>Y\u00f6netim Kurulu Ba\u015fkan\u0131: Do\u00e7. Dr. Hakan AYDIN\u00dcye: Prof. Dr. Erol AKPINAR\u00dcye: Prof. Dr. Mustafa Sinan AKTA\u015e\u00dcye: Do\u00e7. Dr. Emin \u015eENG\u00dcL\u00dcye: Do\u00e7. Dr. Mustafa Can G\u00dcLER\u00dcye: Do\u00e7. Dr. R\u00fcstem An\u0131l U\u011eAN \u00dcye: Dr. \u00d6\u011fr. \u00dcyesi Buket BAKANRaport\u00f6r: Dr. \u00d6\u011fr. \u00dcyesi Nergis ULA\u015e<\/p>\n","protected":false},"author":427,"featured_media":0,"parent":0,"menu_order":0,"comment_status":"closed","ping_status":"closed","template":"","meta":{"footnotes":""},"class_list":["post-6373","page","type-page","status-publish","hentry"],"_links":{"self":[{"href":"https:\/\/atauni.edu.tr\/tibbi-deneysel-uygulama-ve-arastirma-merkezi\/wp-json\/wp\/v2\/pages\/6373","targetHints":{"allow":["GET"]}}],"collection":[{"href":"https:\/\/atauni.edu.tr\/tibbi-deneysel-uygulama-ve-arastirma-merkezi\/wp-json\/wp\/v2\/pages"}],"about":[{"href":"https:\/\/atauni.edu.tr\/tibbi-deneysel-uygulama-ve-arastirma-merkezi\/wp-json\/wp\/v2\/types\/page"}],"author":[{"embeddable":true,"href":"https:\/\/atauni.edu.tr\/tibbi-deneysel-uygulama-ve-arastirma-merkezi\/wp-json\/wp\/v2\/users\/427"}],"replies":[{"embeddable":true,"href":"https:\/\/atauni.edu.tr\/tibbi-deneysel-uygulama-ve-arastirma-merkezi\/wp-json\/wp\/v2\/comments?post=6373"}],"version-history":[{"count":22,"href":"https:\/\/atauni.edu.tr\/tibbi-deneysel-uygulama-ve-arastirma-merkezi\/wp-json\/wp\/v2\/pages\/6373\/revisions"}],"predecessor-version":[{"id":6506,"href":"https:\/\/atauni.edu.tr\/tibbi-deneysel-uygulama-ve-arastirma-merkezi\/wp-json\/wp\/v2\/pages\/6373\/revisions\/6506"}],"wp:attachment":[{"href":"https:\/\/atauni.edu.tr\/tibbi-deneysel-uygulama-ve-arastirma-merkezi\/wp-json\/wp\/v2\/media?parent=6373"}],"curies":[{"name":"wp","href":"https:\/\/api.w.org\/{rel}","templated":true}]}}