{"id":6567,"date":"2025-08-11T14:55:12","date_gmt":"2025-08-11T11:55:12","guid":{"rendered":"https:\/\/birimler.atauni.edu.tr\/tibbi-deneysel-uygulama-ve-arastirma-merkezi\/?page_id=6567"},"modified":"2025-08-11T14:55:12","modified_gmt":"2025-08-11T11:55:12","slug":"haberler","status":"publish","type":"page","link":"https:\/\/atauni.edu.tr\/tibbi-deneysel-uygulama-ve-arastirma-merkezi\/haberler\/","title":{"rendered":"Haberler"},"content":{"rendered":"<form method=\"get\" class=\"row g-3\" style=\"margin-bottom: 20px;\"><div class=\"col-md-3\"><input type=\"text\" name=\"haber_ara\" class=\"form-control\" placeholder=\"Haber ara...\" value=\"\"><\/div><div class=\"col-md-3\"><input type=\"date\" name=\"baslangic_tarihi\" class=\"form-control\" value=\"\"><\/div><div class=\"col-md-3\"><input type=\"date\" name=\"bitis_tarihi\" class=\"form-control\" value=\"\"><\/div><div class=\"col-md-3\"><button type=\"submit\" class=\"btn btn-secondary w-50\">Filtrele<\/button><\/div><\/form><ul class=\"kategori-yazilari-liste\"><li style=\"display: flex; margin-bottom: 10px; align-items: center;\"><div class=\"post-thumbnail\" style=\"margin-right: 15px;\"><a href=\"https:\/\/atauni.edu.tr\/tibbi-deneysel-uygulama-ve-arastirma-merkezi\/2021\/11\/05\/deney-hayvanlari-kursu-gerceklestirildi\/\"><img decoding=\"async\" width=\"150\" height=\"150\" src=\"https:\/\/atauni.edu.tr\/tibbi-deneysel-uygulama-ve-arastirma-merkezi\/wp-content\/uploads\/sites\/455\/2021\/06\/IMG_4093-150x150.jpg\" class=\"attachment-thumbnail size-thumbnail wp-post-image\" alt=\"\" \/><\/a><\/div><div class=\"post-content\" style=\"flex-grow: 1;\"><span class=\"post-date habertarih\" style=\"display: block; font-weight: bold; margin-bottom: 5px;\">5 Kas\u0131m 2021<\/span><a class=\"haberbaslik\" href=\"https:\/\/atauni.edu.tr\/tibbi-deneysel-uygulama-ve-arastirma-merkezi\/2021\/11\/05\/deney-hayvanlari-kursu-gerceklestirildi\/\">Deney Hayvanlar\u0131 Kursu Ger\u00e7ekle\u015ftirildi<\/a><\/div><\/li><\/ul>\n\n\n\n<p><\/p>\n","protected":false},"excerpt":{"rendered":"","protected":false},"author":1,"featured_media":0,"parent":0,"menu_order":0,"comment_status":"closed","ping_status":"closed","template":"","meta":{"footnotes":""},"class_list":["post-6567","page","type-page","status-publish","hentry"],"_links":{"self":[{"href":"https:\/\/atauni.edu.tr\/tibbi-deneysel-uygulama-ve-arastirma-merkezi\/wp-json\/wp\/v2\/pages\/6567","targetHints":{"allow":["GET"]}}],"collection":[{"href":"https:\/\/atauni.edu.tr\/tibbi-deneysel-uygulama-ve-arastirma-merkezi\/wp-json\/wp\/v2\/pages"}],"about":[{"href":"https:\/\/atauni.edu.tr\/tibbi-deneysel-uygulama-ve-arastirma-merkezi\/wp-json\/wp\/v2\/types\/page"}],"author":[{"embeddable":true,"href":"https:\/\/atauni.edu.tr\/tibbi-deneysel-uygulama-ve-arastirma-merkezi\/wp-json\/wp\/v2\/users\/1"}],"replies":[{"embeddable":true,"href":"https:\/\/atauni.edu.tr\/tibbi-deneysel-uygulama-ve-arastirma-merkezi\/wp-json\/wp\/v2\/comments?post=6567"}],"version-history":[{"count":1,"href":"https:\/\/atauni.edu.tr\/tibbi-deneysel-uygulama-ve-arastirma-merkezi\/wp-json\/wp\/v2\/pages\/6567\/revisions"}],"predecessor-version":[{"id":6570,"href":"https:\/\/atauni.edu.tr\/tibbi-deneysel-uygulama-ve-arastirma-merkezi\/wp-json\/wp\/v2\/pages\/6567\/revisions\/6570"}],"wp:attachment":[{"href":"https:\/\/atauni.edu.tr\/tibbi-deneysel-uygulama-ve-arastirma-merkezi\/wp-json\/wp\/v2\/media?parent=6567"}],"curies":[{"name":"wp","href":"https:\/\/api.w.org\/{rel}","templated":true}]}}