{"id":5662,"date":"2021-07-13T10:01:45","date_gmt":"2021-07-13T07:01:45","guid":{"rendered":"https:\/\/portaltest.atauni.edu.tr\/bilgisayar-muhendisligi\/?page_id=5662"},"modified":"2023-08-16T15:16:40","modified_gmt":"2023-08-16T12:16:40","slug":"yonetim","status":"publish","type":"page","link":"https:\/\/atauni.edu.tr\/tibbi-dokumantasyon-ve-sekreterlik\/yonetim\/","title":{"rendered":"Y\u00f6netim"},"content":{"rendered":"\t\t<div data-elementor-type=\"wp-page\" data-elementor-id=\"5662\" class=\"elementor elementor-5662\" data-elementor-post-type=\"page\">\n\t\t\t\t\t\t<section class=\"elementor-section elementor-top-section elementor-element elementor-element-22b96024 elementor-section-boxed elementor-section-height-default elementor-section-height-default\" data-id=\"22b96024\" data-element_type=\"section\">\n\t\t\t\t\t\t<div class=\"elementor-container elementor-column-gap-default\">\n\t\t\t\t\t<div class=\"elementor-column elementor-col-100 elementor-top-column elementor-element elementor-element-5a1f7769\" data-id=\"5a1f7769\" data-element_type=\"column\">\n\t\t\t<div class=\"elementor-widget-wrap elementor-element-populated\">\n\t\t\t\t\t\t<div class=\"elementor-element elementor-element-3b3e2d4a elementor-widget elementor-widget-heading\" data-id=\"3b3e2d4a\" data-element_type=\"widget\" data-widget_type=\"heading.default\">\n\t\t\t\t<div class=\"elementor-widget-container\">\n\t\t\t\t\t<h2 class=\"elementor-heading-title elementor-size-default\">Y\u00f6netim<\/h2>\t\t\t\t<\/div>\n\t\t\t\t<\/div>\n\t\t\t\t<div class=\"elementor-element elementor-element-35223868 elementor-widget-divider--view-line elementor-widget elementor-widget-divider\" data-id=\"35223868\" data-element_type=\"widget\" data-widget_type=\"divider.default\">\n\t\t\t\t<div class=\"elementor-widget-container\">\n\t\t\t\t\t\t\t<div class=\"elementor-divider\">\n\t\t\t<span class=\"elementor-divider-separator\">\n\t\t\t\t\t\t<\/span>\n\t\t<\/div>\n\t\t\t\t\t\t<\/div>\n\t\t\t\t<\/div>\n\t\t\t\t\t<\/div>\n\t\t<\/div>\n\t\t\t\t\t<\/div>\n\t\t<\/section>\n\t\t\t\t<section class=\"elementor-section elementor-top-section elementor-element elementor-element-4040175 elementor-section-boxed elementor-section-height-default elementor-section-height-default\" data-id=\"4040175\" data-element_type=\"section\">\n\t\t\t\t\t\t<div class=\"elementor-container elementor-column-gap-default\">\n\t\t\t\t\t<div class=\"elementor-column elementor-col-100 elementor-top-column elementor-element elementor-element-f1a850a\" data-id=\"f1a850a\" data-element_type=\"column\">\n\t\t\t<div class=\"elementor-widget-wrap elementor-element-populated\">\n\t\t\t\t\t\t<div class=\"elementor-element elementor-element-a2e22bf elementor-widget elementor-widget-text-editor\" data-id=\"a2e22bf\" data-element_type=\"widget\" data-widget_type=\"text-editor.default\">\n\t\t\t\t<div class=\"elementor-widget-container\">\n\t\t\t\t\t\t\t\t\t<p><strong>B\u00d6L\u00dcM BA\u015eKANINDAN MESAJ<\/strong><\/p><p>De\u011ferli \u00f6\u011frenciler,<\/p><p>Sa\u011fl\u0131k alan\u0131nda bir meslek se\u00e7erek, insana ve insanl\u0131\u011fa hizmet etmek i\u00e7in fedak\u00e2rl\u0131\u011f\u0131 \u00f6n planda tuttu\u011funuzu ve her zaman \u00f6\u011frenmeye aday oldu\u011funuzu g\u00f6sterdiniz. G\u00fcn\u00fcm\u00fczde sa\u011fl\u0131k hizmetleri; farkl\u0131 mesleklerin bir arada bulundu\u011fu, insanlara kaliteli hizmet sunmak i\u00e7in y\u00fcksek teknolojik imk\u00e2nlardan yararlan\u0131larak sunulan bir ekip hizmetidir. T\u0131bbi sekreterler de bu ekibinin bir \u00fcyesi olarak, hastan\u0131n hastaneye kabul\u00fcnden taburcu oluncaya kadarki t\u00fcm a\u015famalarda bir\u00e7ok g\u00f6revi \u00fcstlenmektedir. T\u0131bbi sekreter olarak gerek hasta ve hasta yak\u0131nlar\u0131 ile gerekse sa\u011fl\u0131k kurumu personeli ile etkili ileti\u015fiminiz ve bilgi birikiminizle bu ekip i\u00e7erisinde ne kadar \u00f6nemli g\u00f6revler alaca\u011f\u0131n\u0131z\u0131 anlayarak e\u011fitiminizi s\u00fcrd\u00fcrmenizi, ihtiyac\u0131n\u0131z olan her tecr\u00fcbeyi fazlas\u0131yla edinmek i\u00e7in bu k\u0131sa e\u011fitim d\u00f6neminde hocalar\u0131m\u0131z ve \u00fcniversitemiz olarak size sundu\u011fumuz imk\u00e2nlar\u0131 en iyi \u015fekilde de\u011ferlendirmenizi umuyorum.<\/p><p>Sevgili Aileler; Atat\u00fcrk \u00dcniversitesi Narman Meslek Y\u00fcksek Okulu olarak iyi biliyoruz ki \u015fu anda aram\u0131zda bulunan sizin \u00e7ocuklar\u0131n\u0131z bizim de gelecekte ki payda\u015flar\u0131m\u0131z olacaklard\u0131r. Vatan\u0131na, milletine ve toplum sa\u011fl\u0131\u011f\u0131na en iyi \u015fekilde hizmet vermeleri en temel gayemizdir. Bu nedenle; yaln\u0131zca e\u011fitim hayatlar\u0131 boyunca de\u011fil, e\u011fitim hayatlar\u0131ndan sonra ya\u015fam\u0131n her alan\u0131nda ba\u015far\u0131l\u0131 olacak \u015fekilde e\u011fitim alacaklar\u0131n\u0131 sizlere belirtmek isterim.<\/p><p>Louis Pasteur \u201c\u015eans, ona haz\u0131r olan zihinleri se\u00e7er\u201d s\u00f6z\u00fcnden yola \u00e7\u0131karak, topluma hizmet etmek ve toplum sa\u011fl\u0131\u011f\u0131na katk\u0131 yapmak gibi \u00f6nemli ve de\u011ferli bir ama\u00e7 i\u00e7in \u00e7\u0131kt\u0131\u011f\u0131n\u0131z bu yolculukta Atat\u00fcrk \u00dcniversitesi Narman Meslek Y\u00fcksek Okulu\u2019nu se\u00e7mi\u015f olman\u0131zdan dolay\u0131 hepinizi tebrik ediyor, ba\u015far\u0131lar\u0131n\u0131z\u0131n okulumuzda ve i\u015f hayat\u0131n\u0131zda da devam etmesini diliyorum.<\/p><p>Birlikte keyifli, verimli ve ba\u015far\u0131l\u0131 bir e\u011fitim d\u00f6nemi ge\u00e7irmek dile\u011fiyle\u2026<\/p><p><strong>Do\u00e7.Dr. Zeynep AYDO\u011eAN<\/strong><\/p>\t\t\t\t\t\t\t\t<\/div>\n\t\t\t\t<\/div>\n\t\t\t\t\t<\/div>\n\t\t<\/div>\n\t\t\t\t\t<\/div>\n\t\t<\/section>\n\t\t\t\t<\/div>\n\t\t","protected":false},"excerpt":{"rendered":"<p>Y\u00f6netim B\u00d6L\u00dcM BA\u015eKANINDAN MESAJ De\u011ferli \u00f6\u011frenciler, Sa\u011fl\u0131k alan\u0131nda bir meslek se\u00e7erek, insana ve insanl\u0131\u011fa hizmet etmek i\u00e7in fedak\u00e2rl\u0131\u011f\u0131 \u00f6n planda tuttu\u011funuzu ve her zaman \u00f6\u011frenmeye aday oldu\u011funuzu g\u00f6sterdiniz. G\u00fcn\u00fcm\u00fczde sa\u011fl\u0131k hizmetleri; farkl\u0131 mesleklerin bir arada bulundu\u011fu, insanlara kaliteli hizmet sunmak i\u00e7in y\u00fcksek teknolojik imk\u00e2nlardan yararlan\u0131larak sunulan bir ekip hizmetidir. T\u0131bbi sekreterler de bu ekibinin bir [&hellip;]<\/p>\n","protected":false},"author":1,"featured_media":0,"parent":0,"menu_order":0,"comment_status":"closed","ping_status":"closed","template":"elementor_header_footer","meta":{"footnotes":""},"class_list":["post-5662","page","type-page","status-publish","hentry"],"_links":{"self":[{"href":"https:\/\/atauni.edu.tr\/tibbi-dokumantasyon-ve-sekreterlik\/wp-json\/wp\/v2\/pages\/5662","targetHints":{"allow":["GET"]}}],"collection":[{"href":"https:\/\/atauni.edu.tr\/tibbi-dokumantasyon-ve-sekreterlik\/wp-json\/wp\/v2\/pages"}],"about":[{"href":"https:\/\/atauni.edu.tr\/tibbi-dokumantasyon-ve-sekreterlik\/wp-json\/wp\/v2\/types\/page"}],"author":[{"embeddable":true,"href":"https:\/\/atauni.edu.tr\/tibbi-dokumantasyon-ve-sekreterlik\/wp-json\/wp\/v2\/users\/1"}],"replies":[{"embeddable":true,"href":"https:\/\/atauni.edu.tr\/tibbi-dokumantasyon-ve-sekreterlik\/wp-json\/wp\/v2\/comments?post=5662"}],"version-history":[{"count":26,"href":"https:\/\/atauni.edu.tr\/tibbi-dokumantasyon-ve-sekreterlik\/wp-json\/wp\/v2\/pages\/5662\/revisions"}],"predecessor-version":[{"id":6213,"href":"https:\/\/atauni.edu.tr\/tibbi-dokumantasyon-ve-sekreterlik\/wp-json\/wp\/v2\/pages\/5662\/revisions\/6213"}],"wp:attachment":[{"href":"https:\/\/atauni.edu.tr\/tibbi-dokumantasyon-ve-sekreterlik\/wp-json\/wp\/v2\/media?parent=5662"}],"curies":[{"name":"wp","href":"https:\/\/api.w.org\/{rel}","templated":true}]}}