{"id":5682,"date":"2021-07-13T10:10:01","date_gmt":"2021-07-13T07:10:01","guid":{"rendered":"https:\/\/portaltest.atauni.edu.tr\/bilgisayar-muhendisligi\/?page_id=5682"},"modified":"2023-08-16T15:14:19","modified_gmt":"2023-08-16T12:14:19","slug":"misyon-vizyon-ve-temel-degerler","status":"publish","type":"page","link":"https:\/\/atauni.edu.tr\/tibbi-dokumantasyon-ve-sekreterlik\/misyon-vizyon-ve-temel-degerler\/","title":{"rendered":"Misyon, Vizyon ve Temel De\u011ferler"},"content":{"rendered":"\t\t<div data-elementor-type=\"wp-page\" data-elementor-id=\"5682\" class=\"elementor elementor-5682\" data-elementor-post-type=\"page\">\n\t\t\t\t\t\t<section class=\"elementor-section elementor-top-section elementor-element elementor-element-730d320 elementor-section-boxed elementor-section-height-default elementor-section-height-default\" data-id=\"730d320\" data-element_type=\"section\">\n\t\t\t\t\t\t<div class=\"elementor-container elementor-column-gap-default\">\n\t\t\t\t\t<div class=\"elementor-column elementor-col-100 elementor-top-column elementor-element elementor-element-753d0860\" data-id=\"753d0860\" data-element_type=\"column\">\n\t\t\t<div class=\"elementor-widget-wrap\">\n\t\t\t\t\t\t\t<\/div>\n\t\t<\/div>\n\t\t\t\t\t<\/div>\n\t\t<\/section>\n\t\t\t\t<section class=\"elementor-section elementor-top-section elementor-element elementor-element-9be811a elementor-section-boxed elementor-section-height-default elementor-section-height-default\" data-id=\"9be811a\" data-element_type=\"section\">\n\t\t\t\t\t\t<div class=\"elementor-container elementor-column-gap-default\">\n\t\t\t\t\t<div class=\"elementor-column elementor-col-100 elementor-top-column elementor-element elementor-element-1ed847b7\" data-id=\"1ed847b7\" data-element_type=\"column\">\n\t\t\t<div class=\"elementor-widget-wrap elementor-element-populated\">\n\t\t\t\t\t\t<div class=\"elementor-element elementor-element-4ce0d07f elementor-widget elementor-widget-heading\" data-id=\"4ce0d07f\" data-element_type=\"widget\" data-widget_type=\"heading.default\">\n\t\t\t\t<div class=\"elementor-widget-container\">\n\t\t\t\t\t<h2 class=\"elementor-heading-title elementor-size-default\">Misyon, Vizyon ve Temel De\u011ferler<\/h2>\t\t\t\t<\/div>\n\t\t\t\t<\/div>\n\t\t\t\t<div class=\"elementor-element elementor-element-63260862 elementor-widget-divider--view-line elementor-widget elementor-widget-divider\" data-id=\"63260862\" data-element_type=\"widget\" data-widget_type=\"divider.default\">\n\t\t\t\t<div class=\"elementor-widget-container\">\n\t\t\t\t\t\t\t<div class=\"elementor-divider\">\n\t\t\t<span class=\"elementor-divider-separator\">\n\t\t\t\t\t\t<\/span>\n\t\t<\/div>\n\t\t\t\t\t\t<\/div>\n\t\t\t\t<\/div>\n\t\t\t\t\t<\/div>\n\t\t<\/div>\n\t\t\t\t\t<\/div>\n\t\t<\/section>\n\t\t\t\t<section class=\"elementor-section elementor-top-section elementor-element elementor-element-58b4422 elementor-section-boxed elementor-section-height-default elementor-section-height-default\" data-id=\"58b4422\" data-element_type=\"section\">\n\t\t\t\t\t\t<div class=\"elementor-container elementor-column-gap-default\">\n\t\t\t\t\t<div class=\"elementor-column elementor-col-100 elementor-top-column elementor-element elementor-element-03a2368\" data-id=\"03a2368\" data-element_type=\"column\">\n\t\t\t<div class=\"elementor-widget-wrap elementor-element-populated\">\n\t\t\t\t\t\t<div class=\"elementor-element elementor-element-bb02a84 elementor-widget elementor-widget-text-editor\" data-id=\"bb02a84\" data-element_type=\"widget\" data-widget_type=\"text-editor.default\">\n\t\t\t\t<div class=\"elementor-widget-container\">\n\t\t\t\t\t\t\t\t\t<p><strong>M\u0130SYONUMUZ<\/strong><\/p><p>Atat\u00fcrk \u00dcniversitesi Narman Meslek Y\u00fcksekokulu T\u0131bbi Dok\u00fcmantasyon ve Sekreterlik \u00d6n Lisans Program\u0131 sa\u011fl\u0131k kurum ve kurulu\u015flar\u0131n\u0131n t\u0131bbi dok\u00fcmantasyon ve sekreterlik alan\u0131nda ihtiya\u00e7 duydu\u011fu; sa\u011fl\u0131k hizmetlerinin temel ilkelerine, s\u00fcre\u00e7lerine ve y\u00f6netime vak\u0131f, insan sa\u011fl\u0131\u011f\u0131na \u00f6nem veren, nitelikli, ileti\u015fim ve sorumluluk duygusu g\u00fc\u00e7l\u00fc olan, kendi alan\u0131ndaki her t\u00fcrl\u00fc yenilik ve geli\u015fmeyi takip eden t\u0131bbi sekreterleri yeti\u015ftirerek e\u011fitimin kalitesini y\u00fckseltmek ve b\u00f6ylece mesle\u011fi en \u00fcst seviyeye \u00e7\u0131kartmak, sa\u011fl\u0131k sekt\u00f6r\u00fcnde nitelikli ara eleman yeti\u015ftirmenin yan\u0131 s\u0131ra aranan eleman yeti\u015ftirmeyi misyon edinmi\u015ftir.<\/p><p>Narman Meslek Y\u00fcksekokulu T\u0131bbi Dok\u00fcmantasyon ve Sekreterlik \u00d6n Lisans Program\u0131 bu misyon do\u011frultusunda kamu ve \u00f6zel sa\u011fl\u0131k kurum ve kurulu\u015flar\u0131nda sekretarya hizmetlerini y\u00fcr\u00fctebilen; t\u0131bbi terminolojiye hakim, hastal\u0131klar\u0131n kay\u0131t, tan\u0131, te\u015fhis tedavileri ve taburculuk ile ilgili kay\u0131t i\u015flemlerini yapabilen; t\u0131bbi, idari ve istatistik\u00ee dok\u00fcmanlar\u0131 haz\u0131rlayabilen; dok\u00fcmanlar\u0131 d\u00fczenleyerek ar\u015fivleyebilen ve ar\u015fivi d\u00fczenleyip, geli\u015ftirebilen; hastal\u0131klar\u0131 uluslararas\u0131 s\u0131n\u0131fland\u0131rma sistemlerine (ICD) g\u00f6re kodlama i\u015flemlerini yapabilen; \u00e7al\u0131\u015ft\u0131\u011f\u0131 birimin yaz\u0131l\u0131 ve s\u00f6zl\u00fc t\u0131bbi yaz\u0131\u015fmalar\u0131n\u0131 ve ileti\u015fimini sa\u011flayabilen; t\u0131p ve sa\u011fl\u0131k teknolojisinin \u00e7e\u015fitli dallar\u0131nda bilimsel ara\u015ft\u0131rmalarda elde edilen bulgular\u0131 derleme, d\u00fczene koyma ve di\u011fer ara\u015ft\u0131r\u0131c\u0131lar\u0131n hizmetine sunma gibi g\u00f6revleri etkin bir \u015fekilde yerine getiren; sa\u011fl\u0131k sekt\u00f6r\u00fcn\u00fcn beklentileri ve ihtiyac\u0131 do\u011frultusunda ya\u015fam boyu geli\u015fme e\u011filimi g\u00f6steren, mesleki a\u00e7\u0131dan yetkin, etik ilkeleri ve mesleksel de\u011ferleri benimseme ve uygulama \u00f6zverisine sahip, toplumsal de\u011ferlere sayg\u0131l\u0131, Atat\u00fcrk \u0130lke ve Devrimlerini rehber edinmi\u015f, \u00e7a\u011fda\u015f, demokratik, laik ve sosyal hukuk devleti ilke ve de\u011ferlerine ba\u011fl\u0131 T\u0131bbi Sekreterler yeti\u015ftirmektir.<\/p>\t\t\t\t\t\t\t\t<\/div>\n\t\t\t\t<\/div>\n\t\t\t\t\t<\/div>\n\t\t<\/div>\n\t\t\t\t\t<\/div>\n\t\t<\/section>\n\t\t\t\t<section class=\"elementor-section elementor-top-section elementor-element elementor-element-51c4b40 elementor-section-boxed elementor-section-height-default elementor-section-height-default\" data-id=\"51c4b40\" data-element_type=\"section\">\n\t\t\t\t\t\t<div class=\"elementor-container elementor-column-gap-default\">\n\t\t\t\t\t<div class=\"elementor-column elementor-col-100 elementor-top-column elementor-element elementor-element-20f5fa2\" data-id=\"20f5fa2\" data-element_type=\"column\">\n\t\t\t<div class=\"elementor-widget-wrap elementor-element-populated\">\n\t\t\t\t\t\t<div class=\"elementor-element elementor-element-280cd21 elementor-widget elementor-widget-text-editor\" data-id=\"280cd21\" data-element_type=\"widget\" data-widget_type=\"text-editor.default\">\n\t\t\t\t<div class=\"elementor-widget-container\">\n\t\t\t\t\t\t\t\t\t<p><strong>V\u0130ZYONUMUZ<\/strong><\/p><p>Sa\u011fl\u0131k hizmetlerinin multidisipliner yap\u0131s\u0131 i\u00e7erisinde bilgi-belge hizmetlerinden sorumlu olarak \u00f6nemli bir role sahip olan t\u0131bbi sekreterlerin e\u011fitim ald\u0131\u011f\u0131 bu program h\u0131zla de\u011fi\u015fen, geli\u015fen bilimsel ve sosyal ko\u015fullara kolayca adapte olan, halk sa\u011fl\u0131\u011f\u0131na, \u00e7evre sorunlar\u0131na ve mesleki etik sorumluluklar\u0131na duyarl\u0131, alan\u0131nda lider ve nitelikli sa\u011fl\u0131k personeli yeti\u015fmesine destek veren, en iyi yard\u0131mc\u0131 sa\u011fl\u0131k hizmetini sunan T\u0131bbi Sekreterler yeti\u015ftirilmesinde \u00f6nc\u00fc bir e\u011fitim kurumu olmak ve \u201cEn \u0130yiye\u201d ula\u015fmakt\u0131r.<\/p>\t\t\t\t\t\t\t\t<\/div>\n\t\t\t\t<\/div>\n\t\t\t\t\t<\/div>\n\t\t<\/div>\n\t\t\t\t\t<\/div>\n\t\t<\/section>\n\t\t\t\t<\/div>\n\t\t","protected":false},"excerpt":{"rendered":"<p>Misyon, Vizyon ve Temel De\u011ferler M\u0130SYONUMUZ Atat\u00fcrk \u00dcniversitesi Narman Meslek Y\u00fcksekokulu T\u0131bbi Dok\u00fcmantasyon ve Sekreterlik \u00d6n Lisans Program\u0131 sa\u011fl\u0131k kurum ve kurulu\u015flar\u0131n\u0131n t\u0131bbi dok\u00fcmantasyon ve sekreterlik alan\u0131nda ihtiya\u00e7 duydu\u011fu; sa\u011fl\u0131k hizmetlerinin temel ilkelerine, s\u00fcre\u00e7lerine ve y\u00f6netime vak\u0131f, insan sa\u011fl\u0131\u011f\u0131na \u00f6nem veren, nitelikli, ileti\u015fim ve sorumluluk duygusu g\u00fc\u00e7l\u00fc olan, kendi alan\u0131ndaki her t\u00fcrl\u00fc yenilik ve geli\u015fmeyi [&hellip;]<\/p>\n","protected":false},"author":1,"featured_media":0,"parent":0,"menu_order":0,"comment_status":"closed","ping_status":"closed","template":"elementor_header_footer","meta":{"footnotes":""},"class_list":["post-5682","page","type-page","status-publish","hentry"],"_links":{"self":[{"href":"https:\/\/atauni.edu.tr\/tibbi-dokumantasyon-ve-sekreterlik\/wp-json\/wp\/v2\/pages\/5682","targetHints":{"allow":["GET"]}}],"collection":[{"href":"https:\/\/atauni.edu.tr\/tibbi-dokumantasyon-ve-sekreterlik\/wp-json\/wp\/v2\/pages"}],"about":[{"href":"https:\/\/atauni.edu.tr\/tibbi-dokumantasyon-ve-sekreterlik\/wp-json\/wp\/v2\/types\/page"}],"author":[{"embeddable":true,"href":"https:\/\/atauni.edu.tr\/tibbi-dokumantasyon-ve-sekreterlik\/wp-json\/wp\/v2\/users\/1"}],"replies":[{"embeddable":true,"href":"https:\/\/atauni.edu.tr\/tibbi-dokumantasyon-ve-sekreterlik\/wp-json\/wp\/v2\/comments?post=5682"}],"version-history":[{"count":14,"href":"https:\/\/atauni.edu.tr\/tibbi-dokumantasyon-ve-sekreterlik\/wp-json\/wp\/v2\/pages\/5682\/revisions"}],"predecessor-version":[{"id":6210,"href":"https:\/\/atauni.edu.tr\/tibbi-dokumantasyon-ve-sekreterlik\/wp-json\/wp\/v2\/pages\/5682\/revisions\/6210"}],"wp:attachment":[{"href":"https:\/\/atauni.edu.tr\/tibbi-dokumantasyon-ve-sekreterlik\/wp-json\/wp\/v2\/media?parent=5682"}],"curies":[{"name":"wp","href":"https:\/\/api.w.org\/{rel}","templated":true}]}}