{"id":5728,"date":"2021-07-13T11:33:38","date_gmt":"2021-07-13T08:33:38","guid":{"rendered":"https:\/\/portaltest.atauni.edu.tr\/bilgisayar-muhendisligi\/?page_id=5728"},"modified":"2021-08-27T15:49:46","modified_gmt":"2021-08-27T12:49:46","slug":"bolum-tanitimi","status":"publish","type":"page","link":"https:\/\/atauni.edu.tr\/tibbi-hizmetler-ve-teknikler-bolumu\/bolum-tanitimi\/","title":{"rendered":"B\u00f6l\u00fcm Tan\u0131t\u0131m\u0131"},"content":{"rendered":"\t\t<div data-elementor-type=\"wp-page\" data-elementor-id=\"5728\" class=\"elementor elementor-5728\" data-elementor-post-type=\"page\">\n\t\t\t\t\t\t<section class=\"elementor-section elementor-top-section elementor-element elementor-element-730d320 elementor-section-boxed elementor-section-height-default elementor-section-height-default\" data-id=\"730d320\" data-element_type=\"section\">\n\t\t\t\t\t\t<div class=\"elementor-container elementor-column-gap-default\">\n\t\t\t\t\t<div class=\"elementor-column elementor-col-100 elementor-top-column elementor-element elementor-element-753d0860\" data-id=\"753d0860\" data-element_type=\"column\">\n\t\t\t<div class=\"elementor-widget-wrap\">\n\t\t\t\t\t\t\t<\/div>\n\t\t<\/div>\n\t\t\t\t\t<\/div>\n\t\t<\/section>\n\t\t\t\t<section class=\"elementor-section elementor-top-section elementor-element elementor-element-9be811a elementor-section-boxed elementor-section-height-default elementor-section-height-default\" data-id=\"9be811a\" data-element_type=\"section\">\n\t\t\t\t\t\t<div class=\"elementor-container elementor-column-gap-default\">\n\t\t\t\t\t<div class=\"elementor-column elementor-col-100 elementor-top-column elementor-element elementor-element-1ed847b7\" data-id=\"1ed847b7\" data-element_type=\"column\">\n\t\t\t<div class=\"elementor-widget-wrap elementor-element-populated\">\n\t\t\t\t\t\t<div class=\"elementor-element elementor-element-4ce0d07f elementor-widget elementor-widget-heading\" data-id=\"4ce0d07f\" data-element_type=\"widget\" data-widget_type=\"heading.default\">\n\t\t\t\t<div class=\"elementor-widget-container\">\n\t\t\t\t\t<h2 class=\"elementor-heading-title elementor-size-default\">B\u00f6l\u00fcm Tan\u0131t\u0131m\u0131<\/h2>\t\t\t\t<\/div>\n\t\t\t\t<\/div>\n\t\t\t\t<div class=\"elementor-element elementor-element-63260862 elementor-widget-divider--view-line elementor-widget elementor-widget-divider\" data-id=\"63260862\" data-element_type=\"widget\" data-widget_type=\"divider.default\">\n\t\t\t\t<div class=\"elementor-widget-container\">\n\t\t\t\t\t\t\t<div class=\"elementor-divider\">\n\t\t\t<span class=\"elementor-divider-separator\">\n\t\t\t\t\t\t<\/span>\n\t\t<\/div>\n\t\t\t\t\t\t<\/div>\n\t\t\t\t<\/div>\n\t\t\t\t\t<\/div>\n\t\t<\/div>\n\t\t\t\t\t<\/div>\n\t\t<\/section>\n\t\t\t\t<section class=\"elementor-section elementor-top-section elementor-element elementor-element-681db8b elementor-section-boxed elementor-section-height-default elementor-section-height-default\" data-id=\"681db8b\" data-element_type=\"section\">\n\t\t\t\t\t\t<div class=\"elementor-container elementor-column-gap-default\">\n\t\t\t\t\t<div class=\"elementor-column elementor-col-100 elementor-top-column elementor-element elementor-element-ad4dac5\" data-id=\"ad4dac5\" data-element_type=\"column\">\n\t\t\t<div class=\"elementor-widget-wrap elementor-element-populated\">\n\t\t\t\t\t\t<div class=\"elementor-element elementor-element-2f96b3d elementor-widget elementor-widget-text-editor\" data-id=\"2f96b3d\" data-element_type=\"widget\" data-widget_type=\"text-editor.default\">\n\t\t\t\t<div class=\"elementor-widget-container\">\n\t\t\t\t\t\t\t\t\t<p>Atat\u00fcrk \u00dcniversitesi T\u0131bbi Hizmetler ve Teknikler B\u00f6l\u00fcm\u00fc, sa\u011fl\u0131k sekt\u00f6r\u00fcn\u00fcn ihtiya\u00e7 duydu\u011fu nitelikli i\u015fg\u00fcc\u00fc yeti\u015ftirmeyi hedefleyen bir b\u00f6l\u00fcm olarak \u00f6ne \u00e7\u0131kmaktad\u0131r. B\u00f6l\u00fcm\u00fcn temel amac\u0131, \u00f6\u011frencilere t\u0131bbi hizmetlerin y\u00fcr\u00fct\u00fclmesi ve tekniklerin uygulanmas\u0131 konular\u0131nda derinlemesine bilgi ve beceriler kazand\u0131rmakt\u0131r.<\/p>\n<p>\u00d6\u011frenciler, t\u0131bbi laboratuvarlar, hastaneler, klinikler gibi sa\u011fl\u0131k kurumlar\u0131nda \u00e7al\u0131\u015fmak \u00fczere gerekli teorik ve pratik e\u011fitimleri al\u0131rlar. B\u00f6l\u00fcm\u00fcn m\u00fcfredat\u0131, t\u0131bbi hizmetlerin \u00e7e\u015fitlili\u011fini g\u00f6z \u00f6n\u00fcnde bulundurarak haz\u0131rlanm\u0131\u015ft\u0131r ve \u00f6\u011frencilere geni\u015f bir yelpazede bilgi ve beceriler kazand\u0131r\u0131lmas\u0131 hedeflenmektedir.<\/p>\n<p>T\u0131bbi Hizmetler ve Teknikler B\u00f6l\u00fcm\u00fc mezunlar\u0131, sa\u011fl\u0131k sekt\u00f6r\u00fcn\u00fcn \u00e7e\u015fitli alanlar\u0131nda istihdam edilebilirler. Bunlar aras\u0131nda t\u0131bbi laboratuvarlar, hastaneler, klinikler, sa\u011fl\u0131k merkezleri gibi kurumlar yer alabilir. Ayr\u0131ca, bu b\u00f6l\u00fcm mezunlar\u0131 sa\u011fl\u0131k \u00fcr\u00fcnleri ve hizmetleri sunan \u00f6zel \u015firketlerde de \u00e7al\u0131\u015fabilirler.<\/p>\n<p>B\u00f6l\u00fcm\u00fcn e\u011fitim s\u00fcresi ve i\u00e7eri\u011fi, \u00f6\u011frencilerin sa\u011fl\u0131k sekt\u00f6r\u00fcn\u00fcn gereksinimlerini kar\u015f\u0131layabilecek \u015fekilde tasarlanm\u0131\u015ft\u0131r. \u00d6\u011frencilere teorik bilgilerin yan\u0131 s\u0131ra pratik uygulamalar arac\u0131l\u0131\u011f\u0131yla deneyim kazand\u0131r\u0131lmaktad\u0131r. Staj ve proje \u00e7al\u0131\u015fmalar\u0131 gibi uygulamal\u0131 e\u011fitim faaliyetleri, \u00f6\u011frencilerin ger\u00e7ek d\u00fcnya deneyimi kazanmalar\u0131na yard\u0131mc\u0131 olur.<\/p>\n<p>T\u0131bbi Hizmetler ve Teknikler B\u00f6l\u00fcm\u00fc, sa\u011fl\u0131k sekt\u00f6r\u00fcne nitelikli i\u015fg\u00fcc\u00fc yeti\u015ftirmeyi ama\u00e7layan bir b\u00f6l\u00fcm olarak \u00f6nemli bir role sahiptir. B\u00f6l\u00fcm\u00fcn mezunlar\u0131, sa\u011fl\u0131k hizmetlerinin y\u00fcr\u00fct\u00fclmesi ve geli\u015ftirilmesine katk\u0131da bulunarak toplumun sa\u011fl\u0131k ihtiyac\u0131n\u0131 kar\u015f\u0131lamada aktif roller alabilirler.<\/p>\t\t\t\t\t\t\t\t<\/div>\n\t\t\t\t<\/div>\n\t\t\t\t\t<\/div>\n\t\t<\/div>\n\t\t\t\t\t<\/div>\n\t\t<\/section>\n\t\t\t\t<\/div>\n\t\t","protected":false},"excerpt":{"rendered":"<p>B\u00f6l\u00fcm Tan\u0131t\u0131m\u0131 Lorem Ipsum Nedir? Lorem Ipsum, dizgi ve bask\u0131 end\u00fcstrisinde kullan\u0131lan m\u0131g\u0131r metinlerdir. Lorem Ipsum, ad\u0131 bilinmeyen bir matbaac\u0131n\u0131n bir hurufat numune kitab\u0131 olu\u015fturmak \u00fczere bir yaz\u0131 galerisini alarak kar\u0131\u015ft\u0131rd\u0131\u011f\u0131 1500&#8217;lerden beri end\u00fcstri standard\u0131 sahte metinler olarak kullan\u0131lm\u0131\u015ft\u0131r. Be\u015fy\u00fcz y\u0131l boyunca varl\u0131\u011f\u0131n\u0131 s\u00fcrd\u00fcrmekle kalmam\u0131\u015f, ayn\u0131 zamanda pek de\u011fi\u015fmeden elektronik dizgiye de s\u0131\u00e7ram\u0131\u015ft\u0131r. 1960&#8217;larda Lorem [&hellip;]<\/p>\n","protected":false},"author":1,"featured_media":0,"parent":0,"menu_order":0,"comment_status":"closed","ping_status":"closed","template":"elementor_header_footer","meta":{"footnotes":""},"class_list":["post-5728","page","type-page","status-publish","hentry"],"_links":{"self":[{"href":"https:\/\/atauni.edu.tr\/tibbi-hizmetler-ve-teknikler-bolumu\/wp-json\/wp\/v2\/pages\/5728","targetHints":{"allow":["GET"]}}],"collection":[{"href":"https:\/\/atauni.edu.tr\/tibbi-hizmetler-ve-teknikler-bolumu\/wp-json\/wp\/v2\/pages"}],"about":[{"href":"https:\/\/atauni.edu.tr\/tibbi-hizmetler-ve-teknikler-bolumu\/wp-json\/wp\/v2\/types\/page"}],"author":[{"embeddable":true,"href":"https:\/\/atauni.edu.tr\/tibbi-hizmetler-ve-teknikler-bolumu\/wp-json\/wp\/v2\/users\/1"}],"replies":[{"embeddable":true,"href":"https:\/\/atauni.edu.tr\/tibbi-hizmetler-ve-teknikler-bolumu\/wp-json\/wp\/v2\/comments?post=5728"}],"version-history":[{"count":8,"href":"https:\/\/atauni.edu.tr\/tibbi-hizmetler-ve-teknikler-bolumu\/wp-json\/wp\/v2\/pages\/5728\/revisions"}],"predecessor-version":[{"id":6100,"href":"https:\/\/atauni.edu.tr\/tibbi-hizmetler-ve-teknikler-bolumu\/wp-json\/wp\/v2\/pages\/5728\/revisions\/6100"}],"wp:attachment":[{"href":"https:\/\/atauni.edu.tr\/tibbi-hizmetler-ve-teknikler-bolumu\/wp-json\/wp\/v2\/media?parent=5728"}],"curies":[{"name":"wp","href":"https:\/\/api.w.org\/{rel}","templated":true}]}}