{"id":5791,"date":"2021-07-13T13:07:15","date_gmt":"2021-07-13T10:07:15","guid":{"rendered":"https:\/\/portaltest.atauni.edu.tr\/bilgisayar-muhendisligi\/?page_id=5791"},"modified":"2021-08-27T15:49:32","modified_gmt":"2021-08-27T12:49:32","slug":"staj","status":"publish","type":"page","link":"https:\/\/atauni.edu.tr\/tibbi-hizmetler-ve-teknikler-bolumu\/staj\/","title":{"rendered":"Staj"},"content":{"rendered":"\t\t<div data-elementor-type=\"wp-page\" data-elementor-id=\"5791\" class=\"elementor elementor-5791\" data-elementor-post-type=\"page\">\n\t\t\t\t\t\t<section class=\"elementor-section elementor-top-section elementor-element elementor-element-730d320 elementor-section-boxed elementor-section-height-default elementor-section-height-default\" data-id=\"730d320\" data-element_type=\"section\">\n\t\t\t\t\t\t<div class=\"elementor-container elementor-column-gap-default\">\n\t\t\t\t\t<div class=\"elementor-column elementor-col-100 elementor-top-column elementor-element elementor-element-753d0860\" data-id=\"753d0860\" data-element_type=\"column\">\n\t\t\t<div class=\"elementor-widget-wrap\">\n\t\t\t\t\t\t\t<\/div>\n\t\t<\/div>\n\t\t\t\t\t<\/div>\n\t\t<\/section>\n\t\t\t\t<section class=\"elementor-section elementor-top-section elementor-element elementor-element-9be811a elementor-section-boxed elementor-section-height-default elementor-section-height-default\" data-id=\"9be811a\" data-element_type=\"section\">\n\t\t\t\t\t\t<div class=\"elementor-container elementor-column-gap-default\">\n\t\t\t\t\t<div class=\"elementor-column elementor-col-100 elementor-top-column elementor-element elementor-element-1ed847b7\" data-id=\"1ed847b7\" data-element_type=\"column\">\n\t\t\t<div class=\"elementor-widget-wrap elementor-element-populated\">\n\t\t\t\t\t\t<div class=\"elementor-element elementor-element-4ce0d07f elementor-widget elementor-widget-heading\" data-id=\"4ce0d07f\" data-element_type=\"widget\" data-widget_type=\"heading.default\">\n\t\t\t\t<div class=\"elementor-widget-container\">\n\t\t\t\t\t<h2 class=\"elementor-heading-title elementor-size-default\">Staj<\/h2>\t\t\t\t<\/div>\n\t\t\t\t<\/div>\n\t\t\t\t<div class=\"elementor-element elementor-element-63260862 elementor-widget-divider--view-line elementor-widget elementor-widget-divider\" data-id=\"63260862\" data-element_type=\"widget\" data-widget_type=\"divider.default\">\n\t\t\t\t<div class=\"elementor-widget-container\">\n\t\t\t\t\t\t\t<div class=\"elementor-divider\">\n\t\t\t<span class=\"elementor-divider-separator\">\n\t\t\t\t\t\t<\/span>\n\t\t<\/div>\n\t\t\t\t\t\t<\/div>\n\t\t\t\t<\/div>\n\t\t\t\t\t<\/div>\n\t\t<\/div>\n\t\t\t\t\t<\/div>\n\t\t<\/section>\n\t\t\t\t<section class=\"elementor-section elementor-top-section elementor-element elementor-element-10e8347 elementor-section-boxed elementor-section-height-default elementor-section-height-default\" data-id=\"10e8347\" data-element_type=\"section\">\n\t\t\t\t\t\t<div class=\"elementor-container elementor-column-gap-default\">\n\t\t\t\t\t<div class=\"elementor-column elementor-col-100 elementor-top-column elementor-element elementor-element-795ab05\" data-id=\"795ab05\" data-element_type=\"column\">\n\t\t\t<div class=\"elementor-widget-wrap elementor-element-populated\">\n\t\t\t\t\t\t<div class=\"elementor-element elementor-element-4524745 elementor-widget elementor-widget-text-editor\" data-id=\"4524745\" data-element_type=\"widget\" data-widget_type=\"text-editor.default\">\n\t\t\t\t<div class=\"elementor-widget-container\">\n\t\t\t\t\t\t\t\t\t<h2>Staj<\/h2>\n<p>T\u0131bbi Hizmetler ve Teknikler B\u00f6l\u00fcm\u00fc \u00f6\u011frencileri, e\u011fitimleri s\u0131ras\u0131nda teorik bilgileri pratik uygulamalarla birle\u015ftirerek exp\u00e9rience kazanmalar\u0131 amac\u0131yla staj programlar\u0131na kat\u0131l\u0131rlar. Bu programlar, \u00f6\u011frencilerin farkl\u0131 sa\u011fl\u0131k kurumlar\u0131nda \u00e7al\u0131\u015farak mesleki becerilerini geli\u015ftirmelerine olanak tan\u0131r.<\/p>\n<p>Stajlar, b\u00f6l\u00fcm\u00fcn anla\u015fmal\u0131 oldu\u011fu \u00e7e\u015fitli sa\u011fl\u0131k kurulu\u015flar\u0131nda yap\u0131l\u0131r. \u00d6\u011frenciler, bu kurulu\u015flarda g\u00f6rev yapan uzman personele yard\u0131mc\u0131 olarak ve onlar\u0131n rehberli\u011finde \u00e7al\u0131\u015f\u0131rlar. Bu sayede, \u00f6\u011frenciler ger\u00e7ek bir \u00e7al\u0131\u015fma ortam\u0131nda deneyim kazan\u0131rlar ve budou\u011funda yapacaklar\u0131 i\u015flerin nas\u0131l yap\u0131lmas\u0131 gerekti\u011fi konusunda bilgilerini peki\u015ftirirler.<\/p>\n<p>Staj programlar\u0131n\u0131n amac\u0131, \u00f6\u011frencilere sadece teorik bilgilerin \u00f6tesinde, pratik uygulamalar yoluyla sa\u011fl\u0131k sekt\u00f6r\u00fcndeki g\u00fcncel sorunlara \u00e7\u00f6z\u00fcm \u00fcretme yetkinli\u011fi kazand\u0131rmakt\u0131r. Ayr\u0131ca, \u00f6\u011frencilerin ileti\u015fim becerilerini, tak\u0131m \u00e7al\u0131\u015fmas\u0131 anlay\u0131\u015f\u0131n\u0131 ve problem \u00e7\u00f6zme yeteneklerini geli\u015ftirmelerine de katk\u0131da bulunur.<\/p>\n<p>Stajyerler, \u00e7al\u0131\u015fmalar s\u0131ras\u0131nda etik kurallara uymaya ve hasta mahremiyetini korumaya \u00f6zen g\u00f6sterirler. Ayn\u0131 zamanda, sa\u011fl\u0131k kurulu\u015flar\u0131n\u0131n g\u00fcnl\u00fck faaliyetlerine katk\u0131da bulunarak, teorik bilgilerini pratikte uygulayarak deneyim kazan\u0131rlar.<\/p>\n<p>Staj programlar\u0131, T\u0131bbi Hizmetler ve Teknikler B\u00f6l\u00fcm\u00fc \u00f6\u011frencilerinin mezun olduktan sonra sa\u011fl\u0131k sekt\u00f6r\u00fcnde ba\u015far\u0131l\u0131 bir \u015fekilde \u00e7al\u0131\u015fabilmesi i\u00e7in gereken donan\u0131m\u0131 kazanmalar\u0131na yard\u0131mc\u0131 olur. Bu exp\u00e9rience, gelecekteki kariyerlerinde \u00f6nemli bir rol oynar.<\/p>\t\t\t\t\t\t\t\t<\/div>\n\t\t\t\t<\/div>\n\t\t\t\t\t<\/div>\n\t\t<\/div>\n\t\t\t\t\t<\/div>\n\t\t<\/section>\n\t\t\t\t<\/div>\n\t\t","protected":false},"excerpt":{"rendered":"<p>Staj Lorem Ipsum Nedir? Lorem Ipsum, dizgi ve bask\u0131 end\u00fcstrisinde kullan\u0131lan m\u0131g\u0131r metinlerdir. Lorem Ipsum, ad\u0131 bilinmeyen bir matbaac\u0131n\u0131n bir hurufat numune kitab\u0131 olu\u015fturmak \u00fczere bir yaz\u0131 galerisini alarak kar\u0131\u015ft\u0131rd\u0131\u011f\u0131 1500&#8217;lerden beri end\u00fcstri standard\u0131 sahte metinler olarak kullan\u0131lm\u0131\u015ft\u0131r. Be\u015fy\u00fcz y\u0131l boyunca varl\u0131\u011f\u0131n\u0131 s\u00fcrd\u00fcrmekle kalmam\u0131\u015f, ayn\u0131 zamanda pek de\u011fi\u015fmeden elektronik dizgiye de s\u0131\u00e7ram\u0131\u015ft\u0131r. 1960&#8217;larda Lorem Ipsum [&hellip;]<\/p>\n","protected":false},"author":1,"featured_media":0,"parent":0,"menu_order":0,"comment_status":"closed","ping_status":"closed","template":"elementor_header_footer","meta":{"footnotes":""},"class_list":["post-5791","page","type-page","status-publish","hentry"],"_links":{"self":[{"href":"https:\/\/atauni.edu.tr\/tibbi-hizmetler-ve-teknikler-bolumu\/wp-json\/wp\/v2\/pages\/5791","targetHints":{"allow":["GET"]}}],"collection":[{"href":"https:\/\/atauni.edu.tr\/tibbi-hizmetler-ve-teknikler-bolumu\/wp-json\/wp\/v2\/pages"}],"about":[{"href":"https:\/\/atauni.edu.tr\/tibbi-hizmetler-ve-teknikler-bolumu\/wp-json\/wp\/v2\/types\/page"}],"author":[{"embeddable":true,"href":"https:\/\/atauni.edu.tr\/tibbi-hizmetler-ve-teknikler-bolumu\/wp-json\/wp\/v2\/users\/1"}],"replies":[{"embeddable":true,"href":"https:\/\/atauni.edu.tr\/tibbi-hizmetler-ve-teknikler-bolumu\/wp-json\/wp\/v2\/comments?post=5791"}],"version-history":[{"count":8,"href":"https:\/\/atauni.edu.tr\/tibbi-hizmetler-ve-teknikler-bolumu\/wp-json\/wp\/v2\/pages\/5791\/revisions"}],"predecessor-version":[{"id":6094,"href":"https:\/\/atauni.edu.tr\/tibbi-hizmetler-ve-teknikler-bolumu\/wp-json\/wp\/v2\/pages\/5791\/revisions\/6094"}],"wp:attachment":[{"href":"https:\/\/atauni.edu.tr\/tibbi-hizmetler-ve-teknikler-bolumu\/wp-json\/wp\/v2\/media?parent=5791"}],"curies":[{"name":"wp","href":"https:\/\/api.w.org\/{rel}","templated":true}]}}