{"id":5638,"date":"2021-07-13T09:49:25","date_gmt":"2021-07-13T06:49:25","guid":{"rendered":"https:\/\/portaltest.atauni.edu.tr\/bilgisayar-muhendisligi\/?page_id=5638"},"modified":"2022-11-16T09:49:56","modified_gmt":"2022-11-16T06:49:56","slug":"tarihce","status":"publish","type":"page","link":"https:\/\/atauni.edu.tr\/tip-egitimi-4\/?page_id=5638&lang=tr","title":{"rendered":"Tarih\u00e7e"},"content":{"rendered":"\t\t<div data-elementor-type=\"wp-page\" data-elementor-id=\"5638\" class=\"elementor elementor-5638\" data-elementor-post-type=\"page\">\n\t\t\t\t\t\t<section class=\"elementor-section elementor-top-section elementor-element elementor-element-730d320 elementor-section-boxed elementor-section-height-default elementor-section-height-default\" data-id=\"730d320\" data-element_type=\"section\">\n\t\t\t\t\t\t<div class=\"elementor-container elementor-column-gap-default\">\n\t\t\t\t\t<div class=\"elementor-column elementor-col-100 elementor-top-column elementor-element elementor-element-753d0860\" data-id=\"753d0860\" data-element_type=\"column\">\n\t\t\t<div class=\"elementor-widget-wrap\">\n\t\t\t\t\t\t\t<\/div>\n\t\t<\/div>\n\t\t\t\t\t<\/div>\n\t\t<\/section>\n\t\t\t\t<section class=\"elementor-section elementor-top-section elementor-element elementor-element-9be811a elementor-section-boxed elementor-section-height-default elementor-section-height-default\" data-id=\"9be811a\" data-element_type=\"section\">\n\t\t\t\t\t\t<div class=\"elementor-container elementor-column-gap-default\">\n\t\t\t\t\t<div class=\"elementor-column elementor-col-100 elementor-top-column elementor-element elementor-element-1ed847b7\" data-id=\"1ed847b7\" data-element_type=\"column\">\n\t\t\t<div class=\"elementor-widget-wrap elementor-element-populated\">\n\t\t\t\t\t\t<div class=\"elementor-element elementor-element-4ce0d07f elementor-widget elementor-widget-heading\" data-id=\"4ce0d07f\" data-element_type=\"widget\" data-widget_type=\"heading.default\">\n\t\t\t\t<div class=\"elementor-widget-container\">\n\t\t\t\t\t<h2 class=\"elementor-heading-title elementor-size-default\">Tarih\u00e7e<\/h2>\t\t\t\t<\/div>\n\t\t\t\t<\/div>\n\t\t\t\t<div class=\"elementor-element elementor-element-63260862 elementor-widget-divider--view-line elementor-widget elementor-widget-divider\" data-id=\"63260862\" data-element_type=\"widget\" data-widget_type=\"divider.default\">\n\t\t\t\t<div class=\"elementor-widget-container\">\n\t\t\t\t\t\t\t<div class=\"elementor-divider\">\n\t\t\t<span class=\"elementor-divider-separator\">\n\t\t\t\t\t\t<\/span>\n\t\t<\/div>\n\t\t\t\t\t\t<\/div>\n\t\t\t\t<\/div>\n\t\t\t\t\t<\/div>\n\t\t<\/div>\n\t\t\t\t\t<\/div>\n\t\t<\/section>\n\t\t\t\t<section class=\"elementor-section elementor-top-section elementor-element elementor-element-681db8b elementor-section-boxed elementor-section-height-default elementor-section-height-default\" data-id=\"681db8b\" data-element_type=\"section\">\n\t\t\t\t\t\t<div class=\"elementor-container elementor-column-gap-default\">\n\t\t\t\t\t<div class=\"elementor-column elementor-col-100 elementor-top-column elementor-element elementor-element-ad4dac5\" data-id=\"ad4dac5\" data-element_type=\"column\">\n\t\t\t<div class=\"elementor-widget-wrap elementor-element-populated\">\n\t\t\t\t\t\t<div class=\"elementor-element elementor-element-2f96b3d elementor-widget elementor-widget-text-editor\" data-id=\"2f96b3d\" data-element_type=\"widget\" data-widget_type=\"text-editor.default\">\n\t\t\t\t<div class=\"elementor-widget-container\">\n\t\t\t\t\t\t\t\t\t<p style=\"margin-bottom: 12pt\"><span style=\"font-size: 11.0pt;color: black\">T\u0131p E\u011fitimi konusunda ara\u015ft\u0131rma, inceleme yapan fak\u00fclte i\u00e7in e\u011fitim stratejileri olu\u015fturan, halen kullan\u0131lan e\u011fitim sistemini yak\u0131ndan izleyerek gerekli iyile\u015ftirmeleri izleyen Anabilim Dal\u0131m\u0131z 2001 y\u0131l\u0131nda kurulmu\u015ftur.<\/span><\/p><p style=\"margin-bottom: 12pt\"><span style=\"font-size: 11.0pt;color: black\">T\u0131p e\u011fitiminde uluslararas\u0131 geli\u015fmelerin, de\u011fi\u015fimlerin, fak\u00fcltemizin e\u011fitim ve \u00f6\u011fretim faaliyetinin anketlerle izlenmesi, sonu\u00e7lar\u0131n \u00e7\u0131kar\u0131lmas\u0131, sorunlara \u00e7\u00f6z\u00fcm \u00f6nerilerinin haz\u0131rlanmas\u0131 ve stratejiler geli\u015ftirmesinde aktif rol oynayan birimdir.<\/span><\/p><p style=\"margin-bottom: 12pt\"><span style=\"color: black;font-size: 11pt;letter-spacing: 0px\">Anabilim Dal\u0131m\u0131z T\u0131p E\u011fitimindeki \u00e7a\u011fda\u015f geli\u015fmelerin fak\u00fcltemize uyarlanmas\u0131 i\u00e7in gerekli alt yap\u0131y\u0131 planlamakta ve fak\u00fclte y\u00f6netimine e\u011fitim-\u00f6\u011fretim faaliyetleri konusunda dan\u0131\u015fmanl\u0131k yapmaktad\u0131r. T\u00fcrk\u00e7e ve \u0130ngilizce T\u0131p Programlar\u0131, D\u00f6nem 1.,2., ve 3. S\u0131n\u0131flarda Kuramsal Dersler, Mesleksel Beceri E\u011fitimleri, \u0130leti\u015fim Becerisi E\u011fitimleri ve Sim\u00fcle Hasta Uygulamalar\u0131 Anabilim Dal\u0131m\u0131z taraf\u0131ndan y\u00fcr\u00fct\u00fclmektedir.\u00a0<\/span><\/p><p style=\"margin-bottom: 12pt\"><span style=\"font-size: 11.0pt;color: black\">T\u00fcrk\u00e7e ve \u0130ngilizce T\u0131p programlar\u0131, D\u00f6nem1., 2., 3. S\u0131n\u0131flar\u0131n y\u0131l i\u00e7i Kurul, Y\u0131lsonu ve B\u00fct\u00fcnleme S\u0131navlar\u0131n\u0131n haz\u0131rlanmas\u0131, bas\u0131lmas\u0131, de\u011ferlendirilmesi Anabilim Dal\u0131m\u0131zca\u00a0 yap\u0131lmaktad\u0131r. Her s\u0131nav sonras\u0131 d\u00fczenli olarak s\u0131nava ait sorular\u0131n madde analizleri\u00a0 Anabilim Dal\u0131m\u0131zca yap\u0131lmakta, sonu\u00e7lar dekanl\u0131\u011fa sunulmaktad\u0131r.\u00a0<\/span><\/p><p style=\"margin-bottom: 12pt\"><span style=\"font-size: 11.0pt;color: black\">Ayr\u0131ca T\u0131p E\u011fitimi AD olarak e\u011fitimle ilgili kurul ve komisyonlarda (E\u011fitim Komisyonu,\u00a0 Program De\u011ferlendirme ve M\u00fcfredat Geli\u015ftirme Komisyonu, \u00d6l\u00e7me ve De\u011ferlendirme Komisyonu ve Akreditasyon \u00d6z De\u011ferlendirme Kurulu) aktif rol al\u0131nmaktad\u0131r.\u00a0<\/span><\/p><p style=\"margin-bottom: 12pt\"><span style=\"color: black;font-size: 11pt;letter-spacing: 0px\">T\u0131p E\u011fitimi AD olarak, her sene T\u0131p fak\u00fcltesine yeni ba\u015flayan D\u00f6nem 1 \u00f6\u011frencileri i\u00e7in\u00a0 Oryantasyon Program\u0131 d\u00fczenlenmektedir.\u00a0<\/span><\/p>\t\t\t\t\t\t\t\t<\/div>\n\t\t\t\t<\/div>\n\t\t\t\t\t<\/div>\n\t\t<\/div>\n\t\t\t\t\t<\/div>\n\t\t<\/section>\n\t\t\t\t<\/div>\n\t\t","protected":false},"excerpt":{"rendered":"<p>Tarih\u00e7e T\u0131p E\u011fitimi konusunda ara\u015ft\u0131rma, inceleme yapan fak\u00fclte i\u00e7in e\u011fitim stratejileri olu\u015fturan, halen kullan\u0131lan e\u011fitim sistemini yak\u0131ndan izleyerek gerekli iyile\u015ftirmeleri izleyen Anabilim Dal\u0131m\u0131z 2001 y\u0131l\u0131nda kurulmu\u015ftur. T\u0131p e\u011fitiminde uluslararas\u0131 geli\u015fmelerin, de\u011fi\u015fimlerin, fak\u00fcltemizin e\u011fitim ve \u00f6\u011fretim faaliyetinin anketlerle izlenmesi, sonu\u00e7lar\u0131n \u00e7\u0131kar\u0131lmas\u0131, sorunlara \u00e7\u00f6z\u00fcm \u00f6nerilerinin haz\u0131rlanmas\u0131 ve stratejiler geli\u015ftirmesinde aktif rol oynayan birimdir. Anabilim Dal\u0131m\u0131z T\u0131p E\u011fitimindeki [&hellip;]<\/p>\n","protected":false},"author":1,"featured_media":0,"parent":0,"menu_order":0,"comment_status":"closed","ping_status":"closed","template":"","meta":{"footnotes":""},"class_list":["post-5638","page","type-page","status-publish","hentry"],"_links":{"self":[{"href":"https:\/\/atauni.edu.tr\/tip-egitimi-4\/index.php?rest_route=\/wp\/v2\/pages\/5638","targetHints":{"allow":["GET"]}}],"collection":[{"href":"https:\/\/atauni.edu.tr\/tip-egitimi-4\/index.php?rest_route=\/wp\/v2\/pages"}],"about":[{"href":"https:\/\/atauni.edu.tr\/tip-egitimi-4\/index.php?rest_route=\/wp\/v2\/types\/page"}],"author":[{"embeddable":true,"href":"https:\/\/atauni.edu.tr\/tip-egitimi-4\/index.php?rest_route=\/wp\/v2\/users\/1"}],"replies":[{"embeddable":true,"href":"https:\/\/atauni.edu.tr\/tip-egitimi-4\/index.php?rest_route=%2Fwp%2Fv2%2Fcomments&post=5638"}],"version-history":[{"count":25,"href":"https:\/\/atauni.edu.tr\/tip-egitimi-4\/index.php?rest_route=\/wp\/v2\/pages\/5638\/revisions"}],"predecessor-version":[{"id":6214,"href":"https:\/\/atauni.edu.tr\/tip-egitimi-4\/index.php?rest_route=\/wp\/v2\/pages\/5638\/revisions\/6214"}],"wp:attachment":[{"href":"https:\/\/atauni.edu.tr\/tip-egitimi-4\/index.php?rest_route=%2Fwp%2Fv2%2Fmedia&parent=5638"}],"curies":[{"name":"wp","href":"https:\/\/api.w.org\/{rel}","templated":true}]}}