{"id":5682,"date":"2021-07-13T10:10:01","date_gmt":"2021-07-13T07:10:01","guid":{"rendered":"https:\/\/portaltest.atauni.edu.tr\/bilgisayar-muhendisligi\/?page_id=5682"},"modified":"2022-11-16T09:49:37","modified_gmt":"2022-11-16T06:49:37","slug":"misyon-vizyon-ve-temel-degerler","status":"publish","type":"page","link":"https:\/\/atauni.edu.tr\/tip-egitimi-4\/?page_id=5682&lang=tr","title":{"rendered":"Misyon, Vizyon ve Temel De\u011ferler"},"content":{"rendered":"\t\t<div data-elementor-type=\"wp-page\" data-elementor-id=\"5682\" class=\"elementor elementor-5682\" data-elementor-post-type=\"page\">\n\t\t\t\t\t\t<section class=\"elementor-section elementor-top-section elementor-element elementor-element-730d320 elementor-section-boxed elementor-section-height-default elementor-section-height-default\" data-id=\"730d320\" data-element_type=\"section\">\n\t\t\t\t\t\t<div class=\"elementor-container elementor-column-gap-default\">\n\t\t\t\t\t<div class=\"elementor-column elementor-col-100 elementor-top-column elementor-element elementor-element-753d0860\" data-id=\"753d0860\" data-element_type=\"column\">\n\t\t\t<div class=\"elementor-widget-wrap\">\n\t\t\t\t\t\t\t<\/div>\n\t\t<\/div>\n\t\t\t\t\t<\/div>\n\t\t<\/section>\n\t\t\t\t<section class=\"elementor-section elementor-top-section elementor-element elementor-element-9be811a elementor-section-boxed elementor-section-height-default elementor-section-height-default\" data-id=\"9be811a\" data-element_type=\"section\">\n\t\t\t\t\t\t<div class=\"elementor-container elementor-column-gap-default\">\n\t\t\t\t\t<div class=\"elementor-column elementor-col-100 elementor-top-column elementor-element elementor-element-1ed847b7\" data-id=\"1ed847b7\" data-element_type=\"column\">\n\t\t\t<div class=\"elementor-widget-wrap elementor-element-populated\">\n\t\t\t\t\t\t<div class=\"elementor-element elementor-element-4ce0d07f elementor-widget elementor-widget-heading\" data-id=\"4ce0d07f\" data-element_type=\"widget\" data-widget_type=\"heading.default\">\n\t\t\t\t<div class=\"elementor-widget-container\">\n\t\t\t\t\t<h2 class=\"elementor-heading-title elementor-size-default\">Misyon, Vizyon ve Temel De\u011ferler<\/h2>\t\t\t\t<\/div>\n\t\t\t\t<\/div>\n\t\t\t\t<div class=\"elementor-element elementor-element-63260862 elementor-widget-divider--view-line elementor-widget elementor-widget-divider\" data-id=\"63260862\" data-element_type=\"widget\" data-widget_type=\"divider.default\">\n\t\t\t\t<div class=\"elementor-widget-container\">\n\t\t\t\t\t\t\t<div class=\"elementor-divider\">\n\t\t\t<span class=\"elementor-divider-separator\">\n\t\t\t\t\t\t<\/span>\n\t\t<\/div>\n\t\t\t\t\t\t<\/div>\n\t\t\t\t<\/div>\n\t\t\t\t\t<\/div>\n\t\t<\/div>\n\t\t\t\t\t<\/div>\n\t\t<\/section>\n\t\t\t\t<section class=\"elementor-section elementor-top-section elementor-element elementor-element-681db8b elementor-section-boxed elementor-section-height-default elementor-section-height-default\" data-id=\"681db8b\" data-element_type=\"section\">\n\t\t\t\t\t\t<div class=\"elementor-container elementor-column-gap-default\">\n\t\t\t\t\t<div class=\"elementor-column elementor-col-100 elementor-top-column elementor-element elementor-element-ad4dac5\" data-id=\"ad4dac5\" data-element_type=\"column\">\n\t\t\t<div class=\"elementor-widget-wrap elementor-element-populated\">\n\t\t\t\t\t\t<div class=\"elementor-element elementor-element-2f96b3d elementor-widget elementor-widget-text-editor\" data-id=\"2f96b3d\" data-element_type=\"widget\" data-widget_type=\"text-editor.default\">\n\t\t\t\t<div class=\"elementor-widget-container\">\n\t\t\t\t\t\t\t\t\t<p><span style=\"font-size: 11pt;letter-spacing: 0px\">T\u0131p E\u011fitimi konusunda ara\u015ft\u0131rma, inceleme yapan fak\u00fclte i\u00e7in e\u011fitim stratejileri olu\u015fturan, halen kullan\u0131lan e\u011fitim sistemini yak\u0131ndan izleyerek gerekli iyile\u015ftirmeleri izleyen Anabilim Dal\u0131m\u0131z 2001 y\u0131l\u0131nda kurulmu\u015ftur.<\/span><br><\/p>\n<p><span style=\"font-size: 11.0pt;color: black\">&nbsp;<\/span><span style=\"color: black;font-size: 11pt;letter-spacing: 0px\">T\u0131p e\u011fitiminde uluslararas\u0131 geli\u015fmelerin, de\u011fi\u015fimlerin, fak\u00fcltemizin e\u011fitim ve \u00f6\u011fretim faaliyetinin anketlerle izlenmesi, sonu\u00e7lar\u0131n \u00e7\u0131kar\u0131lmas\u0131, sorunlara \u00e7\u00f6z\u00fcm \u00f6nerilerinin haz\u0131rlanmas\u0131 ve stratejiler geli\u015ftirmesinde aktif rol oynayan birimdir.<\/span><\/p>\n<p><span style=\"color: black;font-size: 11pt;letter-spacing: 0px\">Anabilim Dal\u0131m\u0131z T\u0131p E\u011fitimindeki \u00e7a\u011fda\u015f geli\u015fmelerin fak\u00fcltemize uyarlanmas\u0131 i\u00e7in gerekli alt yap\u0131y\u0131 planlamakta ve fak\u00fclte y\u00f6netimine e\u011fitim-\u00f6\u011fretim faaliyetleri konusunda dan\u0131\u015fmanl\u0131k yapmaktad\u0131r. Bu hizmetlerinin yan\u0131 s\u0131ra Mesleki Beceri Laboratuvarlar\u0131nda verdi\u011fi uygulamal\u0131 e\u011fitimle mezuniyet \u00f6ncesi T\u0131p E\u011fitiminin g\u00fcn\u00fcn ko\u015fullar\u0131na ve \u00fclke gereksinimine uygun olmas\u0131n\u0131 sa\u011flamaktad\u0131r. E\u011fitici e\u011fitimi kurslar\u0131yla \u00f6\u011fretim \u00fcyelerinin iyi e\u011fitici \u00f6zelliklerini geli\u015ftirmeye katk\u0131da bulunmaktad\u0131r. M\u00fcfredat\u0131n haz\u0131rlanmas\u0131nda aktif rol oynayarak e\u011fitim- \u00f6\u011fretimin entegre sisteme uygun, \u00f6\u011frenci kat\u0131l\u0131m\u0131n\u0131 destekleyici, \u00e7ekirdek e\u011fitim program\u0131yla uyumlu \u015fekilde olmas\u0131 i\u00e7in \u00e7aba harcamaktad\u0131r.<\/span><\/p>\n<p style=\"background-image: initial;background-position: initial;background-size: initial;background-attachment: initial\"><span style=\"letter-spacing: 0px;font-size: 11pt;color: black\">Anabilim Dal\u0131 Ba\u015fkanl\u0131\u011f\u0131 2020 y\u0131l\u0131ndan bu yana Dr. \u00d6\u011fr. \u00dcyesi Esra \u00c7INAR TANRIVERD\u0130 taraf\u0131ndan y\u00fcr\u00fct\u00fclmekte olup, <\/span><span style=\"letter-spacing: 0px;font-size: 11pt\">bir Dr. \u00d6\u011fr. \u00dcyesi, bir Bili\u015fim Personeli, bir Sekreter ve bir Temizlik personeli g\u00f6rev yapmaktad\u0131r.<\/span><\/p>\n<p><span style=\"color: #333399\"><b style=\"letter-spacing: 0px\"><span style=\"font-size: 11pt\">Misyonumuz<\/span><\/b><span style=\"letter-spacing: 0px;font-size: 11pt\">:&nbsp;<\/span><\/span><\/p>\n<p><span style=\"letter-spacing: 0px;font-size: 11pt;color: black\">T\u0131p e\u011fitimi ile ilgili geli\u015fmeleri izleyerek, e\u011fitim program\u0131n\u0131n geli\u015ftirilmesine katk\u0131da bulunmak, e\u011fitim programlar\u0131 geli\u015ftirmek, verilen e\u011fitimi izlemek, \u00f6l\u00e7mek ve de\u011ferlendirmek, e\u011fiticilerin e\u011fitimini sa\u011flamak, e\u011fitimde kullan\u0131lan son teknolojilerden yararlanarak t\u0131p e\u011fitimi alan\u0131nda \u00e7a\u011fda\u015f e\u011fitim vermek, \u00e7a\u011f\u0131n gereklerine uygun, \u00f6\u011frenen merkezli,&nbsp; bir t\u0131p e\u011fitimi sunulmas\u0131 yolunda katk\u0131 vermek, \u00f6\u011frencileri klinik uygulamalara haz\u0131rlamak, ara\u015ft\u0131rma yapmak, kurumsal kalite i\u015fleyi\u015fine katk\u0131da bulunmak ve b\u00f6ylelikle nitelikli hekimler yeti\u015ftirmektir.<\/span><\/p>\n<p><span style=\"color: #333399\"><span style=\"font-size: 11pt\">&nbsp;<\/span><b style=\"letter-spacing: 0px\"><span style=\"font-size: 11pt\">Vizyonumuz:<\/span><\/b><\/span><\/p>\n<p><span style=\"font-size: 11.0pt;color: black\">.&nbsp; &nbsp; &nbsp; T\u0131p E\u011fitimi alan\u0131nda ulusal ve uluslararas\u0131 toplant\u0131lar\u0131n d\u00fczenlenmesine katk\u0131 sa\u011flamak ve bu toplant\u0131lara kat\u0131lmak<br><\/span><span style=\"font-size: 11.0pt;color: black\">\u00b7&nbsp;&nbsp;&nbsp;&nbsp;&nbsp;&nbsp;T\u0131p E\u011fitimi Alan\u0131nda ulusal ve uluslararas\u0131 merkezlerle i\u015fbirli\u011fi yapmak<br><\/span><span style=\"font-size: 11.0pt;color: black\">\u00b7&nbsp;&nbsp;&nbsp;&nbsp;&nbsp;&nbsp;T\u0131p E\u011fitimi Anabilim Dal\u0131 faaliyetlerini tan\u0131tmak ve duyurmak i\u00e7in WEB sitesi kurmak ve g\u00fcncel tutmak.<br><\/span><span style=\"font-size: 11.0pt;color: black\">\u00b7&nbsp;&nbsp;&nbsp;&nbsp;&nbsp;&nbsp;T\u0131p E\u011fitimi standartlar\u0131n\u0131n belirlenmesi ve geli\u015ftirilmesi \u00e7al\u0131\u015fmalar\u0131na ulusal ve uluslararas\u0131 d\u00fczeyde katk\u0131da bulunmak<br><\/span><span style=\"font-size: 11.0pt;color: black\">\u00b7&nbsp;&nbsp;&nbsp;&nbsp;&nbsp;&nbsp;\u00d6\u011fretim \u00dcyeleri ve \u00f6\u011frencilerin e\u011fitim becerileri ile ilgili gereksinimlerini belirleyerek bu gereksinimlere y\u00f6nelik e\u011fitim programlar\u0131 geli\u015ftirmek<br><\/span><span style=\"font-size: 11.0pt;color: black\">\u00b7&nbsp;&nbsp;&nbsp;&nbsp;&nbsp;&nbsp;\u00d6\u011frenci merkezli E\u011fitimin niteli\u011fini artt\u0131rabilmek i\u00e7in geri bildirim almay\u0131 kolayla\u015ft\u0131racak teknolojik olanaklar\u0131 kullanmak<br><\/span><span style=\"font-size: 11.0pt;color: black\">\u00b7&nbsp;&nbsp;&nbsp;&nbsp;&nbsp;&nbsp;T\u0131p E\u011fitiminde e\u011fitim teknolojilerinden en \u00fcst d\u00fczeyde yararlanmak.<br><\/span><span style=\"font-size: 11.0pt;color: black\">\u00b7&nbsp;&nbsp;&nbsp;&nbsp;&nbsp;&nbsp;T\u0131p E\u011fitimi Anabilim Dallar\u0131n\u0131n Kurumsal yap\u0131 eksikliklerinin giderilmesine y\u00f6nelik gerekli hukuksal d\u00fczenlemelerin yap\u0131lmas\u0131 i\u00e7in \u00f6nerilerde bulunmak ve her d\u00fczeyde savunuculuk yapmak<br><\/span><span style=\"font-size: 11.0pt;color: black\">\u00b7&nbsp;&nbsp;&nbsp;&nbsp;&nbsp;&nbsp;T\u0131p E\u011fitimi Anabilim Dal\u0131 faaliyetlerinin en iyi \u015fekilde ger\u00e7ekle\u015ftirilmesi i\u00e7in gerekli alt&nbsp;<\/span><span style=\"font-size: 11.0pt;color: black\">yap\u0131y\u0131 kurmak.<br><\/span><span style=\"font-size: 11.0pt;color: black\">\u00b7&nbsp;&nbsp;&nbsp;&nbsp;&nbsp;&nbsp;T\u0131p E\u011fitimi alan\u0131nda y\u00fcksek lisans ve doktora programlar\u0131 y\u00fcr\u00fctmek<br><\/span><span style=\"font-size: 11.0pt;color: black\">\u00b7&nbsp;&nbsp;&nbsp;&nbsp;&nbsp;&nbsp;T\u0131p E\u011fitimi alan\u0131nda ulusal ve uluslararas\u0131 projeler haz\u0131rlamak.<br><\/span><span style=\"font-size: 11pt;color: black;background-image: initial;background-position: initial;background-size: initial;background-attachment: initial\">\u00b7&nbsp;&nbsp;&nbsp;&nbsp;&nbsp; T\u0131p E\u011fitimi alan\u0131nda uzaktan e\u011fitim programlar\u0131 yapmak.&nbsp;&nbsp;<\/span><\/p>\t\t\t\t\t\t\t\t<\/div>\n\t\t\t\t<\/div>\n\t\t\t\t\t<\/div>\n\t\t<\/div>\n\t\t\t\t\t<\/div>\n\t\t<\/section>\n\t\t\t\t<\/div>\n\t\t","protected":false},"excerpt":{"rendered":"<p>Misyon, Vizyon ve Temel De\u011ferler T\u0131p E\u011fitimi konusunda ara\u015ft\u0131rma, inceleme yapan fak\u00fclte i\u00e7in e\u011fitim stratejileri olu\u015fturan, halen kullan\u0131lan e\u011fitim sistemini yak\u0131ndan izleyerek gerekli iyile\u015ftirmeleri izleyen Anabilim Dal\u0131m\u0131z 2001 y\u0131l\u0131nda kurulmu\u015ftur. &nbsp;T\u0131p e\u011fitiminde uluslararas\u0131 geli\u015fmelerin, de\u011fi\u015fimlerin, fak\u00fcltemizin e\u011fitim ve \u00f6\u011fretim faaliyetinin anketlerle izlenmesi, sonu\u00e7lar\u0131n \u00e7\u0131kar\u0131lmas\u0131, sorunlara \u00e7\u00f6z\u00fcm \u00f6nerilerinin haz\u0131rlanmas\u0131 ve stratejiler geli\u015ftirmesinde aktif rol oynayan birimdir. [&hellip;]<\/p>\n","protected":false},"author":1,"featured_media":0,"parent":0,"menu_order":0,"comment_status":"closed","ping_status":"closed","template":"elementor_header_footer","meta":{"footnotes":""},"class_list":["post-5682","page","type-page","status-publish","hentry"],"_links":{"self":[{"href":"https:\/\/atauni.edu.tr\/tip-egitimi-4\/index.php?rest_route=\/wp\/v2\/pages\/5682","targetHints":{"allow":["GET"]}}],"collection":[{"href":"https:\/\/atauni.edu.tr\/tip-egitimi-4\/index.php?rest_route=\/wp\/v2\/pages"}],"about":[{"href":"https:\/\/atauni.edu.tr\/tip-egitimi-4\/index.php?rest_route=\/wp\/v2\/types\/page"}],"author":[{"embeddable":true,"href":"https:\/\/atauni.edu.tr\/tip-egitimi-4\/index.php?rest_route=\/wp\/v2\/users\/1"}],"replies":[{"embeddable":true,"href":"https:\/\/atauni.edu.tr\/tip-egitimi-4\/index.php?rest_route=%2Fwp%2Fv2%2Fcomments&post=5682"}],"version-history":[{"count":14,"href":"https:\/\/atauni.edu.tr\/tip-egitimi-4\/index.php?rest_route=\/wp\/v2\/pages\/5682\/revisions"}],"predecessor-version":[{"id":6263,"href":"https:\/\/atauni.edu.tr\/tip-egitimi-4\/index.php?rest_route=\/wp\/v2\/pages\/5682\/revisions\/6263"}],"wp:attachment":[{"href":"https:\/\/atauni.edu.tr\/tip-egitimi-4\/index.php?rest_route=%2Fwp%2Fv2%2Fmedia&parent=5682"}],"curies":[{"name":"wp","href":"https:\/\/api.w.org\/{rel}","templated":true}]}}