{"id":5719,"date":"2021-07-13T10:45:18","date_gmt":"2021-07-13T07:45:18","guid":{"rendered":"https:\/\/portaltest.atauni.edu.tr\/bilgisayar-muhendisligi\/?page_id=5719"},"modified":"2022-11-16T09:49:31","modified_gmt":"2022-11-16T06:49:31","slug":"iletisim","status":"publish","type":"page","link":"https:\/\/atauni.edu.tr\/tip-egitimi-4\/?page_id=5719&lang=tr","title":{"rendered":"\u0130leti\u015fim"},"content":{"rendered":"\t\t<div data-elementor-type=\"wp-page\" data-elementor-id=\"5719\" class=\"elementor elementor-5719\" data-elementor-post-type=\"page\">\n\t\t\t\t\t\t<section class=\"elementor-section elementor-top-section elementor-element elementor-element-3702e049 elementor-section-boxed elementor-section-height-default elementor-section-height-default\" data-id=\"3702e049\" data-element_type=\"section\">\n\t\t\t\t\t\t<div class=\"elementor-container elementor-column-gap-default\">\n\t\t\t\t\t<div class=\"elementor-column elementor-col-100 elementor-top-column elementor-element elementor-element-9e6a0d0\" data-id=\"9e6a0d0\" data-element_type=\"column\">\n\t\t\t<div class=\"elementor-widget-wrap elementor-element-populated\">\n\t\t\t\t\t\t<section class=\"elementor-section elementor-inner-section elementor-element elementor-element-1991a46 elementor-section-boxed elementor-section-height-default elementor-section-height-default\" data-id=\"1991a46\" data-element_type=\"section\">\n\t\t\t\t\t\t<div class=\"elementor-container elementor-column-gap-default\">\n\t\t\t\t\t<div class=\"elementor-column elementor-col-100 elementor-inner-column elementor-element elementor-element-19c8f5b0\" data-id=\"19c8f5b0\" data-element_type=\"column\">\n\t\t\t<div class=\"elementor-widget-wrap elementor-element-populated\">\n\t\t\t\t\t\t<div class=\"elementor-element elementor-element-478796c5 elementor-widget elementor-widget-heading\" data-id=\"478796c5\" data-element_type=\"widget\" data-widget_type=\"heading.default\">\n\t\t\t\t<div class=\"elementor-widget-container\">\n\t\t\t\t\t<h2 class=\"elementor-heading-title elementor-size-default\">\u0130LET\u0130\u015e\u0130M<\/h2>\t\t\t\t<\/div>\n\t\t\t\t<\/div>\n\t\t\t\t<div class=\"elementor-element elementor-element-7033852b elementor-widget-divider--view-line elementor-widget elementor-widget-divider\" data-id=\"7033852b\" data-element_type=\"widget\" data-widget_type=\"divider.default\">\n\t\t\t\t<div class=\"elementor-widget-container\">\n\t\t\t\t\t\t\t<div class=\"elementor-divider\">\n\t\t\t<span class=\"elementor-divider-separator\">\n\t\t\t\t\t\t<\/span>\n\t\t<\/div>\n\t\t\t\t\t\t<\/div>\n\t\t\t\t<\/div>\n\t\t\t\t<div class=\"elementor-element elementor-element-4772dcd5 elementor-widget elementor-widget-text-editor\" data-id=\"4772dcd5\" data-element_type=\"widget\" data-widget_type=\"text-editor.default\">\n\t\t\t\t<div class=\"elementor-widget-container\">\n\t\t\t\t\t\t\t\t\t<div class=\"bilgiler\">\n<div class=\"bilgiler\">\n<div class=\"bilgiler\"><strong>Adres: <\/strong>Atat\u00fcrk \u00dcniversitesi T\u0131p Fak\u00fcltesi Morfoloji Binas\u0131 A Blok 25240 Erzurum<\/div>\n<div class=\"bilgiler\"><strong>E-Posta: <a href=\"mailto:%20tipfak@atauni.edu.tr\">&nbsp;tipfak@atauni.edu.tr<\/a><\/strong><\/div>\n<div class=\"bilgiler\"><strong>Telefon: <a href=\"tel:904423446666\">+90 442 344&nbsp;6666&nbsp;(Hastane Santral)<\/a><\/strong><\/div>\n<div class=\"bilgiler\"><strong>Telefon: <a href=\"tel:904423446510\">+90 442 344&nbsp;6510&nbsp;(\u00d6\u011frenci \u0130\u015fleri)<\/a><\/strong><\/div>\n<div class=\"bilgiler\"><strong>Telefon: <a href=\"tel:904423446501\">+90 442 344&nbsp;6501&nbsp;(Dekanl\u0131k \u00d6zel Kalem)<\/a><\/strong><\/div>\n<div class=\"bilgiler\"><strong>Faks: <a href=\"https:\/\/atauni.edu.tr\/tr\/iletisim\/tip-egitimi-4#\">+90 442 344&nbsp;6528<\/a><\/strong><\/div>\n<\/div>\n<\/div>\t\t\t\t\t\t\t\t<\/div>\n\t\t\t\t<\/div>\n\t\t\t\t\t<\/div>\n\t\t<\/div>\n\t\t\t\t\t<\/div>\n\t\t<\/section>\n\t\t\t\t<div class=\"elementor-element elementor-element-ddb1d6a elementor-widget elementor-widget-google_maps\" data-id=\"ddb1d6a\" data-element_type=\"widget\" data-widget_type=\"google_maps.default\">\n\t\t\t\t<div class=\"elementor-widget-container\">\n\t\t\t\t\t\t\t<div class=\"elementor-custom-embed\">\n\t\t\t<iframe loading=\"lazy\"\n\t\t\t\t\tsrc=\"https:\/\/maps.google.com\/maps?q=Atat%C3%BCrk%20%C3%9Cniversitesi%20Morfoloji&#038;t=m&#038;z=10&#038;output=embed&#038;iwloc=near\"\n\t\t\t\t\ttitle=\"Atat\u00fcrk \u00dcniversitesi Morfoloji\"\n\t\t\t\t\taria-label=\"Atat\u00fcrk \u00dcniversitesi Morfoloji\"\n\t\t\t><\/iframe>\n\t\t<\/div>\n\t\t\t\t\t\t<\/div>\n\t\t\t\t<\/div>\n\t\t\t\t<div class=\"elementor-element elementor-element-1fc3e584 elementor-widget elementor-widget-spacer\" data-id=\"1fc3e584\" data-element_type=\"widget\" data-widget_type=\"spacer.default\">\n\t\t\t\t<div class=\"elementor-widget-container\">\n\t\t\t\t\t\t\t<div class=\"elementor-spacer\">\n\t\t\t<div class=\"elementor-spacer-inner\"><\/div>\n\t\t<\/div>\n\t\t\t\t\t\t<\/div>\n\t\t\t\t<\/div>\n\t\t\t\t\t<\/div>\n\t\t<\/div>\n\t\t\t\t\t<\/div>\n\t\t<\/section>\n\t\t\t\t<\/div>\n\t\t","protected":false},"excerpt":{"rendered":"<p>\u0130LET\u0130\u015e\u0130M Adres: Atat\u00fcrk \u00dcniversitesi T\u0131p Fak\u00fcltesi Morfoloji Binas\u0131 A Blok 25240 Erzurum E-Posta: &nbsp;tipfak@atauni.edu.tr Telefon: +90 442 344&nbsp;6666&nbsp;(Hastane Santral) Telefon: +90 442 344&nbsp;6510&nbsp;(\u00d6\u011frenci \u0130\u015fleri) Telefon: +90 442 344&nbsp;6501&nbsp;(Dekanl\u0131k \u00d6zel Kalem) Faks: +90 442 344&nbsp;6528<\/p>\n","protected":false},"author":1,"featured_media":0,"parent":0,"menu_order":0,"comment_status":"closed","ping_status":"closed","template":"elementor_header_footer","meta":{"footnotes":""},"class_list":["post-5719","page","type-page","status-publish","hentry"],"_links":{"self":[{"href":"https:\/\/atauni.edu.tr\/tip-egitimi-4\/index.php?rest_route=\/wp\/v2\/pages\/5719","targetHints":{"allow":["GET"]}}],"collection":[{"href":"https:\/\/atauni.edu.tr\/tip-egitimi-4\/index.php?rest_route=\/wp\/v2\/pages"}],"about":[{"href":"https:\/\/atauni.edu.tr\/tip-egitimi-4\/index.php?rest_route=\/wp\/v2\/types\/page"}],"author":[{"embeddable":true,"href":"https:\/\/atauni.edu.tr\/tip-egitimi-4\/index.php?rest_route=\/wp\/v2\/users\/1"}],"replies":[{"embeddable":true,"href":"https:\/\/atauni.edu.tr\/tip-egitimi-4\/index.php?rest_route=%2Fwp%2Fv2%2Fcomments&post=5719"}],"version-history":[{"count":33,"href":"https:\/\/atauni.edu.tr\/tip-egitimi-4\/index.php?rest_route=\/wp\/v2\/pages\/5719\/revisions"}],"predecessor-version":[{"id":6260,"href":"https:\/\/atauni.edu.tr\/tip-egitimi-4\/index.php?rest_route=\/wp\/v2\/pages\/5719\/revisions\/6260"}],"wp:attachment":[{"href":"https:\/\/atauni.edu.tr\/tip-egitimi-4\/index.php?rest_route=%2Fwp%2Fv2%2Fmedia&parent=5719"}],"curies":[{"name":"wp","href":"https:\/\/api.w.org\/{rel}","templated":true}]}}