{"id":6221,"date":"2022-11-03T12:45:20","date_gmt":"2022-11-03T09:45:20","guid":{"rendered":"https:\/\/birimler.atauni.edu.tr\/tip-egitimi-4\/?page_id=6221"},"modified":"2025-09-29T09:27:06","modified_gmt":"2025-09-29T06:27:06","slug":"egitim-ogretim","status":"publish","type":"page","link":"https:\/\/atauni.edu.tr\/tip-egitimi-4\/?page_id=6221&lang=tr","title":{"rendered":"E\u011fitim-\u00d6\u011fretim"},"content":{"rendered":"\t\t<div data-elementor-type=\"wp-page\" data-elementor-id=\"6221\" class=\"elementor elementor-6221\" data-elementor-post-type=\"page\">\n\t\t\t\t\t\t<section class=\"elementor-section elementor-top-section elementor-element elementor-element-b9f8225 elementor-section-boxed elementor-section-height-default elementor-section-height-default\" data-id=\"b9f8225\" data-element_type=\"section\">\n\t\t\t\t\t\t<div class=\"elementor-container elementor-column-gap-default\">\n\t\t\t\t\t<div class=\"elementor-column elementor-col-100 elementor-top-column elementor-element elementor-element-435c0b4\" data-id=\"435c0b4\" data-element_type=\"column\">\n\t\t\t<div class=\"elementor-widget-wrap elementor-element-populated\">\n\t\t\t\t\t\t<div class=\"elementor-element elementor-element-6ace9db elementor-widget__width-initial elementor-widget elementor-widget-button\" data-id=\"6ace9db\" data-element_type=\"widget\" data-widget_type=\"button.default\">\n\t\t\t\t<div class=\"elementor-widget-container\">\n\t\t\t\t\t\t\t\t\t<div class=\"elementor-button-wrapper\">\n\t\t\t\t\t<a class=\"elementor-button elementor-button-link elementor-size-sm\" href=\"https:\/\/birimler.atauni.edu.tr\/tip-fakultesi\/2025-2026-tip-fakultesi-ders-programlari-2\/\">\n\t\t\t\t\t\t<span class=\"elementor-button-content-wrapper\">\n\t\t\t\t\t\t\t\t\t<span class=\"elementor-button-text\">2025-2026 T\u0131p Fak\u00fcltesi Ders Programlar\u0131<\/span>\n\t\t\t\t\t<\/span>\n\t\t\t\t\t<\/a>\n\t\t\t\t<\/div>\n\t\t\t\t\t\t\t\t<\/div>\n\t\t\t\t<\/div>\n\t\t\t\t\t<\/div>\n\t\t<\/div>\n\t\t\t\t\t<\/div>\n\t\t<\/section>\n\t\t\t\t<section class=\"elementor-section elementor-top-section elementor-element elementor-element-5661adb elementor-section-boxed elementor-section-height-default elementor-section-height-default\" data-id=\"5661adb\" data-element_type=\"section\">\n\t\t\t\t\t\t<div class=\"elementor-container elementor-column-gap-default\">\n\t\t\t\t\t<div class=\"elementor-column elementor-col-100 elementor-top-column elementor-element elementor-element-9ff40c5\" data-id=\"9ff40c5\" data-element_type=\"column\">\n\t\t\t<div class=\"elementor-widget-wrap elementor-element-populated\">\n\t\t\t\t\t\t<div class=\"elementor-element elementor-element-aef28ac elementor-widget__width-initial elementor-widget elementor-widget-button\" data-id=\"aef28ac\" data-element_type=\"widget\" data-widget_type=\"button.default\">\n\t\t\t\t<div class=\"elementor-widget-container\">\n\t\t\t\t\t\t\t\t\t<div class=\"elementor-button-wrapper\">\n\t\t\t\t\t<a class=\"elementor-button elementor-button-link elementor-size-sm\" href=\"https:\/\/birimler.atauni.edu.tr\/tip-egitimi-4\/?page_id=7464&#038;lang=tr\">\n\t\t\t\t\t\t<span class=\"elementor-button-content-wrapper\">\n\t\t\t\t\t\t\t\t\t<span class=\"elementor-button-text\">Mesleksel Beceri E\u011fitimleri<\/span>\n\t\t\t\t\t<\/span>\n\t\t\t\t\t<\/a>\n\t\t\t\t<\/div>\n\t\t\t\t\t\t\t\t<\/div>\n\t\t\t\t<\/div>\n\t\t\t\t\t<\/div>\n\t\t<\/div>\n\t\t\t\t\t<\/div>\n\t\t<\/section>\n\t\t\t\t<section class=\"elementor-section elementor-top-section elementor-element elementor-element-4c2851c elementor-section-boxed elementor-section-height-default elementor-section-height-default\" data-id=\"4c2851c\" data-element_type=\"section\">\n\t\t\t\t\t\t<div class=\"elementor-container elementor-column-gap-default\">\n\t\t\t\t\t<div class=\"elementor-column elementor-col-100 elementor-top-column elementor-element elementor-element-89796cc\" data-id=\"89796cc\" data-element_type=\"column\">\n\t\t\t<div class=\"elementor-widget-wrap elementor-element-populated\">\n\t\t\t\t\t\t<div class=\"elementor-element elementor-element-7337676 elementor-widget__width-initial elementor-widget elementor-widget-button\" data-id=\"7337676\" data-element_type=\"widget\" data-widget_type=\"button.default\">\n\t\t\t\t<div class=\"elementor-widget-container\">\n\t\t\t\t\t\t\t\t\t<div class=\"elementor-button-wrapper\">\n\t\t\t\t\t<a class=\"elementor-button elementor-button-link elementor-size-sm\" href=\"https:\/\/birimler.atauni.edu.tr\/tip-egitimi-4\/?page_id=7469&#038;lang=tr\">\n\t\t\t\t\t\t<span class=\"elementor-button-content-wrapper\">\n\t\t\t\t\t\t\t\t\t<span class=\"elementor-button-text\">\u0130leti\u015fim Becerileri E\u011fitimi<\/span>\n\t\t\t\t\t<\/span>\n\t\t\t\t\t<\/a>\n\t\t\t\t<\/div>\n\t\t\t\t\t\t\t\t<\/div>\n\t\t\t\t<\/div>\n\t\t\t\t\t<\/div>\n\t\t<\/div>\n\t\t\t\t\t<\/div>\n\t\t<\/section>\n\t\t\t\t<section class=\"elementor-section elementor-top-section elementor-element elementor-element-29697f2 elementor-section-boxed elementor-section-height-default elementor-section-height-default\" data-id=\"29697f2\" data-element_type=\"section\">\n\t\t\t\t\t\t<div class=\"elementor-container elementor-column-gap-default\">\n\t\t\t\t\t<div class=\"elementor-column elementor-col-100 elementor-top-column elementor-element elementor-element-5847f32\" data-id=\"5847f32\" data-element_type=\"column\">\n\t\t\t<div class=\"elementor-widget-wrap elementor-element-populated\">\n\t\t\t\t\t\t<div class=\"elementor-element elementor-element-77f6580 elementor-widget__width-initial elementor-widget elementor-widget-button\" data-id=\"77f6580\" data-element_type=\"widget\" data-widget_type=\"button.default\">\n\t\t\t\t<div class=\"elementor-widget-container\">\n\t\t\t\t\t\t\t\t\t<div class=\"elementor-button-wrapper\">\n\t\t\t\t\t<a class=\"elementor-button elementor-button-link elementor-size-sm\" href=\"https:\/\/birimler.atauni.edu.tr\/tip-egitimi-4\/?page_id=7930&#038;lang=tr\">\n\t\t\t\t\t\t<span class=\"elementor-button-content-wrapper\">\n\t\t\t\t\t\t\t\t\t<span class=\"elementor-button-text\">Ters Y\u00fcz E\u011fitim Materyalleri<\/span>\n\t\t\t\t\t<\/span>\n\t\t\t\t\t<\/a>\n\t\t\t\t<\/div>\n\t\t\t\t\t\t\t\t<\/div>\n\t\t\t\t<\/div>\n\t\t\t\t\t<\/div>\n\t\t<\/div>\n\t\t\t\t\t<\/div>\n\t\t<\/section>\n\t\t\t\t<\/div>\n\t\t","protected":false},"excerpt":{"rendered":"<p>2025-2026 T\u0131p Fak\u00fcltesi Ders Programlar\u0131 Mesleksel Beceri E\u011fitimleri \u0130leti\u015fim Becerileri E\u011fitimi Ters Y\u00fcz E\u011fitim Materyalleri<\/p>\n","protected":false},"author":365,"featured_media":0,"parent":0,"menu_order":0,"comment_status":"closed","ping_status":"closed","template":"","meta":{"footnotes":""},"class_list":["post-6221","page","type-page","status-publish","hentry"],"_links":{"self":[{"href":"https:\/\/atauni.edu.tr\/tip-egitimi-4\/index.php?rest_route=\/wp\/v2\/pages\/6221","targetHints":{"allow":["GET"]}}],"collection":[{"href":"https:\/\/atauni.edu.tr\/tip-egitimi-4\/index.php?rest_route=\/wp\/v2\/pages"}],"about":[{"href":"https:\/\/atauni.edu.tr\/tip-egitimi-4\/index.php?rest_route=\/wp\/v2\/types\/page"}],"author":[{"embeddable":true,"href":"https:\/\/atauni.edu.tr\/tip-egitimi-4\/index.php?rest_route=\/wp\/v2\/users\/365"}],"replies":[{"embeddable":true,"href":"https:\/\/atauni.edu.tr\/tip-egitimi-4\/index.php?rest_route=%2Fwp%2Fv2%2Fcomments&post=6221"}],"version-history":[{"count":16,"href":"https:\/\/atauni.edu.tr\/tip-egitimi-4\/index.php?rest_route=\/wp\/v2\/pages\/6221\/revisions"}],"predecessor-version":[{"id":7947,"href":"https:\/\/atauni.edu.tr\/tip-egitimi-4\/index.php?rest_route=\/wp\/v2\/pages\/6221\/revisions\/7947"}],"wp:attachment":[{"href":"https:\/\/atauni.edu.tr\/tip-egitimi-4\/index.php?rest_route=%2Fwp%2Fv2%2Fmedia&parent=6221"}],"curies":[{"name":"wp","href":"https:\/\/api.w.org\/{rel}","templated":true}]}}