{"id":6249,"date":"2022-11-03T15:53:35","date_gmt":"2022-11-03T12:53:35","guid":{"rendered":"https:\/\/birimler.atauni.edu.tr\/tip-egitimi-4\/?page_id=6249"},"modified":"2022-11-16T09:48:36","modified_gmt":"2022-11-16T06:48:36","slug":"2022-2023-ders-programlari","status":"publish","type":"page","link":"https:\/\/atauni.edu.tr\/tip-egitimi-4\/?page_id=6249&lang=tr","title":{"rendered":"2022-2023 DERS PROGRAMLARI"},"content":{"rendered":"\t\t<div data-elementor-type=\"wp-page\" data-elementor-id=\"6249\" class=\"elementor elementor-6249\" data-elementor-post-type=\"page\">\n\t\t\t\t\t\t<section class=\"elementor-section elementor-top-section elementor-element elementor-element-69e8d18 elementor-section-boxed elementor-section-height-default elementor-section-height-default\" data-id=\"69e8d18\" data-element_type=\"section\">\n\t\t\t\t\t\t<div class=\"elementor-container elementor-column-gap-default\">\n\t\t\t\t\t<div class=\"elementor-column elementor-col-100 elementor-top-column elementor-element elementor-element-bef4c40\" data-id=\"bef4c40\" data-element_type=\"column\">\n\t\t\t<div class=\"elementor-widget-wrap elementor-element-populated\">\n\t\t\t\t\t\t<div class=\"elementor-element elementor-element-a30dd6e elementor-widget elementor-widget-text-editor\" data-id=\"a30dd6e\" data-element_type=\"widget\" data-widget_type=\"text-editor.default\">\n\t\t\t\t<div class=\"elementor-widget-container\">\n\t\t\t\t\t\t\t\t\t<p style=\"margin-bottom: 12pt\"><span style=\"font-size: 11.0pt;color: black\">T\u0131p E\u011fitimi konusunda ara\u015ft\u0131rma, inceleme yapan fak\u00fclte i\u00e7in e\u011fitim stratejileri olu\u015fturan, halen kullan\u0131lan e\u011fitim sistemini yak\u0131ndan izleyerek gerekli iyile\u015ftirmeleri izleyen Anabilim Dal\u0131m\u0131z 2001 y\u0131l\u0131nda kurulmu\u015ftur.<\/span><\/p><p style=\"margin-bottom: 12pt\"><span style=\"font-size: 11.0pt;color: black\">\u00a0T\u0131p e\u011fitiminde uluslararas\u0131 geli\u015fmelerin, de\u011fi\u015fimlerin, fak\u00fcltemizin e\u011fitim ve \u00f6\u011fretim faaliyetinin anketlerle izlenmesi, sonu\u00e7lar\u0131n \u00e7\u0131kar\u0131lmas\u0131, sorunlara \u00e7\u00f6z\u00fcm \u00f6nerilerinin haz\u0131rlanmas\u0131 ve stratejiler geli\u015ftirmesinde aktif rol oynayan birimdir.<\/span><\/p><p style=\"margin-bottom: 12pt\"><span style=\"font-size: 11.0pt;color: black\">\u00a0<\/span><span style=\"color: black;font-size: 11pt;letter-spacing: 0px\">Anabilim Dal\u0131m\u0131z T\u0131p E\u011fitimindeki \u00e7a\u011fda\u015f geli\u015fmelerin fak\u00fcltemize uyarlanmas\u0131 i\u00e7in gerekli alt yap\u0131y\u0131 planlamakta ve fak\u00fclte y\u00f6netimine e\u011fitim-\u00f6\u011fretim faaliyetleri konusunda dan\u0131\u015fmanl\u0131k yapmaktad\u0131r. T\u00fcrk\u00e7e ve \u0130ngilizce T\u0131p Programlar\u0131, D\u00f6nem 1.2. ve 3. S\u0131n\u0131flarda Kuramsal dersler, Mesleksel Beceri E\u011fitimleri, \u0130leti\u015fim Becerisi E\u011fitimleri ve Sim\u00fcle Hasta Uygulamalar\u0131 anabilim dal\u0131m\u0131z taraf\u0131ndan y\u00fcr\u00fct\u00fclmektedir.<\/span><\/p><p style=\"margin-bottom: 12pt\"><span style=\"font-size: 11.0pt;color: black\">T\u00fcrk\u00e7e ve \u0130ngilizce T\u0131p programlar\u0131, D\u00f6nem 1.,2.,3., S\u0131n\u0131flar\u0131n y\u0131l i\u00e7i Kurul, Y\u0131lsonu ve B\u00fct\u00fcnleme s\u0131navlar\u0131n\u0131n haz\u0131rlanmas\u0131, bas\u0131lmas\u0131, de\u011ferlendirilmesi Anabilim Dal\u0131m\u0131zca yap\u0131lmaktad\u0131r. Her s\u0131nav sonras\u0131 d\u00fczenli olarak s\u0131nava ait sorular\u0131n madde analizleri Anabilim Dal\u0131m\u0131zca yap\u0131lmakta, sonu\u00e7lar\u0131 dekanl\u0131\u011fa sunulmaktad\u0131r.<\/span><\/p><p style=\"margin-bottom: 12pt\"><span style=\"font-size: 11.0pt;color: black\">Ayr\u0131ca T\u0131p E\u011fitimi AD olarak e\u011fitimle ilgili kurul ve komisyonlarda (E\u011fitim Komisyonu, Program De\u011ferlendirme ve M\u00fcfredat Geli\u015ftirme Komisyonu, \u00d6l\u00e7me ve De\u011ferlendirme Komisyonu ve Akreditasyon \u00d6z De\u011ferlendirme Kurulu) aktif rol al\u0131nmaktad\u0131r.<\/span><\/p><p><span style=\"font-size: 11.0pt;font-family: 'Calibri',sans-serif;color: black\">T\u0131p e\u011fitimi AD olarak, her sene T\u0131p fak\u00fcltesine yeni ba\u015flayan D\u00f6nem 1 \u00f6\u011frencileri i\u00e7in oryantasyon program\u0131 d\u00fczenlemektedir.\u00a0<\/span><\/p>\t\t\t\t\t\t\t\t<\/div>\n\t\t\t\t<\/div>\n\t\t\t\t\t<\/div>\n\t\t<\/div>\n\t\t\t\t\t<\/div>\n\t\t<\/section>\n\t\t\t\t<section class=\"elementor-section elementor-top-section elementor-element elementor-element-e5ad685 elementor-section-boxed elementor-section-height-default elementor-section-height-default\" data-id=\"e5ad685\" data-element_type=\"section\">\n\t\t\t\t\t\t<div class=\"elementor-container elementor-column-gap-default\">\n\t\t\t\t\t<div class=\"elementor-column elementor-col-100 elementor-top-column elementor-element elementor-element-6d24d8f\" data-id=\"6d24d8f\" data-element_type=\"column\">\n\t\t\t<div class=\"elementor-widget-wrap elementor-element-populated\">\n\t\t\t\t\t\t<div class=\"elementor-element elementor-element-c581a69 elementor-widget elementor-widget-text-editor\" data-id=\"c581a69\" data-element_type=\"widget\" data-widget_type=\"text-editor.default\">\n\t\t\t\t<div class=\"elementor-widget-container\">\n\t\t\t\t\t\t\t\t\t<table width=\"743\"><tbody><tr><td width=\"551\"><span style=\"color: #993366\"><strong>2022-2023 T\u00fcrk\u00e7e T\u0131p Ders Programlar\u0131<\/strong><\/span><\/td><td width=\"192\"><span style=\"color: #993366\"><strong>G\u00fcncelleme Tarihi<\/strong><\/span><\/td><\/tr><tr><td><span style=\"color: #000000\"><a style=\"color: #000000\" href=\"https:\/\/birimler.atauni.edu.tr\/tip-fakultesi\/wp-content\/uploads\/sites\/73\/2020\/07\/2022-2023-Turkce-ve-Ingilizce-Tip-1-2-3.Sinif-Ders-Programi-21-09-2022.xlsx\">2022-2023 T\u00fcrk\u00e7e T\u0131p 1-2-3 S\u0131n\u0131f Ders Program\u0131<\/a>\u00a0(excel)<\/span><\/td><td><span style=\"color: #000000\">21.Eyl.22<\/span><\/td><\/tr><tr><td><span style=\"color: #000000\"><a style=\"color: #000000\" href=\"https:\/\/birimler.atauni.edu.tr\/tip-fakultesi\/wp-content\/uploads\/sites\/73\/2020\/07\/2022-2023-Turkce-Tip-1-2-3-4-5-6-Sinif-Ders-Programi-21-09-2022.docx\">2022-2023 T\u00fcrk\u00e7e T\u0131p 1-2-3-4-5-6 S\u0131n\u0131f Ders Program\u0131<\/a>\u00a0(word)<\/span><\/td><td><span style=\"color: #000000\">21.Eyl.22<\/span><\/td><\/tr><tr><td><span style=\"color: #000000\"><a style=\"color: #000000\" href=\"https:\/\/birimler.atauni.edu.tr\/tip-fakultesi\/wp-content\/uploads\/sites\/73\/2020\/07\/2022-2023_Donem_IV-V_Staj_Rehberi-Turkce-12-09-2022.docx\">2022-2023_D\u00f6nem_IV-V_Staj_Rehberi\u00a0<\/a>(word)<\/span><\/td><td><span style=\"color: #000000\">12.Eyl.22<\/span><\/td><\/tr><tr><td><span style=\"color: #993366\"><strong>2022-2023 Faculty of Medicine Curriculum Programs<\/strong><\/span><\/td><td><span style=\"color: #993366\"><strong>Updated Date<\/strong><\/span><\/td><\/tr><tr><td><span style=\"color: #000000\"><a style=\"color: #000000\" href=\"https:\/\/birimler.atauni.edu.tr\/tip-fakultesi\/wp-content\/uploads\/sites\/73\/2020\/07\/2022-2023-Turkce-ve-Ingilizce-Tip-1-2-3.Sinif-Ders-Programi-21-09-2022.xlsx\">2022-2023 Turkish and English Medicine 1-2-3 Class Curriculum<\/a>\u00a0(excel)<\/span><\/td><td><span style=\"color: #000000\">21 Sep 2022<\/span><\/td><\/tr><tr><td><span style=\"color: #000000\"><a style=\"color: #000000\" href=\"https:\/\/birimler.atauni.edu.tr\/tip-fakultesi\/wp-content\/uploads\/sites\/73\/2020\/07\/2022-2023-English-Medicine-1-2-3-4-5-6-Class-Schedule-21-09-2022.docx\">2022-2023 English Medicine 1-2-3-4-5-6 Class Schedule<\/a>\u00a0(word)<\/span><\/td><td><span style=\"color: #000000\">21 Sep 2022<\/span><\/td><\/tr><tr><td><span style=\"color: #000000\"><a style=\"color: #000000\" href=\"https:\/\/birimler.atauni.edu.tr\/tip-fakultesi\/wp-content\/uploads\/sites\/73\/2020\/07\/2022-2023-Session-IV-V-Clearkship-Guidebook-12-09-2022.docx\">2022-2023 Session IV-V Clearkship Guidebook<\/a>\u00a0(word)<\/span><\/td><td><span style=\"color: #000000\">21 Sep 2022<\/span><\/td><\/tr><\/tbody><\/table>\t\t\t\t\t\t\t\t<\/div>\n\t\t\t\t<\/div>\n\t\t\t\t\t<\/div>\n\t\t<\/div>\n\t\t\t\t\t<\/div>\n\t\t<\/section>\n\t\t\t\t<\/div>\n\t\t","protected":false},"excerpt":{"rendered":"<p>T\u0131p E\u011fitimi konusunda ara\u015ft\u0131rma, inceleme yapan fak\u00fclte i\u00e7in e\u011fitim stratejileri olu\u015fturan, halen kullan\u0131lan e\u011fitim sistemini yak\u0131ndan izleyerek gerekli iyile\u015ftirmeleri izleyen Anabilim Dal\u0131m\u0131z 2001 y\u0131l\u0131nda kurulmu\u015ftur. \u00a0T\u0131p e\u011fitiminde uluslararas\u0131 geli\u015fmelerin, de\u011fi\u015fimlerin, fak\u00fcltemizin e\u011fitim ve \u00f6\u011fretim faaliyetinin anketlerle izlenmesi, sonu\u00e7lar\u0131n \u00e7\u0131kar\u0131lmas\u0131, sorunlara \u00e7\u00f6z\u00fcm \u00f6nerilerinin haz\u0131rlanmas\u0131 ve stratejiler geli\u015ftirmesinde aktif rol oynayan birimdir. \u00a0Anabilim Dal\u0131m\u0131z T\u0131p E\u011fitimindeki \u00e7a\u011fda\u015f [&hellip;]<\/p>\n","protected":false},"author":365,"featured_media":0,"parent":0,"menu_order":0,"comment_status":"closed","ping_status":"closed","template":"","meta":{"footnotes":""},"class_list":["post-6249","page","type-page","status-publish","hentry"],"_links":{"self":[{"href":"https:\/\/atauni.edu.tr\/tip-egitimi-4\/index.php?rest_route=\/wp\/v2\/pages\/6249","targetHints":{"allow":["GET"]}}],"collection":[{"href":"https:\/\/atauni.edu.tr\/tip-egitimi-4\/index.php?rest_route=\/wp\/v2\/pages"}],"about":[{"href":"https:\/\/atauni.edu.tr\/tip-egitimi-4\/index.php?rest_route=\/wp\/v2\/types\/page"}],"author":[{"embeddable":true,"href":"https:\/\/atauni.edu.tr\/tip-egitimi-4\/index.php?rest_route=\/wp\/v2\/users\/365"}],"replies":[{"embeddable":true,"href":"https:\/\/atauni.edu.tr\/tip-egitimi-4\/index.php?rest_route=%2Fwp%2Fv2%2Fcomments&post=6249"}],"version-history":[{"count":7,"href":"https:\/\/atauni.edu.tr\/tip-egitimi-4\/index.php?rest_route=\/wp\/v2\/pages\/6249\/revisions"}],"predecessor-version":[{"id":6256,"href":"https:\/\/atauni.edu.tr\/tip-egitimi-4\/index.php?rest_route=\/wp\/v2\/pages\/6249\/revisions\/6256"}],"wp:attachment":[{"href":"https:\/\/atauni.edu.tr\/tip-egitimi-4\/index.php?rest_route=%2Fwp%2Fv2%2Fmedia&parent=6249"}],"curies":[{"name":"wp","href":"https:\/\/api.w.org\/{rel}","templated":true}]}}