{"id":6361,"date":"2022-11-12T13:35:53","date_gmt":"2022-11-12T10:35:53","guid":{"rendered":"https:\/\/birimler.atauni.edu.tr\/tip-egitimi-4\/?page_id=6361"},"modified":"2025-06-12T14:40:18","modified_gmt":"2025-06-12T11:40:18","slug":"donem-2-ihu","status":"publish","type":"page","link":"https:\/\/atauni.edu.tr\/tip-egitimi-4\/?page_id=6361&lang=tr","title":{"rendered":"D\u00f6nem-3 IHU"},"content":{"rendered":"\t\t<div data-elementor-type=\"wp-page\" data-elementor-id=\"6361\" class=\"elementor elementor-6361\" data-elementor-post-type=\"page\">\n\t\t\t\t\t\t<section class=\"elementor-section elementor-top-section elementor-element elementor-element-475bdd4 elementor-section-boxed elementor-section-height-default elementor-section-height-default\" data-id=\"475bdd4\" data-element_type=\"section\">\n\t\t\t\t\t\t<div class=\"elementor-container elementor-column-gap-default\">\n\t\t\t\t\t<div class=\"elementor-column elementor-col-33 elementor-top-column elementor-element elementor-element-302f6ff\" data-id=\"302f6ff\" data-element_type=\"column\">\n\t\t\t<div class=\"elementor-widget-wrap elementor-element-populated\">\n\t\t\t\t\t\t<div class=\"elementor-element elementor-element-1f20cf1 elementor-widget elementor-widget-image\" data-id=\"1f20cf1\" data-element_type=\"widget\" data-widget_type=\"image.default\">\n\t\t\t\t<div class=\"elementor-widget-container\">\n\t\t\t\t\t\t\t\t\t\t\t\t\t\t\t<img fetchpriority=\"high\" decoding=\"async\" width=\"724\" height=\"1024\" src=\"https:\/\/atauni.edu.tr\/tip-egitimi-4\/wp-content\/uploads\/sites\/382\/2022\/11\/TR-3-REHBER-KAPAK-724x1024.jpg\" class=\"attachment-large size-large wp-image-6382\" alt=\"\" srcset=\"https:\/\/atauni.edu.tr\/tip-egitimi-4\/wp-content\/uploads\/sites\/382\/2022\/11\/TR-3-REHBER-KAPAK-724x1024.jpg 724w, https:\/\/atauni.edu.tr\/tip-egitimi-4\/wp-content\/uploads\/sites\/382\/2022\/11\/TR-3-REHBER-KAPAK-212x300.jpg 212w, https:\/\/atauni.edu.tr\/tip-egitimi-4\/wp-content\/uploads\/sites\/382\/2022\/11\/TR-3-REHBER-KAPAK-768x1086.jpg 768w, https:\/\/atauni.edu.tr\/tip-egitimi-4\/wp-content\/uploads\/sites\/382\/2022\/11\/TR-3-REHBER-KAPAK-1086x1536.jpg 1086w, https:\/\/atauni.edu.tr\/tip-egitimi-4\/wp-content\/uploads\/sites\/382\/2022\/11\/TR-3-REHBER-KAPAK-1448x2048.jpg 1448w, https:\/\/atauni.edu.tr\/tip-egitimi-4\/wp-content\/uploads\/sites\/382\/2022\/11\/TR-3-REHBER-KAPAK-424x600.jpg 424w, https:\/\/atauni.edu.tr\/tip-egitimi-4\/wp-content\/uploads\/sites\/382\/2022\/11\/TR-3-REHBER-KAPAK-396x560.jpg 396w, https:\/\/atauni.edu.tr\/tip-egitimi-4\/wp-content\/uploads\/sites\/382\/2022\/11\/TR-3-REHBER-KAPAK.jpg 1662w\" sizes=\"(max-width: 724px) 100vw, 724px\" \/>\t\t\t\t\t\t\t\t\t\t\t\t\t\t\t<\/div>\n\t\t\t\t<\/div>\n\t\t\t\t\t<\/div>\n\t\t<\/div>\n\t\t\t\t<div class=\"elementor-column elementor-col-66 elementor-top-column elementor-element elementor-element-11a382c\" data-id=\"11a382c\" data-element_type=\"column\">\n\t\t\t<div class=\"elementor-widget-wrap elementor-element-populated\">\n\t\t\t\t\t\t<div class=\"elementor-element elementor-element-9438c7f elementor-widget elementor-widget-text-editor\" data-id=\"9438c7f\" data-element_type=\"widget\" data-widget_type=\"text-editor.default\">\n\t\t\t\t<div class=\"elementor-widget-container\">\n\t\t\t\t\t\t\t\t\t<p>\u00a0<\/p><p><span style=\"color: #0000ff\"><a style=\"color: #0000ff\" href=\"https:\/\/birimler.atauni.edu.tr\/tip-egitimi-4\/wp-content\/uploads\/sites\/382\/2020\/07\/Sutur-Atma-ve-Alma-Becerisi.pdf\">S\u00fctur Atma ve Alma Becerisi\u00a0<\/a><\/span><\/p><p><a href=\"https:\/\/birimler.atauni.edu.tr\/tip-egitimi-4\/wp-content\/uploads\/sites\/382\/2020\/07\/Uretkal-Kateter-Takma-ve-Cikarma-Becerisi.pdf\">\u00dcretkal Kateter Takma ve \u00c7\u0131karma Becerisi<\/a><\/p><p><a href=\"https:\/\/birimler.atauni.edu.tr\/tip-egitimi-4\/wp-content\/uploads\/sites\/382\/2020\/07\/Smear-Alma-Becerisi.pdf\">Smear Alma Becerisi<\/a><\/p><p>\u00a0<\/p><p><span style=\"color: #000000\">Becerilerin De\u011ferlendirme Formlar\u0131 i\u00e7in<\/span>\u00a0<a href=\"https:\/\/birimler.atauni.edu.tr\/tip-egitimi-4\/wp-content\/uploads\/sites\/382\/2025\/06\/3.-SINIF-BECERI\u0307-DEGERLENDIRME-FORMLARI.pdf\">t\u0131klay\u0131n\u0131z<\/a><\/p>\t\t\t\t\t\t\t\t<\/div>\n\t\t\t\t<\/div>\n\t\t\t\t\t<\/div>\n\t\t<\/div>\n\t\t\t\t\t<\/div>\n\t\t<\/section>\n\t\t\t\t<\/div>\n\t\t","protected":false},"excerpt":{"rendered":"<p>\u00a0 S\u00fctur Atma ve Alma Becerisi\u00a0 \u00dcretkal Kateter Takma ve \u00c7\u0131karma Becerisi Smear Alma Becerisi \u00a0 Becerilerin De\u011ferlendirme Formlar\u0131 i\u00e7in\u00a0t\u0131klay\u0131n\u0131z<\/p>\n","protected":false},"author":365,"featured_media":0,"parent":0,"menu_order":0,"comment_status":"closed","ping_status":"closed","template":"","meta":{"footnotes":""},"class_list":["post-6361","page","type-page","status-publish","hentry"],"_links":{"self":[{"href":"https:\/\/atauni.edu.tr\/tip-egitimi-4\/index.php?rest_route=\/wp\/v2\/pages\/6361","targetHints":{"allow":["GET"]}}],"collection":[{"href":"https:\/\/atauni.edu.tr\/tip-egitimi-4\/index.php?rest_route=\/wp\/v2\/pages"}],"about":[{"href":"https:\/\/atauni.edu.tr\/tip-egitimi-4\/index.php?rest_route=\/wp\/v2\/types\/page"}],"author":[{"embeddable":true,"href":"https:\/\/atauni.edu.tr\/tip-egitimi-4\/index.php?rest_route=\/wp\/v2\/users\/365"}],"replies":[{"embeddable":true,"href":"https:\/\/atauni.edu.tr\/tip-egitimi-4\/index.php?rest_route=%2Fwp%2Fv2%2Fcomments&post=6361"}],"version-history":[{"count":17,"href":"https:\/\/atauni.edu.tr\/tip-egitimi-4\/index.php?rest_route=\/wp\/v2\/pages\/6361\/revisions"}],"predecessor-version":[{"id":7770,"href":"https:\/\/atauni.edu.tr\/tip-egitimi-4\/index.php?rest_route=\/wp\/v2\/pages\/6361\/revisions\/7770"}],"wp:attachment":[{"href":"https:\/\/atauni.edu.tr\/tip-egitimi-4\/index.php?rest_route=%2Fwp%2Fv2%2Fmedia&parent=6361"}],"curies":[{"name":"wp","href":"https:\/\/api.w.org\/{rel}","templated":true}]}}