{"id":6380,"date":"2022-11-12T13:45:46","date_gmt":"2022-11-12T10:45:46","guid":{"rendered":"https:\/\/birimler.atauni.edu.tr\/tip-egitimi-4\/?page_id=6380"},"modified":"2025-06-12T14:36:14","modified_gmt":"2025-06-12T11:36:14","slug":"donem-2-ihu-2","status":"publish","type":"page","link":"https:\/\/atauni.edu.tr\/tip-egitimi-4\/?page_id=6380&lang=tr","title":{"rendered":"D\u00f6nem-2 IHU"},"content":{"rendered":"\t\t<div data-elementor-type=\"wp-page\" data-elementor-id=\"6380\" class=\"elementor elementor-6380\" data-elementor-post-type=\"page\">\n\t\t\t\t\t\t<section class=\"elementor-section elementor-top-section elementor-element elementor-element-475bdd4 elementor-section-boxed elementor-section-height-default elementor-section-height-default\" data-id=\"475bdd4\" data-element_type=\"section\">\n\t\t\t\t\t\t<div class=\"elementor-container elementor-column-gap-default\">\n\t\t\t\t\t<div class=\"elementor-column elementor-col-33 elementor-top-column elementor-element elementor-element-302f6ff\" data-id=\"302f6ff\" data-element_type=\"column\">\n\t\t\t<div class=\"elementor-widget-wrap elementor-element-populated\">\n\t\t\t\t\t\t<div class=\"elementor-element elementor-element-1f20cf1 elementor-widget elementor-widget-image\" data-id=\"1f20cf1\" data-element_type=\"widget\" data-widget_type=\"image.default\">\n\t\t\t\t<div class=\"elementor-widget-container\">\n\t\t\t\t\t\t\t\t\t\t\t\t\t\t\t<img fetchpriority=\"high\" decoding=\"async\" width=\"724\" height=\"1024\" src=\"https:\/\/atauni.edu.tr\/tip-egitimi-4\/wp-content\/uploads\/sites\/382\/2022\/11\/TR-2-REHBER-KAPAK-724x1024.jpg\" class=\"attachment-large size-large wp-image-6363\" alt=\"\" srcset=\"https:\/\/atauni.edu.tr\/tip-egitimi-4\/wp-content\/uploads\/sites\/382\/2022\/11\/TR-2-REHBER-KAPAK-724x1024.jpg 724w, https:\/\/atauni.edu.tr\/tip-egitimi-4\/wp-content\/uploads\/sites\/382\/2022\/11\/TR-2-REHBER-KAPAK-212x300.jpg 212w, https:\/\/atauni.edu.tr\/tip-egitimi-4\/wp-content\/uploads\/sites\/382\/2022\/11\/TR-2-REHBER-KAPAK-768x1086.jpg 768w, https:\/\/atauni.edu.tr\/tip-egitimi-4\/wp-content\/uploads\/sites\/382\/2022\/11\/TR-2-REHBER-KAPAK-1086x1536.jpg 1086w, https:\/\/atauni.edu.tr\/tip-egitimi-4\/wp-content\/uploads\/sites\/382\/2022\/11\/TR-2-REHBER-KAPAK-1448x2048.jpg 1448w, https:\/\/atauni.edu.tr\/tip-egitimi-4\/wp-content\/uploads\/sites\/382\/2022\/11\/TR-2-REHBER-KAPAK-424x600.jpg 424w, https:\/\/atauni.edu.tr\/tip-egitimi-4\/wp-content\/uploads\/sites\/382\/2022\/11\/TR-2-REHBER-KAPAK-396x560.jpg 396w, https:\/\/atauni.edu.tr\/tip-egitimi-4\/wp-content\/uploads\/sites\/382\/2022\/11\/TR-2-REHBER-KAPAK.jpg 1662w\" sizes=\"(max-width: 724px) 100vw, 724px\" \/>\t\t\t\t\t\t\t\t\t\t\t\t\t\t\t<\/div>\n\t\t\t\t<\/div>\n\t\t\t\t\t<\/div>\n\t\t<\/div>\n\t\t\t\t<div class=\"elementor-column elementor-col-66 elementor-top-column elementor-element elementor-element-11a382c\" data-id=\"11a382c\" data-element_type=\"column\">\n\t\t\t<div class=\"elementor-widget-wrap elementor-element-populated\">\n\t\t\t\t\t\t<div class=\"elementor-element elementor-element-9438c7f elementor-widget elementor-widget-text-editor\" data-id=\"9438c7f\" data-element_type=\"widget\" data-widget_type=\"text-editor.default\">\n\t\t\t\t<div class=\"elementor-widget-container\">\n\t\t\t\t\t\t\t\t\t<p>\u00a0<\/p><p><span style=\"color: #0000ff\"><a style=\"color: #0000ff\" href=\"https:\/\/birimler.atauni.edu.tr\/tip-egitimi-4\/wp-content\/uploads\/sites\/382\/2020\/07\/Damar-Yolu-Acma-Becerisi.pdf\">Damar Yolu A\u00e7ma Becerisi<\/a><\/span><\/p><p><a href=\"https:\/\/birimler.atauni.edu.tr\/tip-egitimi-4\/wp-content\/uploads\/sites\/382\/2020\/07\/Deri-Alti-SUBCUTAN-SC-Enjeksiyon-Yapma-Becerisi.pdf\">Deri Alt\u0131 (SUBCUTAN SC) Enjeksiyon Yapma Becerisi<\/a><\/p><p><a href=\"https:\/\/birimler.atauni.edu.tr\/tip-egitimi-4\/wp-content\/uploads\/sites\/382\/2020\/07\/Deri-Icine-INTRADERMAL-ID-Enjeksiyon-Uygulama-Becerisi.pdf\">Deri \u0130\u00e7ine (\u0130NTRADERMAL ID) Enjeksiyon Uygulama Becerisi<\/a><\/p><p><a href=\"https:\/\/birimler.atauni.edu.tr\/tip-egitimi-4\/wp-content\/uploads\/sites\/382\/2020\/07\/Intravenoz-Enjeksiyon-Yapma-Becerisi.pdf\">\u0130ntraven\u00f6z Enjeksiyon Yapma Becerisi<\/a><\/p><p>\u00a0<\/p><p><span style=\"color: #000000\">Becerilerin De\u011ferlendirme Formlar\u0131 i\u00e7in <a href=\"https:\/\/birimler.atauni.edu.tr\/tip-egitimi-4\/wp-content\/uploads\/sites\/382\/2025\/06\/2.-SINIF-BECERI\u0307-DEGERLENDIRME-FORMLARI.pdf\">t\u0131klay\u0131n\u0131z<\/a><\/span><\/p>\t\t\t\t\t\t\t\t<\/div>\n\t\t\t\t<\/div>\n\t\t\t\t\t<\/div>\n\t\t<\/div>\n\t\t\t\t\t<\/div>\n\t\t<\/section>\n\t\t\t\t<\/div>\n\t\t","protected":false},"excerpt":{"rendered":"<p>\u00a0 Damar Yolu A\u00e7ma Becerisi Deri Alt\u0131 (SUBCUTAN SC) Enjeksiyon Yapma Becerisi Deri \u0130\u00e7ine (\u0130NTRADERMAL ID) Enjeksiyon Uygulama Becerisi \u0130ntraven\u00f6z Enjeksiyon Yapma Becerisi \u00a0 Becerilerin De\u011ferlendirme Formlar\u0131 i\u00e7in t\u0131klay\u0131n\u0131z<\/p>\n","protected":false},"author":365,"featured_media":0,"parent":0,"menu_order":0,"comment_status":"closed","ping_status":"closed","template":"","meta":{"footnotes":""},"class_list":["post-6380","page","type-page","status-publish","hentry"],"_links":{"self":[{"href":"https:\/\/atauni.edu.tr\/tip-egitimi-4\/index.php?rest_route=\/wp\/v2\/pages\/6380","targetHints":{"allow":["GET"]}}],"collection":[{"href":"https:\/\/atauni.edu.tr\/tip-egitimi-4\/index.php?rest_route=\/wp\/v2\/pages"}],"about":[{"href":"https:\/\/atauni.edu.tr\/tip-egitimi-4\/index.php?rest_route=\/wp\/v2\/types\/page"}],"author":[{"embeddable":true,"href":"https:\/\/atauni.edu.tr\/tip-egitimi-4\/index.php?rest_route=\/wp\/v2\/users\/365"}],"replies":[{"embeddable":true,"href":"https:\/\/atauni.edu.tr\/tip-egitimi-4\/index.php?rest_route=%2Fwp%2Fv2%2Fcomments&post=6380"}],"version-history":[{"count":6,"href":"https:\/\/atauni.edu.tr\/tip-egitimi-4\/index.php?rest_route=\/wp\/v2\/pages\/6380\/revisions"}],"predecessor-version":[{"id":7762,"href":"https:\/\/atauni.edu.tr\/tip-egitimi-4\/index.php?rest_route=\/wp\/v2\/pages\/6380\/revisions\/7762"}],"wp:attachment":[{"href":"https:\/\/atauni.edu.tr\/tip-egitimi-4\/index.php?rest_route=%2Fwp%2Fv2%2Fmedia&parent=6380"}],"curies":[{"name":"wp","href":"https:\/\/api.w.org\/{rel}","templated":true}]}}