{"id":6398,"date":"2022-11-12T14:01:55","date_gmt":"2022-11-12T11:01:55","guid":{"rendered":"https:\/\/birimler.atauni.edu.tr\/tip-egitimi-4\/?page_id=6398"},"modified":"2025-12-22T13:39:39","modified_gmt":"2025-12-22T10:39:39","slug":"donem-3","status":"publish","type":"page","link":"https:\/\/atauni.edu.tr\/tip-egitimi-4\/?page_id=6398&lang=tr","title":{"rendered":"D\u00f6nem-3"},"content":{"rendered":"\t\t<div data-elementor-type=\"wp-page\" data-elementor-id=\"6398\" class=\"elementor elementor-6398\" data-elementor-post-type=\"page\">\n\t\t\t\t\t\t<section class=\"elementor-section elementor-top-section elementor-element elementor-element-475bdd4 elementor-section-boxed elementor-section-height-default elementor-section-height-default\" data-id=\"475bdd4\" data-element_type=\"section\">\n\t\t\t\t\t\t<div class=\"elementor-container elementor-column-gap-default\">\n\t\t\t\t\t<div class=\"elementor-column elementor-col-33 elementor-top-column elementor-element elementor-element-302f6ff\" data-id=\"302f6ff\" data-element_type=\"column\">\n\t\t\t<div class=\"elementor-widget-wrap elementor-element-populated\">\n\t\t\t\t\t\t<div class=\"elementor-element elementor-element-1f20cf1 elementor-widget elementor-widget-image\" data-id=\"1f20cf1\" data-element_type=\"widget\" data-widget_type=\"image.default\">\n\t\t\t\t<div class=\"elementor-widget-container\">\n\t\t\t\t\t\t\t\t\t\t\t\t\t\t\t<img fetchpriority=\"high\" decoding=\"async\" width=\"724\" height=\"1024\" src=\"https:\/\/atauni.edu.tr\/tip-egitimi-4\/wp-content\/uploads\/sites\/382\/2020\/07\/TR-3-ILTSM-KAPAK-724x1024.jpg\" class=\"attachment-large size-large wp-image-6397\" alt=\"\" srcset=\"https:\/\/atauni.edu.tr\/tip-egitimi-4\/wp-content\/uploads\/sites\/382\/2020\/07\/TR-3-ILTSM-KAPAK-724x1024.jpg 724w, https:\/\/atauni.edu.tr\/tip-egitimi-4\/wp-content\/uploads\/sites\/382\/2020\/07\/TR-3-ILTSM-KAPAK-212x300.jpg 212w, https:\/\/atauni.edu.tr\/tip-egitimi-4\/wp-content\/uploads\/sites\/382\/2020\/07\/TR-3-ILTSM-KAPAK-768x1086.jpg 768w, https:\/\/atauni.edu.tr\/tip-egitimi-4\/wp-content\/uploads\/sites\/382\/2020\/07\/TR-3-ILTSM-KAPAK-1086x1536.jpg 1086w, https:\/\/atauni.edu.tr\/tip-egitimi-4\/wp-content\/uploads\/sites\/382\/2020\/07\/TR-3-ILTSM-KAPAK-1448x2048.jpg 1448w, https:\/\/atauni.edu.tr\/tip-egitimi-4\/wp-content\/uploads\/sites\/382\/2020\/07\/TR-3-ILTSM-KAPAK-424x600.jpg 424w, https:\/\/atauni.edu.tr\/tip-egitimi-4\/wp-content\/uploads\/sites\/382\/2020\/07\/TR-3-ILTSM-KAPAK-396x560.jpg 396w, https:\/\/atauni.edu.tr\/tip-egitimi-4\/wp-content\/uploads\/sites\/382\/2020\/07\/TR-3-ILTSM-KAPAK.jpg 1662w\" sizes=\"(max-width: 724px) 100vw, 724px\" \/>\t\t\t\t\t\t\t\t\t\t\t\t\t\t\t<\/div>\n\t\t\t\t<\/div>\n\t\t\t\t\t<\/div>\n\t\t<\/div>\n\t\t\t\t<div class=\"elementor-column elementor-col-66 elementor-top-column elementor-element elementor-element-11a382c\" data-id=\"11a382c\" data-element_type=\"column\">\n\t\t\t<div class=\"elementor-widget-wrap elementor-element-populated\">\n\t\t\t\t\t\t<div class=\"elementor-element elementor-element-9438c7f elementor-widget elementor-widget-text-editor\" data-id=\"9438c7f\" data-element_type=\"widget\" data-widget_type=\"text-editor.default\">\n\t\t\t\t<div class=\"elementor-widget-container\">\n\t\t\t\t\t\t\t\t\t<p>\u00a0<\/p><p><span style=\"color: #0000ff\"><a style=\"color: #0000ff\" href=\"https:\/\/birimler.atauni.edu.tr\/tip-egitimi-4\/wp-content\/uploads\/sites\/382\/2020\/07\/Kotu-Haber-Verme-Becerisi.pdf\">K\u00f6t\u00fc Haber Verme Becerisi<\/a><\/span><\/p><p><a href=\"https:\/\/birimler.atauni.edu.tr\/tip-egitimi-4\/wp-content\/uploads\/sites\/382\/2025\/12\/2025-2026-Degerlendirme-Formu-kotu-haber-verme.pdf\">2025-2026 K\u00f6t\u00fc Haber Verme Hasta-E\u011fitici De\u011ferlendirme Formu<\/a><\/p><p><a href=\"https:\/\/birimler.atauni.edu.tr\/tip-egitimi-4\/wp-content\/uploads\/sites\/382\/2020\/07\/Kotu-Haber-Verme-Hasta-Egitici-Degerlendirme-Formu.pdf\">K\u00f6t\u00fc Haber Verme Hasta-E\u011fitici De\u011ferlendirme Formu<\/a><\/p><p><a href=\"https:\/\/birimler.atauni.edu.tr\/tip-egitimi-4\/wp-content\/uploads\/sites\/382\/2020\/07\/Kotu-Haber-Verme-Ogrenci-Oz-Degerlendirme-Formu.pdf\">K\u00f6t\u00fc Haber Verme \u00d6\u011frenci \u00d6z De\u011ferlendirme Formu<\/a><\/p><p><a href=\"https:\/\/birimler.atauni.edu.tr\/tip-egitimi-4\/wp-content\/uploads\/sites\/382\/2020\/07\/Zor-Hasta-ile-Gorusme-Yapma-Becerisi.pdf\">Zor Hasta ile G\u00f6r\u00fc\u015fme Yapma Becerisi<\/a><\/p>\t\t\t\t\t\t\t\t<\/div>\n\t\t\t\t<\/div>\n\t\t\t\t\t<\/div>\n\t\t<\/div>\n\t\t\t\t\t<\/div>\n\t\t<\/section>\n\t\t\t\t<\/div>\n\t\t","protected":false},"excerpt":{"rendered":"<p>\u00a0 K\u00f6t\u00fc Haber Verme Becerisi 2025-2026 K\u00f6t\u00fc Haber Verme Hasta-E\u011fitici De\u011ferlendirme Formu K\u00f6t\u00fc Haber Verme Hasta-E\u011fitici De\u011ferlendirme Formu K\u00f6t\u00fc Haber Verme \u00d6\u011frenci \u00d6z De\u011ferlendirme Formu Zor Hasta ile G\u00f6r\u00fc\u015fme Yapma Becerisi<\/p>\n","protected":false},"author":365,"featured_media":0,"parent":0,"menu_order":0,"comment_status":"closed","ping_status":"closed","template":"","meta":{"footnotes":""},"class_list":["post-6398","page","type-page","status-publish","hentry"],"_links":{"self":[{"href":"https:\/\/atauni.edu.tr\/tip-egitimi-4\/index.php?rest_route=\/wp\/v2\/pages\/6398","targetHints":{"allow":["GET"]}}],"collection":[{"href":"https:\/\/atauni.edu.tr\/tip-egitimi-4\/index.php?rest_route=\/wp\/v2\/pages"}],"about":[{"href":"https:\/\/atauni.edu.tr\/tip-egitimi-4\/index.php?rest_route=\/wp\/v2\/types\/page"}],"author":[{"embeddable":true,"href":"https:\/\/atauni.edu.tr\/tip-egitimi-4\/index.php?rest_route=\/wp\/v2\/users\/365"}],"replies":[{"embeddable":true,"href":"https:\/\/atauni.edu.tr\/tip-egitimi-4\/index.php?rest_route=%2Fwp%2Fv2%2Fcomments&post=6398"}],"version-history":[{"count":11,"href":"https:\/\/atauni.edu.tr\/tip-egitimi-4\/index.php?rest_route=\/wp\/v2\/pages\/6398\/revisions"}],"predecessor-version":[{"id":8181,"href":"https:\/\/atauni.edu.tr\/tip-egitimi-4\/index.php?rest_route=\/wp\/v2\/pages\/6398\/revisions\/8181"}],"wp:attachment":[{"href":"https:\/\/atauni.edu.tr\/tip-egitimi-4\/index.php?rest_route=%2Fwp%2Fv2%2Fmedia&parent=6398"}],"curies":[{"name":"wp","href":"https:\/\/api.w.org\/{rel}","templated":true}]}}