{"id":6494,"date":"2022-11-16T16:46:18","date_gmt":"2022-11-16T13:46:18","guid":{"rendered":"https:\/\/birimler.atauni.edu.tr\/tip-egitimi-4\/?page_id=6494"},"modified":"2025-02-28T09:07:16","modified_gmt":"2025-02-28T06:07:16","slug":"department-staff","status":"publish","type":"page","link":"https:\/\/atauni.edu.tr\/tip-egitimi-4\/?page_id=6494&lang=en","title":{"rendered":"Department Staff"},"content":{"rendered":"\t\t<div data-elementor-type=\"wp-page\" data-elementor-id=\"6494\" class=\"elementor elementor-6494\" data-elementor-post-type=\"page\">\n\t\t\t\t\t\t<section class=\"elementor-section elementor-top-section elementor-element elementor-element-22b96024 elementor-section-boxed elementor-section-height-default elementor-section-height-default\" data-id=\"22b96024\" data-element_type=\"section\">\n\t\t\t\t\t\t<div class=\"elementor-container elementor-column-gap-default\">\n\t\t\t\t\t<div class=\"elementor-column elementor-col-100 elementor-top-column elementor-element elementor-element-5a1f7769\" data-id=\"5a1f7769\" data-element_type=\"column\">\n\t\t\t<div class=\"elementor-widget-wrap elementor-element-populated\">\n\t\t\t\t\t\t<div class=\"elementor-element elementor-element-3b3e2d4a elementor-widget elementor-widget-heading\" data-id=\"3b3e2d4a\" data-element_type=\"widget\" data-widget_type=\"heading.default\">\n\t\t\t\t<div class=\"elementor-widget-container\">\n\t\t\t\t\t<h2 class=\"elementor-heading-title elementor-size-default\"><b>Department Staff<\/b><\/h2>\t\t\t\t<\/div>\n\t\t\t\t<\/div>\n\t\t\t\t<div class=\"elementor-element elementor-element-35223868 elementor-widget-divider--view-line elementor-widget elementor-widget-divider\" data-id=\"35223868\" data-element_type=\"widget\" data-widget_type=\"divider.default\">\n\t\t\t\t<div class=\"elementor-widget-container\">\n\t\t\t\t\t\t\t<div class=\"elementor-divider\">\n\t\t\t<span class=\"elementor-divider-separator\">\n\t\t\t\t\t\t<\/span>\n\t\t<\/div>\n\t\t\t\t\t\t<\/div>\n\t\t\t\t<\/div>\n\t\t\t\t\t<\/div>\n\t\t<\/div>\n\t\t\t\t\t<\/div>\n\t\t<\/section>\n\t\t\t\t<section class=\"elementor-section elementor-top-section elementor-element elementor-element-65c54fc elementor-section-boxed elementor-section-height-default elementor-section-height-default\" data-id=\"65c54fc\" data-element_type=\"section\">\n\t\t\t\t\t\t<div class=\"elementor-container elementor-column-gap-default\">\n\t\t\t\t\t<div class=\"elementor-column elementor-col-100 elementor-top-column elementor-element elementor-element-eec995a\" data-id=\"eec995a\" data-element_type=\"column\">\n\t\t\t<div class=\"elementor-widget-wrap elementor-element-populated\">\n\t\t\t\t\t\t<div class=\"elementor-element elementor-element-b9ef45c elementor-widget elementor-widget-text-editor\" data-id=\"b9ef45c\" data-element_type=\"widget\" data-settings=\"{&quot;_animation&quot;:&quot;none&quot;}\" data-widget_type=\"text-editor.default\">\n\t\t\t\t<div class=\"elementor-widget-container\">\n\t\t\t\t\t\t\t\t\t<table style=\"width: 534px;height: 103px\" border=\"0\" width=\"402\" cellspacing=\"0\" cellpadding=\"0\"><colgroup> <col style=\"width: 119pt\" width=\"158\" \/> <col style=\"width: 114pt\" width=\"152\" \/> <col style=\"width: 69pt\" width=\"92\" \/> <\/colgroup><tbody><tr style=\"height: 15.0pt\"><td class=\"xl68\" style=\"height: 15.0pt;width: 119pt\" align=\"left\" width=\"158\" height=\"20\"><strong>Name-Surname<\/strong><\/td><td class=\"xl68\" style=\"border-left: none;width: 114pt\" align=\"left\" width=\"152\"><strong>Mission<\/strong><\/td><td class=\"xl69\" style=\"border-left: none;width: 69pt\" width=\"92\"><strong>Phone<\/strong><\/td><\/tr><tr style=\"height: 15.0pt\"><td class=\"xl66\" style=\"height: 15.0pt;border-top: none\" align=\"left\" height=\"20\">H\u00fcmeyra KALACUK<\/td><td class=\"xl66\" style=\"border-top: none;border-left: none\" align=\"left\">Department Secretary<\/td><td class=\"xl67\" style=\"border-top: none;border-left: none\">8748<\/td><\/tr><tr style=\"height: 15.0pt\"><td class=\"xl66\" style=\"height: 15.0pt;border-top: none\" align=\"left\" height=\"20\">Mustafa \u00c7EL\u0130K<\/td><td class=\"xl66\" style=\"border-top: none;border-left: none\" align=\"left\">Technical Staff<\/td><td class=\"xl67\" style=\"border-top: none;border-left: none\">8757<\/td><\/tr><tr style=\"height: 15.0pt\"><td class=\"xl66\" style=\"height: 15.0pt;border-top: none\" align=\"left\" height=\"20\">O\u011fuzhan G\u00d6N\u00dcLAY<\/td><td class=\"xl66\" style=\"border-top: none;border-left: none\" align=\"left\">Staff<\/td><td class=\"xl67\" style=\"border-top: none;border-left: none\">8758<\/td><\/tr><\/tbody><\/table>\t\t\t\t\t\t\t\t<\/div>\n\t\t\t\t<\/div>\n\t\t\t\t\t<\/div>\n\t\t<\/div>\n\t\t\t\t\t<\/div>\n\t\t<\/section>\n\t\t\t\t<\/div>\n\t\t","protected":false},"excerpt":{"rendered":"<p>Department Staff Name-Surname Mission Phone H\u00fcmeyra KALACUK Department Secretary 8748 Mustafa \u00c7EL\u0130K Technical Staff 8757 O\u011fuzhan G\u00d6N\u00dcLAY Staff 8758<\/p>\n","protected":false},"author":365,"featured_media":0,"parent":0,"menu_order":0,"comment_status":"closed","ping_status":"closed","template":"elementor_header_footer","meta":{"footnotes":""},"class_list":["post-6494","page","type-page","status-publish","hentry"],"_links":{"self":[{"href":"https:\/\/atauni.edu.tr\/tip-egitimi-4\/index.php?rest_route=\/wp\/v2\/pages\/6494","targetHints":{"allow":["GET"]}}],"collection":[{"href":"https:\/\/atauni.edu.tr\/tip-egitimi-4\/index.php?rest_route=\/wp\/v2\/pages"}],"about":[{"href":"https:\/\/atauni.edu.tr\/tip-egitimi-4\/index.php?rest_route=\/wp\/v2\/types\/page"}],"author":[{"embeddable":true,"href":"https:\/\/atauni.edu.tr\/tip-egitimi-4\/index.php?rest_route=\/wp\/v2\/users\/365"}],"replies":[{"embeddable":true,"href":"https:\/\/atauni.edu.tr\/tip-egitimi-4\/index.php?rest_route=%2Fwp%2Fv2%2Fcomments&post=6494"}],"version-history":[{"count":7,"href":"https:\/\/atauni.edu.tr\/tip-egitimi-4\/index.php?rest_route=\/wp\/v2\/pages\/6494\/revisions"}],"predecessor-version":[{"id":7570,"href":"https:\/\/atauni.edu.tr\/tip-egitimi-4\/index.php?rest_route=\/wp\/v2\/pages\/6494\/revisions\/7570"}],"wp:attachment":[{"href":"https:\/\/atauni.edu.tr\/tip-egitimi-4\/index.php?rest_route=%2Fwp%2Fv2%2Fmedia&parent=6494"}],"curies":[{"name":"wp","href":"https:\/\/api.w.org\/{rel}","templated":true}]}}