{"id":7930,"date":"2025-09-26T11:30:21","date_gmt":"2025-09-26T08:30:21","guid":{"rendered":"https:\/\/birimler.atauni.edu.tr\/tip-egitimi-4\/?page_id=7930"},"modified":"2025-11-10T13:30:06","modified_gmt":"2025-11-10T10:30:06","slug":"tersyuz","status":"publish","type":"page","link":"https:\/\/atauni.edu.tr\/tip-egitimi-4\/?page_id=7930&lang=tr","title":{"rendered":"Tersy\u00fcz E\u011fitim Materyalleri"},"content":{"rendered":"\t\t<div data-elementor-type=\"wp-page\" data-elementor-id=\"7930\" class=\"elementor elementor-7930\" data-elementor-post-type=\"page\">\n\t\t\t\t\t\t<section class=\"elementor-section elementor-top-section elementor-element elementor-element-abc3124 elementor-section-boxed elementor-section-height-default elementor-section-height-default\" data-id=\"abc3124\" data-element_type=\"section\">\n\t\t\t\t\t\t<div class=\"elementor-container elementor-column-gap-default\">\n\t\t\t\t\t<div class=\"elementor-column elementor-col-50 elementor-top-column elementor-element elementor-element-16a2711\" data-id=\"16a2711\" data-element_type=\"column\">\n\t\t\t<div class=\"elementor-widget-wrap elementor-element-populated\">\n\t\t\t\t\t\t<div class=\"elementor-element elementor-element-e4aaf2b elementor-widget elementor-widget-heading\" data-id=\"e4aaf2b\" data-element_type=\"widget\" data-widget_type=\"heading.default\">\n\t\t\t\t<div class=\"elementor-widget-container\">\n\t\t\t\t\t<h5 class=\"elementor-heading-title elementor-size-default\">Akran Yard\u0131ml\u0131 E\u011fitim (Do\u00e7. Dr. Esra \u00c7INAR TANRIVERD\u0130)<\/h5>\t\t\t\t<\/div>\n\t\t\t\t<\/div>\n\t\t\t\t\t<\/div>\n\t\t<\/div>\n\t\t\t\t<div class=\"elementor-column elementor-col-50 elementor-top-column elementor-element elementor-element-bcad6c9\" data-id=\"bcad6c9\" data-element_type=\"column\">\n\t\t\t<div class=\"elementor-widget-wrap elementor-element-populated\">\n\t\t\t\t\t\t<div class=\"elementor-element elementor-element-7c13064 elementor-widget elementor-widget-heading\" data-id=\"7c13064\" data-element_type=\"widget\" data-widget_type=\"heading.default\">\n\t\t\t\t<div class=\"elementor-widget-container\">\n\t\t\t\t\t<h5 class=\"elementor-heading-title elementor-size-default\">T\u0131bbi_Profesyonellik <span style=\"font-size: 1.25rem;letter-spacing: 0px\">(Do\u00e7. Dr. Esra \u00c7INAR TANRIVERD\u0130)<\/span><span style=\"font-size: 1.25rem;letter-spacing: 0px\"><\/span><br><\/h5>\t\t\t\t<\/div>\n\t\t\t\t<\/div>\n\t\t\t\t\t<\/div>\n\t\t<\/div>\n\t\t\t\t\t<\/div>\n\t\t<\/section>\n\t\t\t\t<section class=\"elementor-section elementor-top-section elementor-element elementor-element-0c65a05 elementor-section-boxed elementor-section-height-default elementor-section-height-default\" data-id=\"0c65a05\" data-element_type=\"section\">\n\t\t\t\t\t\t<div class=\"elementor-container elementor-column-gap-default\">\n\t\t\t\t\t<div class=\"elementor-column elementor-col-50 elementor-top-column elementor-element elementor-element-8fe7bfb\" data-id=\"8fe7bfb\" data-element_type=\"column\">\n\t\t\t<div class=\"elementor-widget-wrap elementor-element-populated\">\n\t\t\t\t\t\t<div class=\"elementor-element elementor-element-f2d4689 elementor-widget elementor-widget-video\" data-id=\"f2d4689\" data-element_type=\"widget\" data-settings=\"{&quot;video_type&quot;:&quot;hosted&quot;,&quot;controls&quot;:&quot;yes&quot;}\" data-widget_type=\"video.default\">\n\t\t\t\t<div class=\"elementor-widget-container\">\n\t\t\t\t\t\t\t<div class=\"e-hosted-video elementor-wrapper elementor-open-inline\">\n\t\t\t\t\t<video class=\"elementor-video\" src=\"http:\/\/birimler.atauni.edu.tr\/tip-egitimi-4\/wp-content\/uploads\/sites\/382\/2025\/09\/Akran-Yardimli-Egitim.mov\" controls=\"\" preload=\"metadata\"><\/video>\n\t\t\t\t<\/div>\n\t\t\t\t\t\t<\/div>\n\t\t\t\t<\/div>\n\t\t\t\t\t<\/div>\n\t\t<\/div>\n\t\t\t\t<div class=\"elementor-column elementor-col-50 elementor-top-column elementor-element elementor-element-aed0fdc\" data-id=\"aed0fdc\" data-element_type=\"column\">\n\t\t\t<div class=\"elementor-widget-wrap elementor-element-populated\">\n\t\t\t\t\t\t<div class=\"elementor-element elementor-element-e94c468 elementor-widget elementor-widget-video\" data-id=\"e94c468\" data-element_type=\"widget\" data-settings=\"{&quot;video_type&quot;:&quot;hosted&quot;,&quot;controls&quot;:&quot;yes&quot;}\" data-widget_type=\"video.default\">\n\t\t\t\t<div class=\"elementor-widget-container\">\n\t\t\t\t\t\t\t<div class=\"e-hosted-video elementor-wrapper elementor-open-inline\">\n\t\t\t\t\t<video class=\"elementor-video\" src=\"http:\/\/birimler.atauni.edu.tr\/tip-egitimi-4\/wp-content\/uploads\/sites\/382\/2025\/09\/Tibbi-Profesyonellik.mov\" controls=\"\" preload=\"metadata\"><\/video>\n\t\t\t\t<\/div>\n\t\t\t\t\t\t<\/div>\n\t\t\t\t<\/div>\n\t\t\t\t\t<\/div>\n\t\t<\/div>\n\t\t\t\t\t<\/div>\n\t\t<\/section>\n\t\t\t\t<section class=\"elementor-section elementor-top-section elementor-element elementor-element-22c1533 elementor-section-boxed elementor-section-height-default elementor-section-height-default\" data-id=\"22c1533\" data-element_type=\"section\">\n\t\t\t\t\t\t<div class=\"elementor-container elementor-column-gap-default\">\n\t\t\t\t\t<div class=\"elementor-column elementor-col-50 elementor-top-column elementor-element elementor-element-d8ed83d\" data-id=\"d8ed83d\" data-element_type=\"column\">\n\t\t\t<div class=\"elementor-widget-wrap elementor-element-populated\">\n\t\t\t\t\t\t<div class=\"elementor-element elementor-element-bb7b022 elementor-widget elementor-widget-heading\" data-id=\"bb7b022\" data-element_type=\"widget\" data-widget_type=\"heading.default\">\n\t\t\t\t<div class=\"elementor-widget-container\">\n\t\t\t\t\t<h5 class=\"elementor-heading-title elementor-size-default\">Kurum Kimli\u011fi ve Hekim Kimli\u011fi<br>(Do\u00e7. Dr. Esra \u00c7INAR TANRIVERD\u0130)<\/h5>\t\t\t\t<\/div>\n\t\t\t\t<\/div>\n\t\t\t\t\t<\/div>\n\t\t<\/div>\n\t\t\t\t<div class=\"elementor-column elementor-col-50 elementor-top-column elementor-element elementor-element-0975c0f\" data-id=\"0975c0f\" data-element_type=\"column\">\n\t\t\t<div class=\"elementor-widget-wrap elementor-element-populated\">\n\t\t\t\t\t\t<div class=\"elementor-element elementor-element-76ce2a8 elementor-widget elementor-widget-heading\" data-id=\"76ce2a8\" data-element_type=\"widget\" data-widget_type=\"heading.default\">\n\t\t\t\t<div class=\"elementor-widget-container\">\n\t\t\t\t\t<h5 class=\"elementor-heading-title elementor-size-default\">S\u00fcrekli T\u0131p E\u011fitimi S\u00fcrekli Mesleksel Geli\u015fim<br>(Do\u00e7. Dr. Esra \u00c7INAR TANRIVERD\u0130)<\/h5>\t\t\t\t<\/div>\n\t\t\t\t<\/div>\n\t\t\t\t\t<\/div>\n\t\t<\/div>\n\t\t\t\t\t<\/div>\n\t\t<\/section>\n\t\t\t\t<section class=\"elementor-section elementor-top-section elementor-element elementor-element-a6c2eb3 elementor-section-boxed elementor-section-height-default elementor-section-height-default\" data-id=\"a6c2eb3\" data-element_type=\"section\">\n\t\t\t\t\t\t<div class=\"elementor-container elementor-column-gap-default\">\n\t\t\t\t\t<div class=\"elementor-column elementor-col-50 elementor-top-column elementor-element elementor-element-a2f068b\" data-id=\"a2f068b\" data-element_type=\"column\">\n\t\t\t<div class=\"elementor-widget-wrap elementor-element-populated\">\n\t\t\t\t\t\t<div class=\"elementor-element elementor-element-842e870 elementor-widget elementor-widget-video\" data-id=\"842e870\" data-element_type=\"widget\" data-settings=\"{&quot;video_type&quot;:&quot;hosted&quot;,&quot;controls&quot;:&quot;yes&quot;}\" data-widget_type=\"video.default\">\n\t\t\t\t<div class=\"elementor-widget-container\">\n\t\t\t\t\t\t\t<div class=\"e-hosted-video elementor-wrapper elementor-open-inline\">\n\t\t\t\t\t<video class=\"elementor-video\" src=\"http:\/\/birimler.atauni.edu.tr\/tip-egitimi-4\/wp-content\/uploads\/sites\/382\/2025\/10\/Beyaz_Onlugun_Ardindaki_Kimlik__Iyi_Hekimlik_ve_Kurum_Kulturunu.mov\" controls=\"\" preload=\"metadata\"><\/video>\n\t\t\t\t<\/div>\n\t\t\t\t\t\t<\/div>\n\t\t\t\t<\/div>\n\t\t\t\t\t<\/div>\n\t\t<\/div>\n\t\t\t\t<div class=\"elementor-column elementor-col-50 elementor-top-column elementor-element elementor-element-92dd756\" data-id=\"92dd756\" data-element_type=\"column\">\n\t\t\t<div class=\"elementor-widget-wrap elementor-element-populated\">\n\t\t\t\t\t\t<div class=\"elementor-element elementor-element-4b1ccfb elementor-widget elementor-widget-video\" data-id=\"4b1ccfb\" data-element_type=\"widget\" data-settings=\"{&quot;video_type&quot;:&quot;hosted&quot;,&quot;controls&quot;:&quot;yes&quot;}\" data-widget_type=\"video.default\">\n\t\t\t\t<div class=\"elementor-widget-container\">\n\t\t\t\t\t\t\t<div class=\"e-hosted-video elementor-wrapper elementor-open-inline\">\n\t\t\t\t\t<video class=\"elementor-video\" src=\"http:\/\/birimler.atauni.edu.tr\/tip-egitimi-4\/wp-content\/uploads\/sites\/382\/2025\/11\/surekli-tip-egitimi-surekli-mesleksel-gelisim.mov\" controls=\"\" preload=\"metadata\" controlsList=\"nodownload\"><\/video>\n\t\t\t\t<\/div>\n\t\t\t\t\t\t<\/div>\n\t\t\t\t<\/div>\n\t\t\t\t\t<\/div>\n\t\t<\/div>\n\t\t\t\t\t<\/div>\n\t\t<\/section>\n\t\t\t\t<section class=\"elementor-section elementor-top-section elementor-element elementor-element-d5f47a5 elementor-section-boxed elementor-section-height-default elementor-section-height-default\" data-id=\"d5f47a5\" data-element_type=\"section\">\n\t\t\t\t\t\t<div class=\"elementor-container elementor-column-gap-default\">\n\t\t\t\t\t<div class=\"elementor-column elementor-col-50 elementor-top-column elementor-element elementor-element-15ccca5\" data-id=\"15ccca5\" data-element_type=\"column\">\n\t\t\t<div class=\"elementor-widget-wrap elementor-element-populated\">\n\t\t\t\t\t\t<div class=\"elementor-element elementor-element-3c9c09f elementor-widget elementor-widget-heading\" data-id=\"3c9c09f\" data-element_type=\"widget\" data-widget_type=\"heading.default\">\n\t\t\t\t<div class=\"elementor-widget-container\">\n\t\t\t\t\t<h5 class=\"elementor-heading-title elementor-size-default\">\u00d6\u011frenme Stil ve Stratejileri<br>(Do\u00e7. Dr. Esra \u00c7INAR TANRIVERD\u0130)<\/h5>\t\t\t\t<\/div>\n\t\t\t\t<\/div>\n\t\t\t\t\t<\/div>\n\t\t<\/div>\n\t\t\t\t<div class=\"elementor-column elementor-col-50 elementor-top-column elementor-element elementor-element-57cceef\" data-id=\"57cceef\" data-element_type=\"column\">\n\t\t\t<div class=\"elementor-widget-wrap elementor-element-populated\">\n\t\t\t\t\t\t<div class=\"elementor-element elementor-element-eb52c10 elementor-widget elementor-widget-heading\" data-id=\"eb52c10\" data-element_type=\"widget\" data-widget_type=\"heading.default\">\n\t\t\t\t<div class=\"elementor-widget-container\">\n\t\t\t\t\t<h5 class=\"elementor-heading-title elementor-size-default\">Zaman Y\u00f6netimi<br>(Do\u00e7. Dr. Esra \u00c7INAR TANRIVERD\u0130)<\/h5>\t\t\t\t<\/div>\n\t\t\t\t<\/div>\n\t\t\t\t\t<\/div>\n\t\t<\/div>\n\t\t\t\t\t<\/div>\n\t\t<\/section>\n\t\t\t\t<section class=\"elementor-section elementor-top-section elementor-element elementor-element-6cb91da elementor-section-boxed elementor-section-height-default elementor-section-height-default\" data-id=\"6cb91da\" data-element_type=\"section\">\n\t\t\t\t\t\t<div class=\"elementor-container elementor-column-gap-default\">\n\t\t\t\t\t<div class=\"elementor-column elementor-col-50 elementor-top-column elementor-element elementor-element-b57e1b1\" data-id=\"b57e1b1\" data-element_type=\"column\">\n\t\t\t<div class=\"elementor-widget-wrap elementor-element-populated\">\n\t\t\t\t\t\t<div class=\"elementor-element elementor-element-f650ec5 elementor-widget elementor-widget-video\" data-id=\"f650ec5\" data-element_type=\"widget\" data-settings=\"{&quot;video_type&quot;:&quot;hosted&quot;,&quot;controls&quot;:&quot;yes&quot;}\" data-widget_type=\"video.default\">\n\t\t\t\t<div class=\"elementor-widget-container\">\n\t\t\t\t\t\t\t<div class=\"e-hosted-video elementor-wrapper elementor-open-inline\">\n\t\t\t\t\t<video class=\"elementor-video\" src=\"http:\/\/birimler.atauni.edu.tr\/tip-egitimi-4\/wp-content\/uploads\/sites\/382\/2025\/11\/Ogrenme_Stil_ve_Stratejileri.mov\" controls=\"\" preload=\"metadata\"><\/video>\n\t\t\t\t<\/div>\n\t\t\t\t\t\t<\/div>\n\t\t\t\t<\/div>\n\t\t\t\t\t<\/div>\n\t\t<\/div>\n\t\t\t\t<div class=\"elementor-column elementor-col-50 elementor-top-column elementor-element elementor-element-b9964df\" data-id=\"b9964df\" data-element_type=\"column\">\n\t\t\t<div class=\"elementor-widget-wrap elementor-element-populated\">\n\t\t\t\t\t\t<div class=\"elementor-element elementor-element-d6558b3 elementor-widget elementor-widget-video\" data-id=\"d6558b3\" data-element_type=\"widget\" data-settings=\"{&quot;video_type&quot;:&quot;hosted&quot;,&quot;controls&quot;:&quot;yes&quot;}\" data-widget_type=\"video.default\">\n\t\t\t\t<div class=\"elementor-widget-container\">\n\t\t\t\t\t\t\t<div class=\"e-hosted-video elementor-wrapper elementor-open-inline\">\n\t\t\t\t\t<video class=\"elementor-video\" src=\"http:\/\/birimler.atauni.edu.tr\/tip-egitimi-4\/wp-content\/uploads\/sites\/382\/2025\/11\/Zaman_Yonetimi.mov\" controls=\"\" preload=\"metadata\" controlsList=\"nodownload\"><\/video>\n\t\t\t\t<\/div>\n\t\t\t\t\t\t<\/div>\n\t\t\t\t<\/div>\n\t\t\t\t\t<\/div>\n\t\t<\/div>\n\t\t\t\t\t<\/div>\n\t\t<\/section>\n\t\t\t\t<section class=\"elementor-section elementor-top-section elementor-element elementor-element-3430afb elementor-section-boxed elementor-section-height-default elementor-section-height-default\" data-id=\"3430afb\" data-element_type=\"section\">\n\t\t\t\t\t\t<div class=\"elementor-container elementor-column-gap-default\">\n\t\t\t\t\t<div class=\"elementor-column elementor-col-50 elementor-top-column elementor-element elementor-element-a06ca23\" data-id=\"a06ca23\" data-element_type=\"column\">\n\t\t\t<div class=\"elementor-widget-wrap elementor-element-populated\">\n\t\t\t\t\t\t<div class=\"elementor-element elementor-element-5c84f99 elementor-widget elementor-widget-heading\" data-id=\"5c84f99\" data-element_type=\"widget\" data-widget_type=\"heading.default\">\n\t\t\t\t<div class=\"elementor-widget-container\">\n\t\t\t\t\t<h5 class=\"elementor-heading-title elementor-size-default\">S\u00fcrekli Mesleksel Geli\u015fim S\u00fcrekli T\u0131p E\u011fitimi<br>(Do\u00e7. Dr. Esra \u00c7INAR TANRIVERD\u0130)<\/h5>\t\t\t\t<\/div>\n\t\t\t\t<\/div>\n\t\t\t\t\t<\/div>\n\t\t<\/div>\n\t\t\t\t<div class=\"elementor-column elementor-col-50 elementor-top-column elementor-element elementor-element-0a78d3e\" data-id=\"0a78d3e\" data-element_type=\"column\">\n\t\t\t<div class=\"elementor-widget-wrap elementor-element-populated\">\n\t\t\t\t\t\t<div class=\"elementor-element elementor-element-f34d134 elementor-widget elementor-widget-heading\" data-id=\"f34d134\" data-element_type=\"widget\" data-widget_type=\"heading.default\">\n\t\t\t\t<div class=\"elementor-widget-container\">\n\t\t\t\t\t<h5 class=\"elementor-heading-title elementor-size-default\">T\u0131p E\u011fitiminde \u0130leti\u015fim Becerileri<br>(Do\u00e7. Dr. Esra \u00c7INAR TANRIVERD\u0130)<\/h5>\t\t\t\t<\/div>\n\t\t\t\t<\/div>\n\t\t\t\t\t<\/div>\n\t\t<\/div>\n\t\t\t\t\t<\/div>\n\t\t<\/section>\n\t\t\t\t<section class=\"elementor-section elementor-top-section elementor-element elementor-element-18a5d63 elementor-section-boxed elementor-section-height-default elementor-section-height-default\" data-id=\"18a5d63\" data-element_type=\"section\">\n\t\t\t\t\t\t<div class=\"elementor-container elementor-column-gap-default\">\n\t\t\t\t\t<div class=\"elementor-column elementor-col-50 elementor-top-column elementor-element elementor-element-538feb7\" data-id=\"538feb7\" data-element_type=\"column\">\n\t\t\t<div class=\"elementor-widget-wrap elementor-element-populated\">\n\t\t\t\t\t\t<div class=\"elementor-element elementor-element-6fe2584 elementor-widget elementor-widget-video\" data-id=\"6fe2584\" data-element_type=\"widget\" data-settings=\"{&quot;video_type&quot;:&quot;hosted&quot;,&quot;controls&quot;:&quot;yes&quot;}\" data-widget_type=\"video.default\">\n\t\t\t\t<div class=\"elementor-widget-container\">\n\t\t\t\t\t\t\t<div class=\"e-hosted-video elementor-wrapper elementor-open-inline\">\n\t\t\t\t\t<video class=\"elementor-video\" src=\"http:\/\/birimler.atauni.edu.tr\/tip-egitimi-4\/wp-content\/uploads\/sites\/382\/2025\/11\/surekli-mesleksel-gelisim-surekli-tip-egitimi.mov\" controls=\"\" preload=\"metadata\"><\/video>\n\t\t\t\t<\/div>\n\t\t\t\t\t\t<\/div>\n\t\t\t\t<\/div>\n\t\t\t\t\t<\/div>\n\t\t<\/div>\n\t\t\t\t<div class=\"elementor-column elementor-col-50 elementor-top-column elementor-element elementor-element-abb6d12\" data-id=\"abb6d12\" data-element_type=\"column\">\n\t\t\t<div class=\"elementor-widget-wrap elementor-element-populated\">\n\t\t\t\t\t\t<div class=\"elementor-element elementor-element-ef07945 elementor-widget elementor-widget-video\" data-id=\"ef07945\" data-element_type=\"widget\" data-settings=\"{&quot;video_type&quot;:&quot;hosted&quot;,&quot;controls&quot;:&quot;yes&quot;}\" data-widget_type=\"video.default\">\n\t\t\t\t<div class=\"elementor-widget-container\">\n\t\t\t\t\t\t\t<div class=\"e-hosted-video elementor-wrapper elementor-open-inline\">\n\t\t\t\t\t<video class=\"elementor-video\" src=\"http:\/\/birimler.atauni.edu.tr\/tip-egitimi-4\/wp-content\/uploads\/sites\/382\/2025\/11\/tip-egitiminde-iletisim-becerileri.mov\" controls=\"\" preload=\"metadata\" controlsList=\"nodownload\"><\/video>\n\t\t\t\t<\/div>\n\t\t\t\t\t\t<\/div>\n\t\t\t\t<\/div>\n\t\t\t\t\t<\/div>\n\t\t<\/div>\n\t\t\t\t\t<\/div>\n\t\t<\/section>\n\t\t\t\t<section class=\"elementor-section elementor-top-section elementor-element elementor-element-5368c58 elementor-section-boxed elementor-section-height-default elementor-section-height-default\" data-id=\"5368c58\" data-element_type=\"section\">\n\t\t\t\t\t\t<div class=\"elementor-container elementor-column-gap-default\">\n\t\t\t\t\t<div class=\"elementor-column elementor-col-50 elementor-top-column elementor-element elementor-element-b1027b7\" data-id=\"b1027b7\" data-element_type=\"column\">\n\t\t\t<div class=\"elementor-widget-wrap elementor-element-populated\">\n\t\t\t\t\t\t<div class=\"elementor-element elementor-element-37a823a elementor-widget elementor-widget-heading\" data-id=\"37a823a\" data-element_type=\"widget\" data-widget_type=\"heading.default\">\n\t\t\t\t<div class=\"elementor-widget-container\">\n\t\t\t\t\t<h5 class=\"elementor-heading-title elementor-size-default\">Zaman Y\u00f6netimi<br>(Do\u00e7. Dr. Esra \u00c7INAR TANRIVERD\u0130)<\/h5>\t\t\t\t<\/div>\n\t\t\t\t<\/div>\n\t\t\t\t\t<\/div>\n\t\t<\/div>\n\t\t\t\t<div class=\"elementor-column elementor-col-50 elementor-top-column elementor-element elementor-element-2f027b5\" data-id=\"2f027b5\" data-element_type=\"column\">\n\t\t\t<div class=\"elementor-widget-wrap elementor-element-populated\">\n\t\t\t\t\t\t<div class=\"elementor-element elementor-element-70633ed elementor-widget elementor-widget-heading\" data-id=\"70633ed\" data-element_type=\"widget\" data-widget_type=\"heading.default\">\n\t\t\t\t<div class=\"elementor-widget-container\">\n\t\t\t\t\t<h5 class=\"elementor-heading-title elementor-size-default\">T\u0131p E\u011fitiminde \u0130leti\u015fim Becerileri (\u00d6zet)<br>(Do\u00e7. Dr. Esra \u00c7INAR TANRIVERD\u0130)<\/h5>\t\t\t\t<\/div>\n\t\t\t\t<\/div>\n\t\t\t\t\t<\/div>\n\t\t<\/div>\n\t\t\t\t\t<\/div>\n\t\t<\/section>\n\t\t\t\t<section class=\"elementor-section elementor-top-section elementor-element elementor-element-0d9c508 elementor-section-boxed elementor-section-height-default elementor-section-height-default\" data-id=\"0d9c508\" data-element_type=\"section\">\n\t\t\t\t\t\t<div class=\"elementor-container elementor-column-gap-default\">\n\t\t\t\t\t<div class=\"elementor-column elementor-col-50 elementor-top-column elementor-element elementor-element-a7e3e52\" data-id=\"a7e3e52\" data-element_type=\"column\">\n\t\t\t<div class=\"elementor-widget-wrap elementor-element-populated\">\n\t\t\t\t\t\t<div class=\"elementor-element elementor-element-0117575 elementor-widget elementor-widget-video\" data-id=\"0117575\" data-element_type=\"widget\" data-settings=\"{&quot;video_type&quot;:&quot;hosted&quot;,&quot;controls&quot;:&quot;yes&quot;}\" data-widget_type=\"video.default\">\n\t\t\t\t<div class=\"elementor-widget-container\">\n\t\t\t\t\t\t\t<div class=\"e-hosted-video elementor-wrapper elementor-open-inline\">\n\t\t\t\t\t<video class=\"elementor-video\" src=\"http:\/\/birimler.atauni.edu.tr\/tip-egitimi-4\/wp-content\/uploads\/sites\/382\/2025\/11\/zaman-yonetimi.mov\" controls=\"\" preload=\"metadata\"><\/video>\n\t\t\t\t<\/div>\n\t\t\t\t\t\t<\/div>\n\t\t\t\t<\/div>\n\t\t\t\t\t<\/div>\n\t\t<\/div>\n\t\t\t\t<div class=\"elementor-column elementor-col-50 elementor-top-column elementor-element elementor-element-75541da\" data-id=\"75541da\" data-element_type=\"column\">\n\t\t\t<div class=\"elementor-widget-wrap elementor-element-populated\">\n\t\t\t\t\t\t<div class=\"elementor-element elementor-element-c0294b6 elementor-widget elementor-widget-video\" data-id=\"c0294b6\" data-element_type=\"widget\" data-settings=\"{&quot;video_type&quot;:&quot;hosted&quot;,&quot;controls&quot;:&quot;yes&quot;}\" data-widget_type=\"video.default\">\n\t\t\t\t<div class=\"elementor-widget-container\">\n\t\t\t\t\t\t\t<div class=\"e-hosted-video elementor-wrapper elementor-open-inline\">\n\t\t\t\t\t<video class=\"elementor-video\" src=\"http:\/\/birimler.atauni.edu.tr\/tip-egitimi-4\/wp-content\/uploads\/sites\/382\/2025\/11\/tip-egitiminde-iletisim-becerileri-video-ozet-.mov\" controls=\"\" preload=\"metadata\" controlsList=\"nodownload\"><\/video>\n\t\t\t\t<\/div>\n\t\t\t\t\t\t<\/div>\n\t\t\t\t<\/div>\n\t\t\t\t\t<\/div>\n\t\t<\/div>\n\t\t\t\t\t<\/div>\n\t\t<\/section>\n\t\t\t\t<\/div>\n\t\t","protected":false},"excerpt":{"rendered":"<p>Akran Yard\u0131ml\u0131 E\u011fitim (Do\u00e7. Dr. Esra \u00c7INAR TANRIVERD\u0130) T\u0131bbi_Profesyonellik (Do\u00e7. Dr. Esra \u00c7INAR TANRIVERD\u0130) http:\/\/birimler.atauni.edu.tr\/tip-egitimi-4\/wp-content\/uploads\/sites\/382\/2025\/09\/Akran-Yardimli-Egitim.movhttp:\/\/birimler.atauni.edu.tr\/tip-egitimi-4\/wp-content\/uploads\/sites\/382\/2025\/09\/Tibbi-Profesyonellik.mov Kurum Kimli\u011fi ve Hekim Kimli\u011fi(Do\u00e7. Dr. Esra \u00c7INAR TANRIVERD\u0130) S\u00fcrekli T\u0131p E\u011fitimi S\u00fcrekli Mesleksel Geli\u015fim(Do\u00e7. Dr. Esra \u00c7INAR TANRIVERD\u0130) http:\/\/birimler.atauni.edu.tr\/tip-egitimi-4\/wp-content\/uploads\/sites\/382\/2025\/10\/Beyaz_Onlugun_Ardindaki_Kimlik__Iyi_Hekimlik_ve_Kurum_Kulturunu.movhttp:\/\/birimler.atauni.edu.tr\/tip-egitimi-4\/wp-content\/uploads\/sites\/382\/2025\/11\/surekli-tip-egitimi-surekli-mesleksel-gelisim.mov \u00d6\u011frenme Stil ve Stratejileri(Do\u00e7. Dr. Esra \u00c7INAR TANRIVERD\u0130) Zaman Y\u00f6netimi(Do\u00e7. Dr. Esra \u00c7INAR TANRIVERD\u0130) http:\/\/birimler.atauni.edu.tr\/tip-egitimi-4\/wp-content\/uploads\/sites\/382\/2025\/11\/Ogrenme_Stil_ve_Stratejileri.movhttp:\/\/birimler.atauni.edu.tr\/tip-egitimi-4\/wp-content\/uploads\/sites\/382\/2025\/11\/Zaman_Yonetimi.mov S\u00fcrekli Mesleksel Geli\u015fim S\u00fcrekli T\u0131p [&hellip;]<\/p>\n","protected":false},"author":365,"featured_media":0,"parent":0,"menu_order":0,"comment_status":"closed","ping_status":"closed","template":"","meta":{"footnotes":""},"class_list":["post-7930","page","type-page","status-publish","hentry"],"_links":{"self":[{"href":"https:\/\/atauni.edu.tr\/tip-egitimi-4\/index.php?rest_route=\/wp\/v2\/pages\/7930","targetHints":{"allow":["GET"]}}],"collection":[{"href":"https:\/\/atauni.edu.tr\/tip-egitimi-4\/index.php?rest_route=\/wp\/v2\/pages"}],"about":[{"href":"https:\/\/atauni.edu.tr\/tip-egitimi-4\/index.php?rest_route=\/wp\/v2\/types\/page"}],"author":[{"embeddable":true,"href":"https:\/\/atauni.edu.tr\/tip-egitimi-4\/index.php?rest_route=\/wp\/v2\/users\/365"}],"replies":[{"embeddable":true,"href":"https:\/\/atauni.edu.tr\/tip-egitimi-4\/index.php?rest_route=%2Fwp%2Fv2%2Fcomments&post=7930"}],"version-history":[{"count":19,"href":"https:\/\/atauni.edu.tr\/tip-egitimi-4\/index.php?rest_route=\/wp\/v2\/pages\/7930\/revisions"}],"predecessor-version":[{"id":8143,"href":"https:\/\/atauni.edu.tr\/tip-egitimi-4\/index.php?rest_route=\/wp\/v2\/pages\/7930\/revisions\/8143"}],"wp:attachment":[{"href":"https:\/\/atauni.edu.tr\/tip-egitimi-4\/index.php?rest_route=%2Fwp%2Fv2%2Fmedia&parent=7930"}],"curies":[{"name":"wp","href":"https:\/\/api.w.org\/{rel}","templated":true}]}}