{"id":11102,"date":"2022-10-03T16:38:26","date_gmt":"2022-10-03T13:38:26","guid":{"rendered":"https:\/\/birimler.atauni.edu.tr\/tip-fakultesi\/?page_id=11102"},"modified":"2025-12-04T09:15:49","modified_gmt":"2025-12-04T06:15:49","slug":"tip-fakultesi-tanitim-filmi","status":"publish","type":"page","link":"https:\/\/atauni.edu.tr\/tip-fakultesi\/anasayfa1\/fakultemiz\/tip-fakultesi-tanitim-filmi\/","title":{"rendered":"Tan\u0131t\u0131m"},"content":{"rendered":"\t\t<div data-elementor-type=\"wp-page\" data-elementor-id=\"11102\" class=\"elementor elementor-11102\" data-elementor-post-type=\"page\">\n\t\t\t\t\t\t<section class=\"elementor-section elementor-top-section elementor-element elementor-element-697d3dc elementor-section-boxed elementor-section-height-default elementor-section-height-default\" data-id=\"697d3dc\" data-element_type=\"section\">\n\t\t\t\t\t\t<div class=\"elementor-container elementor-column-gap-default\">\n\t\t\t\t\t<div class=\"elementor-column elementor-col-50 elementor-top-column elementor-element elementor-element-4678b72\" data-id=\"4678b72\" data-element_type=\"column\">\n\t\t\t<div class=\"elementor-widget-wrap elementor-element-populated\">\n\t\t\t\t\t\t<div class=\"elementor-element elementor-element-d596198 elementor-widget elementor-widget-heading\" data-id=\"d596198\" data-element_type=\"widget\" data-widget_type=\"heading.default\">\n\t\t\t\t<div class=\"elementor-widget-container\">\n\t\t\t\t\t<h2 class=\"elementor-heading-title elementor-size-default\">Fak\u00fcltemiz<\/h2>\t\t\t\t<\/div>\n\t\t\t\t<\/div>\n\t\t\t\t<div class=\"elementor-element elementor-element-7c1fa48 elementor-widget-divider--view-line elementor-widget elementor-widget-divider\" data-id=\"7c1fa48\" data-element_type=\"widget\" data-widget_type=\"divider.default\">\n\t\t\t\t<div class=\"elementor-widget-container\">\n\t\t\t\t\t\t\t<div class=\"elementor-divider\">\n\t\t\t<span class=\"elementor-divider-separator\">\n\t\t\t\t\t\t<\/span>\n\t\t<\/div>\n\t\t\t\t\t\t<\/div>\n\t\t\t\t<\/div>\n\t\t\t\t<div class=\"elementor-element elementor-element-675b4ed elementor-nav-menu__align-start smain elementor-nav-menu--dropdown-tablet elementor-nav-menu__text-align-aside elementor-nav-menu--toggle elementor-nav-menu--burger elementor-widget elementor-widget-nav-menu\" data-id=\"675b4ed\" data-element_type=\"widget\" data-settings=\"{&quot;layout&quot;:&quot;vertical&quot;,&quot;submenu_icon&quot;:{&quot;value&quot;:&quot;&lt;i class=\\&quot;fas fa-caret-down\\&quot; aria-hidden=\\&quot;true\\&quot;&gt;&lt;\\\/i&gt;&quot;,&quot;library&quot;:&quot;fa-solid&quot;},&quot;toggle&quot;:&quot;burger&quot;}\" data-widget_type=\"nav-menu.default\">\n\t\t\t\t<div class=\"elementor-widget-container\">\n\t\t\t\t\t\t\t\t<nav aria-label=\"Menu\" class=\"elementor-nav-menu--main elementor-nav-menu__container elementor-nav-menu--layout-vertical e--pointer-none\">\n\t\t\t\t<ul id=\"menu-1-675b4ed\" class=\"elementor-nav-menu sm-vertical\"><li class=\"menu-item menu-item-type-post_type menu-item-object-page menu-item-17216\"><a href=\"https:\/\/atauni.edu.tr\/tip-fakultesi\/anasayfa1\/fakultemiz\/misyon-vizyon-ve-temel-degerler\/\" class=\"elementor-item\">Misyon ve Vizyon<\/a><\/li>\n<li class=\"menu-item menu-item-type-post_type menu-item-object-page menu-item-20524\"><a href=\"https:\/\/atauni.edu.tr\/tip-fakultesi\/anasayfa1\/fakultemiz\/kurmsal-amac-ve-hedefler\/\" class=\"elementor-item\">Ama\u00e7 ve Hedefler<\/a><\/li>\n<li class=\"menu-item menu-item-type-post_type menu-item-object-page menu-item-17217\"><a href=\"https:\/\/atauni.edu.tr\/tip-fakultesi\/anasayfa1\/fakultemiz\/tarihce\/\" class=\"elementor-item\">Tarih\u00e7e<\/a><\/li>\n<li class=\"menu-item menu-item-type-post_type menu-item-object-page menu-item-17218\"><a href=\"https:\/\/atauni.edu.tr\/tip-fakultesi\/anasayfa1\/fakultemiz\/dekanimizdan-mesaj\/\" class=\"elementor-item\">Dekan\u0131m\u0131zdan Mesaj<\/a><\/li>\n<li class=\"menu-item menu-item-type-post_type menu-item-object-page menu-item-17219\"><a href=\"https:\/\/atauni.edu.tr\/tip-fakultesi\/anasayfa1\/fakultemiz\/akademik-yolculugumuz\/\" class=\"elementor-item\">Akademik Yolculu\u011fumuz<\/a><\/li>\n<li class=\"menu-item menu-item-type-post_type menu-item-object-page menu-item-17220\"><a href=\"https:\/\/atauni.edu.tr\/tip-fakultesi\/anasayfa1\/fakultemiz\/yonetim\/\" class=\"elementor-item\">Y\u00f6netim<\/a><\/li>\n<li class=\"menu-item menu-item-type-post_type menu-item-object-page menu-item-17221\"><a href=\"https:\/\/atauni.edu.tr\/tip-fakultesi\/anasayfa1\/fakultemiz\/yetkinlikler-yeterlilikler\/\" class=\"elementor-item\">Yetkinlikler \u2013 Yeterlilikler<\/a><\/li>\n<li class=\"menu-item menu-item-type-post_type menu-item-object-page menu-item-17222\"><a href=\"https:\/\/atauni.edu.tr\/tip-fakultesi\/anasayfa1\/fakultemiz\/kurullar-ve-komisyonlar\/\" class=\"elementor-item\">Kurullar ve Komisyonlar<\/a><\/li>\n<li class=\"menu-item menu-item-type-post_type menu-item-object-page menu-item-17223\"><a href=\"https:\/\/atauni.edu.tr\/tip-fakultesi\/anasayfa1\/fakultemiz\/idari_personel\/\" class=\"elementor-item\">\u0130dari Personel<\/a><\/li>\n<li class=\"menu-item menu-item-type-post_type menu-item-object-page menu-item-17224\"><a href=\"https:\/\/atauni.edu.tr\/tip-fakultesi\/anasayfa1\/fakultemiz\/organizasyon-semasi\/\" class=\"elementor-item\">Organizasyon \u015eemas\u0131<\/a><\/li>\n<li class=\"menu-item menu-item-type-post_type menu-item-object-page menu-item-17225\"><a href=\"https:\/\/atauni.edu.tr\/tip-fakultesi\/anasayfa1\/fakultemiz\/tip-fakultesi-tanitim-filmi\/\" class=\"elementor-item\">Tan\u0131t\u0131m<\/a><\/li>\n<\/ul>\t\t\t<\/nav>\n\t\t\t\t\t<div class=\"elementor-menu-toggle\" role=\"button\" tabindex=\"0\" aria-label=\"Menu Toggle\" aria-expanded=\"false\">\n\t\t\t<i aria-hidden=\"true\" role=\"presentation\" class=\"elementor-menu-toggle__icon--open eicon-menu-bar\"><\/i><i aria-hidden=\"true\" role=\"presentation\" class=\"elementor-menu-toggle__icon--close eicon-close\"><\/i>\t\t<\/div>\n\t\t\t\t\t<nav class=\"elementor-nav-menu--dropdown elementor-nav-menu__container\" aria-hidden=\"true\">\n\t\t\t\t<ul id=\"menu-2-675b4ed\" class=\"elementor-nav-menu sm-vertical\"><li class=\"menu-item menu-item-type-post_type menu-item-object-page menu-item-17216\"><a href=\"https:\/\/atauni.edu.tr\/tip-fakultesi\/anasayfa1\/fakultemiz\/misyon-vizyon-ve-temel-degerler\/\" class=\"elementor-item\" tabindex=\"-1\">Misyon ve Vizyon<\/a><\/li>\n<li class=\"menu-item menu-item-type-post_type menu-item-object-page menu-item-20524\"><a href=\"https:\/\/atauni.edu.tr\/tip-fakultesi\/anasayfa1\/fakultemiz\/kurmsal-amac-ve-hedefler\/\" class=\"elementor-item\" tabindex=\"-1\">Ama\u00e7 ve Hedefler<\/a><\/li>\n<li class=\"menu-item menu-item-type-post_type menu-item-object-page menu-item-17217\"><a href=\"https:\/\/atauni.edu.tr\/tip-fakultesi\/anasayfa1\/fakultemiz\/tarihce\/\" class=\"elementor-item\" tabindex=\"-1\">Tarih\u00e7e<\/a><\/li>\n<li class=\"menu-item menu-item-type-post_type menu-item-object-page menu-item-17218\"><a href=\"https:\/\/atauni.edu.tr\/tip-fakultesi\/anasayfa1\/fakultemiz\/dekanimizdan-mesaj\/\" class=\"elementor-item\" tabindex=\"-1\">Dekan\u0131m\u0131zdan Mesaj<\/a><\/li>\n<li class=\"menu-item menu-item-type-post_type menu-item-object-page menu-item-17219\"><a href=\"https:\/\/atauni.edu.tr\/tip-fakultesi\/anasayfa1\/fakultemiz\/akademik-yolculugumuz\/\" class=\"elementor-item\" tabindex=\"-1\">Akademik Yolculu\u011fumuz<\/a><\/li>\n<li class=\"menu-item menu-item-type-post_type menu-item-object-page menu-item-17220\"><a href=\"https:\/\/atauni.edu.tr\/tip-fakultesi\/anasayfa1\/fakultemiz\/yonetim\/\" class=\"elementor-item\" tabindex=\"-1\">Y\u00f6netim<\/a><\/li>\n<li class=\"menu-item menu-item-type-post_type menu-item-object-page menu-item-17221\"><a href=\"https:\/\/atauni.edu.tr\/tip-fakultesi\/anasayfa1\/fakultemiz\/yetkinlikler-yeterlilikler\/\" class=\"elementor-item\" tabindex=\"-1\">Yetkinlikler \u2013 Yeterlilikler<\/a><\/li>\n<li class=\"menu-item menu-item-type-post_type menu-item-object-page menu-item-17222\"><a href=\"https:\/\/atauni.edu.tr\/tip-fakultesi\/anasayfa1\/fakultemiz\/kurullar-ve-komisyonlar\/\" class=\"elementor-item\" tabindex=\"-1\">Kurullar ve Komisyonlar<\/a><\/li>\n<li class=\"menu-item menu-item-type-post_type menu-item-object-page menu-item-17223\"><a href=\"https:\/\/atauni.edu.tr\/tip-fakultesi\/anasayfa1\/fakultemiz\/idari_personel\/\" class=\"elementor-item\" tabindex=\"-1\">\u0130dari Personel<\/a><\/li>\n<li class=\"menu-item menu-item-type-post_type menu-item-object-page menu-item-17224\"><a href=\"https:\/\/atauni.edu.tr\/tip-fakultesi\/anasayfa1\/fakultemiz\/organizasyon-semasi\/\" class=\"elementor-item\" tabindex=\"-1\">Organizasyon \u015eemas\u0131<\/a><\/li>\n<li class=\"menu-item menu-item-type-post_type menu-item-object-page menu-item-17225\"><a href=\"https:\/\/atauni.edu.tr\/tip-fakultesi\/anasayfa1\/fakultemiz\/tip-fakultesi-tanitim-filmi\/\" class=\"elementor-item\" tabindex=\"-1\">Tan\u0131t\u0131m<\/a><\/li>\n<\/ul>\t\t\t<\/nav>\n\t\t\t\t\t\t<\/div>\n\t\t\t\t<\/div>\n\t\t\t\t\t<\/div>\n\t\t<\/div>\n\t\t\t\t<div class=\"elementor-column elementor-col-50 elementor-top-column elementor-element elementor-element-cbc7970\" data-id=\"cbc7970\" data-element_type=\"column\">\n\t\t\t<div class=\"elementor-widget-wrap elementor-element-populated\">\n\t\t\t\t\t\t<section class=\"elementor-section elementor-inner-section elementor-element elementor-element-1143fb2 elementor-section-boxed elementor-section-height-default elementor-section-height-default\" data-id=\"1143fb2\" data-element_type=\"section\">\n\t\t\t\t\t\t<div class=\"elementor-container elementor-column-gap-default\">\n\t\t\t\t\t<div class=\"elementor-column elementor-col-100 elementor-inner-column elementor-element elementor-element-c1a46a6\" data-id=\"c1a46a6\" data-element_type=\"column\">\n\t\t\t<div class=\"elementor-widget-wrap elementor-element-populated\">\n\t\t\t\t\t\t<div class=\"elementor-element elementor-element-18f9e1d elementor-widget elementor-widget-text-editor\" data-id=\"18f9e1d\" data-element_type=\"widget\" data-widget_type=\"text-editor.default\">\n\t\t\t\t<div class=\"elementor-widget-container\">\n\t\t\t\t\t\t\t\t\t<h5><strong>Tan\u0131t\u0131m<\/strong><\/h5>\t\t\t\t\t\t\t\t<\/div>\n\t\t\t\t<\/div>\n\t\t\t\t\t<\/div>\n\t\t<\/div>\n\t\t\t\t\t<\/div>\n\t\t<\/section>\n\t\t\t\t<section class=\"elementor-section elementor-inner-section elementor-element elementor-element-2b6e9c7 elementor-section-boxed elementor-section-height-default elementor-section-height-default\" data-id=\"2b6e9c7\" data-element_type=\"section\">\n\t\t\t\t\t\t<div class=\"elementor-container elementor-column-gap-default\">\n\t\t\t\t\t<div class=\"elementor-column elementor-col-100 elementor-inner-column elementor-element elementor-element-47530e4\" data-id=\"47530e4\" data-element_type=\"column\">\n\t\t\t<div class=\"elementor-widget-wrap elementor-element-populated\">\n\t\t\t\t\t\t<div class=\"elementor-element elementor-element-f66eef2 elementor-arrows-position-inside elementor-pagination-position-outside elementor-widget elementor-widget-image-carousel\" data-id=\"f66eef2\" data-element_type=\"widget\" data-settings=\"{&quot;slides_to_show&quot;:&quot;1&quot;,&quot;navigation&quot;:&quot;both&quot;,&quot;autoplay&quot;:&quot;yes&quot;,&quot;pause_on_hover&quot;:&quot;yes&quot;,&quot;pause_on_interaction&quot;:&quot;yes&quot;,&quot;autoplay_speed&quot;:5000,&quot;infinite&quot;:&quot;yes&quot;,&quot;effect&quot;:&quot;slide&quot;,&quot;speed&quot;:500}\" data-widget_type=\"image-carousel.default\">\n\t\t\t\t<div class=\"elementor-widget-container\">\n\t\t\t\t\t\t\t<div class=\"elementor-image-carousel-wrapper swiper\" role=\"region\" aria-roledescription=\"carousel\" aria-label=\"Resim D\u00f6ng\u00fcs\u00fc\" dir=\"ltr\">\n\t\t\t<div class=\"elementor-image-carousel swiper-wrapper\" aria-live=\"off\">\n\t\t\t\t\t\t\t\t<div class=\"swiper-slide\" role=\"group\" aria-roledescription=\"slide\" aria-label=\"1 \/ 3\"><figure class=\"swiper-slide-inner\"><img decoding=\"async\" class=\"swiper-slide-image\" src=\"https:\/\/atauni.edu.tr\/tip-fakultesi\/wp-content\/uploads\/sites\/73\/2025\/10\/ed-1024x491.jpg\" alt=\"ed\" \/><\/figure><\/div><div class=\"swiper-slide\" role=\"group\" aria-roledescription=\"slide\" aria-label=\"2 \/ 3\"><figure class=\"swiper-slide-inner\"><img decoding=\"async\" class=\"swiper-slide-image\" src=\"https:\/\/atauni.edu.tr\/tip-fakultesi\/wp-content\/uploads\/sites\/73\/2025\/10\/maxresdefault-1024x576.jpg\" alt=\"maxresdefault.jpg\" \/><\/figure><\/div><div class=\"swiper-slide\" role=\"group\" aria-roledescription=\"slide\" aria-label=\"3 \/ 3\"><figure class=\"swiper-slide-inner\"><img decoding=\"async\" class=\"swiper-slide-image\" src=\"https:\/\/atauni.edu.tr\/tip-fakultesi\/wp-content\/uploads\/sites\/73\/revslider\/home-1\/6452ea846f22031047fbaac4027b1916-min-scaled-e1628632362341-1024x427.jpg\" alt=\"6452ea846f22031047fbaac4027b1916-min-scaled-e1628632362341.jpg\" \/><\/figure><\/div>\t\t\t<\/div>\n\t\t\t\t\t\t\t\t\t\t\t\t<div class=\"elementor-swiper-button elementor-swiper-button-prev\" role=\"button\" tabindex=\"0\">\n\t\t\t\t\t\t<i aria-hidden=\"true\" class=\"eicon-chevron-left\"><\/i>\t\t\t\t\t<\/div>\n\t\t\t\t\t<div class=\"elementor-swiper-button elementor-swiper-button-next\" role=\"button\" tabindex=\"0\">\n\t\t\t\t\t\t<i aria-hidden=\"true\" class=\"eicon-chevron-right\"><\/i>\t\t\t\t\t<\/div>\n\t\t\t\t\n\t\t\t\t\t\t\t\t\t<div class=\"swiper-pagination\"><\/div>\n\t\t\t\t\t\t\t\t\t<\/div>\n\t\t\t\t\t\t<\/div>\n\t\t\t\t<\/div>\n\t\t\t\t\t<\/div>\n\t\t<\/div>\n\t\t\t\t\t<\/div>\n\t\t<\/section>\n\t\t\t\t<section class=\"elementor-section elementor-inner-section elementor-element elementor-element-da5d7b1 elementor-section-boxed elementor-section-height-default elementor-section-height-default\" data-id=\"da5d7b1\" data-element_type=\"section\">\n\t\t\t\t\t\t<div class=\"elementor-container elementor-column-gap-default\">\n\t\t\t\t\t<div class=\"elementor-column elementor-col-100 elementor-inner-column elementor-element elementor-element-d605f6c\" data-id=\"d605f6c\" data-element_type=\"column\">\n\t\t\t<div class=\"elementor-widget-wrap elementor-element-populated\">\n\t\t\t\t\t\t<div class=\"elementor-element elementor-element-75288d1 elementor-widget elementor-widget-gallery\" data-id=\"75288d1\" data-element_type=\"widget\" data-settings=\"{&quot;lazyload&quot;:&quot;yes&quot;,&quot;gallery_layout&quot;:&quot;grid&quot;,&quot;columns&quot;:4,&quot;columns_tablet&quot;:2,&quot;columns_mobile&quot;:1,&quot;gap&quot;:{&quot;unit&quot;:&quot;px&quot;,&quot;size&quot;:10,&quot;sizes&quot;:[]},&quot;gap_tablet&quot;:{&quot;unit&quot;:&quot;px&quot;,&quot;size&quot;:10,&quot;sizes&quot;:[]},&quot;gap_mobile&quot;:{&quot;unit&quot;:&quot;px&quot;,&quot;size&quot;:10,&quot;sizes&quot;:[]},&quot;link_to&quot;:&quot;file&quot;,&quot;aspect_ratio&quot;:&quot;3:2&quot;,&quot;overlay_background&quot;:&quot;yes&quot;,&quot;content_hover_animation&quot;:&quot;fade-in&quot;}\" data-widget_type=\"gallery.default\">\n\t\t\t\t<div class=\"elementor-widget-container\">\n\t\t\t\t\t\t\t<div class=\"elementor-gallery__container\">\n\t\t\t\t\t<\/div>\n\t\t\t\t\t<\/div>\n\t\t\t\t<\/div>\n\t\t\t\t\t<\/div>\n\t\t<\/div>\n\t\t\t\t\t<\/div>\n\t\t<\/section>\n\t\t\t\t\t<\/div>\n\t\t<\/div>\n\t\t\t\t\t<\/div>\n\t\t<\/section>\n\t\t\t\t<section class=\"elementor-section elementor-top-section elementor-element elementor-element-e3799b6 elementor-section-boxed elementor-section-height-default elementor-section-height-default\" data-id=\"e3799b6\" data-element_type=\"section\">\n\t\t\t\t\t\t<div class=\"elementor-container elementor-column-gap-default\">\n\t\t\t\t\t<div class=\"elementor-column elementor-col-100 elementor-top-column elementor-element elementor-element-bdf0ff5\" data-id=\"bdf0ff5\" data-element_type=\"column\">\n\t\t\t<div class=\"elementor-widget-wrap\">\n\t\t\t\t\t\t\t<\/div>\n\t\t<\/div>\n\t\t\t\t\t<\/div>\n\t\t<\/section>\n\t\t\t\t<\/div>\n\t\t","protected":false},"excerpt":{"rendered":"<p>Fak\u00fcltemiz Tan\u0131t\u0131m<\/p>\n","protected":false},"author":62,"featured_media":0,"parent":17740,"menu_order":0,"comment_status":"closed","ping_status":"closed","template":"","meta":{"footnotes":""},"class_list":["post-11102","page","type-page","status-publish","hentry"],"_links":{"self":[{"href":"https:\/\/atauni.edu.tr\/tip-fakultesi\/wp-json\/wp\/v2\/pages\/11102","targetHints":{"allow":["GET"]}}],"collection":[{"href":"https:\/\/atauni.edu.tr\/tip-fakultesi\/wp-json\/wp\/v2\/pages"}],"about":[{"href":"https:\/\/atauni.edu.tr\/tip-fakultesi\/wp-json\/wp\/v2\/types\/page"}],"author":[{"embeddable":true,"href":"https:\/\/atauni.edu.tr\/tip-fakultesi\/wp-json\/wp\/v2\/users\/62"}],"replies":[{"embeddable":true,"href":"https:\/\/atauni.edu.tr\/tip-fakultesi\/wp-json\/wp\/v2\/comments?post=11102"}],"version-history":[{"count":44,"href":"https:\/\/atauni.edu.tr\/tip-fakultesi\/wp-json\/wp\/v2\/pages\/11102\/revisions"}],"predecessor-version":[{"id":19225,"href":"https:\/\/atauni.edu.tr\/tip-fakultesi\/wp-json\/wp\/v2\/pages\/11102\/revisions\/19225"}],"up":[{"embeddable":true,"href":"https:\/\/atauni.edu.tr\/tip-fakultesi\/wp-json\/wp\/v2\/pages\/17740"}],"wp:attachment":[{"href":"https:\/\/atauni.edu.tr\/tip-fakultesi\/wp-json\/wp\/v2\/media?parent=11102"}],"curies":[{"name":"wp","href":"https:\/\/api.w.org\/{rel}","templated":true}]}}