{"id":12186,"date":"2022-11-04T11:47:50","date_gmt":"2022-11-04T08:47:50","guid":{"rendered":"https:\/\/birimler.atauni.edu.tr\/tip-fakultesi\/?page_id=12186"},"modified":"2022-11-04T12:18:30","modified_gmt":"2022-11-04T09:18:30","slug":"bilimsel-toplantilar","status":"publish","type":"page","link":"https:\/\/atauni.edu.tr\/tip-fakultesi\/bilimsel-toplantilar\/","title":{"rendered":"Bilimsel Toplant\u0131lar"},"content":{"rendered":"\t\t<div data-elementor-type=\"wp-page\" data-elementor-id=\"12186\" class=\"elementor elementor-12186\" data-elementor-post-type=\"page\">\n\t\t\t\t\t\t<section class=\"elementor-section elementor-top-section elementor-element elementor-element-c3be51b elementor-section-boxed elementor-section-height-default elementor-section-height-default\" data-id=\"c3be51b\" data-element_type=\"section\">\n\t\t\t\t\t\t<div class=\"elementor-container elementor-column-gap-default\">\n\t\t\t\t\t<div class=\"elementor-column elementor-col-100 elementor-top-column elementor-element elementor-element-f0e5ef5\" data-id=\"f0e5ef5\" data-element_type=\"column\">\n\t\t\t<div class=\"elementor-widget-wrap elementor-element-populated\">\n\t\t\t\t\t\t<div class=\"elementor-element elementor-element-5ecc66d elementor-widget elementor-widget-text-editor\" data-id=\"5ecc66d\" data-element_type=\"widget\" data-widget_type=\"text-editor.default\">\n\t\t\t\t<div class=\"elementor-widget-container\">\n\t\t\t\t\t\t\t\t\t<p><a href=\"https:\/\/birimler.atauni.edu.tr\/tip-fakultesi\/1-iii-palandoken-anestezi-gunleri-ulusal-sempozyum\/\" rel=\"attachment wp-att-12200\">1. III.Paland\u00f6ken Anestezi G\u00fcnleri Ulusal Sempozyum<\/a><\/p><p><a href=\"https:\/\/birimler.atauni.edu.tr\/tip-fakultesi\/2-dogu-anadolu-acil-tip-gunleri\/\" rel=\"attachment wp-att-12201\">2. Do\u011fu Anadolu Acil T\u0131p G\u00fcnleri<\/a><\/p><p><a href=\"https:\/\/birimler.atauni.edu.tr\/tip-fakultesi\/2-tybd-toplantisi\/\" rel=\"attachment wp-att-12202\">2.TYBD Toplant\u0131s\u0131<\/a><\/p><p><a href=\"https:\/\/birimler.atauni.edu.tr\/tip-fakultesi\/7-palandoken-ortopedi-gunleri\/\" rel=\"attachment wp-att-12203\">7.Paland\u00f6ken Ortopedi G\u00fcnleri<\/a><\/p><p><a href=\"https:\/\/birimler.atauni.edu.tr\/tip-fakultesi\/acil-mudehaleler-egitimi-2018\/\" rel=\"attachment wp-att-12204\">Acil M\u00fcdehaleler E\u011fitimi <\/a><a href=\"https:\/\/birimler.atauni.edu.tr\/tip-fakultesi\/acil-mudehaleler-egitimi-2018\/\" rel=\"attachment wp-att-12204\">2018<\/a><\/p><p><a href=\"https:\/\/birimler.atauni.edu.tr\/tip-fakultesi\/avrasya-uroonkoloji-dernegi-multidisipliner-uroonkoloji-toplantisi\/\" rel=\"attachment wp-att-12205\">Avrasya \u00dcroonkoloji Derne\u011fi Multidisipliner \u00dcroonkoloji Toplant\u0131s\u0131<\/a><\/p><p><a href=\"https:\/\/birimler.atauni.edu.tr\/tip-fakultesi\/erzurum-ve-cevresinde-tularemi\/\" rel=\"attachment wp-att-12206\">Erzurum ve \u00c7evresinde Tularemi<\/a><\/p><p><a href=\"https:\/\/birimler.atauni.edu.tr\/tip-fakultesi\/kis-sempozyumu-2019\/\" rel=\"attachment wp-att-12207\">K\u0131\u015f Sempozyumu 2019<\/a><\/p><p><a href=\"https:\/\/birimler.atauni.edu.tr\/tip-fakultesi\/kis-sempozyumu-2019-2\/\" rel=\"attachment wp-att-12208\">K\u0131\u015f Sempozyumu 2019-2<\/a><\/p><p><a href=\"https:\/\/birimler.atauni.edu.tr\/tip-fakultesi\/pnl-kursu\/\" rel=\"attachment wp-att-12209\">PNL Kursu<\/a><\/p><p><a href=\"https:\/\/birimler.atauni.edu.tr\/tip-fakultesi\/rirc-kursu\/\" rel=\"attachment wp-att-12210\">RIRC Kursu<\/a><\/p><p><a href=\"https:\/\/birimler.atauni.edu.tr\/tip-fakultesi\/tkdcd-bulusmalari\/\" rel=\"attachment wp-att-12211\">TKDCD Bulu\u015fmalar\u0131<\/a><\/p>\t\t\t\t\t\t\t\t<\/div>\n\t\t\t\t<\/div>\n\t\t\t\t\t<\/div>\n\t\t<\/div>\n\t\t\t\t\t<\/div>\n\t\t<\/section>\n\t\t\t\t<\/div>\n\t\t","protected":false},"excerpt":{"rendered":"<p>1. III.Paland\u00f6ken Anestezi G\u00fcnleri Ulusal Sempozyum 2. Do\u011fu Anadolu Acil T\u0131p G\u00fcnleri 2.TYBD Toplant\u0131s\u0131 7.Paland\u00f6ken Ortopedi G\u00fcnleri Acil M\u00fcdehaleler E\u011fitimi 2018 Avrasya \u00dcroonkoloji Derne\u011fi Multidisipliner \u00dcroonkoloji Toplant\u0131s\u0131 Erzurum ve \u00c7evresinde Tularemi K\u0131\u015f Sempozyumu 2019 K\u0131\u015f Sempozyumu 2019-2 PNL Kursu RIRC Kursu TKDCD Bulu\u015fmalar\u0131<\/p>\n","protected":false},"author":231,"featured_media":0,"parent":0,"menu_order":0,"comment_status":"closed","ping_status":"closed","template":"","meta":{"footnotes":""},"class_list":["post-12186","page","type-page","status-publish","hentry"],"_links":{"self":[{"href":"https:\/\/atauni.edu.tr\/tip-fakultesi\/wp-json\/wp\/v2\/pages\/12186","targetHints":{"allow":["GET"]}}],"collection":[{"href":"https:\/\/atauni.edu.tr\/tip-fakultesi\/wp-json\/wp\/v2\/pages"}],"about":[{"href":"https:\/\/atauni.edu.tr\/tip-fakultesi\/wp-json\/wp\/v2\/types\/page"}],"author":[{"embeddable":true,"href":"https:\/\/atauni.edu.tr\/tip-fakultesi\/wp-json\/wp\/v2\/users\/231"}],"replies":[{"embeddable":true,"href":"https:\/\/atauni.edu.tr\/tip-fakultesi\/wp-json\/wp\/v2\/comments?post=12186"}],"version-history":[{"count":7,"href":"https:\/\/atauni.edu.tr\/tip-fakultesi\/wp-json\/wp\/v2\/pages\/12186\/revisions"}],"predecessor-version":[{"id":12218,"href":"https:\/\/atauni.edu.tr\/tip-fakultesi\/wp-json\/wp\/v2\/pages\/12186\/revisions\/12218"}],"wp:attachment":[{"href":"https:\/\/atauni.edu.tr\/tip-fakultesi\/wp-json\/wp\/v2\/media?parent=12186"}],"curies":[{"name":"wp","href":"https:\/\/api.w.org\/{rel}","templated":true}]}}