{"id":12687,"date":"2023-01-26T11:42:15","date_gmt":"2023-01-26T08:42:15","guid":{"rendered":"https:\/\/birimler.atauni.edu.tr\/tip-fakultesi\/?page_id=12687"},"modified":"2026-03-13T15:39:37","modified_gmt":"2026-03-13T12:39:37","slug":"kurullar-ve-komisyonlar","status":"publish","type":"page","link":"https:\/\/atauni.edu.tr\/tip-fakultesi\/anasayfa1\/fakultemiz\/kurullar-ve-komisyonlar\/","title":{"rendered":"Kurullar ve Komisyonlar"},"content":{"rendered":"\t\t<div data-elementor-type=\"wp-page\" data-elementor-id=\"12687\" class=\"elementor elementor-12687\" data-elementor-post-type=\"page\">\n\t\t\t\t\t\t<section class=\"elementor-section elementor-top-section elementor-element elementor-element-0816568 elementor-section-boxed elementor-section-height-default elementor-section-height-default\" data-id=\"0816568\" data-element_type=\"section\">\n\t\t\t\t\t\t<div class=\"elementor-container elementor-column-gap-default\">\n\t\t\t\t\t<div class=\"elementor-column elementor-col-50 elementor-top-column elementor-element elementor-element-7dc613d\" data-id=\"7dc613d\" data-element_type=\"column\">\n\t\t\t<div class=\"elementor-widget-wrap elementor-element-populated\">\n\t\t\t\t\t\t<div class=\"elementor-element elementor-element-320a3f8 elementor-widget elementor-widget-heading\" data-id=\"320a3f8\" data-element_type=\"widget\" data-widget_type=\"heading.default\">\n\t\t\t\t<div class=\"elementor-widget-container\">\n\t\t\t\t\t<h2 class=\"elementor-heading-title elementor-size-default\">Fak\u00fcltemiz<\/h2>\t\t\t\t<\/div>\n\t\t\t\t<\/div>\n\t\t\t\t<div class=\"elementor-element elementor-element-dea1714 elementor-widget-divider--view-line elementor-widget elementor-widget-divider\" data-id=\"dea1714\" data-element_type=\"widget\" data-widget_type=\"divider.default\">\n\t\t\t\t<div class=\"elementor-widget-container\">\n\t\t\t\t\t\t\t<div class=\"elementor-divider\">\n\t\t\t<span class=\"elementor-divider-separator\">\n\t\t\t\t\t\t<\/span>\n\t\t<\/div>\n\t\t\t\t\t\t<\/div>\n\t\t\t\t<\/div>\n\t\t\t\t<div class=\"elementor-element elementor-element-6824174 elementor-nav-menu__align-start smain elementor-nav-menu--dropdown-tablet elementor-nav-menu__text-align-aside elementor-nav-menu--toggle elementor-nav-menu--burger elementor-widget elementor-widget-nav-menu\" data-id=\"6824174\" data-element_type=\"widget\" data-settings=\"{&quot;layout&quot;:&quot;vertical&quot;,&quot;submenu_icon&quot;:{&quot;value&quot;:&quot;&lt;i class=\\&quot;fas fa-caret-down\\&quot; aria-hidden=\\&quot;true\\&quot;&gt;&lt;\\\/i&gt;&quot;,&quot;library&quot;:&quot;fa-solid&quot;},&quot;toggle&quot;:&quot;burger&quot;}\" data-widget_type=\"nav-menu.default\">\n\t\t\t\t<div class=\"elementor-widget-container\">\n\t\t\t\t\t\t\t\t<nav aria-label=\"Menu\" class=\"elementor-nav-menu--main elementor-nav-menu__container elementor-nav-menu--layout-vertical e--pointer-none\">\n\t\t\t\t<ul id=\"menu-1-6824174\" class=\"elementor-nav-menu sm-vertical\"><li class=\"menu-item menu-item-type-post_type menu-item-object-page menu-item-17216\"><a href=\"https:\/\/atauni.edu.tr\/tip-fakultesi\/anasayfa1\/fakultemiz\/misyon-vizyon-ve-temel-degerler\/\" class=\"elementor-item\">Misyon ve Vizyon<\/a><\/li>\n<li class=\"menu-item menu-item-type-post_type menu-item-object-page menu-item-20524\"><a href=\"https:\/\/atauni.edu.tr\/tip-fakultesi\/anasayfa1\/fakultemiz\/kurmsal-amac-ve-hedefler\/\" class=\"elementor-item\">Ama\u00e7 ve Hedefler<\/a><\/li>\n<li class=\"menu-item menu-item-type-post_type menu-item-object-page menu-item-17217\"><a href=\"https:\/\/atauni.edu.tr\/tip-fakultesi\/anasayfa1\/fakultemiz\/tarihce\/\" class=\"elementor-item\">Tarih\u00e7e<\/a><\/li>\n<li class=\"menu-item menu-item-type-post_type menu-item-object-page menu-item-17218\"><a href=\"https:\/\/atauni.edu.tr\/tip-fakultesi\/anasayfa1\/fakultemiz\/dekanimizdan-mesaj\/\" class=\"elementor-item\">Dekan\u0131m\u0131zdan Mesaj<\/a><\/li>\n<li class=\"menu-item menu-item-type-post_type menu-item-object-page menu-item-17219\"><a href=\"https:\/\/atauni.edu.tr\/tip-fakultesi\/anasayfa1\/fakultemiz\/akademik-yolculugumuz\/\" class=\"elementor-item\">Akademik Yolculu\u011fumuz<\/a><\/li>\n<li class=\"menu-item menu-item-type-post_type menu-item-object-page menu-item-17220\"><a href=\"https:\/\/atauni.edu.tr\/tip-fakultesi\/anasayfa1\/fakultemiz\/yonetim\/\" class=\"elementor-item\">Y\u00f6netim<\/a><\/li>\n<li class=\"menu-item menu-item-type-post_type menu-item-object-page menu-item-17221\"><a href=\"https:\/\/atauni.edu.tr\/tip-fakultesi\/anasayfa1\/fakultemiz\/yetkinlikler-yeterlilikler\/\" class=\"elementor-item\">Yetkinlikler \u2013 Yeterlilikler<\/a><\/li>\n<li class=\"menu-item menu-item-type-post_type menu-item-object-page menu-item-17222\"><a href=\"https:\/\/atauni.edu.tr\/tip-fakultesi\/anasayfa1\/fakultemiz\/kurullar-ve-komisyonlar\/\" class=\"elementor-item\">Kurullar ve Komisyonlar<\/a><\/li>\n<li class=\"menu-item menu-item-type-post_type menu-item-object-page menu-item-17223\"><a href=\"https:\/\/atauni.edu.tr\/tip-fakultesi\/anasayfa1\/fakultemiz\/idari_personel\/\" class=\"elementor-item\">\u0130dari Personel<\/a><\/li>\n<li class=\"menu-item menu-item-type-post_type menu-item-object-page menu-item-17224\"><a href=\"https:\/\/atauni.edu.tr\/tip-fakultesi\/anasayfa1\/fakultemiz\/organizasyon-semasi\/\" class=\"elementor-item\">Organizasyon \u015eemas\u0131<\/a><\/li>\n<li class=\"menu-item menu-item-type-post_type menu-item-object-page menu-item-17225\"><a href=\"https:\/\/atauni.edu.tr\/tip-fakultesi\/anasayfa1\/fakultemiz\/tip-fakultesi-tanitim-filmi\/\" class=\"elementor-item\">Tan\u0131t\u0131m<\/a><\/li>\n<\/ul>\t\t\t<\/nav>\n\t\t\t\t\t<div class=\"elementor-menu-toggle\" role=\"button\" tabindex=\"0\" aria-label=\"Menu Toggle\" aria-expanded=\"false\">\n\t\t\t<i aria-hidden=\"true\" role=\"presentation\" class=\"elementor-menu-toggle__icon--open eicon-menu-bar\"><\/i><i aria-hidden=\"true\" role=\"presentation\" class=\"elementor-menu-toggle__icon--close eicon-close\"><\/i>\t\t<\/div>\n\t\t\t\t\t<nav class=\"elementor-nav-menu--dropdown elementor-nav-menu__container\" aria-hidden=\"true\">\n\t\t\t\t<ul id=\"menu-2-6824174\" class=\"elementor-nav-menu sm-vertical\"><li class=\"menu-item menu-item-type-post_type menu-item-object-page menu-item-17216\"><a href=\"https:\/\/atauni.edu.tr\/tip-fakultesi\/anasayfa1\/fakultemiz\/misyon-vizyon-ve-temel-degerler\/\" class=\"elementor-item\" tabindex=\"-1\">Misyon ve Vizyon<\/a><\/li>\n<li class=\"menu-item menu-item-type-post_type menu-item-object-page menu-item-20524\"><a href=\"https:\/\/atauni.edu.tr\/tip-fakultesi\/anasayfa1\/fakultemiz\/kurmsal-amac-ve-hedefler\/\" class=\"elementor-item\" tabindex=\"-1\">Ama\u00e7 ve Hedefler<\/a><\/li>\n<li class=\"menu-item menu-item-type-post_type menu-item-object-page menu-item-17217\"><a href=\"https:\/\/atauni.edu.tr\/tip-fakultesi\/anasayfa1\/fakultemiz\/tarihce\/\" class=\"elementor-item\" tabindex=\"-1\">Tarih\u00e7e<\/a><\/li>\n<li class=\"menu-item menu-item-type-post_type menu-item-object-page menu-item-17218\"><a href=\"https:\/\/atauni.edu.tr\/tip-fakultesi\/anasayfa1\/fakultemiz\/dekanimizdan-mesaj\/\" class=\"elementor-item\" tabindex=\"-1\">Dekan\u0131m\u0131zdan Mesaj<\/a><\/li>\n<li class=\"menu-item menu-item-type-post_type menu-item-object-page menu-item-17219\"><a href=\"https:\/\/atauni.edu.tr\/tip-fakultesi\/anasayfa1\/fakultemiz\/akademik-yolculugumuz\/\" class=\"elementor-item\" tabindex=\"-1\">Akademik Yolculu\u011fumuz<\/a><\/li>\n<li class=\"menu-item menu-item-type-post_type menu-item-object-page menu-item-17220\"><a href=\"https:\/\/atauni.edu.tr\/tip-fakultesi\/anasayfa1\/fakultemiz\/yonetim\/\" class=\"elementor-item\" tabindex=\"-1\">Y\u00f6netim<\/a><\/li>\n<li class=\"menu-item menu-item-type-post_type menu-item-object-page menu-item-17221\"><a href=\"https:\/\/atauni.edu.tr\/tip-fakultesi\/anasayfa1\/fakultemiz\/yetkinlikler-yeterlilikler\/\" class=\"elementor-item\" tabindex=\"-1\">Yetkinlikler \u2013 Yeterlilikler<\/a><\/li>\n<li class=\"menu-item menu-item-type-post_type menu-item-object-page menu-item-17222\"><a href=\"https:\/\/atauni.edu.tr\/tip-fakultesi\/anasayfa1\/fakultemiz\/kurullar-ve-komisyonlar\/\" class=\"elementor-item\" tabindex=\"-1\">Kurullar ve Komisyonlar<\/a><\/li>\n<li class=\"menu-item menu-item-type-post_type menu-item-object-page menu-item-17223\"><a href=\"https:\/\/atauni.edu.tr\/tip-fakultesi\/anasayfa1\/fakultemiz\/idari_personel\/\" class=\"elementor-item\" tabindex=\"-1\">\u0130dari Personel<\/a><\/li>\n<li class=\"menu-item menu-item-type-post_type menu-item-object-page menu-item-17224\"><a href=\"https:\/\/atauni.edu.tr\/tip-fakultesi\/anasayfa1\/fakultemiz\/organizasyon-semasi\/\" class=\"elementor-item\" tabindex=\"-1\">Organizasyon \u015eemas\u0131<\/a><\/li>\n<li class=\"menu-item menu-item-type-post_type menu-item-object-page menu-item-17225\"><a href=\"https:\/\/atauni.edu.tr\/tip-fakultesi\/anasayfa1\/fakultemiz\/tip-fakultesi-tanitim-filmi\/\" class=\"elementor-item\" tabindex=\"-1\">Tan\u0131t\u0131m<\/a><\/li>\n<\/ul>\t\t\t<\/nav>\n\t\t\t\t\t\t<\/div>\n\t\t\t\t<\/div>\n\t\t\t\t\t<\/div>\n\t\t<\/div>\n\t\t\t\t<div class=\"elementor-column elementor-col-50 elementor-top-column elementor-element elementor-element-b6fc803\" data-id=\"b6fc803\" data-element_type=\"column\">\n\t\t\t<div class=\"elementor-widget-wrap elementor-element-populated\">\n\t\t\t\t\t\t<section class=\"elementor-section elementor-inner-section elementor-element elementor-element-ed0ffeb elementor-section-boxed elementor-section-height-default elementor-section-height-default\" data-id=\"ed0ffeb\" data-element_type=\"section\">\n\t\t\t\t\t\t<div class=\"elementor-container elementor-column-gap-default\">\n\t\t\t\t\t<div class=\"elementor-column elementor-col-100 elementor-inner-column elementor-element elementor-element-ea5683f\" data-id=\"ea5683f\" data-element_type=\"column\">\n\t\t\t<div class=\"elementor-widget-wrap elementor-element-populated\">\n\t\t\t\t\t\t<div class=\"elementor-element elementor-element-ee6d800 elementor-widget elementor-widget-text-editor\" data-id=\"ee6d800\" data-element_type=\"widget\" data-widget_type=\"text-editor.default\">\n\t\t\t\t<div class=\"elementor-widget-container\">\n\t\t\t\t\t\t\t\t\t<h5><strong>Kurullar, Komisyonlar ve Koordinat\u00f6rl\u00fckler<\/strong><\/h5>\t\t\t\t\t\t\t\t<\/div>\n\t\t\t\t<\/div>\n\t\t\t\t\t<\/div>\n\t\t<\/div>\n\t\t\t\t\t<\/div>\n\t\t<\/section>\n\t\t\t\t<section class=\"elementor-section elementor-inner-section elementor-element elementor-element-aedefb8 elementor-section-boxed elementor-section-height-default elementor-section-height-default\" data-id=\"aedefb8\" data-element_type=\"section\">\n\t\t\t\t\t\t<div class=\"elementor-container elementor-column-gap-default\">\n\t\t\t\t\t<div class=\"elementor-column elementor-col-100 elementor-inner-column elementor-element elementor-element-4c69a8d\" data-id=\"4c69a8d\" data-element_type=\"column\">\n\t\t\t<div class=\"elementor-widget-wrap elementor-element-populated\">\n\t\t\t\t\t\t<div class=\"elementor-element elementor-element-83355cb elementor-widget elementor-widget-text-editor\" data-id=\"83355cb\" data-element_type=\"widget\" data-widget_type=\"text-editor.default\">\n\t\t\t\t<div class=\"elementor-widget-container\">\n\t\t\t\t\t\t\t\t\t<h5><span style=\"text-decoration: underline\">Kurullar<\/span><\/h5><p><a href=\"https:\/\/birimler.atauni.edu.tr\/tip-fakultesi\/yonetim-kurulu\/\">&#8211;<span style=\"color: #0000ff;font-family: -apple-system, system-ui, 'Segoe UI', Roboto, 'Helvetica Neue', Arial, 'Noto Sans', sans-serif, 'Apple Color Emoji', 'Segoe UI Emoji', 'Segoe UI Symbol', 'Noto Color Emoji';font-size: 1rem;letter-spacing: 0px\">Fak\u00fclte Y\u00f6netim Kurulu \u00dcyeleri<\/span><\/a><\/p><p><a href=\"https:\/\/birimler.atauni.edu.tr\/tip-fakultesi\/fakulte-kurulu\/\"><span style=\"color: #0000ff;font-family: -apple-system, system-ui, 'Segoe UI', Roboto, 'Helvetica Neue', Arial, 'Noto Sans', sans-serif, 'Apple Color Emoji', 'Segoe UI Emoji', 'Segoe UI Symbol', 'Noto Color Emoji';font-size: 1rem;letter-spacing: 0px\">&#8211;<\/span><span style=\"color: #0000ff;font-family: Roboto, Arial;font-size: 15px;letter-spacing: 0.5px;text-align: center\">Fak\u00fclte Kurulu \u00dcyeleri<\/span><\/a><\/p><p><a href=\"https:\/\/birimler.atauni.edu.tr\/tip-fakultesi\/koordinatorler-kurulu\/\"><span style=\"color: #0000ff;font-family: Roboto, Arial;font-size: 15px;letter-spacing: 0.5px;text-align: center\">-Fak\u00fclte Koordinat\u00f6rler Kurulu<\/span><\/a><\/p><p><a href=\"https:\/\/birimler.atauni.edu.tr\/tip-fakultesi\/akreditasyon-oz-degerlendirme-kurulu\/\"><span style=\"color: #0000ff;font-family: Roboto, Arial;font-size: 15px;letter-spacing: 0.5px;text-align: center\">-Akreditasyon \u00d6z De\u011ferlendirme Kurulu<\/span><\/a><\/p><p><a href=\"https:\/\/birimler.atauni.edu.tr\/tip-fakultesi\/wp-content\/uploads\/sites\/73\/2025\/11\/Ataturk-Universitesi_KAEK_Uye_Listesi_20.03.2025.pdf\"><span style=\"color: #0000ff;font-family: Roboto, Arial;font-size: 15px;letter-spacing: 0.5px;text-align: center\">-Klinik Ara\u015ft\u0131rmalar Etik Kurulu<\/span><\/a><\/p><p><a href=\"https:\/\/atauni.edu.tr\/tip-fakultesi\/wp-content\/uploads\/sites\/73\/2026\/01\/U\u0308ye-Listesi-Giris\u0327imsel-Olmayan-Klinik-Aras\u0327tirmalar-Etik-Kurul-U\u0308ye-LI\u0307stesi-son-aralik-2026.docx\"><span style=\"color: #0000ff;font-family: Roboto, Arial;font-size: 15px;letter-spacing: 0.5px;text-align: center\">-Giri\u015fimsel Olmayan Klinik Ara\u015ft\u0131rmalar Etik Kurulu<\/span><\/a><\/p>\t\t\t\t\t\t\t\t<\/div>\n\t\t\t\t<\/div>\n\t\t\t\t\t<\/div>\n\t\t<\/div>\n\t\t\t\t\t<\/div>\n\t\t<\/section>\n\t\t\t\t<section class=\"elementor-section elementor-inner-section elementor-element elementor-element-777d498 elementor-section-boxed elementor-section-height-default elementor-section-height-default\" data-id=\"777d498\" data-element_type=\"section\">\n\t\t\t\t\t\t<div class=\"elementor-container elementor-column-gap-default\">\n\t\t\t\t\t<div class=\"elementor-column elementor-col-100 elementor-inner-column elementor-element elementor-element-a72621b\" data-id=\"a72621b\" data-element_type=\"column\">\n\t\t\t<div class=\"elementor-widget-wrap elementor-element-populated\">\n\t\t\t\t\t\t<div class=\"elementor-element elementor-element-77226f3 elementor-widget elementor-widget-text-editor\" data-id=\"77226f3\" data-element_type=\"widget\" data-widget_type=\"text-editor.default\">\n\t\t\t\t<div class=\"elementor-widget-container\">\n\t\t\t\t\t\t\t\t\t<h5><span style=\"text-decoration: underline\">Komisyonlar<\/span><\/h5><p><a href=\"https:\/\/birimler.atauni.edu.tr\/tip-fakultesi\/egitim-ogretim-komisyonu\/\">&#8211;<span style=\"color: #0000ff;font-family: -apple-system, system-ui, 'Segoe UI', Roboto, 'Helvetica Neue', Arial, 'Noto Sans', sans-serif, 'Apple Color Emoji', 'Segoe UI Emoji', 'Segoe UI Symbol', 'Noto Color Emoji';font-size: 1rem;letter-spacing: 0px\">Fak\u00fclte E\u011fitim \u00d6\u011fretim Komisyonu<\/span><\/a><\/p><p><a href=\"https:\/\/birimler.atauni.edu.tr\/tip-fakultesi\/olcme-ve-degerlendirme-komisyonu\/\"><span style=\"color: #0000ff;font-family: -apple-system, system-ui, 'Segoe UI', Roboto, 'Helvetica Neue', Arial, 'Noto Sans', sans-serif, 'Apple Color Emoji', 'Segoe UI Emoji', 'Segoe UI Symbol', 'Noto Color Emoji';font-size: 1rem;letter-spacing: 0px\">-Mezuniyet \u00d6ncesi \u00d6l\u00e7me ve De\u011ferlendirme Komisyonu<\/span><\/a><\/p><p><a href=\"https:\/\/birimler.atauni.edu.tr\/tip-fakultesi\/program-degerlendirme-ve-mufredat-komisyonu\"><span style=\"color: #0000ff;font-family: -apple-system, system-ui, 'Segoe UI', Roboto, 'Helvetica Neue', Arial, 'Noto Sans', sans-serif, 'Apple Color Emoji', 'Segoe UI Emoji', 'Segoe UI Symbol', 'Noto Color Emoji';font-size: 1rem;letter-spacing: 0px\">-Mezuniyet \u00d6ncesi Program De\u011ferlendirme ve M\u00fcfredat Geli\u015ftirme Komisyonu<\/span><\/a><\/p><p><a href=\"https:\/\/birimler.atauni.edu.tr\/tip-fakultesi\/anasayfa1\/fakultemiz\/kurullar-ve-komisyonlar\/surekli-tip-egitimi-komisyonu\/\"><span style=\"color: #0000ff;font-family: -apple-system, system-ui, 'Segoe UI', Roboto, 'Helvetica Neue', Arial, 'Noto Sans', sans-serif, 'Apple Color Emoji', 'Segoe UI Emoji', 'Segoe UI Symbol', 'Noto Color Emoji';font-size: 1rem;letter-spacing: 0px\">-S\u00fcrekli T\u0131p E\u011fitimi Komisyonu<\/span><\/a><\/p><p><a href=\"https:\/\/birimler.atauni.edu.tr\/tip-fakultesi\/anasayfa1\/fakultemiz\/kurullar-ve-komisyonlar\/sosyal-sorumluluk-ve-toplumsal-katki-projeleri-komisyonu\/\"><span style=\"color: #0000ff;font-family: -apple-system, system-ui, 'Segoe UI', Roboto, 'Helvetica Neue', Arial, 'Noto Sans', sans-serif, 'Apple Color Emoji', 'Segoe UI Emoji', 'Segoe UI Symbol', 'Noto Color Emoji';font-size: 1rem;letter-spacing: 0px\">-Sosyal Sorumluluk ve Toplumsal Katk\u0131 Projeleri Komisyonu<\/span><\/a><\/p><p><a href=\"https:\/\/birimler.atauni.edu.tr\/tip-fakultesi\/anasayfa1\/fakultemiz\/kurullar-ve-komisyonlar\/ogrenci-burs-ve-rehberlik-hizmetleri-komisyonu\/\"><span style=\"color: #0000ff;font-family: -apple-system, system-ui, 'Segoe UI', Roboto, 'Helvetica Neue', Arial, 'Noto Sans', sans-serif, 'Apple Color Emoji', 'Segoe UI Emoji', 'Segoe UI Symbol', 'Noto Color Emoji';font-size: 1rem;letter-spacing: 0px\">-\u00d6\u011frenci Burs ve Rehberlik Hizmetleri Komisyonu<\/span><\/a><\/p><p><a href=\"https:\/\/birimler.atauni.edu.tr\/tip-fakultesi\/anasayfa1\/fakultemiz\/kurullar-ve-komisyonlar\/tip-egitimi-ogrenci-komisyonu\/\"><span style=\"color: #0000ff;font-family: -apple-system, system-ui, 'Segoe UI', Roboto, 'Helvetica Neue', Arial, 'Noto Sans', sans-serif, 'Apple Color Emoji', 'Segoe UI Emoji', 'Segoe UI Symbol', 'Noto Color Emoji';font-size: 1rem;letter-spacing: 0px\">-T\u0131p E\u011fitimi \u00d6\u011frenci Komisyonu<\/span><\/a><\/p><p><a href=\"https:\/\/birimler.atauni.edu.tr\/tip-fakultesi\/anasayfa1\/fakultemiz\/kurullar-ve-komisyonlar\/uluslararasilasma-ve-arastirma-isbirligi-komisyonu\/\"><span style=\"color: #0000ff;font-family: -apple-system, system-ui, 'Segoe UI', Roboto, 'Helvetica Neue', Arial, 'Noto Sans', sans-serif, 'Apple Color Emoji', 'Segoe UI Emoji', 'Segoe UI Symbol', 'Noto Color Emoji';font-size: 1rem;letter-spacing: 0px\">-Uluslararas\u0131la\u015fma ve Ara\u015ft\u0131rma \u0130\u015fbirli\u011fi Komisyonu<\/span><\/a><\/p><p><a href=\"https:\/\/birimler.atauni.edu.tr\/tip-fakultesi\/anasayfa1\/fakultemiz\/kurullar-ve-komisyonlar\/tipta-uzmanlik-tez-odulu-basvuru-ve-degerlendirme-komisyonu\/\"><span style=\"color: #0000ff;font-family: -apple-system, system-ui, 'Segoe UI', Roboto, 'Helvetica Neue', Arial, 'Noto Sans', sans-serif, 'Apple Color Emoji', 'Segoe UI Emoji', 'Segoe UI Symbol', 'Noto Color Emoji';font-size: 1rem;letter-spacing: 0px\">-T\u0131pta Uzmanl\u0131k Tez \u00d6d\u00fcl\u00fc Ba\u015fvuru ve De\u011ferlendirme Komisyonu<\/span><\/a><\/p>\t\t\t\t\t\t\t\t<\/div>\n\t\t\t\t<\/div>\n\t\t\t\t\t<\/div>\n\t\t<\/div>\n\t\t\t\t\t<\/div>\n\t\t<\/section>\n\t\t\t\t<section class=\"elementor-section elementor-inner-section elementor-element elementor-element-771776f elementor-section-boxed elementor-section-height-default elementor-section-height-default\" data-id=\"771776f\" data-element_type=\"section\">\n\t\t\t\t\t\t<div class=\"elementor-container elementor-column-gap-default\">\n\t\t\t\t\t<div class=\"elementor-column elementor-col-100 elementor-inner-column elementor-element elementor-element-7bdce45\" data-id=\"7bdce45\" data-element_type=\"column\">\n\t\t\t<div class=\"elementor-widget-wrap elementor-element-populated\">\n\t\t\t\t\t\t<div class=\"elementor-element elementor-element-2689325 elementor-widget elementor-widget-text-editor\" data-id=\"2689325\" data-element_type=\"widget\" data-widget_type=\"text-editor.default\">\n\t\t\t\t<div class=\"elementor-widget-container\">\n\t\t\t\t\t\t\t\t\t<h5><span style=\"text-decoration: underline\">Koordinat\u00f6rl\u00fckler<\/span><\/h5><p><a href=\"https:\/\/birimler.atauni.edu.tr\/tip-fakultesi\/anasayfa1\/fakultemiz\/kurullar-ve-komisyonlar\/egitim-ogretim-koordinatorlugu\/\">&#8211;<span style=\"color: #0000ff;font-family: -apple-system, system-ui, 'Segoe UI', Roboto, 'Helvetica Neue', Arial, 'Noto Sans', sans-serif, 'Apple Color Emoji', 'Segoe UI Emoji', 'Segoe UI Symbol', 'Noto Color Emoji';font-size: 1rem;letter-spacing: 0px\">Fak\u00fclte <\/span><span style=\"color: #0000ff;font-family: -apple-system, system-ui, 'Segoe UI', Roboto, 'Helvetica Neue', Arial, 'Noto Sans', sans-serif, 'Apple Color Emoji', 'Segoe UI Emoji', 'Segoe UI Symbol', 'Noto Color Emoji';font-size: 1rem;letter-spacing: 0px\">E\u011fitim \u00d6\u011fretim Koordinat\u00f6rl\u00fc\u011f\u00fc<\/span><\/a><\/p>\t\t\t\t\t\t\t\t<\/div>\n\t\t\t\t<\/div>\n\t\t\t\t\t<\/div>\n\t\t<\/div>\n\t\t\t\t\t<\/div>\n\t\t<\/section>\n\t\t\t\t<section class=\"elementor-section elementor-inner-section elementor-element elementor-element-3d66c83 elementor-section-boxed elementor-section-height-default elementor-section-height-default\" data-id=\"3d66c83\" data-element_type=\"section\">\n\t\t\t\t\t\t<div class=\"elementor-container elementor-column-gap-default\">\n\t\t\t\t\t<div class=\"elementor-column elementor-col-100 elementor-inner-column elementor-element elementor-element-9106ca9\" data-id=\"9106ca9\" data-element_type=\"column\">\n\t\t\t<div class=\"elementor-widget-wrap elementor-element-populated\">\n\t\t\t\t\t\t<div class=\"elementor-element elementor-element-4de303c elementor-widget elementor-widget-text-editor\" data-id=\"4de303c\" data-element_type=\"widget\" data-widget_type=\"text-editor.default\">\n\t\t\t\t<div class=\"elementor-widget-container\">\n\t\t\t\t\t\t\t\t\t<h5><span style=\"text-decoration: underline\">Temsilcilikler<\/span><\/h5><p><a href=\"https:\/\/birimler.atauni.edu.tr\/tip-fakultesi\/anasayfa1\/fakultemiz\/kurullar-ve-komisyonlar\/sinif-temsilcileri\/\"><span style=\"color: #0000ff;font-family: -apple-system, system-ui, 'Segoe UI', Roboto, 'Helvetica Neue', Arial, 'Noto Sans', sans-serif, 'Apple Color Emoji', 'Segoe UI Emoji', 'Segoe UI Symbol', 'Noto Color Emoji';font-size: 1rem;letter-spacing: 0px\">-S\u0131n\u0131f Temsilcileri<\/span><\/a><\/p>\t\t\t\t\t\t\t\t<\/div>\n\t\t\t\t<\/div>\n\t\t\t\t\t<\/div>\n\t\t<\/div>\n\t\t\t\t\t<\/div>\n\t\t<\/section>\n\t\t\t\t\t<\/div>\n\t\t<\/div>\n\t\t\t\t\t<\/div>\n\t\t<\/section>\n\t\t\t\t<section class=\"elementor-section elementor-top-section elementor-element elementor-element-9cb2bdf elementor-section-boxed elementor-section-height-default elementor-section-height-default\" data-id=\"9cb2bdf\" data-element_type=\"section\">\n\t\t\t\t\t\t<div class=\"elementor-container elementor-column-gap-default\">\n\t\t\t\t\t<div class=\"elementor-column elementor-col-100 elementor-top-column elementor-element elementor-element-a13f06e\" data-id=\"a13f06e\" data-element_type=\"column\">\n\t\t\t<div class=\"elementor-widget-wrap elementor-element-populated\">\n\t\t\t\t\t\t<div class=\"elementor-element elementor-element-637a3aa elementor-widget elementor-widget-spacer\" data-id=\"637a3aa\" data-element_type=\"widget\" data-widget_type=\"spacer.default\">\n\t\t\t\t<div class=\"elementor-widget-container\">\n\t\t\t\t\t\t\t<div class=\"elementor-spacer\">\n\t\t\t<div class=\"elementor-spacer-inner\"><\/div>\n\t\t<\/div>\n\t\t\t\t\t\t<\/div>\n\t\t\t\t<\/div>\n\t\t\t\t\t<\/div>\n\t\t<\/div>\n\t\t\t\t\t<\/div>\n\t\t<\/section>\n\t\t\t\t<\/div>\n\t\t","protected":false},"excerpt":{"rendered":"<p>Fak\u00fcltemiz Kurullar, Komisyonlar ve Koordinat\u00f6rl\u00fckler Kurullar -Fak\u00fclte Y\u00f6netim Kurulu \u00dcyeleri -Fak\u00fclte Kurulu \u00dcyeleri -Fak\u00fclte Koordinat\u00f6rler Kurulu -Akreditasyon \u00d6z De\u011ferlendirme Kurulu -Klinik Ara\u015ft\u0131rmalar Etik Kurulu -Giri\u015fimsel Olmayan Klinik Ara\u015ft\u0131rmalar Etik Kurulu Komisyonlar -Fak\u00fclte E\u011fitim \u00d6\u011fretim Komisyonu -Mezuniyet \u00d6ncesi \u00d6l\u00e7me ve De\u011ferlendirme Komisyonu -Mezuniyet \u00d6ncesi Program De\u011ferlendirme ve M\u00fcfredat Geli\u015ftirme Komisyonu -S\u00fcrekli T\u0131p E\u011fitimi Komisyonu -Sosyal Sorumluluk [&hellip;]<\/p>\n","protected":false},"author":62,"featured_media":0,"parent":17740,"menu_order":0,"comment_status":"closed","ping_status":"closed","template":"elementor_header_footer","meta":{"footnotes":""},"class_list":["post-12687","page","type-page","status-publish","hentry"],"_links":{"self":[{"href":"https:\/\/atauni.edu.tr\/tip-fakultesi\/wp-json\/wp\/v2\/pages\/12687","targetHints":{"allow":["GET"]}}],"collection":[{"href":"https:\/\/atauni.edu.tr\/tip-fakultesi\/wp-json\/wp\/v2\/pages"}],"about":[{"href":"https:\/\/atauni.edu.tr\/tip-fakultesi\/wp-json\/wp\/v2\/types\/page"}],"author":[{"embeddable":true,"href":"https:\/\/atauni.edu.tr\/tip-fakultesi\/wp-json\/wp\/v2\/users\/62"}],"replies":[{"embeddable":true,"href":"https:\/\/atauni.edu.tr\/tip-fakultesi\/wp-json\/wp\/v2\/comments?post=12687"}],"version-history":[{"count":83,"href":"https:\/\/atauni.edu.tr\/tip-fakultesi\/wp-json\/wp\/v2\/pages\/12687\/revisions"}],"predecessor-version":[{"id":20630,"href":"https:\/\/atauni.edu.tr\/tip-fakultesi\/wp-json\/wp\/v2\/pages\/12687\/revisions\/20630"}],"up":[{"embeddable":true,"href":"https:\/\/atauni.edu.tr\/tip-fakultesi\/wp-json\/wp\/v2\/pages\/17740"}],"wp:attachment":[{"href":"https:\/\/atauni.edu.tr\/tip-fakultesi\/wp-json\/wp\/v2\/media?parent=12687"}],"curies":[{"name":"wp","href":"https:\/\/api.w.org\/{rel}","templated":true}]}}