{"id":12929,"date":"2023-02-28T14:11:15","date_gmt":"2023-02-28T11:11:15","guid":{"rendered":"https:\/\/birimler.atauni.edu.tr\/tip-fakultesi\/?page_id=12929"},"modified":"2025-07-31T11:30:07","modified_gmt":"2025-07-31T08:30:07","slug":"uzmanlarimiz","status":"publish","type":"page","link":"https:\/\/atauni.edu.tr\/tip-fakultesi\/uzmanlarimiz\/","title":{"rendered":"Uzmanlar\u0131m\u0131z"},"content":{"rendered":"\t\t<div data-elementor-type=\"wp-page\" data-elementor-id=\"12929\" class=\"elementor elementor-12929\" data-elementor-post-type=\"page\">\n\t\t\t\t\t\t<section class=\"elementor-section elementor-top-section elementor-element elementor-element-8de20c3 elementor-section-boxed elementor-section-height-default elementor-section-height-default\" data-id=\"8de20c3\" data-element_type=\"section\">\n\t\t\t\t\t\t<div class=\"elementor-container elementor-column-gap-default\">\n\t\t\t\t\t<div class=\"elementor-column elementor-col-100 elementor-top-column elementor-element elementor-element-e78e998\" data-id=\"e78e998\" data-element_type=\"column\">\n\t\t\t<div class=\"elementor-widget-wrap elementor-element-populated\">\n\t\t\t\t\t\t<div class=\"elementor-element elementor-element-50bc669 elementor-widget elementor-widget-text-editor\" data-id=\"50bc669\" data-element_type=\"widget\" data-widget_type=\"text-editor.default\">\n\t\t\t\t<div class=\"elementor-widget-container\">\n\t\t\t\t\t\t\t\t\t<p><em><span style=\"color: #000000\">D\u00fcnden Bug\u00fcne Uzmanlar\u0131m\u0131z&#8230;\u00a0 <\/span><br \/><span style=\"color: #000000\">Son g\u00fcncelleme tarihi <span style=\"text-decoration: underline\">30.07.2025<\/span> \u0130ndirmek i\u00e7in<\/span> <a href=\"https:\/\/birimler.atauni.edu.tr\/tip-fakultesi\/wp-content\/uploads\/sites\/73\/2025\/07\/Uzmanlik-Egitimini-Tamamlayanlar-30072025.pdf\"><span style=\"text-decoration: underline\"><strong>t\u0131klay\u0131n\u0131z<\/strong><\/span><\/a><\/em><\/p>\t\t\t\t\t\t\t\t<\/div>\n\t\t\t\t<\/div>\n\t\t\t\t\t<\/div>\n\t\t<\/div>\n\t\t\t\t\t<\/div>\n\t\t<\/section>\n\t\t\t\t<section class=\"elementor-section elementor-top-section elementor-element elementor-element-e382c29 elementor-section-boxed elementor-section-height-default elementor-section-height-default\" data-id=\"e382c29\" data-element_type=\"section\">\n\t\t\t\t\t\t<div class=\"elementor-container elementor-column-gap-default\">\n\t\t\t\t\t<div class=\"elementor-column elementor-col-100 elementor-top-column elementor-element elementor-element-ebc10eb\" data-id=\"ebc10eb\" data-element_type=\"column\">\n\t\t\t<div class=\"elementor-widget-wrap elementor-element-populated\">\n\t\t\t\t\t\t<div class=\"elementor-element elementor-element-da18f12 elementor-widget elementor-widget-pdf_viewer\" data-id=\"da18f12\" data-element_type=\"widget\" data-widget_type=\"pdf_viewer.default\">\n\t\t\t\t<div class=\"elementor-widget-container\">\n\t\t\t\t\t<iframe src=\"https:\/\/docs.google.com\/viewer?url=http:\/\/birimler.atauni.edu.tr\/tip-fakultesi\/wp-content\/uploads\/sites\/73\/2025\/07\/Uzmanlik-Egitimini-Tamamlayanlar-30072025.pdf&amp;embedded=true\" style=\"display: block; margin-left: auto; margin-right: auto; width: 640px; height: 1020px;\" frameborder=\"1\" marginheight=\"0px\" marginwidth=\"0px\" allowfullscreen><\/iframe>\t\t\t\t<\/div>\n\t\t\t\t<\/div>\n\t\t\t\t\t<\/div>\n\t\t<\/div>\n\t\t\t\t\t<\/div>\n\t\t<\/section>\n\t\t\t\t<\/div>\n\t\t","protected":false},"excerpt":{"rendered":"<p>D\u00fcnden Bug\u00fcne Uzmanlar\u0131m\u0131z&#8230;\u00a0 Son g\u00fcncelleme tarihi 30.07.2025 \u0130ndirmek i\u00e7in t\u0131klay\u0131n\u0131z<\/p>\n","protected":false},"author":62,"featured_media":0,"parent":0,"menu_order":0,"comment_status":"closed","ping_status":"closed","template":"","meta":{"footnotes":""},"class_list":["post-12929","page","type-page","status-publish","hentry"],"_links":{"self":[{"href":"https:\/\/atauni.edu.tr\/tip-fakultesi\/wp-json\/wp\/v2\/pages\/12929","targetHints":{"allow":["GET"]}}],"collection":[{"href":"https:\/\/atauni.edu.tr\/tip-fakultesi\/wp-json\/wp\/v2\/pages"}],"about":[{"href":"https:\/\/atauni.edu.tr\/tip-fakultesi\/wp-json\/wp\/v2\/types\/page"}],"author":[{"embeddable":true,"href":"https:\/\/atauni.edu.tr\/tip-fakultesi\/wp-json\/wp\/v2\/users\/62"}],"replies":[{"embeddable":true,"href":"https:\/\/atauni.edu.tr\/tip-fakultesi\/wp-json\/wp\/v2\/comments?post=12929"}],"version-history":[{"count":28,"href":"https:\/\/atauni.edu.tr\/tip-fakultesi\/wp-json\/wp\/v2\/pages\/12929\/revisions"}],"predecessor-version":[{"id":16693,"href":"https:\/\/atauni.edu.tr\/tip-fakultesi\/wp-json\/wp\/v2\/pages\/12929\/revisions\/16693"}],"wp:attachment":[{"href":"https:\/\/atauni.edu.tr\/tip-fakultesi\/wp-json\/wp\/v2\/media?parent=12929"}],"curies":[{"name":"wp","href":"https:\/\/api.w.org\/{rel}","templated":true}]}}