{"id":13732,"date":"2024-01-22T15:06:28","date_gmt":"2024-01-22T12:06:28","guid":{"rendered":"https:\/\/birimler.atauni.edu.tr\/tip-fakultesi\/?page_id=13732"},"modified":"2025-11-11T14:30:26","modified_gmt":"2025-11-11T11:30:26","slug":"beyaz","status":"publish","type":"page","link":"https:\/\/atauni.edu.tr\/tip-fakultesi\/beyaz\/","title":{"rendered":"Beyaz \u00d6nl\u00fckl\u00fcler Kul\u00fcb\u00fc"},"content":{"rendered":"\t\t<div data-elementor-type=\"wp-page\" data-elementor-id=\"13732\" class=\"elementor elementor-13732\" data-elementor-post-type=\"page\">\n\t\t\t\t\t\t<section class=\"elementor-section elementor-top-section elementor-element elementor-element-3e91bd5 elementor-section-boxed elementor-section-height-default elementor-section-height-default\" data-id=\"3e91bd5\" data-element_type=\"section\">\n\t\t\t\t\t\t<div class=\"elementor-container elementor-column-gap-default\">\n\t\t\t\t\t<div class=\"elementor-column elementor-col-100 elementor-top-column elementor-element elementor-element-8272b38\" data-id=\"8272b38\" data-element_type=\"column\">\n\t\t\t<div class=\"elementor-widget-wrap elementor-element-populated\">\n\t\t\t\t\t\t<div class=\"elementor-element elementor-element-13f55a4 elementor-tabs-view-vertical elementor-widget elementor-widget-tabs\" data-id=\"13f55a4\" data-element_type=\"widget\" data-widget_type=\"tabs.default\">\n\t\t\t\t<div class=\"elementor-widget-container\">\n\t\t\t\t\t\t\t<div class=\"elementor-tabs\">\n\t\t\t<div class=\"elementor-tabs-wrapper\" role=\"tablist\" >\n\t\t\t\t\t\t\t\t\t<div id=\"elementor-tab-title-2091\" class=\"elementor-tab-title elementor-tab-desktop-title\" aria-selected=\"true\" data-tab=\"1\" role=\"tab\" tabindex=\"0\" aria-controls=\"elementor-tab-content-2091\" aria-expanded=\"false\">Kul\u00fcp Y\u00f6netimi<\/div>\n\t\t\t\t\t\t\t\t\t<div id=\"elementor-tab-title-2092\" class=\"elementor-tab-title elementor-tab-desktop-title\" aria-selected=\"false\" data-tab=\"2\" role=\"tab\" tabindex=\"-1\" aria-controls=\"elementor-tab-content-2092\" aria-expanded=\"false\">Vizyon ve Misyon<\/div>\n\t\t\t\t\t\t\t\t\t<div id=\"elementor-tab-title-2093\" class=\"elementor-tab-title elementor-tab-desktop-title\" aria-selected=\"false\" data-tab=\"3\" role=\"tab\" tabindex=\"-1\" aria-controls=\"elementor-tab-content-2093\" aria-expanded=\"false\">Faaliyet ve Etkinlikler<\/div>\n\t\t\t\t\t\t\t\t\t<div id=\"elementor-tab-title-2094\" class=\"elementor-tab-title elementor-tab-desktop-title\" aria-selected=\"false\" data-tab=\"4\" role=\"tab\" tabindex=\"-1\" aria-controls=\"elementor-tab-content-2094\" aria-expanded=\"false\">Bilimsel \u00c7al\u0131\u015fmalar<\/div>\n\t\t\t\t\t\t\t\t\t<div id=\"elementor-tab-title-2095\" class=\"elementor-tab-title elementor-tab-desktop-title\" aria-selected=\"false\" data-tab=\"5\" role=\"tab\" tabindex=\"-1\" aria-controls=\"elementor-tab-content-2095\" aria-expanded=\"false\">\u0130leti\u015fim<\/div>\n\t\t\t\t\t\t\t<\/div>\n\t\t\t<div class=\"elementor-tabs-content-wrapper\" role=\"tablist\" aria-orientation=\"vertical\">\n\t\t\t\t\t\t\t\t\t<div class=\"elementor-tab-title elementor-tab-mobile-title\" aria-selected=\"true\" data-tab=\"1\" role=\"tab\" tabindex=\"0\" aria-controls=\"elementor-tab-content-2091\" aria-expanded=\"false\">Kul\u00fcp Y\u00f6netimi<\/div>\n\t\t\t\t\t<div id=\"elementor-tab-content-2091\" class=\"elementor-tab-content elementor-clearfix\" data-tab=\"1\" role=\"tabpanel\" aria-labelledby=\"elementor-tab-title-2091\" tabindex=\"0\" hidden=\"false\"><p style=\"text-align: center\"><strong><span style=\"color: #003366\">Akademik Dan\u0131\u015fman<\/span><\/strong>\n<span style=\"color: #333333\">Dr. \u00d6\u011fr. \u00dcyesi Mehmet Akif NAS<\/span><\/p>\n<p style=\"text-align: center\"><span style=\"color: #993366\"><span style=\"font-weight: bolder\">Kul\u00fcp Ba\u015fkan\u0131<\/span><\/span>\n<span style=\"color: #333333\">Hilal UY\u011eUR<\/span><\/p>\n<p style=\"text-align: center\"><span style=\"color: #993366\"><span style=\"font-weight: bolder\">Ba\u015fkan Yard\u0131mc\u0131s\u0131<\/span><\/span>\n<span style=\"color: #333333\">Beng\u00fcsu POLAT<\/span><\/p><\/div>\n\t\t\t\t\t\t\t\t\t<div class=\"elementor-tab-title elementor-tab-mobile-title\" aria-selected=\"false\" data-tab=\"2\" role=\"tab\" tabindex=\"-1\" aria-controls=\"elementor-tab-content-2092\" aria-expanded=\"false\">Vizyon ve Misyon<\/div>\n\t\t\t\t\t<div id=\"elementor-tab-content-2092\" class=\"elementor-tab-content elementor-clearfix\" data-tab=\"2\" role=\"tabpanel\" aria-labelledby=\"elementor-tab-title-2092\" tabindex=\"0\" hidden=\"hidden\"><\/div>\n\t\t\t\t\t\t\t\t\t<div class=\"elementor-tab-title elementor-tab-mobile-title\" aria-selected=\"false\" data-tab=\"3\" role=\"tab\" tabindex=\"-1\" aria-controls=\"elementor-tab-content-2093\" aria-expanded=\"false\">Faaliyet ve Etkinlikler<\/div>\n\t\t\t\t\t<div id=\"elementor-tab-content-2093\" class=\"elementor-tab-content elementor-clearfix\" data-tab=\"3\" role=\"tabpanel\" aria-labelledby=\"elementor-tab-title-2093\" tabindex=\"0\" hidden=\"hidden\"><\/div>\n\t\t\t\t\t\t\t\t\t<div class=\"elementor-tab-title elementor-tab-mobile-title\" aria-selected=\"false\" data-tab=\"4\" role=\"tab\" tabindex=\"-1\" aria-controls=\"elementor-tab-content-2094\" aria-expanded=\"false\">Bilimsel \u00c7al\u0131\u015fmalar<\/div>\n\t\t\t\t\t<div id=\"elementor-tab-content-2094\" class=\"elementor-tab-content elementor-clearfix\" data-tab=\"4\" role=\"tabpanel\" aria-labelledby=\"elementor-tab-title-2094\" tabindex=\"0\" hidden=\"hidden\"><\/div>\n\t\t\t\t\t\t\t\t\t<div class=\"elementor-tab-title elementor-tab-mobile-title\" aria-selected=\"false\" data-tab=\"5\" role=\"tab\" tabindex=\"-1\" aria-controls=\"elementor-tab-content-2095\" aria-expanded=\"false\">\u0130leti\u015fim<\/div>\n\t\t\t\t\t<div id=\"elementor-tab-content-2095\" class=\"elementor-tab-content elementor-clearfix\" data-tab=\"5\" role=\"tabpanel\" aria-labelledby=\"elementor-tab-title-2095\" tabindex=\"0\" hidden=\"hidden\"><\/div>\n\t\t\t\t\t\t\t<\/div>\n\t\t<\/div>\n\t\t\t\t\t\t<\/div>\n\t\t\t\t<\/div>\n\t\t\t\t\t<\/div>\n\t\t<\/div>\n\t\t\t\t\t<\/div>\n\t\t<\/section>\n\t\t\t\t<\/div>\n\t\t","protected":false},"excerpt":{"rendered":"<p>Kul\u00fcp Y\u00f6netimi Vizyon ve Misyon Faaliyet ve Etkinlikler Bilimsel \u00c7al\u0131\u015fmalar \u0130leti\u015fim Kul\u00fcp Y\u00f6netimi Akademik Dan\u0131\u015fman Dr. \u00d6\u011fr. \u00dcyesi Mehmet Akif NAS Kul\u00fcp Ba\u015fkan\u0131 Hilal UY\u011eUR Ba\u015fkan Yard\u0131mc\u0131s\u0131 Beng\u00fcsu POLAT Vizyon ve Misyon Faaliyet ve Etkinlikler Bilimsel \u00c7al\u0131\u015fmalar \u0130leti\u015fim<\/p>\n","protected":false},"author":62,"featured_media":0,"parent":0,"menu_order":0,"comment_status":"closed","ping_status":"closed","template":"","meta":{"footnotes":""},"class_list":["post-13732","page","type-page","status-publish","hentry"],"_links":{"self":[{"href":"https:\/\/atauni.edu.tr\/tip-fakultesi\/wp-json\/wp\/v2\/pages\/13732","targetHints":{"allow":["GET"]}}],"collection":[{"href":"https:\/\/atauni.edu.tr\/tip-fakultesi\/wp-json\/wp\/v2\/pages"}],"about":[{"href":"https:\/\/atauni.edu.tr\/tip-fakultesi\/wp-json\/wp\/v2\/types\/page"}],"author":[{"embeddable":true,"href":"https:\/\/atauni.edu.tr\/tip-fakultesi\/wp-json\/wp\/v2\/users\/62"}],"replies":[{"embeddable":true,"href":"https:\/\/atauni.edu.tr\/tip-fakultesi\/wp-json\/wp\/v2\/comments?post=13732"}],"version-history":[{"count":8,"href":"https:\/\/atauni.edu.tr\/tip-fakultesi\/wp-json\/wp\/v2\/pages\/13732\/revisions"}],"predecessor-version":[{"id":18252,"href":"https:\/\/atauni.edu.tr\/tip-fakultesi\/wp-json\/wp\/v2\/pages\/13732\/revisions\/18252"}],"wp:attachment":[{"href":"https:\/\/atauni.edu.tr\/tip-fakultesi\/wp-json\/wp\/v2\/media?parent=13732"}],"curies":[{"name":"wp","href":"https:\/\/api.w.org\/{rel}","templated":true}]}}