{"id":13877,"date":"2024-01-24T08:22:06","date_gmt":"2024-01-24T05:22:06","guid":{"rendered":"https:\/\/birimler.atauni.edu.tr\/tip-fakultesi\/?page_id=13877"},"modified":"2024-10-03T13:57:58","modified_gmt":"2024-10-03T10:57:58","slug":"history","status":"publish","type":"page","link":"https:\/\/atauni.edu.tr\/tip-fakultesi\/en\/history\/","title":{"rendered":"History"},"content":{"rendered":"\t\t<div data-elementor-type=\"wp-page\" data-elementor-id=\"13877\" class=\"elementor elementor-13877\" data-elementor-post-type=\"page\">\n\t\t\t\t\t\t<section class=\"elementor-section elementor-top-section elementor-element elementor-element-46c2cb5d elementor-section-boxed elementor-section-height-default elementor-section-height-default\" data-id=\"46c2cb5d\" data-element_type=\"section\">\n\t\t\t\t\t\t<div class=\"elementor-container elementor-column-gap-default\">\n\t\t\t\t\t<div class=\"elementor-column elementor-col-100 elementor-top-column elementor-element elementor-element-299813e7\" data-id=\"299813e7\" data-element_type=\"column\">\n\t\t\t<div class=\"elementor-widget-wrap elementor-element-populated\">\n\t\t\t\t\t\t<div class=\"elementor-element elementor-element-3ec495a9 elementor-widget elementor-widget-heading\" data-id=\"3ec495a9\" data-element_type=\"widget\" data-widget_type=\"heading.default\">\n\t\t\t\t<div class=\"elementor-widget-container\">\n\t\t\t\t\t<h2 class=\"elementor-heading-title elementor-size-default\">History<\/h2>\t\t\t\t<\/div>\n\t\t\t\t<\/div>\n\t\t\t\t<div class=\"elementor-element elementor-element-2092e3b3 elementor-widget-divider--view-line elementor-widget elementor-widget-divider\" data-id=\"2092e3b3\" data-element_type=\"widget\" data-widget_type=\"divider.default\">\n\t\t\t\t<div class=\"elementor-widget-container\">\n\t\t\t\t\t\t\t<div class=\"elementor-divider\">\n\t\t\t<span class=\"elementor-divider-separator\">\n\t\t\t\t\t\t<\/span>\n\t\t<\/div>\n\t\t\t\t\t\t<\/div>\n\t\t\t\t<\/div>\n\t\t\t\t\t<\/div>\n\t\t<\/div>\n\t\t\t\t\t<\/div>\n\t\t<\/section>\n\t\t\t\t<section class=\"elementor-section elementor-top-section elementor-element elementor-element-a00ea8d elementor-section-boxed elementor-section-height-default elementor-section-height-default\" data-id=\"a00ea8d\" data-element_type=\"section\">\n\t\t\t\t\t\t<div class=\"elementor-container elementor-column-gap-default\">\n\t\t\t\t\t<div class=\"elementor-column elementor-col-100 elementor-top-column elementor-element elementor-element-0ad1be4\" data-id=\"0ad1be4\" data-element_type=\"column\">\n\t\t\t<div class=\"elementor-widget-wrap elementor-element-populated\">\n\t\t\t\t\t\t<div class=\"elementor-element elementor-element-c133bed elementor-widget elementor-widget-text-editor\" data-id=\"c133bed\" data-element_type=\"widget\" data-widget_type=\"text-editor.default\">\n\t\t\t\t<div class=\"elementor-widget-container\">\n\t\t\t\t\t\t\t\t\t<p><span style=\"color: #000000\">5 years after the establishment of Atat\u00fcrk University, the first step of the legal establishment of Atat\u00fcrk University Faculty of Medicine was taken by taking a historical decision for the establishment of the Faculty of Medicine on 6 June 1962 under the chairmanship of Rector Prof. Dr. Ey\u00fcp HIZALAN. With this decision taken by the Board of Directors of Atat\u00fcrk University, Rector Prof. Dr. Ey\u00fcp HIZALAN officially applied to the Ministry of National Education with the letter numbered 1867 on 15 June 1962. This decision was approved by the Minister of National Education Prof. Dr. \u015eevket RA\u015e\u0130T HAT\u0130PO\u011eLU on 12 July 1962 and the official letter stating that this approval was made was sent to our Rectorate on 15 August 1962. Thus, the decision to establish Atat\u00fcrk University Faculty of Medicine was completed in legal terms.<\/span><\/p><p><span style=\"color: #000000\">In the same year, Prof. Dr. Ey\u00fcp HIZALAN, Dr. Muzaffer K\u00dcRK\u00c7\u00dcO\u011eLU and Dr. Tali URAL were appointed as Expert Consultants and this committee prepared a need plan by conducting research in the developed medical centres of the world and this plan was submitted to the State Planning Organisation in 1963. After the preparation of the requirement plans, the studies for the provision of training staff gained momentum and Dr. Muzaffer K\u00dcRK\u00c7\u00dcO\u011eLU and Dr. Tali URAL, who were assigned in this regard, personally met with Prof. Dr. \u0130hsan DO\u011eRAMACI, President of Hacettepe Medical Centre in Ankara and asked for their support during the establishment phase. On 17 July 1963, the cooperation project and protocol with Ankara University Hacettepe Faculty of Medicine and Health Sciences in the establishment and development of Atat\u00fcrk University Faculty of Medicine was signed by Prof. Dr. \u0130hsan Do\u011framac\u0131 and Prof. Dr. Ey\u00fcp HIZALAN and approved by the then Minister of National Education Dr. \u0130brahim \u00d6KTEN. In accordance with the cooperation protocol, an advisory board consisting of 7 people was formed to assist in the establishment and development of Atat\u00fcrk University Faculty of Medicine.<\/span><\/p><p><span style=\"color: #000000\">The members of this board are given below:<\/span><\/p><p><span style=\"color: #000000\">1. Prof. Dr. \u0130hsan DO\u011eRAMACI<\/span><br \/><span style=\"color: #000000\">2. Prof. Dr. Do\u011fan KARAN<\/span><br \/><span style=\"color: #000000\">3. Prof. Dr. Sabahattin PAYZIN<\/span><br \/><span style=\"color: #000000\">4. Assoc. Prof. Dr. Nusret F\u0130\u015eEK<\/span><br \/><span style=\"color: #000000\">5. Dr. Muzaffer K\u00dcRK\u00c7\u00dcO\u011eLI<\/span><br \/><span style=\"color: #000000\">6. Dr. Tali URAL<\/span><br \/><span style=\"color: #000000\">7. Ministry of National Education General Director of Higher Education<\/span><\/p><p><span style=\"color: #000000\">At the third Advisory Board meeting held on 25 March 1964 under the chairmanship of Prof. Dr. Do\u011fan KARAN and attended by a consultant invited from the State Planning Organisation, Prof. Dr. Muharrem K\u00d6KSAL from Hacettepe Faculty of Medicine and Health Sciences was nominated as Dean of the Faculty of Medicine. Prof. Dr. Muharrem K\u00d6KSAL from Hacettepe Faculty of Medicine and Health Sciences was nominated as the Dean of Atat\u00fcrk University Faculty of Medicine. Rector Prof. Dr. Ey\u00fcp HIZALAN announced the appointment of Prof. Dr. Muharrem K\u00d6KSAL as Dean on 28 March 1964.<\/span><\/p><p><span style=\"color: #000000\">The first students of the faculty were sent to Hacettepe Faculty of Medicine in the 1964-1965 academic year to receive F.K.B. education. This first group of twenty-three students completed their education and returned to Erzurum on 13 February 1966. In 1966, Prof. Dr. Ali ERTU\u011eRUL was appointed as the Dean of the Faculty of Medicine. On 12 February 1966, a group of 33 faculty members, most of whom specialised abroad with their own means, came to Erzurum and started to work at the Numune Hospital, which was allocated to the Faculty of Medicine by the Ministry of Health.<\/span><\/p><p><span style=\"color: #000000\">In 1968, the Morphology buildings were put into service within the Atat\u00fcrk University Campus and in the same year, the foundation of the research hospital was laid by S\u00fcleyman DEM\u0130REL, the prime minister of the time. After the completion of the hospital construction, our Faculty moved to its own Hospital in 1978.<\/span><\/p><p><span style=\"color: #000000\">The deans of Atat\u00fcrk University Faculty of Medicine since its foundation are as follows:<\/span><\/p><p><span style=\"color: #000000\">Prof. Dr. Muharrem K\u00d6KSAL (Founding Dean)<\/span><br \/><span style=\"color: #000000\">Prof. Dr. Ali ERTU\u011eRUL<\/span><br \/><span style=\"color: #000000\">Prof. Dr. Mithat TORUNO\u011eLU<\/span><br \/><span style=\"color: #000000\">Prof. Dr. Ergun R. SABAR<\/span><br \/><span style=\"color: #000000\">Prof. Dr. Tali URAL<\/span><br \/><span style=\"color: #000000\">Prof. Dr. Muzaffer K\u00dcRK\u00c7\u00dcO\u011eLU<\/span><br \/><span style=\"color: #000000\">Prof. Dr. Ya\u015far KUYUCU<\/span><br \/><span style=\"color: #000000\">Prof. Dr. Ayvaz KARABIYIKO\u011eLU<\/span><br \/><span style=\"color: #000000\">Prof. Dr. Zeki BA\u015eAR<\/span><br \/><span style=\"color: #000000\">Prof. Dr. Mete BABACAN<\/span><br \/><span style=\"color: #000000\">Prof. Dr. Ayten URAL<\/span><br \/><span style=\"color: #000000\">Prof. Dr. Sabahat KOT<\/span><br \/><span style=\"color: #000000\">Prof. Dr. Durkaya \u00d6REN<\/span><br \/><span style=\"color: #000000\">Prof. Dr. \u015eevki \u00d6ZDEM\u0130R<\/span><br \/><span style=\"color: #000000\">Prof. Dr. Handan ALP<\/span><br \/><span style=\"color: #000000\">Prof. Dr. Cahit KARAKELLEO\u011eLU<\/span><br \/><span style=\"color: #000000\">Prof. Dr. Sabri Sel\u00e7uk ATAMANALP<\/span><br \/><span style=\"color: #000000\">Prof. Dr. \u00d6zkan POLAT<\/span><br \/><span style=\"color: #000000\">Prof. Dr. Sabri Sel\u00e7uk ATAMANALP<\/span><br \/><span style=\"color: #000000\">Prof. Dr. Ak\u0131n LEVENT<\/span><br \/><span style=\"color: #000000\">Prof. Dr. Fatih ALBAYRAK<br \/>Prof. Dr. Meltem ALKAN MEL\u0130KO\u011eLU (Current Dean)<\/span><\/p><p><span style=\"color: #000000\"><strong>GENERAL INFORMATION<\/strong><\/span><\/p><p><span style=\"color: #000000\">The Faculty of Medicine is one of the oldest faculties of Atat\u00fcrk University, founded in 1957.<\/span><br \/><span style=\"color: #000000\">The official establishment year of the faculty is 1962.<\/span><br \/><span style=\"color: #000000\">The first students of the faculty were sent to Hacettepe University in 1964 for Basic Medical Sciences education.<\/span><br \/><span style=\"color: #000000\">The annual student quota is 264.<\/span><br \/><span style=\"color: #000000\">The language of instruction of our faculty is Turkish and English.<\/span><br \/><span style=\"color: #000000\">In 2022, there are 103 professors, 63 associate professors and 89 doctor members working in 42 departments in our faculty.<\/span><br \/><span style=\"color: #000000\">More than 6200 physicians have graduated from our faculty since 26 October 1970.<\/span><br \/><span style=\"color: #000000\">Our faculty provides education to students of A\u011fr\u0131 \u0130brahim \u00c7e\u00e7en University Faculty of Medicine and Health Sciences University Faculty of Medicine. Our faculty provides education to 42 students of A\u011fr\u0131 \u0130brahim \u00c7e\u00e7en University and 62 students of Health Sciences University Faculty of Medicine.<\/span><br \/><span style=\"color: #000000\">In the 2021-2022 academic year, our faculty has a total of 2852 students, including 2323 undergraduate and 429 medical speciality students.<\/span><br \/><span style=\"color: #000000\">The main branches of the faculty are located in three departments as Basic, Internal and Surgical Medical Sciences.<\/span><\/p><p><span style=\"color: #000000\">The duration of education is 6 years in the Turkish Department and 7 years in the English Department:<\/span><\/p><p><span style=\"color: #000000\">3 years pre-clinical<\/span><br \/><span style=\"color: #000000\">2 years clinical and<\/span><br \/><span style=\"color: #000000\">1 year Internship<\/span><\/p><p><span style=\"color: #000000\">The six-year curriculum covers the basic principles of medicine, practical applications as well as contemporary developments.<\/span><\/p><p><span style=\"color: #000000\">The aim of the first three years is to develop the student\u2019s knowledge of medical sciences by providing basic knowledge to understand and analyse human diseases. The curriculum of each year is divided into 7 committees. At the end of each committee there is an exam. There is also a final exam at the end of the year. In order for a student to pass to the next year, he\/she must score at least 60 out of 100 points (60% of the average of the committee exams and 40% of the final exam must add up to 60). The normal duration of each year in Basic Medical Sciences is 36 weeks.<\/span><\/p><p><span style=\"color: #000000\">The aim of the programme in Clinical Sciences (fourth and fifth year) is to teach the student the etiology, pathophysiology, symptoms, clinical and laboratory findings and treatment of diseases. In order to be successful in each internship in this period, the student must score at least 60 points out of 100 points. In Clinical Sciences, the 4th term is 40 weeks and the 5th term is 36 weeks.<\/span><\/p><p><span style=\"color: #000000\">The aim of internship (sixth year) is to train students who understand the importance of public health and preventive medicine and who are competent enough to diagnose and treat diseases. In this period, the responsible faculty member states his\/her decision about the student as \u201csuccessful\u201d or \u201cunsuccessful\u201d. (The responsible faculty member can also report the result as a grade. In this case, the student must receive at least 60 out of 100 points from each internship to be successful). The normal duration of internship education is 52 weeks.<\/span><\/p><p><span style=\"color: #000000\">English Department also has 1 year preparatory class education.<\/span><\/p><p><span style=\"color: #000000\"><strong>FACULTY HOSPITAL<\/strong><\/span><\/p><p><span style=\"color: #000000\">Our faculty has a hospital with a total capacity of 1450 beds in the Research Hospital and Application Centre. The emergency service of this hospital is available 24 hours a day.<\/span><\/p><p><span style=\"color: #000000\"><strong>ENTRANCE CONDITIONS<\/strong><\/span><\/p><p><span style=\"color: #000000\">High School Diploma<\/span><\/p><p><span style=\"color: #000000\">Students are admitted to our faculty through the National Student Selection and Placement Examination (\u00d6SS). This exam, which is held once a year, is conducted by the Student Selection and Placement Centre (\u00d6SYM).<\/span><\/p><p><span style=\"color: #000000\"><strong>EARNED TITLES and OPPORTUNITIES<\/strong><\/span><\/p><p><span style=\"color: #000000\">Upon successful completion of all compulsory theoretical and practical exams in the education plan, students are awarded the title of Doctor of Medicine.<\/span><\/p><p><span style=\"color: #000000\">Our students who become Medical Doctor can work as general practitioners in hospitals in our country and in private practice.<\/span><\/p><p><span style=\"color: #000000\">Our graduates who receive the Doctor of Medicine diploma can apply to the national Medical Speciality programmes exam and PhD programmes.<\/span><\/p>\t\t\t\t\t\t\t\t<\/div>\n\t\t\t\t<\/div>\n\t\t\t\t\t<\/div>\n\t\t<\/div>\n\t\t\t\t\t<\/div>\n\t\t<\/section>\n\t\t\t\t<\/div>\n\t\t","protected":false},"excerpt":{"rendered":"<p>History 5 years after the establishment of Atat\u00fcrk University, the first step of the legal establishment of Atat\u00fcrk University Faculty of Medicine was taken by taking a historical decision for the establishment of the Faculty of Medicine on 6 June 1962 under the chairmanship of Rector Prof. Dr. Ey\u00fcp HIZALAN. With this decision taken by [&hellip;]<\/p>\n","protected":false},"author":62,"featured_media":0,"parent":0,"menu_order":0,"comment_status":"closed","ping_status":"closed","template":"","meta":{"footnotes":""},"class_list":["post-13877","page","type-page","status-publish","hentry"],"_links":{"self":[{"href":"https:\/\/atauni.edu.tr\/tip-fakultesi\/wp-json\/wp\/v2\/pages\/13877","targetHints":{"allow":["GET"]}}],"collection":[{"href":"https:\/\/atauni.edu.tr\/tip-fakultesi\/wp-json\/wp\/v2\/pages"}],"about":[{"href":"https:\/\/atauni.edu.tr\/tip-fakultesi\/wp-json\/wp\/v2\/types\/page"}],"author":[{"embeddable":true,"href":"https:\/\/atauni.edu.tr\/tip-fakultesi\/wp-json\/wp\/v2\/users\/62"}],"replies":[{"embeddable":true,"href":"https:\/\/atauni.edu.tr\/tip-fakultesi\/wp-json\/wp\/v2\/comments?post=13877"}],"version-history":[{"count":7,"href":"https:\/\/atauni.edu.tr\/tip-fakultesi\/wp-json\/wp\/v2\/pages\/13877\/revisions"}],"predecessor-version":[{"id":15425,"href":"https:\/\/atauni.edu.tr\/tip-fakultesi\/wp-json\/wp\/v2\/pages\/13877\/revisions\/15425"}],"wp:attachment":[{"href":"https:\/\/atauni.edu.tr\/tip-fakultesi\/wp-json\/wp\/v2\/media?parent=13877"}],"curies":[{"name":"wp","href":"https:\/\/api.w.org\/{rel}","templated":true}]}}