{"id":13889,"date":"2024-01-24T08:34:34","date_gmt":"2024-01-24T05:34:34","guid":{"rendered":"https:\/\/birimler.atauni.edu.tr\/tip-fakultesi\/?page_id=13889"},"modified":"2024-01-24T08:36:02","modified_gmt":"2024-01-24T05:36:02","slug":"administration","status":"publish","type":"page","link":"https:\/\/atauni.edu.tr\/tip-fakultesi\/en\/administration\/","title":{"rendered":"Administration"},"content":{"rendered":"\t\t<div data-elementor-type=\"wp-page\" data-elementor-id=\"13889\" class=\"elementor elementor-13889\" data-elementor-post-type=\"page\">\n\t\t\t\t\t\t<section class=\"elementor-section elementor-top-section elementor-element elementor-element-46c2cb5d elementor-section-boxed elementor-section-height-default elementor-section-height-default\" data-id=\"46c2cb5d\" data-element_type=\"section\">\n\t\t\t\t\t\t<div class=\"elementor-container elementor-column-gap-default\">\n\t\t\t\t\t<div class=\"elementor-column elementor-col-100 elementor-top-column elementor-element elementor-element-299813e7\" data-id=\"299813e7\" data-element_type=\"column\">\n\t\t\t<div class=\"elementor-widget-wrap elementor-element-populated\">\n\t\t\t\t\t\t<div class=\"elementor-element elementor-element-3ec495a9 elementor-widget elementor-widget-heading\" data-id=\"3ec495a9\" data-element_type=\"widget\" data-widget_type=\"heading.default\">\n\t\t\t\t<div class=\"elementor-widget-container\">\n\t\t\t\t\t<h2 class=\"elementor-heading-title elementor-size-default\">Administration<\/h2>\t\t\t\t<\/div>\n\t\t\t\t<\/div>\n\t\t\t\t<div class=\"elementor-element elementor-element-2092e3b3 elementor-widget-divider--view-line elementor-widget elementor-widget-divider\" data-id=\"2092e3b3\" data-element_type=\"widget\" data-widget_type=\"divider.default\">\n\t\t\t\t<div class=\"elementor-widget-container\">\n\t\t\t\t\t\t\t<div class=\"elementor-divider\">\n\t\t\t<span class=\"elementor-divider-separator\">\n\t\t\t\t\t\t<\/span>\n\t\t<\/div>\n\t\t\t\t\t\t<\/div>\n\t\t\t\t<\/div>\n\t\t\t\t\t<\/div>\n\t\t<\/div>\n\t\t\t\t\t<\/div>\n\t\t<\/section>\n\t\t\t\t<section class=\"elementor-section elementor-top-section elementor-element elementor-element-75541bc elementor-section-boxed elementor-section-height-default elementor-section-height-default\" data-id=\"75541bc\" data-element_type=\"section\">\n\t\t\t\t\t\t<div class=\"elementor-container elementor-column-gap-default\">\n\t\t\t\t\t<div class=\"elementor-column elementor-col-100 elementor-top-column elementor-element elementor-element-cd2e100\" data-id=\"cd2e100\" data-element_type=\"column\">\n\t\t\t<div class=\"elementor-widget-wrap elementor-element-populated\">\n\t\t\t\t\t\t<div class=\"elementor-element elementor-element-2e570f2 elementor-widget elementor-widget-shortcode\" data-id=\"2e570f2\" data-element_type=\"widget\" data-widget_type=\"shortcode.default\">\n\t\t\t\t<div class=\"elementor-widget-container\">\n\t\t\t\t\t            <div class=\"accordion\" id=\"personel-kart\">\n                <div class=\"card p-liste\">\n                    <div class=\"card-header \" id=\"p-0\">\n                        <h2 class=\"mb-0\">\n                            <button class=\"btn btn-link collapsed\" type=\"button\" data-toggle=\"collapse\"\n                                    data-target=\"#k-0\"\n                                    aria-expanded=\"false\" aria-controls=\"collapseOne\">\n                                <span class=\"unvan\">Dekan<\/span>\n                                Prof. Dr. Meltem Alkan Meliko\u011flu                            <\/button>\n                        <\/h2>\n                    <\/div>\n                    <div id=\"k-0\" class=\"collapse\" aria-labelledby=\"p-0\"\n                         data-parent=\"#personel-kart\" style=\"\">\n                        <div class=\"card-body\">\n                            <div class=\"row\">\n                                <div class=\"col-3 kart-resim\">\n                                    <img decoding=\"async\" src=\"\/\/eski.atauni.edu.tr\/resizer.php?w=189&amp;h=228&amp;zc=1&amp;src=\/uploads\/profilResimleriSha1\/489b3e5bd5a852606dbcd23f2c94eeb0.png\"\n                                         class=\"img-fluid\">\n                                <\/div>\n                                <div class=\"col-7\">\n                                    <h3 class=\"kart-baslik kart-baslik-yonetim\">Dekan<\/h3>\n                                    <div class=\"row\">\n                                        <div class=\"ad-soyad\">Prof. Dr. Meltem Alkan Meliko\u011flu<\/div>\n                                        <div class=\"birim\">Fiziksel T\u0131p ve Rehabilitasyon<\/div>\n                                        <div class=\"bilgiler\">\n                                            <strong>E-Posta<\/strong>mamelikoglu@atauni.edu.tr                                        <\/div>\n                                                                                <div class=\"bilgiler\"><strong>Profil<\/strong> <a target=\"_blank\"\n                                         href=\"http:\/\/avesis.atauni.edu.tr\/mamelikoglu\">https:\/\/avesis.atauni.edu.tr\/mamelikoglu<\/a>\n                                        <\/div>\n                                        <div class=\"bilgiler\">\n                                            <strong>Telefon<\/strong>\n                                            +90 442 344                                           ()&nbsp;\n                                        <\/div>\n                                        <div class=\"bilgiler\"><strong>Posta Adresi<\/strong> \n                                        <span class=\"posta\">\n                                                                                                Atat\u00fcrk \u00dcniversitesi T\u0131p Fak\u00fcltesi 25240 Erzurum                                                                                                                                                                                                                                                                                                                                                                                                                                                                                                                                                                                                                                                                                                                                                                    <\/span>\n                                        <\/div>\n                                    <\/div>\n                                <\/div>\n                                <div class=\"col-10 kart-egitim\">\n                                    <h3>E\u011fitim<\/h3>\n                                    <ul>\n\n                                                                                        <li>Lisans, Atat\u00fcrk \u00dcniversitesi, Dahili Tip Bilimleri B\u00f6l\u00fcm\u00fc, 2004 <\/li>\n\n\n                                                                                                <li>Lisans, Atat\u00fcrk \u00dcniversitesi, , 1997 <\/li>\n\n\n                                                                                                <li>T\u0131pta Yandal Uzmanl\u0131k, Akdeniz \u00dcniversitesi, Dahili Tip Bilimleri B\u00f6l\u00fcm\u00fc, 2009 <\/li>\n\n\n                                                \n                                    <\/ul>\n                                <\/div>\n                                 <!--<div class=\"col-2 qr\">\n                                    <img decoding=\"async\" src=\"https:\/\/chart.googleapis.com\/chart?chs=100x100&amp;cht=qr&amp;chl=BEGIN:VCARD%0AVERSION:3.0%0ATITLE:%0AN:Meltem%20Alkan Meliko\u011flu%0ATEL;type=WORK:%2B90442231%0AEMAIL:mamelikoglu@atauni.edu.tr%0AEND:VCARD\"\n                                         class=\"img-fluid qr\">\n                                <\/div>-->\n                            <\/div>\n                        <\/div>\n                    <\/div>\n                <\/div>\n            <\/div>\n\n\n                    <div class=\"accordion\" id=\"personel-kart\">\n            <div class=\"card p-liste\">\n                <div class=\"card-header \" id=\"p-1\">\n                    <h2 class=\"mb-0\">\n                        <button class=\"btn btn-link collapsed\" type=\"button\" data-toggle=\"collapse\"\n                                data-target=\"#k-1\"\n                                aria-expanded=\"false\" aria-controls=\"collapseOne\">\n                            <span class=\"unvan\">Dekan Yard\u0131mc\u0131s\u0131<\/span>\n                            Prof. Dr. Ay\u015fenur Dostbil                        <\/button>\n                    <\/h2>\n                <\/div>\n\n                <div id=\"k-1\" class=\"collapse\" aria-labelledby=\"p-1\"\n                     data-parent=\"#personel-kart\" style=\"\">\n                    <div class=\"card-body\">\n                        <div class=\"row\">\n                            <div class=\"col-3 kart-resim\">\n                                <img decoding=\"async\" src=\"\/\/eski.atauni.edu.tr\/resizer.php?w=189&amp;h=228&amp;zc=1&amp;src=\/uploads\/profilResimleriSha1\/ae3b6f9f8a45dc23c7e43ee6de265b72.png\"\n                                     class=\"img-fluid\">\n                            <\/div>\n                            <div class=\"col-7\">\n                                <h3 class=\"kart-baslik kart-baslik-yonetim\">Dekan Yard\u0131mc\u0131s\u0131<\/h3>\n                                <div class=\"row\">\n                                    <div class=\"ad-soyad\">Prof. Dr. Ay\u015fenur Dostbil<\/div>\n                                    <div class=\"birim\">Anesteziyoloji ve Reanimasyon<\/div>\n                                    <div class=\"bilgiler\"><strong>E-Posta<\/strong>aysenur.dostbil@atauni.edu.tr                                    <\/div>\n                                                                        <div class=\"bilgiler\"><strong>Profil<\/strong> <a target=\"_blank\"\n                                     href=\"http:\/\/avesis.atauni.edu.tr\/aysenur.dostbil\">https:\/\/avesis.atauni.edu.tr\/aysenur.dostbil<\/a>\n                                    <\/div>\n                                    <div class=\"bilgiler\">\n                                        <strong>Telefon<\/strong>\n                                        +90 442 344                                        (7929)&nbsp;\n                                    <\/div>\n                                    <div class=\"bilgiler\"><strong>Posta Adresi<\/strong> \n                                   <span class=\"posta\">\n                                 \n                                                                                           Atat\u00fcrk \u00dcniversitesi T\u0131p Fak\u00fcltesi 25240 Erzurum                                                                                                                                                                                                                                                                                                                                                                                                                                                                                                                                                                                                                                                                                                                                                                       \n                                           \n                                        <\/span>\n                                    <\/div>\n                                <\/div>\n                            <\/div>\n                            <div class=\"col-10 kart-egitim\">\n\n                            \n                                <h3>E\u011fitim<\/h3>\n                                <ul>\n\n                                                                                <li>Lisans, Atat\u00fcrk \u00dcniversitesi, Tip Pr., 1998 <\/li>\n\n\n                                                                                        <li>T\u0131pta Uzmanl\u0131k, Atat\u00fcrk \u00dcniversitesi, Cerrahi Tip Bilimleri B\u00f6l\u00fcm\u00fc, 2006 <\/li>\n\n\n                                            \n                                <\/ul>\n\n                               \n\n                            <\/div>\n                             <!--<div class=\"col-2 qr\">\n                                <img decoding=\"async\" src=\"https:\/\/chart.googleapis.com\/chart?chs=100x100&amp;cht=qr&amp;chl=BEGIN:VCARD%0AVERSION:3.0%0ATITLE:%0AN:Ay\u015fenur%20Dostbil%0ATEL;type=WORK:%2B904422317929%0AEMAIL:aysenur.dostbil@atauni.edu.tr%0AEND:VCARD\"\n                                     class=\"img-fluid qr\">\n                            <\/div>-->\n                        <\/div>\n                    <\/div>\n                <\/div>\n            <\/div>\n        <\/div>\n\n\n                <div class=\"accordion\" id=\"personel-kart\">\n            <div class=\"card p-liste\">\n                <div class=\"card-header \" id=\"p-2\">\n                    <h2 class=\"mb-0\">\n                        <button class=\"btn btn-link collapsed\" type=\"button\" data-toggle=\"collapse\"\n                                data-target=\"#k-2\"\n                                aria-expanded=\"false\" aria-controls=\"collapseOne\">\n                            <span class=\"unvan\">Dekan Yard\u0131mc\u0131s\u0131<\/span>\n                            Do\u00e7. Dr. Mustafa Kara                        <\/button>\n                    <\/h2>\n                <\/div>\n\n                <div id=\"k-2\" class=\"collapse\" aria-labelledby=\"p-2\"\n                     data-parent=\"#personel-kart\" style=\"\">\n                    <div class=\"card-body\">\n                        <div class=\"row\">\n                            <div class=\"col-3 kart-resim\">\n                                <img decoding=\"async\" src=\"\/\/eski.atauni.edu.tr\/resizer.php?w=189&amp;h=228&amp;zc=1&amp;src=\/uploads\/profilResimleriSha1\/2204096b927b2aca600187395fdd7966.png\"\n                                     class=\"img-fluid\">\n                            <\/div>\n                            <div class=\"col-7\">\n                                <h3 class=\"kart-baslik kart-baslik-yonetim\">Dekan Yard\u0131mc\u0131s\u0131<\/h3>\n                                <div class=\"row\">\n                                    <div class=\"ad-soyad\">Do\u00e7. Dr. Mustafa Kara<\/div>\n                                    <div class=\"birim\">\u00c7ocuk Sa\u011fl\u0131\u011f\u0131 ve Hastal\u0131klar\u0131<\/div>\n                                    <div class=\"bilgiler\"><strong>E-Posta<\/strong>mustafa.kara@atauni.edu.tr                                    <\/div>\n                                                                        <div class=\"bilgiler\"><strong>Profil<\/strong> <a target=\"_blank\"\n                                     href=\"http:\/\/avesis.atauni.edu.tr\/mustafa.kara\">https:\/\/avesis.atauni.edu.tr\/mustafa.kara<\/a>\n                                    <\/div>\n                                    <div class=\"bilgiler\">\n                                        <strong>Telefon<\/strong>\n                                        +90 442 344                                        (1484)&nbsp;\n                                    <\/div>\n                                    <div class=\"bilgiler\"><strong>Posta Adresi<\/strong> \n                                   <span class=\"posta\">\n                                 \n                                                                                           Atat\u00fcrk \u00dcniversitesi T\u0131p Fak\u00fcltesi 25240 Erzurum                                                                                                                                                                                                                                                                                                                                                                                                                                                                                                                                                                                                                                                                                                                                                                       \n                                           \n                                        <\/span>\n                                    <\/div>\n                                <\/div>\n                            <\/div>\n                            <div class=\"col-10 kart-egitim\">\n\n                            \n                                <h3>E\u011fitim<\/h3>\n                                <ul>\n\n                                                                                <li>Doktora, Atat\u00fcrk \u00dcniversitesi, Dahili Tip Bilimleri B\u00f6l\u00fcm\u00fc, 2003 <\/li>\n\n\n                                                                                        <li>T\u0131pta Uzmanl\u0131k, Atat\u00fcrk \u00dcniversitesi, Dahili Tip Bilimleri B\u00f6l\u00fcm\u00fc, 2010 <\/li>\n\n\n                                            \n                                <\/ul>\n\n                               \n\n                            <\/div>\n                             <!--<div class=\"col-2 qr\">\n                                <img decoding=\"async\" src=\"https:\/\/chart.googleapis.com\/chart?chs=100x100&amp;cht=qr&amp;chl=BEGIN:VCARD%0AVERSION:3.0%0ATITLE:%0AN:Mustafa%20Kara%0ATEL;type=WORK:%2B904422311484%0AEMAIL:mustafa.kara@atauni.edu.tr%0AEND:VCARD\"\n                                     class=\"img-fluid qr\">\n                            <\/div>-->\n                        <\/div>\n                    <\/div>\n                <\/div>\n            <\/div>\n        <\/div>\n\n\n                <div class=\"accordion\" id=\"personel-kart\">\n            <div class=\"card p-liste\">\n                <div class=\"card-header \" id=\"p-3\">\n                    <h2 class=\"mb-0\">\n                        <button class=\"btn btn-link collapsed\" type=\"button\" data-toggle=\"collapse\"\n                                data-target=\"#k-3\"\n                                aria-expanded=\"false\" aria-controls=\"collapseOne\">\n                            <span class=\"unvan\">Fak\u00fclte Sekreteri<\/span>\n                            Fak. Sek. Levent Tabu                        <\/button>\n                    <\/h2>\n                <\/div>\n\n                <div id=\"k-3\" class=\"collapse\" aria-labelledby=\"p-3\"\n                     data-parent=\"#personel-kart\" style=\"\">\n                    <div class=\"card-body\">\n                        <div class=\"row\">\n                            <div class=\"col-3 kart-resim\">\n                                <img decoding=\"async\" src=\"\/\/eski.atauni.edu.tr\/resizer.php?w=189&amp;h=228&amp;zc=1&amp;src=\/uploads\/profilResimleriSha1\/40609e239453e04558ae97159069db1a.png\"\n                                     class=\"img-fluid\">\n                            <\/div>\n                            <div class=\"col-7\">\n                                <h3 class=\"kart-baslik kart-baslik-yonetim\">Fak\u00fclte Sekreteri<\/h3>\n                                <div class=\"row\">\n                                    <div class=\"ad-soyad\">Fak. Sek. Levent Tabu<\/div>\n                                    <div class=\"birim\">T\u0131p Fak\u00fcltesi<\/div>\n                                    <div class=\"bilgiler\"><strong>E-Posta<\/strong>leventtabu@atauni.edu.tr                                    <\/div>\n                                                                        <div class=\"bilgiler\"><strong>Profil<\/strong> <a target=\"_blank\"\n                                     href=\"http:\/\/avesis.atauni.edu.tr\/leventtabu\">https:\/\/avesis.atauni.edu.tr\/leventtabu<\/a>\n                                    <\/div>\n                                    <div class=\"bilgiler\">\n                                        <strong>Telefon<\/strong>\n                                        +90 442 344                                        (6504)&nbsp;\n                                    <\/div>\n                                    <div class=\"bilgiler\"><strong>Posta Adresi<\/strong> <span\n                                                class=\"posta\">\n                                                                                                        Atat\u00fcrk \u00dcniversitesi T\u0131p Fak\u00fcltesi 25240 Erzurum                                                                                                                                                                                                                                                                                                                                                                                                                                                                                                                                                                                                                                                                                                                                                                        <\/span>\n                                    <\/div>\n                                <\/div>\n                            <\/div>\n                            <div class=\"col-10 kart-egitim\">\n                                <h3>E\u011fitim<\/h3>\n                                <ul>\n\n                                    \n                                <\/ul>\n                            <\/div>\n                             <!--<div class=\"col-2 qr\">\n                                <img decoding=\"async\" src=\"https:\/\/chart.googleapis.com\/chart?chs=100x100&amp;cht=qr&amp;chl=BEGIN:VCARD%0AVERSION:3.0%0ATITLE:%0AN:Levent%20Tabu%0ATEL;type=WORK:%2B904422316504%0AEMAIL:leventtabu@atauni.edu.tr%0AEND:VCARD\"\n                                     class=\"img-fluid qr\">\n                            <\/div>-->\n                        <\/div>\n                    <\/div>\n                <\/div>\n            <\/div>\n        <\/div>\n\n\n        \t\t<div class=\"elementor-shortcode\"><\/div>\n\t\t\t\t\t\t<\/div>\n\t\t\t\t<\/div>\n\t\t\t\t\t<\/div>\n\t\t<\/div>\n\t\t\t\t\t<\/div>\n\t\t<\/section>\n\t\t\t\t<\/div>\n\t\t","protected":false},"excerpt":{"rendered":"<p>Administration<\/p>\n","protected":false},"author":62,"featured_media":0,"parent":0,"menu_order":0,"comment_status":"closed","ping_status":"closed","template":"","meta":{"footnotes":""},"class_list":["post-13889","page","type-page","status-publish","hentry"],"_links":{"self":[{"href":"https:\/\/atauni.edu.tr\/tip-fakultesi\/wp-json\/wp\/v2\/pages\/13889","targetHints":{"allow":["GET"]}}],"collection":[{"href":"https:\/\/atauni.edu.tr\/tip-fakultesi\/wp-json\/wp\/v2\/pages"}],"about":[{"href":"https:\/\/atauni.edu.tr\/tip-fakultesi\/wp-json\/wp\/v2\/types\/page"}],"author":[{"embeddable":true,"href":"https:\/\/atauni.edu.tr\/tip-fakultesi\/wp-json\/wp\/v2\/users\/62"}],"replies":[{"embeddable":true,"href":"https:\/\/atauni.edu.tr\/tip-fakultesi\/wp-json\/wp\/v2\/comments?post=13889"}],"version-history":[{"count":4,"href":"https:\/\/atauni.edu.tr\/tip-fakultesi\/wp-json\/wp\/v2\/pages\/13889\/revisions"}],"predecessor-version":[{"id":13894,"href":"https:\/\/atauni.edu.tr\/tip-fakultesi\/wp-json\/wp\/v2\/pages\/13889\/revisions\/13894"}],"wp:attachment":[{"href":"https:\/\/atauni.edu.tr\/tip-fakultesi\/wp-json\/wp\/v2\/media?parent=13889"}],"curies":[{"name":"wp","href":"https:\/\/api.w.org\/{rel}","templated":true}]}}