{"id":13895,"date":"2024-01-24T09:22:06","date_gmt":"2024-01-24T06:22:06","guid":{"rendered":"https:\/\/birimler.atauni.edu.tr\/tip-fakultesi\/?page_id=13895"},"modified":"2024-10-31T10:16:08","modified_gmt":"2024-10-31T07:16:08","slug":"board-of-directors","status":"publish","type":"page","link":"https:\/\/atauni.edu.tr\/tip-fakultesi\/en\/board-of-directors\/","title":{"rendered":"Board of Directors"},"content":{"rendered":"\t\t<div data-elementor-type=\"wp-page\" data-elementor-id=\"13895\" class=\"elementor elementor-13895\" data-elementor-post-type=\"page\">\n\t\t\t\t\t\t<section class=\"elementor-section elementor-top-section elementor-element elementor-element-46c2cb5d elementor-section-boxed elementor-section-height-default elementor-section-height-default\" data-id=\"46c2cb5d\" data-element_type=\"section\">\n\t\t\t\t\t\t<div class=\"elementor-container elementor-column-gap-default\">\n\t\t\t\t\t<div class=\"elementor-column elementor-col-100 elementor-top-column elementor-element elementor-element-299813e7\" data-id=\"299813e7\" data-element_type=\"column\">\n\t\t\t<div class=\"elementor-widget-wrap elementor-element-populated\">\n\t\t\t\t\t\t<div class=\"elementor-element elementor-element-3ec495a9 elementor-widget elementor-widget-heading\" data-id=\"3ec495a9\" data-element_type=\"widget\" data-widget_type=\"heading.default\">\n\t\t\t\t<div class=\"elementor-widget-container\">\n\t\t\t\t\t<h2 class=\"elementor-heading-title elementor-size-default\">Members of the Faculty Board of Directors<\/h2>\t\t\t\t<\/div>\n\t\t\t\t<\/div>\n\t\t\t\t<div class=\"elementor-element elementor-element-2092e3b3 elementor-widget-divider--view-line elementor-widget elementor-widget-divider\" data-id=\"2092e3b3\" data-element_type=\"widget\" data-widget_type=\"divider.default\">\n\t\t\t\t<div class=\"elementor-widget-container\">\n\t\t\t\t\t\t\t<div class=\"elementor-divider\">\n\t\t\t<span class=\"elementor-divider-separator\">\n\t\t\t\t\t\t<\/span>\n\t\t<\/div>\n\t\t\t\t\t\t<\/div>\n\t\t\t\t<\/div>\n\t\t\t\t\t<\/div>\n\t\t<\/div>\n\t\t\t\t\t<\/div>\n\t\t<\/section>\n\t\t\t\t<section class=\"elementor-section elementor-top-section elementor-element elementor-element-e5dfdc3 elementor-section-boxed elementor-section-height-default elementor-section-height-default\" data-id=\"e5dfdc3\" data-element_type=\"section\">\n\t\t\t\t\t\t<div class=\"elementor-container elementor-column-gap-default\">\n\t\t\t\t\t<div class=\"elementor-column elementor-col-100 elementor-top-column elementor-element elementor-element-0e7cb33\" data-id=\"0e7cb33\" data-element_type=\"column\">\n\t\t\t<div class=\"elementor-widget-wrap elementor-element-populated\">\n\t\t\t\t\t\t<div class=\"elementor-element elementor-element-e23f401 elementor-widget elementor-widget-text-editor\" data-id=\"e23f401\" data-element_type=\"widget\" data-widget_type=\"text-editor.default\">\n\t\t\t\t<div class=\"elementor-widget-container\">\n\t\t\t\t\t\t\t\t\t<table width=\"585\"><tbody><tr><td style=\"padding-left: 440px;text-align: center\" colspan=\"3\" width=\"585\">\u00a0<\/td><\/tr><tr><td>\u00a0<\/td><td style=\"text-align: center\"><span style=\"color: #0000ff\"><b>Members of the Faculty Board of Directors<\/b><\/span><\/td><td>\u00a0<\/td><\/tr><tr><td>\u00a0<\/td><td style=\"text-align: center\" width=\"182\"><span style=\"color: #000080\"><strong>Dean<\/strong><\/span><br \/><span style=\"color: #000000\">Prof. Meltem ALKAN MEL\u0130KO\u011eLU<\/span><\/td><td>\u00a0<\/td><\/tr><tr><td style=\"text-align: center\" width=\"178\">\u00a0<\/td><td style=\"text-align: center\" width=\"182\">\u00a0<\/td><td style=\"text-align: center\" width=\"225\">\u00a0<\/td><\/tr><tr><td style=\"text-align: center\" width=\"178\"><span style=\"color: #000080\"><strong>Prof.<\/strong><\/span><br \/><span style=\"color: #000000\">Prof. Ay\u015fenur DOSTB\u0130L<\/span><\/td><td style=\"text-align: center\" width=\"182\"><span style=\"color: #000080\"><strong>Prof.<\/strong><\/span><br \/><span style=\"color: #000000\">Prof. Zekai HALICI<\/span><\/td><td style=\"text-align: center\" width=\"225\"><span style=\"color: #000080\"><strong>Prof.<\/strong><\/span><br \/><span style=\"color: #000000\">Prof. Elif \u00c7ADIRCI<\/span><\/td><\/tr><tr><td>\u00a0<\/td><td>\u00a0<\/td><td>\u00a0<\/td><\/tr><tr><td style=\"text-align: center\" width=\"178\"><span style=\"color: #000080\"><b>Associate Professor<\/b><\/span><br \/><span style=\"color: #000000\">Assoc. Prof. Erdal TEK\u0130N<\/span><\/td><td style=\"text-align: center\" width=\"182\"><span style=\"color: #000080\"><b>Associate Professor<\/b><\/span><br \/><span style=\"color: #000000\">Assoc. Prof. Handan ALAY<\/span><\/td><td style=\"text-align: center\" width=\"225\"><span style=\"color: #000080\"><b>Assistant Professor<\/b><\/span><br \/><span style=\"color: #000000\">Assist. Prof. B\u00fc\u015fra \u00c7ALI\u015eKAN<\/span><\/td><\/tr><\/tbody><\/table>\t\t\t\t\t\t\t\t<\/div>\n\t\t\t\t<\/div>\n\t\t\t\t\t<\/div>\n\t\t<\/div>\n\t\t\t\t\t<\/div>\n\t\t<\/section>\n\t\t\t\t<\/div>\n\t\t","protected":false},"excerpt":{"rendered":"<p>Members of the Faculty Board of Directors \u00a0 \u00a0 Members of the Faculty Board of Directors \u00a0 \u00a0 DeanProf. Meltem ALKAN MEL\u0130KO\u011eLU \u00a0 \u00a0 \u00a0 \u00a0 Prof.Prof. Ay\u015fenur DOSTB\u0130L Prof.Prof. Zekai HALICI Prof.Prof. Elif \u00c7ADIRCI \u00a0 \u00a0 \u00a0 Associate ProfessorAssoc. Prof. Erdal TEK\u0130N Associate ProfessorAssoc. Prof. Handan ALAY Assistant ProfessorAssist. Prof. B\u00fc\u015fra \u00c7ALI\u015eKAN<\/p>\n","protected":false},"author":62,"featured_media":0,"parent":0,"menu_order":0,"comment_status":"closed","ping_status":"closed","template":"","meta":{"footnotes":""},"class_list":["post-13895","page","type-page","status-publish","hentry"],"_links":{"self":[{"href":"https:\/\/atauni.edu.tr\/tip-fakultesi\/wp-json\/wp\/v2\/pages\/13895","targetHints":{"allow":["GET"]}}],"collection":[{"href":"https:\/\/atauni.edu.tr\/tip-fakultesi\/wp-json\/wp\/v2\/pages"}],"about":[{"href":"https:\/\/atauni.edu.tr\/tip-fakultesi\/wp-json\/wp\/v2\/types\/page"}],"author":[{"embeddable":true,"href":"https:\/\/atauni.edu.tr\/tip-fakultesi\/wp-json\/wp\/v2\/users\/62"}],"replies":[{"embeddable":true,"href":"https:\/\/atauni.edu.tr\/tip-fakultesi\/wp-json\/wp\/v2\/comments?post=13895"}],"version-history":[{"count":16,"href":"https:\/\/atauni.edu.tr\/tip-fakultesi\/wp-json\/wp\/v2\/pages\/13895\/revisions"}],"predecessor-version":[{"id":15487,"href":"https:\/\/atauni.edu.tr\/tip-fakultesi\/wp-json\/wp\/v2\/pages\/13895\/revisions\/15487"}],"wp:attachment":[{"href":"https:\/\/atauni.edu.tr\/tip-fakultesi\/wp-json\/wp\/v2\/media?parent=13895"}],"curies":[{"name":"wp","href":"https:\/\/api.w.org\/{rel}","templated":true}]}}