{"id":14236,"date":"2024-01-25T13:29:36","date_gmt":"2024-01-25T10:29:36","guid":{"rendered":"https:\/\/birimler.atauni.edu.tr\/tip-fakultesi\/?page_id=14236"},"modified":"2024-01-25T14:51:04","modified_gmt":"2024-01-25T11:51:04","slug":"atasagun-student-community","status":"publish","type":"page","link":"https:\/\/atauni.edu.tr\/tip-fakultesi\/en\/atasagun-student-community\/","title":{"rendered":"ATASAGUN Student Community"},"content":{"rendered":"\t\t<div data-elementor-type=\"wp-page\" data-elementor-id=\"14236\" class=\"elementor elementor-14236\" data-elementor-post-type=\"page\">\n\t\t\t\t\t\t<section class=\"elementor-section elementor-top-section elementor-element elementor-element-61656d2 elementor-section-boxed elementor-section-height-default elementor-section-height-default\" data-id=\"61656d2\" data-element_type=\"section\">\n\t\t\t\t\t\t<div class=\"elementor-container elementor-column-gap-default\">\n\t\t\t\t\t<div class=\"elementor-column elementor-col-100 elementor-top-column elementor-element elementor-element-e550980\" data-id=\"e550980\" data-element_type=\"column\">\n\t\t\t<div class=\"elementor-widget-wrap elementor-element-populated\">\n\t\t\t\t\t\t<div class=\"elementor-element elementor-element-1a28bbd elementor-widget elementor-widget-text-editor\" data-id=\"1a28bbd\" data-element_type=\"widget\" data-widget_type=\"text-editor.default\">\n\t\t\t\t<div class=\"elementor-widget-container\">\n\t\t\t\t\t\t\t\t\t<p style=\"text-align: center\"><span style=\"color: #000080\"><b>Academic Counsellor<\/b><\/span><br \/><span style=\"color: #333333\">Prof. Ahmet Nezih K\u00d6K<\/span><\/p><p style=\"text-align: center\"><span style=\"color: #800000\"><b>Club President<\/b><\/span><br \/><span style=\"color: #333333\">Bahar AKYILDIRIM<\/span><\/p><p style=\"text-align: center\"><span style=\"color: #800000\"><b>Club Vice President<\/b><\/span><br \/><span style=\"color: #333333\">B\u00fc\u015fra YAZICI<\/span><\/p>\t\t\t\t\t\t\t\t<\/div>\n\t\t\t\t<\/div>\n\t\t\t\t\t<\/div>\n\t\t<\/div>\n\t\t\t\t\t<\/div>\n\t\t<\/section>\n\t\t\t\t<section class=\"elementor-section elementor-top-section elementor-element elementor-element-4e97ca2 elementor-section-boxed elementor-section-height-default elementor-section-height-default\" data-id=\"4e97ca2\" data-element_type=\"section\">\n\t\t\t\t\t\t<div class=\"elementor-container elementor-column-gap-default\">\n\t\t\t\t\t<div class=\"elementor-column elementor-col-100 elementor-top-column elementor-element elementor-element-a490234\" data-id=\"a490234\" data-element_type=\"column\">\n\t\t\t<div class=\"elementor-widget-wrap elementor-element-populated\">\n\t\t\t\t\t\t<div class=\"elementor-element elementor-element-0ee5a09 elementor-widget elementor-widget-gallery\" data-id=\"0ee5a09\" data-element_type=\"widget\" data-settings=\"{&quot;lazyload&quot;:&quot;yes&quot;,&quot;gallery_layout&quot;:&quot;grid&quot;,&quot;columns&quot;:4,&quot;columns_tablet&quot;:2,&quot;columns_mobile&quot;:1,&quot;gap&quot;:{&quot;unit&quot;:&quot;px&quot;,&quot;size&quot;:10,&quot;sizes&quot;:[]},&quot;gap_tablet&quot;:{&quot;unit&quot;:&quot;px&quot;,&quot;size&quot;:10,&quot;sizes&quot;:[]},&quot;gap_mobile&quot;:{&quot;unit&quot;:&quot;px&quot;,&quot;size&quot;:10,&quot;sizes&quot;:[]},&quot;link_to&quot;:&quot;file&quot;,&quot;aspect_ratio&quot;:&quot;3:2&quot;,&quot;overlay_background&quot;:&quot;yes&quot;,&quot;content_hover_animation&quot;:&quot;fade-in&quot;}\" data-widget_type=\"gallery.default\">\n\t\t\t\t<div class=\"elementor-widget-container\">\n\t\t\t\t\t\t\t<div class=\"elementor-gallery__container\">\n\t\t\t\t\t\t\t<a class=\"e-gallery-item elementor-gallery-item elementor-animated-content\" href=\"https:\/\/atauni.edu.tr\/tip-fakultesi\/wp-content\/uploads\/sites\/73\/2020\/07\/c6d4a6e8-c674-4267-ba48-68f5a52f91ed-1.jpg\" data-elementor-open-lightbox=\"yes\" data-elementor-lightbox-slideshow=\"0ee5a09\" data-elementor-lightbox-title=\"c6d4a6e8-c674-4267-ba48-68f5a52f91ed (1)\" data-e-action-hash=\"#elementor-action%3Aaction%3Dlightbox%26settings%3DeyJpZCI6MTEzODgsInVybCI6Imh0dHBzOlwvXC9hdGF1bmkuZWR1LnRyXC90aXAtZmFrdWx0ZXNpXC93cC1jb250ZW50XC91cGxvYWRzXC9zaXRlc1wvNzNcLzIwMjBcLzA3XC9jNmQ0YTZlOC1jNjc0LTQyNjctYmE0OC02OGY1YTUyZjkxZWQtMS5qcGciLCJzbGlkZXNob3ciOiIwZWU1YTA5In0%3D\">\n\t\t\t\t\t<div class=\"e-gallery-image elementor-gallery-item__image\" data-thumbnail=\"https:\/\/atauni.edu.tr\/tip-fakultesi\/wp-content\/uploads\/sites\/73\/2020\/07\/c6d4a6e8-c674-4267-ba48-68f5a52f91ed-1-300x262.jpg\" data-width=\"300\" data-height=\"262\" aria-label=\"\" role=\"img\" ><\/div>\n\t\t\t\t\t\t\t\t\t\t\t<div class=\"elementor-gallery-item__overlay\"><\/div>\n\t\t\t\t\t\t\t\t\t\t\t\t\t\t<\/a>\n\t\t\t\t\t\t\t<a class=\"e-gallery-item elementor-gallery-item elementor-animated-content\" href=\"https:\/\/atauni.edu.tr\/tip-fakultesi\/wp-content\/uploads\/sites\/73\/2020\/07\/ad481d3d-a56b-4627-9582-988fa79630dd.jpg\" data-elementor-open-lightbox=\"yes\" data-elementor-lightbox-slideshow=\"0ee5a09\" data-elementor-lightbox-title=\"ad481d3d-a56b-4627-9582-988fa79630dd\" data-e-action-hash=\"#elementor-action%3Aaction%3Dlightbox%26settings%3DeyJpZCI6MTEzODcsInVybCI6Imh0dHBzOlwvXC9hdGF1bmkuZWR1LnRyXC90aXAtZmFrdWx0ZXNpXC93cC1jb250ZW50XC91cGxvYWRzXC9zaXRlc1wvNzNcLzIwMjBcLzA3XC9hZDQ4MWQzZC1hNTZiLTQ2MjctOTU4Mi05ODhmYTc5NjMwZGQuanBnIiwic2xpZGVzaG93IjoiMGVlNWEwOSJ9\">\n\t\t\t\t\t<div class=\"e-gallery-image elementor-gallery-item__image\" data-thumbnail=\"https:\/\/atauni.edu.tr\/tip-fakultesi\/wp-content\/uploads\/sites\/73\/2020\/07\/ad481d3d-a56b-4627-9582-988fa79630dd-300x260.jpg\" data-width=\"300\" data-height=\"260\" aria-label=\"\" role=\"img\" ><\/div>\n\t\t\t\t\t\t\t\t\t\t\t<div class=\"elementor-gallery-item__overlay\"><\/div>\n\t\t\t\t\t\t\t\t\t\t\t\t\t\t<\/a>\n\t\t\t\t\t\t\t<a class=\"e-gallery-item elementor-gallery-item elementor-animated-content\" href=\"https:\/\/atauni.edu.tr\/tip-fakultesi\/wp-content\/uploads\/sites\/73\/2020\/07\/c22115d5-f90a-4043-8fb8-ecc3933b31d5.jpg\" data-elementor-open-lightbox=\"yes\" data-elementor-lightbox-slideshow=\"0ee5a09\" data-elementor-lightbox-title=\"c22115d5-f90a-4043-8fb8-ecc3933b31d5\" data-e-action-hash=\"#elementor-action%3Aaction%3Dlightbox%26settings%3DeyJpZCI6MTEzODksInVybCI6Imh0dHBzOlwvXC9hdGF1bmkuZWR1LnRyXC90aXAtZmFrdWx0ZXNpXC93cC1jb250ZW50XC91cGxvYWRzXC9zaXRlc1wvNzNcLzIwMjBcLzA3XC9jMjIxMTVkNS1mOTBhLTQwNDMtOGZiOC1lY2MzOTMzYjMxZDUuanBnIiwic2xpZGVzaG93IjoiMGVlNWEwOSJ9\">\n\t\t\t\t\t<div class=\"e-gallery-image elementor-gallery-item__image\" data-thumbnail=\"https:\/\/atauni.edu.tr\/tip-fakultesi\/wp-content\/uploads\/sites\/73\/2020\/07\/c22115d5-f90a-4043-8fb8-ecc3933b31d5-300x281.jpg\" data-width=\"300\" data-height=\"281\" aria-label=\"\" role=\"img\" ><\/div>\n\t\t\t\t\t\t\t\t\t\t\t<div class=\"elementor-gallery-item__overlay\"><\/div>\n\t\t\t\t\t\t\t\t\t\t\t\t\t\t<\/a>\n\t\t\t\t\t\t\t<a class=\"e-gallery-item elementor-gallery-item elementor-animated-content\" href=\"https:\/\/atauni.edu.tr\/tip-fakultesi\/wp-content\/uploads\/sites\/73\/2020\/07\/85ee0cc4-49ea-4e6f-8579-e8ace38ce704.jpg\" data-elementor-open-lightbox=\"yes\" data-elementor-lightbox-slideshow=\"0ee5a09\" data-elementor-lightbox-title=\"85ee0cc4-49ea-4e6f-8579-e8ace38ce704\" data-e-action-hash=\"#elementor-action%3Aaction%3Dlightbox%26settings%3DeyJpZCI6MTEzODYsInVybCI6Imh0dHBzOlwvXC9hdGF1bmkuZWR1LnRyXC90aXAtZmFrdWx0ZXNpXC93cC1jb250ZW50XC91cGxvYWRzXC9zaXRlc1wvNzNcLzIwMjBcLzA3XC84NWVlMGNjNC00OWVhLTRlNmYtODU3OS1lOGFjZTM4Y2U3MDQuanBnIiwic2xpZGVzaG93IjoiMGVlNWEwOSJ9\">\n\t\t\t\t\t<div class=\"e-gallery-image elementor-gallery-item__image\" data-thumbnail=\"https:\/\/atauni.edu.tr\/tip-fakultesi\/wp-content\/uploads\/sites\/73\/2020\/07\/85ee0cc4-49ea-4e6f-8579-e8ace38ce704-300x268.jpg\" data-width=\"300\" data-height=\"268\" aria-label=\"\" role=\"img\" ><\/div>\n\t\t\t\t\t\t\t\t\t\t\t<div class=\"elementor-gallery-item__overlay\"><\/div>\n\t\t\t\t\t\t\t\t\t\t\t\t\t\t<\/a>\n\t\t\t\t\t<\/div>\n\t\t\t\t\t<\/div>\n\t\t\t\t<\/div>\n\t\t\t\t\t<\/div>\n\t\t<\/div>\n\t\t\t\t\t<\/div>\n\t\t<\/section>\n\t\t\t\t<\/div>\n\t\t","protected":false},"excerpt":{"rendered":"<p>Academic CounsellorProf. Ahmet Nezih K\u00d6K Club PresidentBahar AKYILDIRIM Club Vice PresidentB\u00fc\u015fra YAZICI<\/p>\n","protected":false},"author":62,"featured_media":0,"parent":0,"menu_order":0,"comment_status":"closed","ping_status":"closed","template":"","meta":{"footnotes":""},"class_list":["post-14236","page","type-page","status-publish","hentry"],"_links":{"self":[{"href":"https:\/\/atauni.edu.tr\/tip-fakultesi\/wp-json\/wp\/v2\/pages\/14236","targetHints":{"allow":["GET"]}}],"collection":[{"href":"https:\/\/atauni.edu.tr\/tip-fakultesi\/wp-json\/wp\/v2\/pages"}],"about":[{"href":"https:\/\/atauni.edu.tr\/tip-fakultesi\/wp-json\/wp\/v2\/types\/page"}],"author":[{"embeddable":true,"href":"https:\/\/atauni.edu.tr\/tip-fakultesi\/wp-json\/wp\/v2\/users\/62"}],"replies":[{"embeddable":true,"href":"https:\/\/atauni.edu.tr\/tip-fakultesi\/wp-json\/wp\/v2\/comments?post=14236"}],"version-history":[{"count":7,"href":"https:\/\/atauni.edu.tr\/tip-fakultesi\/wp-json\/wp\/v2\/pages\/14236\/revisions"}],"predecessor-version":[{"id":14351,"href":"https:\/\/atauni.edu.tr\/tip-fakultesi\/wp-json\/wp\/v2\/pages\/14236\/revisions\/14351"}],"wp:attachment":[{"href":"https:\/\/atauni.edu.tr\/tip-fakultesi\/wp-json\/wp\/v2\/media?parent=14236"}],"curies":[{"name":"wp","href":"https:\/\/api.w.org\/{rel}","templated":true}]}}