{"id":14274,"date":"2024-01-25T13:42:58","date_gmt":"2024-01-25T10:42:58","guid":{"rendered":"https:\/\/birimler.atauni.edu.tr\/tip-fakultesi\/?page_id=14274"},"modified":"2024-01-25T13:43:33","modified_gmt":"2024-01-25T10:43:33","slug":"persona-theatre-student-club","status":"publish","type":"page","link":"https:\/\/atauni.edu.tr\/tip-fakultesi\/en\/persona-theatre-student-club\/","title":{"rendered":"PERSONA Theatre Student Club"},"content":{"rendered":"\t\t<div data-elementor-type=\"wp-page\" data-elementor-id=\"14274\" class=\"elementor elementor-14274\" data-elementor-post-type=\"page\">\n\t\t\t\t\t\t<section class=\"elementor-section elementor-top-section elementor-element elementor-element-2957abce elementor-section-boxed elementor-section-height-default elementor-section-height-default\" data-id=\"2957abce\" data-element_type=\"section\">\n\t\t\t\t\t\t<div class=\"elementor-container elementor-column-gap-default\">\n\t\t\t\t\t<div class=\"elementor-column elementor-col-100 elementor-top-column elementor-element elementor-element-5069115a\" data-id=\"5069115a\" data-element_type=\"column\">\n\t\t\t<div class=\"elementor-widget-wrap elementor-element-populated\">\n\t\t\t\t\t\t<div class=\"elementor-element elementor-element-372d5224 elementor-widget elementor-widget-text-editor\" data-id=\"372d5224\" data-element_type=\"widget\" data-widget_type=\"text-editor.default\">\n\t\t\t\t<div class=\"elementor-widget-container\">\n\t\t\t\t\t\t\t\t\t<p style=\"text-align: center\"><span style=\"text-decoration: underline\"><span style=\"color: #000080\"><span style=\"font-weight: bolder\">Academic Counsellor<\/span><\/span><\/span><br \/><span style=\"color: #333333\">Prof. Kemalettin \u00d6ZDEN<\/span><\/p><p style=\"text-align: center\"><span style=\"text-decoration: underline\"><span style=\"color: #800000\"><span style=\"font-weight: bolder\">Club President<\/span><\/span><\/span><br \/><span style=\"color: #333333\">Mustafa Do\u011fukan BELG\u0130L<\/span><\/p><p style=\"text-align: center\"><span style=\"text-decoration: underline\"><span style=\"color: #800000\"><span style=\"font-weight: bolder\">Club Vice President<\/span><\/span><\/span><br \/><span style=\"color: #333333\">Hilalnur YILDIZ<\/span><\/p>\t\t\t\t\t\t\t\t<\/div>\n\t\t\t\t<\/div>\n\t\t\t\t\t<\/div>\n\t\t<\/div>\n\t\t\t\t\t<\/div>\n\t\t<\/section>\n\t\t\t\t<\/div>\n\t\t","protected":false},"excerpt":{"rendered":"<p>Academic CounsellorProf. Kemalettin \u00d6ZDEN Club PresidentMustafa Do\u011fukan BELG\u0130L Club Vice PresidentHilalnur YILDIZ<\/p>\n","protected":false},"author":62,"featured_media":0,"parent":0,"menu_order":0,"comment_status":"closed","ping_status":"closed","template":"","meta":{"footnotes":""},"class_list":["post-14274","page","type-page","status-publish","hentry"],"_links":{"self":[{"href":"https:\/\/atauni.edu.tr\/tip-fakultesi\/wp-json\/wp\/v2\/pages\/14274","targetHints":{"allow":["GET"]}}],"collection":[{"href":"https:\/\/atauni.edu.tr\/tip-fakultesi\/wp-json\/wp\/v2\/pages"}],"about":[{"href":"https:\/\/atauni.edu.tr\/tip-fakultesi\/wp-json\/wp\/v2\/types\/page"}],"author":[{"embeddable":true,"href":"https:\/\/atauni.edu.tr\/tip-fakultesi\/wp-json\/wp\/v2\/users\/62"}],"replies":[{"embeddable":true,"href":"https:\/\/atauni.edu.tr\/tip-fakultesi\/wp-json\/wp\/v2\/comments?post=14274"}],"version-history":[{"count":4,"href":"https:\/\/atauni.edu.tr\/tip-fakultesi\/wp-json\/wp\/v2\/pages\/14274\/revisions"}],"predecessor-version":[{"id":14278,"href":"https:\/\/atauni.edu.tr\/tip-fakultesi\/wp-json\/wp\/v2\/pages\/14274\/revisions\/14278"}],"wp:attachment":[{"href":"https:\/\/atauni.edu.tr\/tip-fakultesi\/wp-json\/wp\/v2\/media?parent=14274"}],"curies":[{"name":"wp","href":"https:\/\/api.w.org\/{rel}","templated":true}]}}