{"id":14284,"date":"2024-01-25T13:45:50","date_gmt":"2024-01-25T10:45:50","guid":{"rendered":"https:\/\/birimler.atauni.edu.tr\/tip-fakultesi\/?page_id=14284"},"modified":"2024-01-25T13:46:38","modified_gmt":"2024-01-25T10:46:38","slug":"health-4-0-community","status":"publish","type":"page","link":"https:\/\/atauni.edu.tr\/tip-fakultesi\/en\/health-4-0-community\/","title":{"rendered":"Health 4.0 Community"},"content":{"rendered":"\t\t<div data-elementor-type=\"wp-page\" data-elementor-id=\"14284\" class=\"elementor elementor-14284\" data-elementor-post-type=\"page\">\n\t\t\t\t\t\t<section class=\"elementor-section elementor-top-section elementor-element elementor-element-2957abce elementor-section-boxed elementor-section-height-default elementor-section-height-default\" data-id=\"2957abce\" data-element_type=\"section\">\n\t\t\t\t\t\t<div class=\"elementor-container elementor-column-gap-default\">\n\t\t\t\t\t<div class=\"elementor-column elementor-col-100 elementor-top-column elementor-element elementor-element-5069115a\" data-id=\"5069115a\" data-element_type=\"column\">\n\t\t\t<div class=\"elementor-widget-wrap elementor-element-populated\">\n\t\t\t\t\t\t<div class=\"elementor-element elementor-element-372d5224 elementor-widget elementor-widget-text-editor\" data-id=\"372d5224\" data-element_type=\"widget\" data-widget_type=\"text-editor.default\">\n\t\t\t\t<div class=\"elementor-widget-container\">\n\t\t\t\t\t\t\t\t\t<p style=\"text-align: center\"><font color=\"#000080\"><b><u>Academic Counsellor<\/u><\/b><\/font><br><span style=\"color: #333333\">Prof. M. Hamidullah UYANIK<\/span><\/p>\n<p style=\"text-align: center\"><font color=\"#800000\"><b><u>Club President<\/u><\/b><span style=\"font-weight: bolder\"><u><br><\/u><\/span><\/font><span style=\"color: #333333\">Gizem G\u00dcNE\u015e<\/span><\/p>\n<p style=\"text-align: center\"><font color=\"#800000\"><b><u>Club Vice President<\/u><\/b><\/font><br><span style=\"color: #333333\">Ahmet A\u015eIK<\/span><\/p>\t\t\t\t\t\t\t\t<\/div>\n\t\t\t\t<\/div>\n\t\t\t\t\t<\/div>\n\t\t<\/div>\n\t\t\t\t\t<\/div>\n\t\t<\/section>\n\t\t\t\t<section class=\"elementor-section elementor-top-section elementor-element elementor-element-1ece5a1 elementor-section-boxed elementor-section-height-default elementor-section-height-default\" data-id=\"1ece5a1\" data-element_type=\"section\">\n\t\t\t\t\t\t<div class=\"elementor-container elementor-column-gap-default\">\n\t\t\t\t\t<div class=\"elementor-column elementor-col-100 elementor-top-column elementor-element elementor-element-f3e70ae\" data-id=\"f3e70ae\" data-element_type=\"column\">\n\t\t\t<div class=\"elementor-widget-wrap elementor-element-populated\">\n\t\t\t\t\t\t<div class=\"elementor-element elementor-element-22259fc elementor-widget elementor-widget-gallery\" data-id=\"22259fc\" data-element_type=\"widget\" data-settings=\"{&quot;lazyload&quot;:&quot;yes&quot;,&quot;gallery_layout&quot;:&quot;grid&quot;,&quot;columns&quot;:4,&quot;columns_tablet&quot;:2,&quot;columns_mobile&quot;:1,&quot;gap&quot;:{&quot;unit&quot;:&quot;px&quot;,&quot;size&quot;:10,&quot;sizes&quot;:[]},&quot;gap_tablet&quot;:{&quot;unit&quot;:&quot;px&quot;,&quot;size&quot;:10,&quot;sizes&quot;:[]},&quot;gap_mobile&quot;:{&quot;unit&quot;:&quot;px&quot;,&quot;size&quot;:10,&quot;sizes&quot;:[]},&quot;link_to&quot;:&quot;file&quot;,&quot;aspect_ratio&quot;:&quot;3:2&quot;,&quot;overlay_background&quot;:&quot;yes&quot;,&quot;content_hover_animation&quot;:&quot;fade-in&quot;}\" data-widget_type=\"gallery.default\">\n\t\t\t\t<div class=\"elementor-widget-container\">\n\t\t\t\t\t\t\t<div class=\"elementor-gallery__container\">\n\t\t\t\t\t\t\t<a class=\"e-gallery-item elementor-gallery-item elementor-animated-content\" href=\"https:\/\/atauni.edu.tr\/tip-fakultesi\/wp-content\/uploads\/sites\/73\/2020\/07\/d31bffef-fbb8-4032-b78a-1775f81beb7f.jpg\" data-elementor-open-lightbox=\"yes\" data-elementor-lightbox-slideshow=\"22259fc\" data-elementor-lightbox-title=\"d31bffef-fbb8-4032-b78a-1775f81beb7f\" data-e-action-hash=\"#elementor-action%3Aaction%3Dlightbox%26settings%3DeyJpZCI6MTEzODEsInVybCI6Imh0dHBzOlwvXC9hdGF1bmkuZWR1LnRyXC90aXAtZmFrdWx0ZXNpXC93cC1jb250ZW50XC91cGxvYWRzXC9zaXRlc1wvNzNcLzIwMjBcLzA3XC9kMzFiZmZlZi1mYmI4LTQwMzItYjc4YS0xNzc1ZjgxYmViN2YuanBnIiwic2xpZGVzaG93IjoiMjIyNTlmYyJ9\">\n\t\t\t\t\t<div class=\"e-gallery-image elementor-gallery-item__image\" data-thumbnail=\"https:\/\/atauni.edu.tr\/tip-fakultesi\/wp-content\/uploads\/sites\/73\/2020\/07\/d31bffef-fbb8-4032-b78a-1775f81beb7f-135x300.jpg\" data-width=\"135\" data-height=\"300\" aria-label=\"\" role=\"img\" ><\/div>\n\t\t\t\t\t\t\t\t\t\t\t<div class=\"elementor-gallery-item__overlay\"><\/div>\n\t\t\t\t\t\t\t\t\t\t\t\t\t\t<\/a>\n\t\t\t\t\t\t\t<a class=\"e-gallery-item elementor-gallery-item elementor-animated-content\" href=\"https:\/\/atauni.edu.tr\/tip-fakultesi\/wp-content\/uploads\/sites\/73\/2020\/07\/ce3f0338-8284-43f1-a502-630290b8ea55.jpg\" data-elementor-open-lightbox=\"yes\" data-elementor-lightbox-slideshow=\"22259fc\" data-elementor-lightbox-title=\"ce3f0338-8284-43f1-a502-630290b8ea55\" data-e-action-hash=\"#elementor-action%3Aaction%3Dlightbox%26settings%3DeyJpZCI6MTEzODAsInVybCI6Imh0dHBzOlwvXC9hdGF1bmkuZWR1LnRyXC90aXAtZmFrdWx0ZXNpXC93cC1jb250ZW50XC91cGxvYWRzXC9zaXRlc1wvNzNcLzIwMjBcLzA3XC9jZTNmMDMzOC04Mjg0LTQzZjEtYTUwMi02MzAyOTBiOGVhNTUuanBnIiwic2xpZGVzaG93IjoiMjIyNTlmYyJ9\">\n\t\t\t\t\t<div class=\"e-gallery-image elementor-gallery-item__image\" data-thumbnail=\"https:\/\/atauni.edu.tr\/tip-fakultesi\/wp-content\/uploads\/sites\/73\/2020\/07\/ce3f0338-8284-43f1-a502-630290b8ea55-300x285.jpg\" data-width=\"300\" data-height=\"285\" aria-label=\"\" role=\"img\" ><\/div>\n\t\t\t\t\t\t\t\t\t\t\t<div class=\"elementor-gallery-item__overlay\"><\/div>\n\t\t\t\t\t\t\t\t\t\t\t\t\t\t<\/a>\n\t\t\t\t\t\t\t<a class=\"e-gallery-item elementor-gallery-item elementor-animated-content\" href=\"https:\/\/atauni.edu.tr\/tip-fakultesi\/wp-content\/uploads\/sites\/73\/2020\/07\/24e5926f-5885-4597-8eff-13e2656b46c1.jpg\" data-elementor-open-lightbox=\"yes\" data-elementor-lightbox-slideshow=\"22259fc\" data-elementor-lightbox-title=\"24e5926f-5885-4597-8eff-13e2656b46c1\" data-e-action-hash=\"#elementor-action%3Aaction%3Dlightbox%26settings%3DeyJpZCI6MTEzNzgsInVybCI6Imh0dHBzOlwvXC9hdGF1bmkuZWR1LnRyXC90aXAtZmFrdWx0ZXNpXC93cC1jb250ZW50XC91cGxvYWRzXC9zaXRlc1wvNzNcLzIwMjBcLzA3XC8yNGU1OTI2Zi01ODg1LTQ1OTctOGVmZi0xM2UyNjU2YjQ2YzEuanBnIiwic2xpZGVzaG93IjoiMjIyNTlmYyJ9\">\n\t\t\t\t\t<div class=\"e-gallery-image elementor-gallery-item__image\" data-thumbnail=\"https:\/\/atauni.edu.tr\/tip-fakultesi\/wp-content\/uploads\/sites\/73\/2020\/07\/24e5926f-5885-4597-8eff-13e2656b46c1-225x300.jpg\" data-width=\"225\" data-height=\"300\" aria-label=\"\" role=\"img\" ><\/div>\n\t\t\t\t\t\t\t\t\t\t\t<div class=\"elementor-gallery-item__overlay\"><\/div>\n\t\t\t\t\t\t\t\t\t\t\t\t\t\t<\/a>\n\t\t\t\t\t\t\t<a class=\"e-gallery-item elementor-gallery-item elementor-animated-content\" href=\"https:\/\/atauni.edu.tr\/tip-fakultesi\/wp-content\/uploads\/sites\/73\/2020\/07\/49912bd4-44f0-4951-8664-6c35b38260ca.jpg\" data-elementor-open-lightbox=\"yes\" data-elementor-lightbox-slideshow=\"22259fc\" data-elementor-lightbox-title=\"49912bd4-44f0-4951-8664-6c35b38260ca\" data-e-action-hash=\"#elementor-action%3Aaction%3Dlightbox%26settings%3DeyJpZCI6MTEzNzksInVybCI6Imh0dHBzOlwvXC9hdGF1bmkuZWR1LnRyXC90aXAtZmFrdWx0ZXNpXC93cC1jb250ZW50XC91cGxvYWRzXC9zaXRlc1wvNzNcLzIwMjBcLzA3XC80OTkxMmJkNC00NGYwLTQ5NTEtODY2NC02YzM1YjM4MjYwY2EuanBnIiwic2xpZGVzaG93IjoiMjIyNTlmYyJ9\">\n\t\t\t\t\t<div class=\"e-gallery-image elementor-gallery-item__image\" data-thumbnail=\"https:\/\/atauni.edu.tr\/tip-fakultesi\/wp-content\/uploads\/sites\/73\/2020\/07\/49912bd4-44f0-4951-8664-6c35b38260ca-300x224.jpg\" data-width=\"300\" data-height=\"224\" aria-label=\"\" role=\"img\" ><\/div>\n\t\t\t\t\t\t\t\t\t\t\t<div class=\"elementor-gallery-item__overlay\"><\/div>\n\t\t\t\t\t\t\t\t\t\t\t\t\t\t<\/a>\n\t\t\t\t\t<\/div>\n\t\t\t\t\t<\/div>\n\t\t\t\t<\/div>\n\t\t\t\t\t<\/div>\n\t\t<\/div>\n\t\t\t\t\t<\/div>\n\t\t<\/section>\n\t\t\t\t<\/div>\n\t\t","protected":false},"excerpt":{"rendered":"<p>Academic CounsellorProf. M. Hamidullah UYANIK Club PresidentGizem G\u00dcNE\u015e Club Vice PresidentAhmet A\u015eIK<\/p>\n","protected":false},"author":62,"featured_media":0,"parent":0,"menu_order":0,"comment_status":"closed","ping_status":"closed","template":"","meta":{"footnotes":""},"class_list":["post-14284","page","type-page","status-publish","hentry"],"_links":{"self":[{"href":"https:\/\/atauni.edu.tr\/tip-fakultesi\/wp-json\/wp\/v2\/pages\/14284","targetHints":{"allow":["GET"]}}],"collection":[{"href":"https:\/\/atauni.edu.tr\/tip-fakultesi\/wp-json\/wp\/v2\/pages"}],"about":[{"href":"https:\/\/atauni.edu.tr\/tip-fakultesi\/wp-json\/wp\/v2\/types\/page"}],"author":[{"embeddable":true,"href":"https:\/\/atauni.edu.tr\/tip-fakultesi\/wp-json\/wp\/v2\/users\/62"}],"replies":[{"embeddable":true,"href":"https:\/\/atauni.edu.tr\/tip-fakultesi\/wp-json\/wp\/v2\/comments?post=14284"}],"version-history":[{"count":4,"href":"https:\/\/atauni.edu.tr\/tip-fakultesi\/wp-json\/wp\/v2\/pages\/14284\/revisions"}],"predecessor-version":[{"id":14288,"href":"https:\/\/atauni.edu.tr\/tip-fakultesi\/wp-json\/wp\/v2\/pages\/14284\/revisions\/14288"}],"wp:attachment":[{"href":"https:\/\/atauni.edu.tr\/tip-fakultesi\/wp-json\/wp\/v2\/media?parent=14284"}],"curies":[{"name":"wp","href":"https:\/\/api.w.org\/{rel}","templated":true}]}}