{"id":14289,"date":"2024-01-25T13:47:31","date_gmt":"2024-01-25T10:47:31","guid":{"rendered":"https:\/\/birimler.atauni.edu.tr\/tip-fakultesi\/?page_id=14289"},"modified":"2024-01-25T13:48:10","modified_gmt":"2024-01-25T10:48:10","slug":"transplantation-student-club","status":"publish","type":"page","link":"https:\/\/atauni.edu.tr\/tip-fakultesi\/en\/transplantation-student-club\/","title":{"rendered":"Transplantation Student Club"},"content":{"rendered":"\t\t<div data-elementor-type=\"wp-page\" data-elementor-id=\"14289\" class=\"elementor elementor-14289\" data-elementor-post-type=\"page\">\n\t\t\t\t\t\t<section class=\"elementor-section elementor-top-section elementor-element elementor-element-2957abce elementor-section-boxed elementor-section-height-default elementor-section-height-default\" data-id=\"2957abce\" data-element_type=\"section\">\n\t\t\t\t\t\t<div class=\"elementor-container elementor-column-gap-default\">\n\t\t\t\t\t<div class=\"elementor-column elementor-col-100 elementor-top-column elementor-element elementor-element-5069115a\" data-id=\"5069115a\" data-element_type=\"column\">\n\t\t\t<div class=\"elementor-widget-wrap elementor-element-populated\">\n\t\t\t\t\t\t<div class=\"elementor-element elementor-element-372d5224 elementor-widget elementor-widget-text-editor\" data-id=\"372d5224\" data-element_type=\"widget\" data-widget_type=\"text-editor.default\">\n\t\t\t\t<div class=\"elementor-widget-container\">\n\t\t\t\t\t\t\t\t\t<p style=\"text-align: center\"><span style=\"color: #000080\"><b><u>Academic Counsellor<\/u><\/b><\/span><br \/><span style=\"color: #333333\">Prof. G\u00fcrkan \u00d6ZT\u00dcRK<\/span><\/p><p style=\"text-align: center\"><span style=\"text-decoration: underline\"><span style=\"color: #800000\"><span style=\"font-weight: bolder\">Club President<\/span><\/span><\/span><br \/><span style=\"color: #333333\">Liva Nur ARAS<\/span><\/p><p style=\"text-align: center\"><span style=\"text-decoration: underline\"><span style=\"color: #800000\"><span style=\"font-weight: bolder\">Club Vice President<\/span><\/span><\/span><br \/><span style=\"color: #333333\">Hasan KAYMAZ<\/span><\/p>\t\t\t\t\t\t\t\t<\/div>\n\t\t\t\t<\/div>\n\t\t\t\t\t<\/div>\n\t\t<\/div>\n\t\t\t\t\t<\/div>\n\t\t<\/section>\n\t\t\t\t<section class=\"elementor-section elementor-top-section elementor-element elementor-element-4728e05 elementor-section-boxed elementor-section-height-default elementor-section-height-default\" data-id=\"4728e05\" data-element_type=\"section\">\n\t\t\t\t\t\t<div class=\"elementor-container elementor-column-gap-default\">\n\t\t\t\t\t<div class=\"elementor-column elementor-col-100 elementor-top-column elementor-element elementor-element-84336ff\" data-id=\"84336ff\" data-element_type=\"column\">\n\t\t\t<div class=\"elementor-widget-wrap elementor-element-populated\">\n\t\t\t\t\t\t<div class=\"elementor-element elementor-element-0120d12 elementor-widget elementor-widget-gallery\" data-id=\"0120d12\" data-element_type=\"widget\" data-settings=\"{&quot;lazyload&quot;:&quot;yes&quot;,&quot;gallery_layout&quot;:&quot;grid&quot;,&quot;columns&quot;:4,&quot;columns_tablet&quot;:2,&quot;columns_mobile&quot;:1,&quot;gap&quot;:{&quot;unit&quot;:&quot;px&quot;,&quot;size&quot;:10,&quot;sizes&quot;:[]},&quot;gap_tablet&quot;:{&quot;unit&quot;:&quot;px&quot;,&quot;size&quot;:10,&quot;sizes&quot;:[]},&quot;gap_mobile&quot;:{&quot;unit&quot;:&quot;px&quot;,&quot;size&quot;:10,&quot;sizes&quot;:[]},&quot;link_to&quot;:&quot;file&quot;,&quot;aspect_ratio&quot;:&quot;3:2&quot;,&quot;overlay_background&quot;:&quot;yes&quot;,&quot;content_hover_animation&quot;:&quot;fade-in&quot;}\" data-widget_type=\"gallery.default\">\n\t\t\t\t<div class=\"elementor-widget-container\">\n\t\t\t\t\t\t\t<div class=\"elementor-gallery__container\">\n\t\t\t\t\t\t\t<a class=\"e-gallery-item elementor-gallery-item elementor-animated-content\" href=\"https:\/\/atauni.edu.tr\/tip-fakultesi\/wp-content\/uploads\/sites\/73\/2020\/07\/Transplantasyon3.jpg\" data-elementor-open-lightbox=\"yes\" data-elementor-lightbox-slideshow=\"0120d12\" data-elementor-lightbox-title=\"Transplantasyon3\" data-e-action-hash=\"#elementor-action%3Aaction%3Dlightbox%26settings%3DeyJpZCI6MTIyNDAsInVybCI6Imh0dHBzOlwvXC9hdGF1bmkuZWR1LnRyXC90aXAtZmFrdWx0ZXNpXC93cC1jb250ZW50XC91cGxvYWRzXC9zaXRlc1wvNzNcLzIwMjBcLzA3XC9UcmFuc3BsYW50YXN5b24zLmpwZyIsInNsaWRlc2hvdyI6IjAxMjBkMTIifQ%3D%3D\">\n\t\t\t\t\t<div class=\"e-gallery-image elementor-gallery-item__image\" data-thumbnail=\"https:\/\/atauni.edu.tr\/tip-fakultesi\/wp-content\/uploads\/sites\/73\/2020\/07\/Transplantasyon3-213x300.jpg\" data-width=\"213\" data-height=\"300\" aria-label=\"\" role=\"img\" ><\/div>\n\t\t\t\t\t\t\t\t\t\t\t<div class=\"elementor-gallery-item__overlay\"><\/div>\n\t\t\t\t\t\t\t\t\t\t\t\t\t\t<\/a>\n\t\t\t\t\t\t\t<a class=\"e-gallery-item elementor-gallery-item elementor-animated-content\" href=\"https:\/\/atauni.edu.tr\/tip-fakultesi\/wp-content\/uploads\/sites\/73\/2020\/07\/Transplantasyon1.jpg\" data-elementor-open-lightbox=\"yes\" data-elementor-lightbox-slideshow=\"0120d12\" data-elementor-lightbox-title=\"Transplantasyon1\" data-e-action-hash=\"#elementor-action%3Aaction%3Dlightbox%26settings%3DeyJpZCI6MTIyMzgsInVybCI6Imh0dHBzOlwvXC9hdGF1bmkuZWR1LnRyXC90aXAtZmFrdWx0ZXNpXC93cC1jb250ZW50XC91cGxvYWRzXC9zaXRlc1wvNzNcLzIwMjBcLzA3XC9UcmFuc3BsYW50YXN5b24xLmpwZyIsInNsaWRlc2hvdyI6IjAxMjBkMTIifQ%3D%3D\">\n\t\t\t\t\t<div class=\"e-gallery-image elementor-gallery-item__image\" data-thumbnail=\"https:\/\/atauni.edu.tr\/tip-fakultesi\/wp-content\/uploads\/sites\/73\/2020\/07\/Transplantasyon1-300x225.jpg\" data-width=\"300\" data-height=\"225\" aria-label=\"\" role=\"img\" ><\/div>\n\t\t\t\t\t\t\t\t\t\t\t<div class=\"elementor-gallery-item__overlay\"><\/div>\n\t\t\t\t\t\t\t\t\t\t\t\t\t\t<\/a>\n\t\t\t\t\t\t\t<a class=\"e-gallery-item elementor-gallery-item elementor-animated-content\" href=\"https:\/\/atauni.edu.tr\/tip-fakultesi\/wp-content\/uploads\/sites\/73\/2020\/07\/Transplantasyon4.jpg\" data-elementor-open-lightbox=\"yes\" data-elementor-lightbox-slideshow=\"0120d12\" data-elementor-lightbox-title=\"Transplantasyon4\" data-e-action-hash=\"#elementor-action%3Aaction%3Dlightbox%26settings%3DeyJpZCI6MTIyNDEsInVybCI6Imh0dHBzOlwvXC9hdGF1bmkuZWR1LnRyXC90aXAtZmFrdWx0ZXNpXC93cC1jb250ZW50XC91cGxvYWRzXC9zaXRlc1wvNzNcLzIwMjBcLzA3XC9UcmFuc3BsYW50YXN5b240LmpwZyIsInNsaWRlc2hvdyI6IjAxMjBkMTIifQ%3D%3D\">\n\t\t\t\t\t<div class=\"e-gallery-image elementor-gallery-item__image\" data-thumbnail=\"https:\/\/atauni.edu.tr\/tip-fakultesi\/wp-content\/uploads\/sites\/73\/2020\/07\/Transplantasyon4-300x136.jpg\" data-width=\"300\" data-height=\"136\" aria-label=\"\" role=\"img\" ><\/div>\n\t\t\t\t\t\t\t\t\t\t\t<div class=\"elementor-gallery-item__overlay\"><\/div>\n\t\t\t\t\t\t\t\t\t\t\t\t\t\t<\/a>\n\t\t\t\t\t\t\t<a class=\"e-gallery-item elementor-gallery-item elementor-animated-content\" href=\"https:\/\/atauni.edu.tr\/tip-fakultesi\/wp-content\/uploads\/sites\/73\/2020\/07\/Transplantasyon5.jpg\" data-elementor-open-lightbox=\"yes\" data-elementor-lightbox-slideshow=\"0120d12\" data-elementor-lightbox-title=\"Transplantasyon5\" data-e-action-hash=\"#elementor-action%3Aaction%3Dlightbox%26settings%3DeyJpZCI6MTIyNDIsInVybCI6Imh0dHBzOlwvXC9hdGF1bmkuZWR1LnRyXC90aXAtZmFrdWx0ZXNpXC93cC1jb250ZW50XC91cGxvYWRzXC9zaXRlc1wvNzNcLzIwMjBcLzA3XC9UcmFuc3BsYW50YXN5b241LmpwZyIsInNsaWRlc2hvdyI6IjAxMjBkMTIifQ%3D%3D\">\n\t\t\t\t\t<div class=\"e-gallery-image elementor-gallery-item__image\" data-thumbnail=\"https:\/\/atauni.edu.tr\/tip-fakultesi\/wp-content\/uploads\/sites\/73\/2020\/07\/Transplantasyon5-285x300.jpg\" data-width=\"285\" data-height=\"300\" aria-label=\"\" role=\"img\" ><\/div>\n\t\t\t\t\t\t\t\t\t\t\t<div class=\"elementor-gallery-item__overlay\"><\/div>\n\t\t\t\t\t\t\t\t\t\t\t\t\t\t<\/a>\n\t\t\t\t\t<\/div>\n\t\t\t\t\t<\/div>\n\t\t\t\t<\/div>\n\t\t\t\t\t<\/div>\n\t\t<\/div>\n\t\t\t\t\t<\/div>\n\t\t<\/section>\n\t\t\t\t<\/div>\n\t\t","protected":false},"excerpt":{"rendered":"<p>Academic CounsellorProf. G\u00fcrkan \u00d6ZT\u00dcRK Club PresidentLiva Nur ARAS Club Vice PresidentHasan KAYMAZ<\/p>\n","protected":false},"author":62,"featured_media":0,"parent":0,"menu_order":0,"comment_status":"closed","ping_status":"closed","template":"","meta":{"footnotes":""},"class_list":["post-14289","page","type-page","status-publish","hentry"],"_links":{"self":[{"href":"https:\/\/atauni.edu.tr\/tip-fakultesi\/wp-json\/wp\/v2\/pages\/14289","targetHints":{"allow":["GET"]}}],"collection":[{"href":"https:\/\/atauni.edu.tr\/tip-fakultesi\/wp-json\/wp\/v2\/pages"}],"about":[{"href":"https:\/\/atauni.edu.tr\/tip-fakultesi\/wp-json\/wp\/v2\/types\/page"}],"author":[{"embeddable":true,"href":"https:\/\/atauni.edu.tr\/tip-fakultesi\/wp-json\/wp\/v2\/users\/62"}],"replies":[{"embeddable":true,"href":"https:\/\/atauni.edu.tr\/tip-fakultesi\/wp-json\/wp\/v2\/comments?post=14289"}],"version-history":[{"count":4,"href":"https:\/\/atauni.edu.tr\/tip-fakultesi\/wp-json\/wp\/v2\/pages\/14289\/revisions"}],"predecessor-version":[{"id":14293,"href":"https:\/\/atauni.edu.tr\/tip-fakultesi\/wp-json\/wp\/v2\/pages\/14289\/revisions\/14293"}],"wp:attachment":[{"href":"https:\/\/atauni.edu.tr\/tip-fakultesi\/wp-json\/wp\/v2\/media?parent=14289"}],"curies":[{"name":"wp","href":"https:\/\/api.w.org\/{rel}","templated":true}]}}