{"id":15200,"date":"2024-08-08T08:11:22","date_gmt":"2024-08-08T05:11:22","guid":{"rendered":"https:\/\/birimler.atauni.edu.tr\/tip-fakultesi\/?page_id=15200"},"modified":"2025-05-20T10:37:06","modified_gmt":"2025-05-20T07:37:06","slug":"2024-2025-tip-fakultesi-ders-programlari","status":"publish","type":"page","link":"https:\/\/atauni.edu.tr\/tip-fakultesi\/2024-2025-tip-fakultesi-ders-programlari\/","title":{"rendered":"2024-2025 T\u0131p Fak\u00fcltesi Ders Programlar\u0131"},"content":{"rendered":"\t\t<div data-elementor-type=\"wp-page\" data-elementor-id=\"15200\" class=\"elementor elementor-15200\" data-elementor-post-type=\"page\">\n\t\t\t\t\t\t<section class=\"elementor-section elementor-top-section elementor-element elementor-element-cbb9f76 elementor-section-boxed elementor-section-height-default elementor-section-height-default\" data-id=\"cbb9f76\" data-element_type=\"section\">\n\t\t\t\t\t\t<div class=\"elementor-container elementor-column-gap-default\">\n\t\t\t\t\t<div class=\"elementor-column elementor-col-100 elementor-top-column elementor-element elementor-element-f55fbb7\" data-id=\"f55fbb7\" data-element_type=\"column\">\n\t\t\t<div class=\"elementor-widget-wrap elementor-element-populated\">\n\t\t\t\t\t\t<div class=\"elementor-element elementor-element-e8ea14a elementor-widget elementor-widget-text-editor\" data-id=\"e8ea14a\" data-element_type=\"widget\" data-widget_type=\"text-editor.default\">\n\t\t\t\t<div class=\"elementor-widget-container\">\n\t\t\t\t\t\t\t\t\t<p style=\"text-align: justify\"><span style=\"font-size: 13pt;line-height: 107%;font-family: Ubuntu, serif;color: black;background-image: initial;background-position: initial;background-size: initial;background-attachment: initial\">2024-2025 E\u011fitim-\u00d6\u011fretim y\u0131l\u0131 Ders Programlar\u0131n\u0131 a\u015fa\u011f\u0131daki linklerden indirebilirsiniz.<\/span><\/p><p style=\"text-align: justify\"><span style=\"font-family: Ubuntu, serif;font-size: 13pt;letter-spacing: 0px\">Programlar\u0131n g\u00fcncel durumlar\u0131 dosya sonundaki tarihlerde belirtilmi\u015ftir.<\/span><\/p><p style=\"text-align: justify\"><span style=\"font-size: 13pt;line-height: 107%;font-family: Ubuntu, serif;color: black;background-image: initial;background-position: initial;background-size: initial;background-attachment: initial\">1.2.3. S\u0131n\u0131f ders programlar\u0131n\u0131n\u00a0<\/span><b><u>G\u00dcNCEL<\/u><\/b>\u00a0<b><u>durumlar\u0131n\u0131<\/u><\/b>\u00a0<b>excel<\/b>\u00a0dosyas\u0131 \u00fczerinden takip ediniz.\u00a0<b><span style=\"font-family: Ubuntu, serif;color: black;background-image: initial;background-position: initial;background-size: initial;background-attachment: initial\"><span style=\"font-size: 1.1875rem\">\u00a0<\/span><\/span><\/b><\/p><p>T\u00fcrk\u00e7e ve \u0130ngilizce T\u0131p 1. S\u0131n\u0131f Kurul-7 de yap\u0131lacak olan T\u0131p ve Sa\u011fl\u0131k Alan\u0131nda Giri\u015fimcilik ve \u0130novasyon \u00d6\u011frenci Kongresi ilgili \u00f6\u011fretim \u00fcyesi taraf\u0131ndan\u00a0<u>20 de\u011ferlendirme notu \u00fczerinden yap\u0131lacak,<\/u>\u00a0al\u0131nan not Kurul Sonu S\u0131nav\u0131na katsay\u0131 d\u00e2hilinde eklenecektir.<\/p><p style=\"text-align: justify\"><span style=\"font-size: 13pt;line-height: 107%;font-family: Ubuntu, serif;color: black;background-image: initial;background-position: initial;background-size: initial;background-attachment: initial\">T\u00fcrk\u00e7e ve \u0130ngilizce T\u0131p 2. S\u0131n\u0131f Kurul-2 de yap\u0131lacak olan ASM Saha Uygulamas\u0131 ilgili Anabilim Dal\u0131 taraf\u0131ndan <u>10 de\u011ferlendirme notu \u00fczerinden yap\u0131lacak<\/u>, al\u0131nan not Kurul Sonu S\u0131nav\u0131nda Katsay\u0131 dahilinde eklenecektir.<\/span><\/p><p>T\u00fcrk\u00e7e ve \u0130ngilizce T\u0131p 2. S\u0131n\u0131f Kurul-5 de yap\u0131lacak olan \u00d6BAK \u00d6\u011frenci Bilimsel Ara\u015ft\u0131rma Kongresi <span style=\"text-decoration: underline\">15 <\/span><u>de\u011ferlendirme notu \u00fczerinden yap\u0131lacak, <\/u>al\u0131nan not\u00a0Kurul Sonu S\u0131nav\u0131na katsay\u0131 d\u00e2hilinde eklenecektir.<\/p><p>T\u00fcrk\u00e7e ve \u0130ngilizce T\u0131p 2. S\u0131n\u0131f Kurul-7 de\u00a0 Sosyal Sorumluluk Projesi Kongresi <span style=\"text-decoration: underline\">15<\/span><u> de\u011ferlendirme notu \u00fczerinden yap\u0131lacak, <\/u>al\u0131nan not Kurul Sonu S\u0131nav\u0131na katsay\u0131 dahilinde eklenecektir.<\/p>\t\t\t\t\t\t\t\t<\/div>\n\t\t\t\t<\/div>\n\t\t\t\t\t<\/div>\n\t\t<\/div>\n\t\t\t\t\t<\/div>\n\t\t<\/section>\n\t\t\t\t<section class=\"elementor-section elementor-top-section elementor-element elementor-element-971fd6d elementor-section-boxed elementor-section-height-default elementor-section-height-default\" data-id=\"971fd6d\" data-element_type=\"section\">\n\t\t\t\t\t\t<div class=\"elementor-container elementor-column-gap-default\">\n\t\t\t\t\t<div class=\"elementor-column elementor-col-100 elementor-top-column elementor-element elementor-element-1067aa3\" data-id=\"1067aa3\" data-element_type=\"column\">\n\t\t\t<div class=\"elementor-widget-wrap elementor-element-populated\">\n\t\t\t\t\t\t<div class=\"elementor-element elementor-element-613a1c6 elementor-widget elementor-widget-text-editor\" data-id=\"613a1c6\" data-element_type=\"widget\" data-widget_type=\"text-editor.default\">\n\t\t\t\t<div class=\"elementor-widget-container\">\n\t\t\t\t\t\t\t\t\t<table width=\"743\">\n<tbody>\n<tr>\n<td width=\"551\"><span style=\"color: #993300\"><strong>2024-2025 T\u00fcrk\u00e7e T\u0131p Ders Programlar\u0131<\/strong><\/span><\/td>\n<td width=\"192\"><span style=\"color: #993300\"><strong>G\u00fcncelleme Tarihi<\/strong><\/span><\/td>\n<\/tr>\n<tr>\n<td><a href=\"https:\/\/birimler.atauni.edu.tr\/tip-fakultesi\/wp-content\/uploads\/sites\/73\/2025\/05\/2024-2025-Turkce-ve-Ingilizce-Tip-1-2-3-Sinif-Ders-Programi-20-05-2025.xlsx\"><span style=\"color: #0000ff\">2024-2025 T\u00fcrk\u00e7e T\u0131p 1-2-3 S\u0131n\u0131f Ders Program\u0131 (excel)<\/span><\/a><\/td>\n<td>20 May\u0131s 2025<\/td>\n<\/tr>\n<tr>\n<td><a href=\"https:\/\/birimler.atauni.edu.tr\/tip-fakultesi\/wp-content\/uploads\/sites\/73\/2025\/05\/2024-2025-Turkce-Tip-1-2-3-4-5-6-Sinif-Ders-Programi-20-05-2025.docx\"><span style=\"color: #0000ff\">2024-2025 T\u00fcrk\u00e7e T\u0131p 1-2-3-4-5-6 S\u0131n\u0131f Ders Program\u0131 (word)<\/span><\/a><\/td>\n<td>20 May\u0131s 2025<\/td>\n<\/tr>\n<tr>\n<td><a href=\"https:\/\/birimler.atauni.edu.tr\/tip-fakultesi\/wp-content\/uploads\/sites\/73\/2020\/07\/2024-2025_Donem_IV-V_Staj_Rehberi-Turkce-11-09-2024.pdf\"><span style=\"color: #0000ff\">2024-2025_D\u00f6nem_IV-V_Staj_Rehberi (pdf)<\/span><\/a><\/td>\n<td>11 Eyl 2024<\/td>\n<\/tr>\n<tr>\n<td><strong><span style=\"color: #993300\">2024-2025 Faculty of Medicine Curriculum Programs<\/span><\/strong><\/td>\n<td><strong><span style=\"color: #993300\">Updated Date<\/span><\/strong><\/td>\n<\/tr>\n<tr>\n<td><a href=\"https:\/\/birimler.atauni.edu.tr\/tip-fakultesi\/wp-content\/uploads\/sites\/73\/2025\/05\/2024-2025-Turkce-ve-Ingilizce-Tip-1-2-3-Sinif-Ders-Programi-20-05-2025.xlsx\"><span style=\"color: #0000ff\">2024-2025 Turkish and English Medicine 1-2-3 Class Curriculum (excel)<\/span><\/a><\/td>\n<td>20 May 2025<\/td>\n<\/tr>\n<tr>\n<td><a href=\"https:\/\/birimler.atauni.edu.tr\/tip-fakultesi\/wp-content\/uploads\/sites\/73\/2025\/05\/2024-2025-English-Medicine-1-2-3-4-5-6-Class-Schedule-08-05-2025.docx\"><span style=\"color: #0000ff\">2024-2025 English Medicine 1-2-3-4-5-6 Class Schedule (word)<\/span><\/a><\/td>\n<td>08 May 2025<\/td>\n<\/tr>\n<tr>\n<td><a href=\"https:\/\/birimler.atauni.edu.tr\/tip-fakultesi\/wp-content\/uploads\/sites\/73\/2020\/07\/2024-2025-Session_IV-V_Clearkship_Guidebook_-10-09-2024.pdf\"><span style=\"color: #0000ff\">2024-2025 Session IV-V Clearkship Guidebook (pdf)<\/span><\/a><\/td>\n<td>11 Sep 2024<\/td>\n<\/tr>\n<\/tbody>\n<\/table>\t\t\t\t\t\t\t\t<\/div>\n\t\t\t\t<\/div>\n\t\t\t\t\t<\/div>\n\t\t<\/div>\n\t\t\t\t\t<\/div>\n\t\t<\/section>\n\t\t\t\t<\/div>\n\t\t","protected":false},"excerpt":{"rendered":"<p>2024-2025 E\u011fitim-\u00d6\u011fretim y\u0131l\u0131 Ders Programlar\u0131n\u0131 a\u015fa\u011f\u0131daki linklerden indirebilirsiniz. Programlar\u0131n g\u00fcncel durumlar\u0131 dosya sonundaki tarihlerde belirtilmi\u015ftir. 1.2.3. S\u0131n\u0131f ders programlar\u0131n\u0131n\u00a0G\u00dcNCEL\u00a0durumlar\u0131n\u0131\u00a0excel\u00a0dosyas\u0131 \u00fczerinden takip ediniz.\u00a0\u00a0 T\u00fcrk\u00e7e ve \u0130ngilizce T\u0131p 1. S\u0131n\u0131f Kurul-7 de yap\u0131lacak olan T\u0131p ve Sa\u011fl\u0131k Alan\u0131nda Giri\u015fimcilik ve \u0130novasyon \u00d6\u011frenci Kongresi ilgili \u00f6\u011fretim \u00fcyesi taraf\u0131ndan\u00a020 de\u011ferlendirme notu \u00fczerinden yap\u0131lacak,\u00a0al\u0131nan not Kurul Sonu S\u0131nav\u0131na katsay\u0131 d\u00e2hilinde [&hellip;]<\/p>\n","protected":false},"author":62,"featured_media":0,"parent":0,"menu_order":0,"comment_status":"closed","ping_status":"closed","template":"","meta":{"footnotes":""},"class_list":["post-15200","page","type-page","status-publish","hentry"],"_links":{"self":[{"href":"https:\/\/atauni.edu.tr\/tip-fakultesi\/wp-json\/wp\/v2\/pages\/15200","targetHints":{"allow":["GET"]}}],"collection":[{"href":"https:\/\/atauni.edu.tr\/tip-fakultesi\/wp-json\/wp\/v2\/pages"}],"about":[{"href":"https:\/\/atauni.edu.tr\/tip-fakultesi\/wp-json\/wp\/v2\/types\/page"}],"author":[{"embeddable":true,"href":"https:\/\/atauni.edu.tr\/tip-fakultesi\/wp-json\/wp\/v2\/users\/62"}],"replies":[{"embeddable":true,"href":"https:\/\/atauni.edu.tr\/tip-fakultesi\/wp-json\/wp\/v2\/comments?post=15200"}],"version-history":[{"count":134,"href":"https:\/\/atauni.edu.tr\/tip-fakultesi\/wp-json\/wp\/v2\/pages\/15200\/revisions"}],"predecessor-version":[{"id":16439,"href":"https:\/\/atauni.edu.tr\/tip-fakultesi\/wp-json\/wp\/v2\/pages\/15200\/revisions\/16439"}],"wp:attachment":[{"href":"https:\/\/atauni.edu.tr\/tip-fakultesi\/wp-json\/wp\/v2\/media?parent=15200"}],"curies":[{"name":"wp","href":"https:\/\/api.w.org\/{rel}","templated":true}]}}