{"id":16681,"date":"2025-07-29T15:21:19","date_gmt":"2025-07-29T12:21:19","guid":{"rendered":"https:\/\/birimler.atauni.edu.tr\/tip-fakultesi\/?page_id=16681"},"modified":"2025-07-29T15:21:26","modified_gmt":"2025-07-29T12:21:26","slug":"haberler","status":"publish","type":"page","link":"https:\/\/atauni.edu.tr\/tip-fakultesi\/haberler\/","title":{"rendered":"Haberler"},"content":{"rendered":"<form method=\"get\" class=\"row g-3\" style=\"margin-bottom: 20px;\"><div class=\"col-md-3\"><input type=\"text\" name=\"haber_ara\" class=\"form-control\" placeholder=\"Haber ara...\" value=\"\"><\/div><div class=\"col-md-3\"><input type=\"date\" name=\"baslangic_tarihi\" class=\"form-control\" value=\"\"><\/div><div class=\"col-md-3\"><input type=\"date\" name=\"bitis_tarihi\" class=\"form-control\" value=\"\"><\/div><div class=\"col-md-3\"><button type=\"submit\" class=\"btn btn-secondary w-50\">Filtrele<\/button><\/div><\/form><ul class=\"kategori-yazilari-liste\"><li style=\"display: flex; margin-bottom: 10px; align-items: center;\"><div class=\"post-thumbnail\" style=\"margin-right: 15px;\"><a href=\"https:\/\/atauni.edu.tr\/tip-fakultesi\/2026\/haberler\/tip-fakultesinde-bilimsel-arastirma-egitimi-yogun-ilgi-gordu\/\"><img decoding=\"async\" width=\"150\" height=\"150\" src=\"https:\/\/atauni.edu.tr\/tip-fakultesi\/wp-content\/uploads\/sites\/73\/2026\/05\/01-150x150.jpg\" class=\"attachment-thumbnail size-thumbnail wp-post-image\" alt=\"\" \/><\/a><\/div><div class=\"post-content\" style=\"flex-grow: 1;\"><span class=\"post-date habertarih\" style=\"display: block; font-weight: bold; margin-bottom: 5px;\">11 May\u0131s 2026<\/span><a class=\"haberbaslik\" href=\"https:\/\/atauni.edu.tr\/tip-fakultesi\/2026\/haberler\/tip-fakultesinde-bilimsel-arastirma-egitimi-yogun-ilgi-gordu\/\">T\u0131p Fak\u00fcltesi&#8217;nde Bilimsel Ara\u015ft\u0131rma E\u011fitimi Yo\u011fun \u0130lgi G\u00f6rd\u00fc<\/a><\/div><\/li><li style=\"display: flex; margin-bottom: 10px; align-items: center;\"><div class=\"post-thumbnail\" style=\"margin-right: 15px;\"><a href=\"https:\/\/atauni.edu.tr\/tip-fakultesi\/2026\/haberler\/tip-fakultesi-erkek-basketbol-takimi-turnuvayi-ucuncu-tamamladi\/\"><img decoding=\"async\" width=\"150\" height=\"150\" src=\"https:\/\/atauni.edu.tr\/tip-fakultesi\/wp-content\/uploads\/sites\/73\/2026\/05\/01-1-150x150.jpeg\" class=\"attachment-thumbnail size-thumbnail wp-post-image\" alt=\"\" \/><\/a><\/div><div class=\"post-content\" style=\"flex-grow: 1;\"><span class=\"post-date habertarih\" style=\"display: block; font-weight: bold; margin-bottom: 5px;\">8 May\u0131s 2026<\/span><a class=\"haberbaslik\" href=\"https:\/\/atauni.edu.tr\/tip-fakultesi\/2026\/haberler\/tip-fakultesi-erkek-basketbol-takimi-turnuvayi-ucuncu-tamamladi\/\">T\u0131p Fak\u00fcltesi Erkek Basketbol Tak\u0131m\u0131 Turnuvay\u0131 \u00dc\u00e7\u00fcnc\u00fc Tamamlad\u0131<\/a><\/div><\/li><li style=\"display: flex; margin-bottom: 10px; align-items: center;\"><div class=\"post-thumbnail\" style=\"margin-right: 15px;\"><a href=\"https:\/\/atauni.edu.tr\/tip-fakultesi\/2026\/haberler\/tip-fakultesi-kadin-basketbol-takimi-spor-senliklerinde-sampiyon-oldu\/\"><img decoding=\"async\" width=\"150\" height=\"150\" src=\"https:\/\/atauni.edu.tr\/tip-fakultesi\/wp-content\/uploads\/sites\/73\/2026\/05\/01-150x150.jpeg\" class=\"attachment-thumbnail size-thumbnail wp-post-image\" alt=\"\" \/><\/a><\/div><div class=\"post-content\" style=\"flex-grow: 1;\"><span class=\"post-date habertarih\" style=\"display: block; font-weight: bold; margin-bottom: 5px;\">8 May\u0131s 2026<\/span><a class=\"haberbaslik\" href=\"https:\/\/atauni.edu.tr\/tip-fakultesi\/2026\/haberler\/tip-fakultesi-kadin-basketbol-takimi-spor-senliklerinde-sampiyon-oldu\/\">T\u0131p Fak\u00fcltesi Kad\u0131n Basketbol Tak\u0131m\u0131 Spor \u015eenliklerinde \u015eampiyon Oldu<\/a><\/div><\/li><li style=\"display: flex; margin-bottom: 10px; align-items: center;\"><div class=\"post-thumbnail\" style=\"margin-right: 15px;\"><a href=\"https:\/\/atauni.edu.tr\/tip-fakultesi\/2026\/haberler\/kudakafta-tip-fakultesinden-uygulamali-egitim-etkinligi\/\"><img loading=\"lazy\" decoding=\"async\" width=\"150\" height=\"150\" src=\"https:\/\/atauni.edu.tr\/tip-fakultesi\/wp-content\/uploads\/sites\/73\/2026\/04\/01-2-150x150.jpg\" class=\"attachment-thumbnail size-thumbnail wp-post-image\" alt=\"\" \/><\/a><\/div><div class=\"post-content\" style=\"flex-grow: 1;\"><span class=\"post-date habertarih\" style=\"display: block; font-weight: bold; margin-bottom: 5px;\">30 Nisan 2026<\/span><a class=\"haberbaslik\" href=\"https:\/\/atauni.edu.tr\/tip-fakultesi\/2026\/haberler\/kudakafta-tip-fakultesinden-uygulamali-egitim-etkinligi\/\">KUDAKAF\u2019ta T\u0131p Fak\u00fcltesinden Uygulamal\u0131 E\u011fitim Etkinli\u011fi<\/a><\/div><\/li><li style=\"display: flex; margin-bottom: 10px; align-items: center;\"><div class=\"post-thumbnail\" style=\"margin-right: 15px;\"><a href=\"https:\/\/atauni.edu.tr\/tip-fakultesi\/2026\/haberler\/tip-fakultesi-futsal-turnuvasinda-sampiyon-oldu\/\"><img loading=\"lazy\" decoding=\"async\" width=\"150\" height=\"150\" src=\"https:\/\/atauni.edu.tr\/tip-fakultesi\/wp-content\/uploads\/sites\/73\/2026\/04\/01-1-150x150.jpeg\" class=\"attachment-thumbnail size-thumbnail wp-post-image\" alt=\"\" \/><\/a><\/div><div class=\"post-content\" style=\"flex-grow: 1;\"><span class=\"post-date habertarih\" style=\"display: block; font-weight: bold; margin-bottom: 5px;\">19 Nisan 2026<\/span><a class=\"haberbaslik\" href=\"https:\/\/atauni.edu.tr\/tip-fakultesi\/2026\/haberler\/tip-fakultesi-futsal-turnuvasinda-sampiyon-oldu\/\">T\u0131p Fak\u00fcltesi Futsal Turnuvas\u0131nda \u015eampiyon Oldu<\/a><\/div><\/li><li style=\"display: flex; margin-bottom: 10px; align-items: center;\"><div class=\"post-thumbnail\" style=\"margin-right: 15px;\"><a href=\"https:\/\/atauni.edu.tr\/tip-fakultesi\/2026\/haberler\/kanser-arastirmalarinda-yapay-zeka-ve-hesaplamali-biyoloji-semineri-gerceklestirildi\/\"><img loading=\"lazy\" decoding=\"async\" width=\"150\" height=\"150\" src=\"https:\/\/atauni.edu.tr\/tip-fakultesi\/wp-content\/uploads\/sites\/73\/2026\/04\/01-1-150x150.jpg\" class=\"attachment-thumbnail size-thumbnail wp-post-image\" alt=\"\" \/><\/a><\/div><div class=\"post-content\" style=\"flex-grow: 1;\"><span class=\"post-date habertarih\" style=\"display: block; font-weight: bold; margin-bottom: 5px;\">8 Nisan 2026<\/span><a class=\"haberbaslik\" href=\"https:\/\/atauni.edu.tr\/tip-fakultesi\/2026\/haberler\/kanser-arastirmalarinda-yapay-zeka-ve-hesaplamali-biyoloji-semineri-gerceklestirildi\/\">Kanser Ara\u015ft\u0131rmalar\u0131nda Yapay Zeka ve Hesaplamal\u0131 Biyoloji Semineri Ger\u00e7ekle\u015ftirildi<\/a><\/div><\/li><li style=\"display: flex; margin-bottom: 10px; align-items: center;\"><div class=\"post-thumbnail\" style=\"margin-right: 15px;\"><a href=\"https:\/\/atauni.edu.tr\/tip-fakultesi\/2026\/haberler\/rektor-hacimuftuoglu-gelecegin-hekimleriyle-bir-araya-geldi-2\/\"><img loading=\"lazy\" decoding=\"async\" width=\"150\" height=\"150\" src=\"https:\/\/atauni.edu.tr\/tip-fakultesi\/wp-content\/uploads\/sites\/73\/2026\/04\/15-150x150.jpeg\" class=\"attachment-thumbnail size-thumbnail wp-post-image\" alt=\"\" \/><\/a><\/div><div class=\"post-content\" style=\"flex-grow: 1;\"><span class=\"post-date habertarih\" style=\"display: block; font-weight: bold; margin-bottom: 5px;\">3 Nisan 2026<\/span><a class=\"haberbaslik\" href=\"https:\/\/atauni.edu.tr\/tip-fakultesi\/2026\/haberler\/rektor-hacimuftuoglu-gelecegin-hekimleriyle-bir-araya-geldi-2\/\">Rekt\u00f6r Hac\u0131m\u00fcft\u00fco\u011flu, Gelece\u011fin Hekimleriyle Bir Araya Geldi<\/a><\/div><\/li><li style=\"display: flex; margin-bottom: 10px; align-items: center;\"><div class=\"post-thumbnail\" style=\"margin-right: 15px;\"><a href=\"https:\/\/atauni.edu.tr\/tip-fakultesi\/2026\/haberler\/rektor-hacimuftuoglu-gelecegin-hekimleriyle-bir-araya-geldi\/\"><img loading=\"lazy\" decoding=\"async\" width=\"150\" height=\"150\" src=\"https:\/\/atauni.edu.tr\/tip-fakultesi\/wp-content\/uploads\/sites\/73\/2026\/04\/01-150x150.jpg\" class=\"attachment-thumbnail size-thumbnail wp-post-image\" alt=\"\" \/><\/a><\/div><div class=\"post-content\" style=\"flex-grow: 1;\"><span class=\"post-date habertarih\" style=\"display: block; font-weight: bold; margin-bottom: 5px;\">3 Nisan 2026<\/span><a class=\"haberbaslik\" href=\"https:\/\/atauni.edu.tr\/tip-fakultesi\/2026\/haberler\/rektor-hacimuftuoglu-gelecegin-hekimleriyle-bir-araya-geldi\/\">Rekt\u00f6r Hac\u0131m\u00fcft\u00fco\u011flu, Gelece\u011fin Hekimleriyle Bir Araya Geldi<\/a><\/div><\/li><li style=\"display: flex; margin-bottom: 10px; align-items: center;\"><div class=\"post-thumbnail\" style=\"margin-right: 15px;\"><a href=\"https:\/\/atauni.edu.tr\/tip-fakultesi\/2026\/haberler\/ataturk-universitesi-tip-fakultesi-uluslararasi-bilimsel-toplantida-temsil-edildi\/\"><img loading=\"lazy\" decoding=\"async\" width=\"150\" height=\"150\" src=\"https:\/\/atauni.edu.tr\/tip-fakultesi\/wp-content\/uploads\/sites\/73\/2026\/03\/gorsel-1-150x150.png\" class=\"attachment-thumbnail size-thumbnail wp-post-image\" alt=\"\" \/><\/a><\/div><div class=\"post-content\" style=\"flex-grow: 1;\"><span class=\"post-date habertarih\" style=\"display: block; font-weight: bold; margin-bottom: 5px;\">31 Mart 2026<\/span><a class=\"haberbaslik\" href=\"https:\/\/atauni.edu.tr\/tip-fakultesi\/2026\/haberler\/ataturk-universitesi-tip-fakultesi-uluslararasi-bilimsel-toplantida-temsil-edildi\/\">Atat\u00fcrk \u00dcniversitesi T\u0131p Fak\u00fcltesi Uluslararas\u0131 Bilimsel Toplant\u0131da Temsil Edildi<\/a><\/div><\/li><li style=\"display: flex; margin-bottom: 10px; align-items: center;\"><div class=\"post-thumbnail\" style=\"margin-right: 15px;\"><a href=\"https:\/\/atauni.edu.tr\/tip-fakultesi\/2026\/haberler\/ataturk-universitesi-tip-fakultesinde-bayramlasma-toplantisi\/\"><img loading=\"lazy\" decoding=\"async\" width=\"150\" height=\"150\" src=\"https:\/\/atauni.edu.tr\/tip-fakultesi\/wp-content\/uploads\/sites\/73\/2026\/03\/WhatsApp-Image-2026-03-23-at-10.40.03-150x150.jpeg\" class=\"attachment-thumbnail size-thumbnail wp-post-image\" alt=\"\" \/><\/a><\/div><div class=\"post-content\" style=\"flex-grow: 1;\"><span class=\"post-date habertarih\" style=\"display: block; font-weight: bold; margin-bottom: 5px;\">24 Mart 2026<\/span><a class=\"haberbaslik\" href=\"https:\/\/atauni.edu.tr\/tip-fakultesi\/2026\/haberler\/ataturk-universitesi-tip-fakultesinde-bayramlasma-toplantisi\/\">Atat\u00fcrk \u00dcniversitesi T\u0131p Fak\u00fcltesi&#8217;nde Bayramla\u015fma Toplant\u0131s\u0131<\/a><\/div><\/li><\/ul><nav class=\"pagination\" style=\"margin-top: 20px;\"><ul class='page-numbers'>\n\t<li><span aria-current=\"page\" class=\"page-numbers current\">1<\/span><\/li>\n\t<li><a class=\"page-numbers\" href=\"https:\/\/atauni.edu.tr\/tip-fakultesi\/wp-json\/wp\/v2\/pages\/16681\/page\/2\/\">2<\/a><\/li>\n\t<li><a class=\"page-numbers\" href=\"https:\/\/atauni.edu.tr\/tip-fakultesi\/wp-json\/wp\/v2\/pages\/16681\/page\/3\/\">3<\/a><\/li>\n\t<li><span class=\"page-numbers dots\">&hellip;<\/span><\/li>\n\t<li><a class=\"page-numbers\" href=\"https:\/\/atauni.edu.tr\/tip-fakultesi\/wp-json\/wp\/v2\/pages\/16681\/page\/14\/\">14<\/a><\/li>\n\t<li><a class=\"next page-numbers\" href=\"https:\/\/atauni.edu.tr\/tip-fakultesi\/wp-json\/wp\/v2\/pages\/16681\/page\/2\/\">Sonraki &raquo;<\/a><\/li>\n<\/ul>\n<\/nav>\n\n\n\n<p><\/p>\n","protected":false},"excerpt":{"rendered":"","protected":false},"author":1,"featured_media":0,"parent":0,"menu_order":0,"comment_status":"closed","ping_status":"closed","template":"","meta":{"footnotes":""},"class_list":["post-16681","page","type-page","status-publish","hentry"],"_links":{"self":[{"href":"https:\/\/atauni.edu.tr\/tip-fakultesi\/wp-json\/wp\/v2\/pages\/16681","targetHints":{"allow":["GET"]}}],"collection":[{"href":"https:\/\/atauni.edu.tr\/tip-fakultesi\/wp-json\/wp\/v2\/pages"}],"about":[{"href":"https:\/\/atauni.edu.tr\/tip-fakultesi\/wp-json\/wp\/v2\/types\/page"}],"author":[{"embeddable":true,"href":"https:\/\/atauni.edu.tr\/tip-fakultesi\/wp-json\/wp\/v2\/users\/1"}],"replies":[{"embeddable":true,"href":"https:\/\/atauni.edu.tr\/tip-fakultesi\/wp-json\/wp\/v2\/comments?post=16681"}],"version-history":[{"count":1,"href":"https:\/\/atauni.edu.tr\/tip-fakultesi\/wp-json\/wp\/v2\/pages\/16681\/revisions"}],"predecessor-version":[{"id":16684,"href":"https:\/\/atauni.edu.tr\/tip-fakultesi\/wp-json\/wp\/v2\/pages\/16681\/revisions\/16684"}],"wp:attachment":[{"href":"https:\/\/atauni.edu.tr\/tip-fakultesi\/wp-json\/wp\/v2\/media?parent=16681"}],"curies":[{"name":"wp","href":"https:\/\/api.w.org\/{rel}","templated":true}]}}