{"id":16682,"date":"2025-07-29T15:21:42","date_gmt":"2025-07-29T12:21:42","guid":{"rendered":"https:\/\/birimler.atauni.edu.tr\/tip-fakultesi\/?page_id=16682"},"modified":"2025-07-29T15:21:49","modified_gmt":"2025-07-29T12:21:49","slug":"etkinlikler","status":"publish","type":"page","link":"https:\/\/atauni.edu.tr\/tip-fakultesi\/etkinlikler\/","title":{"rendered":"Etkinlikler"},"content":{"rendered":"<form method=\"get\" class=\"row g-3\" style=\"margin-bottom: 20px;\"><div class=\"col-md-3\"><input type=\"text\" name=\"etkinlik_ara\" class=\"form-control\" placeholder=\"Etkinlik ara...\" value=\"\"><\/div><div class=\"col-md-3\"><input type=\"date\" name=\"baslangic_tarihi\" class=\"form-control\" value=\"\"><\/div><div class=\"col-md-3\"><input type=\"date\" name=\"bitis_tarihi\" class=\"form-control\" value=\"\"><\/div><div class=\"col-md-3\"><button type=\"submit\" class=\"btn btn-secondary w-50\">Filtrele<\/button><\/div><\/form><div class=\"etkinlikler-grid-container\" style=\"display: grid; grid-template-columns: repeat(3, 1fr); gap: 20px;\"><div class=\"etkinlik-grid-item\"><div class=\"etkinlik-thumbnail\"><img fetchpriority=\"high\" decoding=\"async\" width=\"215\" height=\"300\" src=\"https:\/\/atauni.edu.tr\/tip-fakultesi\/wp-content\/uploads\/sites\/73\/2026\/04\/WhatsApp-Image-2026-04-09-at-14.00.50-215x300.jpeg\" class=\"img-fluid wp-post-image\" alt=\"\" srcset=\"https:\/\/atauni.edu.tr\/tip-fakultesi\/wp-content\/uploads\/sites\/73\/2026\/04\/WhatsApp-Image-2026-04-09-at-14.00.50-215x300.jpeg 215w, https:\/\/atauni.edu.tr\/tip-fakultesi\/wp-content\/uploads\/sites\/73\/2026\/04\/WhatsApp-Image-2026-04-09-at-14.00.50-733x1024.jpeg 733w, https:\/\/atauni.edu.tr\/tip-fakultesi\/wp-content\/uploads\/sites\/73\/2026\/04\/WhatsApp-Image-2026-04-09-at-14.00.50-768x1073.jpeg 768w, https:\/\/atauni.edu.tr\/tip-fakultesi\/wp-content\/uploads\/sites\/73\/2026\/04\/WhatsApp-Image-2026-04-09-at-14.00.50-1099x1536.jpeg 1099w, https:\/\/atauni.edu.tr\/tip-fakultesi\/wp-content\/uploads\/sites\/73\/2026\/04\/WhatsApp-Image-2026-04-09-at-14.00.50-429x600.jpeg 429w, https:\/\/atauni.edu.tr\/tip-fakultesi\/wp-content\/uploads\/sites\/73\/2026\/04\/WhatsApp-Image-2026-04-09-at-14.00.50-401x560.jpeg 401w, https:\/\/atauni.edu.tr\/tip-fakultesi\/wp-content\/uploads\/sites\/73\/2026\/04\/WhatsApp-Image-2026-04-09-at-14.00.50.jpeg 1145w\" sizes=\"(max-width: 215px) 100vw, 215px\" \/><\/div><div class=\"etkinlik-datee\"><span class=\"day\">09<\/span><span class=\"month\">Nisan<\/span><span class=\"year\">2026<\/span><\/div><a href=\"https:\/\/atauni.edu.tr\/tip-fakultesi\/2026\/etkinlikler\/9-entegre-tip-sempozyumu\/\" class=\"etkinlik-titlee\">9. Entegre T\u0131p Sempozyumu<\/a><\/div><div class=\"etkinlik-grid-item\"><div class=\"etkinlik-thumbnail\"><img decoding=\"async\" width=\"300\" height=\"169\" src=\"https:\/\/atauni.edu.tr\/tip-fakultesi\/wp-content\/uploads\/sites\/73\/2026\/04\/WhatsApp-Image-2026-04-06-at-11.32.06-300x169.jpeg\" class=\"img-fluid wp-post-image\" alt=\"\" srcset=\"https:\/\/atauni.edu.tr\/tip-fakultesi\/wp-content\/uploads\/sites\/73\/2026\/04\/WhatsApp-Image-2026-04-06-at-11.32.06-300x169.jpeg 300w, https:\/\/atauni.edu.tr\/tip-fakultesi\/wp-content\/uploads\/sites\/73\/2026\/04\/WhatsApp-Image-2026-04-06-at-11.32.06-1024x576.jpeg 1024w, https:\/\/atauni.edu.tr\/tip-fakultesi\/wp-content\/uploads\/sites\/73\/2026\/04\/WhatsApp-Image-2026-04-06-at-11.32.06-768x432.jpeg 768w, https:\/\/atauni.edu.tr\/tip-fakultesi\/wp-content\/uploads\/sites\/73\/2026\/04\/WhatsApp-Image-2026-04-06-at-11.32.06-1536x864.jpeg 1536w, https:\/\/atauni.edu.tr\/tip-fakultesi\/wp-content\/uploads\/sites\/73\/2026\/04\/WhatsApp-Image-2026-04-06-at-11.32.06-600x338.jpeg 600w, https:\/\/atauni.edu.tr\/tip-fakultesi\/wp-content\/uploads\/sites\/73\/2026\/04\/WhatsApp-Image-2026-04-06-at-11.32.06-560x315.jpeg 560w, https:\/\/atauni.edu.tr\/tip-fakultesi\/wp-content\/uploads\/sites\/73\/2026\/04\/WhatsApp-Image-2026-04-06-at-11.32.06.jpeg 1600w\" sizes=\"(max-width: 300px) 100vw, 300px\" \/><\/div><div class=\"etkinlik-datee\"><span class=\"day\">03<\/span><span class=\"month\">Nisan<\/span><span class=\"year\">2026<\/span><\/div><a href=\"https:\/\/atauni.edu.tr\/tip-fakultesi\/2026\/etkinlikler\/olgularla-ms-tedavisinde-teriflunomidin-yeri-2\/\" class=\"etkinlik-titlee\">B\u0130L\u0130M VE TEKNOLOJ\u0130N\u0130N KES\u0130\u015e\u0130M NOKTASINDA: KANSERE KAR\u015eI YAPAY ZEKA<\/a><\/div><div class=\"etkinlik-grid-item\"><div class=\"etkinlik-thumbnail\"><img decoding=\"async\" width=\"236\" height=\"300\" src=\"https:\/\/atauni.edu.tr\/tip-fakultesi\/wp-content\/uploads\/sites\/73\/2026\/04\/WhatsApp-Image-2026-04-02-at-15.53.41-236x300.jpeg\" class=\"img-fluid wp-post-image\" alt=\"\" srcset=\"https:\/\/atauni.edu.tr\/tip-fakultesi\/wp-content\/uploads\/sites\/73\/2026\/04\/WhatsApp-Image-2026-04-02-at-15.53.41-236x300.jpeg 236w, https:\/\/atauni.edu.tr\/tip-fakultesi\/wp-content\/uploads\/sites\/73\/2026\/04\/WhatsApp-Image-2026-04-02-at-15.53.41-804x1024.jpeg 804w, https:\/\/atauni.edu.tr\/tip-fakultesi\/wp-content\/uploads\/sites\/73\/2026\/04\/WhatsApp-Image-2026-04-02-at-15.53.41-768x978.jpeg 768w, https:\/\/atauni.edu.tr\/tip-fakultesi\/wp-content\/uploads\/sites\/73\/2026\/04\/WhatsApp-Image-2026-04-02-at-15.53.41-1207x1536.jpeg 1207w, https:\/\/atauni.edu.tr\/tip-fakultesi\/wp-content\/uploads\/sites\/73\/2026\/04\/WhatsApp-Image-2026-04-02-at-15.53.41-471x600.jpeg 471w, https:\/\/atauni.edu.tr\/tip-fakultesi\/wp-content\/uploads\/sites\/73\/2026\/04\/WhatsApp-Image-2026-04-02-at-15.53.41-440x560.jpeg 440w, https:\/\/atauni.edu.tr\/tip-fakultesi\/wp-content\/uploads\/sites\/73\/2026\/04\/WhatsApp-Image-2026-04-02-at-15.53.41.jpeg 1257w\" sizes=\"(max-width: 236px) 100vw, 236px\" \/><\/div><div class=\"etkinlik-datee\"><span class=\"day\">03<\/span><span class=\"month\">Nisan<\/span><span class=\"year\">2026<\/span><\/div><a href=\"https:\/\/atauni.edu.tr\/tip-fakultesi\/2026\/etkinlikler\/olgularla-ms-tedavisinde-teriflunomidin-yeri\/\" class=\"etkinlik-titlee\">Olgularla MS Tedavisinde Teriflunomid&#8217;in Yeri<\/a><\/div><div class=\"etkinlik-grid-item\"><div class=\"etkinlik-thumbnail\"><img loading=\"lazy\" decoding=\"async\" width=\"214\" height=\"300\" src=\"https:\/\/atauni.edu.tr\/tip-fakultesi\/wp-content\/uploads\/sites\/73\/2026\/03\/WhatsApp-Image-2026-03-31-at-10.31.53-214x300.jpeg\" class=\"img-fluid wp-post-image\" alt=\"\" srcset=\"https:\/\/atauni.edu.tr\/tip-fakultesi\/wp-content\/uploads\/sites\/73\/2026\/03\/WhatsApp-Image-2026-03-31-at-10.31.53-214x300.jpeg 214w, https:\/\/atauni.edu.tr\/tip-fakultesi\/wp-content\/uploads\/sites\/73\/2026\/03\/WhatsApp-Image-2026-03-31-at-10.31.53-731x1024.jpeg 731w, https:\/\/atauni.edu.tr\/tip-fakultesi\/wp-content\/uploads\/sites\/73\/2026\/03\/WhatsApp-Image-2026-03-31-at-10.31.53-768x1076.jpeg 768w, https:\/\/atauni.edu.tr\/tip-fakultesi\/wp-content\/uploads\/sites\/73\/2026\/03\/WhatsApp-Image-2026-03-31-at-10.31.53-1097x1536.jpeg 1097w, https:\/\/atauni.edu.tr\/tip-fakultesi\/wp-content\/uploads\/sites\/73\/2026\/03\/WhatsApp-Image-2026-03-31-at-10.31.53-1462x2048.jpeg 1462w, https:\/\/atauni.edu.tr\/tip-fakultesi\/wp-content\/uploads\/sites\/73\/2026\/03\/WhatsApp-Image-2026-03-31-at-10.31.53-428x600.jpeg 428w, https:\/\/atauni.edu.tr\/tip-fakultesi\/wp-content\/uploads\/sites\/73\/2026\/03\/WhatsApp-Image-2026-03-31-at-10.31.53-400x560.jpeg 400w, https:\/\/atauni.edu.tr\/tip-fakultesi\/wp-content\/uploads\/sites\/73\/2026\/03\/WhatsApp-Image-2026-03-31-at-10.31.53.jpeg 1828w\" sizes=\"(max-width: 214px) 100vw, 214px\" \/><\/div><div class=\"etkinlik-datee\"><span class=\"day\">31<\/span><span class=\"month\">Mart<\/span><span class=\"year\">2026<\/span><\/div><a href=\"https:\/\/atauni.edu.tr\/tip-fakultesi\/2026\/etkinlikler\/tibbi-profesyonellik-ve-etik-sempozyumu-i\/\" class=\"etkinlik-titlee\">T\u0131bbi Profesyonellik Ve Etik Sempozyumu\u2013I<\/a><\/div><div class=\"etkinlik-grid-item\"><div class=\"etkinlik-thumbnail\"><img loading=\"lazy\" decoding=\"async\" width=\"215\" height=\"300\" src=\"https:\/\/atauni.edu.tr\/tip-fakultesi\/wp-content\/uploads\/sites\/73\/2026\/03\/WhatsApp-Image-2026-03-11-at-17.44.27-215x300.jpeg\" class=\"img-fluid wp-post-image\" alt=\"\" srcset=\"https:\/\/atauni.edu.tr\/tip-fakultesi\/wp-content\/uploads\/sites\/73\/2026\/03\/WhatsApp-Image-2026-03-11-at-17.44.27-215x300.jpeg 215w, https:\/\/atauni.edu.tr\/tip-fakultesi\/wp-content\/uploads\/sites\/73\/2026\/03\/WhatsApp-Image-2026-03-11-at-17.44.27-733x1024.jpeg 733w, https:\/\/atauni.edu.tr\/tip-fakultesi\/wp-content\/uploads\/sites\/73\/2026\/03\/WhatsApp-Image-2026-03-11-at-17.44.27-768x1073.jpeg 768w, https:\/\/atauni.edu.tr\/tip-fakultesi\/wp-content\/uploads\/sites\/73\/2026\/03\/WhatsApp-Image-2026-03-11-at-17.44.27-1099x1536.jpeg 1099w, https:\/\/atauni.edu.tr\/tip-fakultesi\/wp-content\/uploads\/sites\/73\/2026\/03\/WhatsApp-Image-2026-03-11-at-17.44.27-429x600.jpeg 429w, https:\/\/atauni.edu.tr\/tip-fakultesi\/wp-content\/uploads\/sites\/73\/2026\/03\/WhatsApp-Image-2026-03-11-at-17.44.27-401x560.jpeg 401w, https:\/\/atauni.edu.tr\/tip-fakultesi\/wp-content\/uploads\/sites\/73\/2026\/03\/WhatsApp-Image-2026-03-11-at-17.44.27.jpeg 1145w\" sizes=\"(max-width: 215px) 100vw, 215px\" \/><\/div><div class=\"etkinlik-datee\"><span class=\"day\">11<\/span><span class=\"month\">Mart<\/span><span class=\"year\">2026<\/span><\/div><a href=\"https:\/\/atauni.edu.tr\/tip-fakultesi\/2026\/etkinlikler\/sosyal-sorumluluk-projesi-dersi-bilgilendirme-toplantisi\/\" class=\"etkinlik-titlee\">Sosyal Sorumluluk Projesi Dersi Bilgilendirme Toplant\u0131s\u0131<\/a><\/div><div class=\"etkinlik-grid-item\"><div class=\"etkinlik-thumbnail\"><img loading=\"lazy\" decoding=\"async\" width=\"214\" height=\"300\" src=\"https:\/\/atauni.edu.tr\/tip-fakultesi\/wp-content\/uploads\/sites\/73\/2026\/02\/Ekran-Resmi-2026-02-12-08.51.20-214x300.jpg\" class=\"img-fluid wp-post-image\" alt=\"\" srcset=\"https:\/\/atauni.edu.tr\/tip-fakultesi\/wp-content\/uploads\/sites\/73\/2026\/02\/Ekran-Resmi-2026-02-12-08.51.20-214x300.jpg 214w, https:\/\/atauni.edu.tr\/tip-fakultesi\/wp-content\/uploads\/sites\/73\/2026\/02\/Ekran-Resmi-2026-02-12-08.51.20-731x1024.jpg 731w, https:\/\/atauni.edu.tr\/tip-fakultesi\/wp-content\/uploads\/sites\/73\/2026\/02\/Ekran-Resmi-2026-02-12-08.51.20-768x1077.jpg 768w, https:\/\/atauni.edu.tr\/tip-fakultesi\/wp-content\/uploads\/sites\/73\/2026\/02\/Ekran-Resmi-2026-02-12-08.51.20-1096x1536.jpg 1096w, https:\/\/atauni.edu.tr\/tip-fakultesi\/wp-content\/uploads\/sites\/73\/2026\/02\/Ekran-Resmi-2026-02-12-08.51.20-428x600.jpg 428w, https:\/\/atauni.edu.tr\/tip-fakultesi\/wp-content\/uploads\/sites\/73\/2026\/02\/Ekran-Resmi-2026-02-12-08.51.20-400x560.jpg 400w, https:\/\/atauni.edu.tr\/tip-fakultesi\/wp-content\/uploads\/sites\/73\/2026\/02\/Ekran-Resmi-2026-02-12-08.51.20.jpg 1297w\" sizes=\"(max-width: 214px) 100vw, 214px\" \/><\/div><div class=\"etkinlik-datee\"><span class=\"day\">12<\/span><span class=\"month\">\u015eubat<\/span><span class=\"year\">2026<\/span><\/div><a href=\"https:\/\/atauni.edu.tr\/tip-fakultesi\/2026\/etkinlikler\/multidisipliner-is-birligiyle-cerrahide-yeni-bir-donem-eras-uygulamasi\/\" class=\"etkinlik-titlee\">Multidisipliner \u0130\u015f Birli\u011fiyle Cerrahide Yeni Bir D\u00f6nem: ERAS Uygulamas\u0131<\/a><\/div><div class=\"etkinlik-grid-item\"><div class=\"etkinlik-thumbnail\"><img loading=\"lazy\" decoding=\"async\" width=\"213\" height=\"300\" src=\"https:\/\/atauni.edu.tr\/tip-fakultesi\/wp-content\/uploads\/sites\/73\/2026\/02\/Ekran-Resmi-2026-02-10-16.25.33-213x300.png\" class=\"img-fluid wp-post-image\" alt=\"\" srcset=\"https:\/\/atauni.edu.tr\/tip-fakultesi\/wp-content\/uploads\/sites\/73\/2026\/02\/Ekran-Resmi-2026-02-10-16.25.33-213x300.png 213w, https:\/\/atauni.edu.tr\/tip-fakultesi\/wp-content\/uploads\/sites\/73\/2026\/02\/Ekran-Resmi-2026-02-10-16.25.33-726x1024.png 726w, https:\/\/atauni.edu.tr\/tip-fakultesi\/wp-content\/uploads\/sites\/73\/2026\/02\/Ekran-Resmi-2026-02-10-16.25.33-768x1084.png 768w, https:\/\/atauni.edu.tr\/tip-fakultesi\/wp-content\/uploads\/sites\/73\/2026\/02\/Ekran-Resmi-2026-02-10-16.25.33-1089x1536.png 1089w, https:\/\/atauni.edu.tr\/tip-fakultesi\/wp-content\/uploads\/sites\/73\/2026\/02\/Ekran-Resmi-2026-02-10-16.25.33-1452x2048.png 1452w, https:\/\/atauni.edu.tr\/tip-fakultesi\/wp-content\/uploads\/sites\/73\/2026\/02\/Ekran-Resmi-2026-02-10-16.25.33-425x600.png 425w, https:\/\/atauni.edu.tr\/tip-fakultesi\/wp-content\/uploads\/sites\/73\/2026\/02\/Ekran-Resmi-2026-02-10-16.25.33-397x560.png 397w, https:\/\/atauni.edu.tr\/tip-fakultesi\/wp-content\/uploads\/sites\/73\/2026\/02\/Ekran-Resmi-2026-02-10-16.25.33.png 1762w\" sizes=\"(max-width: 213px) 100vw, 213px\" \/><\/div><div class=\"etkinlik-datee\"><span class=\"day\">10<\/span><span class=\"month\">\u015eubat<\/span><span class=\"year\">2026<\/span><\/div><a href=\"https:\/\/atauni.edu.tr\/tip-fakultesi\/2026\/etkinlikler\/1e1-canli-endoskopik-prostat-lazer-enukleasyon-kursu\/\" class=\"etkinlik-titlee\">1e1 Canl\u0131 Endoskopik Prostat Lazer En\u00fckleasyon Kursu<\/a><\/div><div class=\"etkinlik-grid-item\"><div class=\"etkinlik-thumbnail\"><img loading=\"lazy\" decoding=\"async\" width=\"210\" height=\"300\" src=\"https:\/\/atauni.edu.tr\/tip-fakultesi\/wp-content\/uploads\/sites\/73\/2026\/02\/Ekran-Resmi-2026-02-06-14.06.14-210x300.png\" class=\"img-fluid wp-post-image\" alt=\"\" srcset=\"https:\/\/atauni.edu.tr\/tip-fakultesi\/wp-content\/uploads\/sites\/73\/2026\/02\/Ekran-Resmi-2026-02-06-14.06.14-210x300.png 210w, https:\/\/atauni.edu.tr\/tip-fakultesi\/wp-content\/uploads\/sites\/73\/2026\/02\/Ekran-Resmi-2026-02-06-14.06.14-718x1024.png 718w, https:\/\/atauni.edu.tr\/tip-fakultesi\/wp-content\/uploads\/sites\/73\/2026\/02\/Ekran-Resmi-2026-02-06-14.06.14-768x1095.png 768w, https:\/\/atauni.edu.tr\/tip-fakultesi\/wp-content\/uploads\/sites\/73\/2026\/02\/Ekran-Resmi-2026-02-06-14.06.14-1078x1536.png 1078w, https:\/\/atauni.edu.tr\/tip-fakultesi\/wp-content\/uploads\/sites\/73\/2026\/02\/Ekran-Resmi-2026-02-06-14.06.14-421x600.png 421w, https:\/\/atauni.edu.tr\/tip-fakultesi\/wp-content\/uploads\/sites\/73\/2026\/02\/Ekran-Resmi-2026-02-06-14.06.14-393x560.png 393w, https:\/\/atauni.edu.tr\/tip-fakultesi\/wp-content\/uploads\/sites\/73\/2026\/02\/Ekran-Resmi-2026-02-06-14.06.14.png 1270w\" sizes=\"(max-width: 210px) 100vw, 210px\" \/><\/div><div class=\"etkinlik-datee\"><span class=\"day\">06<\/span><span class=\"month\">\u015eubat<\/span><span class=\"year\">2026<\/span><\/div><a href=\"https:\/\/atauni.edu.tr\/tip-fakultesi\/2026\/etkinlikler\/goruntulemede-guncel-yaklasimlar-ve-gelecek-perspektifler\/\" class=\"etkinlik-titlee\">G\u00f6r\u00fcnt\u00fclemede G\u00fcncel Yakla\u015f\u0131mlar ve Gelecek Perspektifler<\/a><\/div><div class=\"etkinlik-grid-item\"><div class=\"etkinlik-thumbnail\"><img loading=\"lazy\" decoding=\"async\" width=\"212\" height=\"300\" src=\"https:\/\/atauni.edu.tr\/tip-fakultesi\/wp-content\/uploads\/sites\/73\/2026\/01\/WhatsApp-Image-2026-01-29-at-20.23.43-212x300.jpeg\" class=\"img-fluid wp-post-image\" alt=\"\" srcset=\"https:\/\/atauni.edu.tr\/tip-fakultesi\/wp-content\/uploads\/sites\/73\/2026\/01\/WhatsApp-Image-2026-01-29-at-20.23.43-212x300.jpeg 212w, https:\/\/atauni.edu.tr\/tip-fakultesi\/wp-content\/uploads\/sites\/73\/2026\/01\/WhatsApp-Image-2026-01-29-at-20.23.43-724x1024.jpeg 724w, https:\/\/atauni.edu.tr\/tip-fakultesi\/wp-content\/uploads\/sites\/73\/2026\/01\/WhatsApp-Image-2026-01-29-at-20.23.43-768x1086.jpeg 768w, https:\/\/atauni.edu.tr\/tip-fakultesi\/wp-content\/uploads\/sites\/73\/2026\/01\/WhatsApp-Image-2026-01-29-at-20.23.43-1086x1536.jpeg 1086w, https:\/\/atauni.edu.tr\/tip-fakultesi\/wp-content\/uploads\/sites\/73\/2026\/01\/WhatsApp-Image-2026-01-29-at-20.23.43-424x600.jpeg 424w, https:\/\/atauni.edu.tr\/tip-fakultesi\/wp-content\/uploads\/sites\/73\/2026\/01\/WhatsApp-Image-2026-01-29-at-20.23.43-396x560.jpeg 396w, https:\/\/atauni.edu.tr\/tip-fakultesi\/wp-content\/uploads\/sites\/73\/2026\/01\/WhatsApp-Image-2026-01-29-at-20.23.43.jpeg 1131w\" sizes=\"(max-width: 212px) 100vw, 212px\" \/><\/div><div class=\"etkinlik-datee\"><span class=\"day\">30<\/span><span class=\"month\">Ocak<\/span><span class=\"year\">2026<\/span><\/div><a href=\"https:\/\/atauni.edu.tr\/tip-fakultesi\/2026\/etkinlikler\/tubitak-tuseb-program-tanitimlari-tip-fakultesi-ozel-oturum\/\" class=\"etkinlik-titlee\">T\u00dcB\u0130TAK T\u00dcSEB Program Tan\u0131t\u0131mlar\u0131 T\u0131p Fak\u00fcltesi \u00d6zel Oturum<\/a><\/div><\/div><div class=\"pagination\" style=\"margin-top: 20px;\"><span aria-current=\"page\" class=\"page-numbers current\">1<\/span>\n<a class=\"page-numbers\" href=\"https:\/\/atauni.edu.tr\/tip-fakultesi\/wp-json\/wp\/v2\/pages\/16682\/page\/2\/\">2<\/a>\n<a class=\"page-numbers\" href=\"https:\/\/atauni.edu.tr\/tip-fakultesi\/wp-json\/wp\/v2\/pages\/16682\/page\/3\/\">3<\/a>\n<a class=\"next page-numbers\" href=\"https:\/\/atauni.edu.tr\/tip-fakultesi\/wp-json\/wp\/v2\/pages\/16682\/page\/2\/\">Sonraki &raquo;<\/a><\/div>\n","protected":false},"excerpt":{"rendered":"","protected":false},"author":1,"featured_media":0,"parent":0,"menu_order":0,"comment_status":"closed","ping_status":"closed","template":"","meta":{"footnotes":""},"class_list":["post-16682","page","type-page","status-publish","hentry"],"_links":{"self":[{"href":"https:\/\/atauni.edu.tr\/tip-fakultesi\/wp-json\/wp\/v2\/pages\/16682","targetHints":{"allow":["GET"]}}],"collection":[{"href":"https:\/\/atauni.edu.tr\/tip-fakultesi\/wp-json\/wp\/v2\/pages"}],"about":[{"href":"https:\/\/atauni.edu.tr\/tip-fakultesi\/wp-json\/wp\/v2\/types\/page"}],"author":[{"embeddable":true,"href":"https:\/\/atauni.edu.tr\/tip-fakultesi\/wp-json\/wp\/v2\/users\/1"}],"replies":[{"embeddable":true,"href":"https:\/\/atauni.edu.tr\/tip-fakultesi\/wp-json\/wp\/v2\/comments?post=16682"}],"version-history":[{"count":1,"href":"https:\/\/atauni.edu.tr\/tip-fakultesi\/wp-json\/wp\/v2\/pages\/16682\/revisions"}],"predecessor-version":[{"id":16685,"href":"https:\/\/atauni.edu.tr\/tip-fakultesi\/wp-json\/wp\/v2\/pages\/16682\/revisions\/16685"}],"wp:attachment":[{"href":"https:\/\/atauni.edu.tr\/tip-fakultesi\/wp-json\/wp\/v2\/media?parent=16682"}],"curies":[{"name":"wp","href":"https:\/\/api.w.org\/{rel}","templated":true}]}}