{"id":16683,"date":"2025-07-29T15:22:00","date_gmt":"2025-07-29T12:22:00","guid":{"rendered":"https:\/\/birimler.atauni.edu.tr\/tip-fakultesi\/?page_id=16683"},"modified":"2025-07-29T15:22:07","modified_gmt":"2025-07-29T12:22:07","slug":"duyurular","status":"publish","type":"page","link":"https:\/\/atauni.edu.tr\/tip-fakultesi\/duyurular\/","title":{"rendered":"Duyurular"},"content":{"rendered":"<form method=\"get\" class=\"row g-3\" style=\"margin-bottom: 20px;\"><div class=\"col-md-3\"><input type=\"text\" name=\"Duyuru_ara\" class=\"form-control\" placeholder=\"Duyuru ara...\" value=\"\"><\/div><div class=\"col-md-3\"><input type=\"date\" name=\"baslangic_tarihi\" class=\"form-control\" value=\"\"><\/div><div class=\"col-md-3\"><input type=\"date\" name=\"bitis_tarihi\" class=\"form-control\" value=\"\"><\/div><div class=\"col-md-3\"><button type=\"submit\" class=\"btn btn-secondary w-50\">Filtrele<\/button><\/div><\/form><ul class=\"kategori-yazilari-liste\"><li style=\"display: flex; margin-bottom: 10px; align-items: center;\"><div class=\"post-content\" style=\"flex-grow: 1;\"><span class=\"post-date Duyurutarih\" style=\"display: block; font-weight: bold; margin-bottom: 5px;\">18 \u015eubat 2026<\/span><a class=\"Duyurubaslik\" href=\"https:\/\/atauni.edu.tr\/tip-fakultesi\/2026\/duyurular\/tuseb-2026-yili-b-ve-c-grubu-projeleri-webinar-duyurusu\/\">T\u00dcSEB 2026 Y\u0131l\u0131 B ve C Grubu Projeleri Webinar Duyurusu<\/a><\/div><\/li><li style=\"display: flex; margin-bottom: 10px; align-items: center;\"><div class=\"post-content\" style=\"flex-grow: 1;\"><span class=\"post-date Duyurutarih\" style=\"display: block; font-weight: bold; margin-bottom: 5px;\">2 Eyl\u00fcl 2025<\/span><a class=\"Duyurubaslik\" href=\"https:\/\/atauni.edu.tr\/tip-fakultesi\/2025\/duyurular\/2025-2026-egitim-ogretim-yili-yabanci-dil-muafiyet-sinav-duyurusu\/\">2025-2026 E\u011fitim-\u00d6\u011fretim Y\u0131l\u0131 Yabanc\u0131 Dil Muafiyet S\u0131nav Duyurusu<\/a><\/div><\/li><li style=\"display: flex; margin-bottom: 10px; align-items: center;\"><div class=\"post-content\" style=\"flex-grow: 1;\"><span class=\"post-date Duyurutarih\" style=\"display: block; font-weight: bold; margin-bottom: 5px;\">9 Temmuz 2025<\/span><a class=\"Duyurubaslik\" href=\"https:\/\/atauni.edu.tr\/tip-fakultesi\/2025\/duyurular\/yatay\/\">2025-2026 E\u011fitim-\u00d6\u011fretim Y\u0131l\u0131 Kurumlar Aras\u0131, Yurt \u0130\u00e7i \u2013 Yurt D\u0131\u015f\u0131 Yatay Ge\u00e7i\u015f Duyurusu<\/a><\/div><\/li><li style=\"display: flex; margin-bottom: 10px; align-items: center;\"><div class=\"post-content\" style=\"flex-grow: 1;\"><span class=\"post-date Duyurutarih\" style=\"display: block; font-weight: bold; margin-bottom: 5px;\">6 Nisan 2025<\/span><a class=\"Duyurubaslik\" href=\"https:\/\/atauni.edu.tr\/tip-fakultesi\/2025\/duyurular\/ataturk-universitesi-klinik-arastirmalar-etik-kurulu-20-mart-2025-tarihi-itibariyla-resmi-olarak-faaliyete-gecmistir\/\">Atat\u00fcrk \u00dcniversitesi Klinik Ara\u015ft\u0131rmalar Etik Kurulu, 20 Mart 2025 tarihi itibar\u0131yla resmi olarak faaliyete ge\u00e7mi\u015ftir.<\/a><\/div><\/li><li style=\"display: flex; margin-bottom: 10px; align-items: center;\"><div class=\"post-content\" style=\"flex-grow: 1;\"><span class=\"post-date Duyurutarih\" style=\"display: block; font-weight: bold; margin-bottom: 5px;\">22 Temmuz 2024<\/span><a class=\"Duyurubaslik\" href=\"https:\/\/atauni.edu.tr\/tip-fakultesi\/2024\/duyurular\/2024-2025-egitim-ogretim-yili-kurumlar-arasi-yurt-ici-yurt-disi-yatay-gecis-duyurusu\/\">2024-2025 E\u011fitim-\u00d6\u011fretim Y\u0131l\u0131 Kurumlararas\u0131, Yurt \u0130\u00e7i \u2013 Yurt D\u0131\u015f\u0131 Yatay Ge\u00e7i\u015f Duyurusu<\/a><\/div><\/li><li style=\"display: flex; margin-bottom: 10px; align-items: center;\"><div class=\"post-content\" style=\"flex-grow: 1;\"><span class=\"post-date Duyurutarih\" style=\"display: block; font-weight: bold; margin-bottom: 5px;\">11 A\u011fustos 2023<\/span><a class=\"Duyurubaslik\" href=\"https:\/\/atauni.edu.tr\/tip-fakultesi\/2023\/duyurular\/ytygcs2023\/\">2023 \u20132024 \u00d6\u011fretim Y\u0131l\u0131 T\u0131p Fak\u00fcltesi Kurumlararas\u0131 Yatay Ge\u00e7i\u015f (Yurt \u0130\u00e7i \u2013Yurt D\u0131\u015f\u0131) Sonu\u00e7lar\u0131<\/a><\/div><\/li><li style=\"display: flex; margin-bottom: 10px; align-items: center;\"><div class=\"post-content\" style=\"flex-grow: 1;\"><span class=\"post-date Duyurutarih\" style=\"display: block; font-weight: bold; margin-bottom: 5px;\">13 Temmuz 2023<\/span><a class=\"Duyurubaslik\" href=\"https:\/\/atauni.edu.tr\/tip-fakultesi\/2023\/duyurular\/yatay-gecis\/\">2023-2024 Kurumlar Aras\u0131, Yurt \u0130\u00e7i \u2013 Yurt D\u0131\u015f\u0131 Yatay Ge\u00e7i\u015f Duyurusu<\/a><\/div><\/li><li style=\"display: flex; margin-bottom: 10px; align-items: center;\"><div class=\"post-content\" style=\"flex-grow: 1;\"><span class=\"post-date Duyurutarih\" style=\"display: block; font-weight: bold; margin-bottom: 5px;\">31 Mart 2023<\/span><a class=\"Duyurubaslik\" href=\"https:\/\/atauni.edu.tr\/tip-fakultesi\/2023\/duyurular\/03-nisan-2023-tarihi-itibariyle-uygulanacak-egitim-karari\/\">03 Nisan 2023 Tarihi \u0130tibariyle Uygulanacak E\u011fitim Karar\u0131<\/a><\/div><\/li><li style=\"display: flex; margin-bottom: 10px; align-items: center;\"><div class=\"post-content\" style=\"flex-grow: 1;\"><span class=\"post-date Duyurutarih\" style=\"display: block; font-weight: bold; margin-bottom: 5px;\">15 Mart 2023<\/span><a class=\"Duyurubaslik\" href=\"https:\/\/atauni.edu.tr\/tip-fakultesi\/2023\/duyurular\/5_kurulsinav_duyurusu\/\">5. KURUL SINAVLARI \u0130LE \u0130LG\u0130L\u0130 DUYURU!<\/a><\/div><\/li><li style=\"display: flex; margin-bottom: 10px; align-items: center;\"><div class=\"post-content\" style=\"flex-grow: 1;\"><span class=\"post-date Duyurutarih\" style=\"display: block; font-weight: bold; margin-bottom: 5px;\">22 \u015eubat 2023<\/span><a class=\"Duyurubaslik\" href=\"https:\/\/atauni.edu.tr\/tip-fakultesi\/2023\/duyurular\/duyuru\/\">17.02.2023 tarihli Senato Karar\u0131 Duyurusu<\/a><\/div><\/li><\/ul><nav class=\"pagination\" style=\"margin-top: 20px;\"><ul class='page-numbers'>\n\t<li><span aria-current=\"page\" class=\"page-numbers current\">1<\/span><\/li>\n\t<li><a class=\"page-numbers\" href=\"https:\/\/atauni.edu.tr\/tip-fakultesi\/wp-json\/wp\/v2\/pages\/16683\/page\/2\/\">2<\/a><\/li>\n\t<li><a class=\"next page-numbers\" href=\"https:\/\/atauni.edu.tr\/tip-fakultesi\/wp-json\/wp\/v2\/pages\/16683\/page\/2\/\">Sonraki &raquo;<\/a><\/li>\n<\/ul>\n<\/nav>\n\n\n\n<p><\/p>\n","protected":false},"excerpt":{"rendered":"","protected":false},"author":1,"featured_media":0,"parent":0,"menu_order":0,"comment_status":"closed","ping_status":"closed","template":"","meta":{"footnotes":""},"class_list":["post-16683","page","type-page","status-publish","hentry"],"_links":{"self":[{"href":"https:\/\/atauni.edu.tr\/tip-fakultesi\/wp-json\/wp\/v2\/pages\/16683","targetHints":{"allow":["GET"]}}],"collection":[{"href":"https:\/\/atauni.edu.tr\/tip-fakultesi\/wp-json\/wp\/v2\/pages"}],"about":[{"href":"https:\/\/atauni.edu.tr\/tip-fakultesi\/wp-json\/wp\/v2\/types\/page"}],"author":[{"embeddable":true,"href":"https:\/\/atauni.edu.tr\/tip-fakultesi\/wp-json\/wp\/v2\/users\/1"}],"replies":[{"embeddable":true,"href":"https:\/\/atauni.edu.tr\/tip-fakultesi\/wp-json\/wp\/v2\/comments?post=16683"}],"version-history":[{"count":1,"href":"https:\/\/atauni.edu.tr\/tip-fakultesi\/wp-json\/wp\/v2\/pages\/16683\/revisions"}],"predecessor-version":[{"id":16686,"href":"https:\/\/atauni.edu.tr\/tip-fakultesi\/wp-json\/wp\/v2\/pages\/16683\/revisions\/16686"}],"wp:attachment":[{"href":"https:\/\/atauni.edu.tr\/tip-fakultesi\/wp-json\/wp\/v2\/media?parent=16683"}],"curies":[{"name":"wp","href":"https:\/\/api.w.org\/{rel}","templated":true}]}}