{"id":17082,"date":"2025-10-15T16:46:46","date_gmt":"2025-10-15T13:46:46","guid":{"rendered":"https:\/\/birimler.atauni.edu.tr\/tip-fakultesi\/?page_id=17082"},"modified":"2026-03-31T16:24:58","modified_gmt":"2026-03-31T13:24:58","slug":"kalite","status":"publish","type":"page","link":"https:\/\/atauni.edu.tr\/tip-fakultesi\/kalite\/","title":{"rendered":"Kalite"},"content":{"rendered":"\t\t<div data-elementor-type=\"wp-page\" data-elementor-id=\"17082\" class=\"elementor elementor-17082\" data-elementor-post-type=\"page\">\n\t\t\t\t\t\t<section class=\"elementor-section elementor-top-section elementor-element elementor-element-36f38a7 elementor-section-boxed elementor-section-height-default elementor-section-height-default\" data-id=\"36f38a7\" data-element_type=\"section\">\n\t\t\t\t\t\t<div class=\"elementor-container elementor-column-gap-default\">\n\t\t\t\t\t<div class=\"elementor-column elementor-col-100 elementor-top-column elementor-element elementor-element-3be9295\" data-id=\"3be9295\" data-element_type=\"column\">\n\t\t\t<div class=\"elementor-widget-wrap elementor-element-populated\">\n\t\t\t\t\t\t<div class=\"elementor-element elementor-element-67b326b elementor-widget-divider--view-line elementor-widget elementor-widget-divider\" data-id=\"67b326b\" data-element_type=\"widget\" data-widget_type=\"divider.default\">\n\t\t\t\t<div class=\"elementor-widget-container\">\n\t\t\t\t\t\t\t<div class=\"elementor-divider\">\n\t\t\t<span class=\"elementor-divider-separator\">\n\t\t\t\t\t\t<\/span>\n\t\t<\/div>\n\t\t\t\t\t\t<\/div>\n\t\t\t\t<\/div>\n\t\t\t\t\t<\/div>\n\t\t<\/div>\n\t\t\t\t\t<\/div>\n\t\t<\/section>\n\t\t\t\t<section class=\"elementor-section elementor-top-section elementor-element elementor-element-69cdb1c elementor-section-boxed elementor-section-height-default elementor-section-height-default\" data-id=\"69cdb1c\" data-element_type=\"section\">\n\t\t\t\t\t\t<div class=\"elementor-container elementor-column-gap-default\">\n\t\t\t\t\t<div class=\"elementor-column elementor-col-33 elementor-top-column elementor-element elementor-element-f1e0fba\" data-id=\"f1e0fba\" data-element_type=\"column\">\n\t\t\t<div class=\"elementor-widget-wrap elementor-element-populated\">\n\t\t\t\t\t\t<div class=\"elementor-element elementor-element-b1630bb elementor-widget elementor-widget-text-editor\" data-id=\"b1630bb\" data-element_type=\"widget\" data-widget_type=\"text-editor.default\">\n\t\t\t\t<div class=\"elementor-widget-container\">\n\t\t\t\t\t\t\t\t\t<h5>Kalite \u00c7al\u0131\u015fma Ekipleri<\/h5><ul><li><a href=\"https:\/\/birimler.atauni.edu.tr\/tip-fakultesi\/kalite\/toplumsal-katki-calisma-grubu\/\">Toplumsal Katk\u0131 \u00c7al\u0131\u015fma Grubu<\/a><\/li><li><a href=\"https:\/\/birimler.atauni.edu.tr\/tip-fakultesi\/kalite\/liderlik-yonetisim-ve-kalite-grubu\/\">Liderlik, Y\u00f6neti\u015fim ve Kalite Grubu<\/a><\/li><li><a href=\"https:\/\/birimler.atauni.edu.tr\/tip-fakultesi\/kalite\/egitim-ve-ogretim-grubu\/\">E\u011fitim ve \u00d6\u011fretim Grubu<\/a><\/li><li><a href=\"https:\/\/birimler.atauni.edu.tr\/tip-fakultesi\/kalite\/arastirma-ve-gelistirme-grubu\/\">Ara\u015ft\u0131rma ve Geli\u015ftirme Grubu<\/a><\/li><li class=\"page-title\"><a href=\"https:\/\/atauni.edu.tr\/tip-fakultesi\/toplumsal-katki-calisma-grubu-nw\/\">Toplumsal Katk\u0131 \u00c7al\u0131\u015fma Grubu (NW)<\/a><\/li><\/ul>\t\t\t\t\t\t\t\t<\/div>\n\t\t\t\t<\/div>\n\t\t\t\t\t<\/div>\n\t\t<\/div>\n\t\t\t\t<div class=\"elementor-column elementor-col-33 elementor-top-column elementor-element elementor-element-b0bb43b\" data-id=\"b0bb43b\" data-element_type=\"column\">\n\t\t\t<div class=\"elementor-widget-wrap elementor-element-populated\">\n\t\t\t\t\t\t<div class=\"elementor-element elementor-element-198ffac elementor-widget elementor-widget-text-editor\" data-id=\"198ffac\" data-element_type=\"widget\" data-widget_type=\"text-editor.default\">\n\t\t\t\t<div class=\"elementor-widget-container\">\n\t\t\t\t\t\t\t\t\t<h5>\u2060Kalite Politikas\u0131 ve Y\u00f6netim Yap\u0131s\u0131<\/h5><ul><li><a href=\"https:\/\/birimler.atauni.edu.tr\/tip-fakultesi\/wp-content\/uploads\/sites\/73\/2026\/01\/Kalite-Politikasi.docx\">Kalite Politikas\u0131<\/a><\/li><li><a href=\"https:\/\/atakalite.atauni.edu.tr\/wp-content\/uploads\/2020\/09\/Kalite-El-Kitab%C4%B1.pdf\">Kalite El Kitab\u0131<\/a><\/li><li><a href=\"https:\/\/birimler.atauni.edu.tr\/tip-fakultesi\/anasayfa1\/fakultemiz\/kurullar-ve-komisyonlar\/stratejik-plan-raporlar\/\">Stratejik Plan &amp; Raporlar<\/a><\/li><li><a href=\"https:\/\/birimler.atauni.edu.tr\/tip-fakultesi\/wp-content\/uploads\/sites\/73\/2026\/01\/FAKU\u0308LTE-KALI\u0307TE-EKI\u0307BI\u0307-ANA-BI\u0307LI\u0307M-DALI-TEMSI\u0307LCI\u0307LERI\u0307.docx\">Birim Kalite Ekibi<\/a><\/li><li>Birim Strateji Geli\u015ftirme Kurulu<\/li><\/ul>\t\t\t\t\t\t\t\t<\/div>\n\t\t\t\t<\/div>\n\t\t\t\t\t<\/div>\n\t\t<\/div>\n\t\t\t\t<div class=\"elementor-column elementor-col-33 elementor-top-column elementor-element elementor-element-e9f740a\" data-id=\"e9f740a\" data-element_type=\"column\">\n\t\t\t<div class=\"elementor-widget-wrap elementor-element-populated\">\n\t\t\t\t\t\t<div class=\"elementor-element elementor-element-47eba81 elementor-widget elementor-widget-text-editor\" data-id=\"47eba81\" data-element_type=\"widget\" data-widget_type=\"text-editor.default\">\n\t\t\t\t<div class=\"elementor-widget-container\">\n\t\t\t\t\t\t\t\t\t<h5>Organizasyon ve G\u00f6rev Da\u011f\u0131l\u0131m\u0131<\/h5>\n<ul>\n<li><a href=\"https:\/\/birimler.atauni.edu.tr\/tip-fakultesi\/wp-content\/uploads\/sites\/73\/2020\/07\/AKADEMIK-PERSONEL-GOREV-TANIMI.pdf\">G\u00f6rev Tan\u0131mlar\u0131<\/a><\/li>\n<li><a href=\"https:\/\/birimler.atauni.edu.tr\/tip-fakultesi\/wp-content\/uploads\/sites\/73\/2026\/01\/Go\u0308rev-Dag\u0306ilim-Formu.docx\">G\u00f6rev Da\u011f\u0131l\u0131m Formu<\/a><\/li>\n<li><a href=\"https:\/\/atauni.edu.tr\/tip-fakultesi\/wp-content\/uploads\/sites\/73\/2026\/03\/HGE-FR-01_HASSAS-GO\u0308REV-ENVANTER-FORMU.docx\">Hassas Go\u0308rev Envanter Formu<\/a><\/li>\n<li><a href=\"https:\/\/atauni.edu.tr\/tip-fakultesi\/wp-content\/uploads\/sites\/73\/2026\/03\/HGT-FR-01_HASSAS-GO\u0308REV-TESPI\u0307T-FORMU.docx\">Hassas Go\u0308rev Tespi\u0307t Formu<\/a><\/li>\n<\/ul>\t\t\t\t\t\t\t\t<\/div>\n\t\t\t\t<\/div>\n\t\t\t\t\t<\/div>\n\t\t<\/div>\n\t\t\t\t\t<\/div>\n\t\t<\/section>\n\t\t\t\t<section class=\"elementor-section elementor-top-section elementor-element elementor-element-1511eb0 elementor-section-boxed elementor-section-height-default elementor-section-height-default\" data-id=\"1511eb0\" data-element_type=\"section\">\n\t\t\t\t\t\t<div class=\"elementor-container elementor-column-gap-default\">\n\t\t\t\t\t<div class=\"elementor-column elementor-col-33 elementor-top-column elementor-element elementor-element-f09276a\" data-id=\"f09276a\" data-element_type=\"column\">\n\t\t\t<div class=\"elementor-widget-wrap elementor-element-populated\">\n\t\t\t\t\t\t<div class=\"elementor-element elementor-element-9d2ea07 elementor-widget elementor-widget-text-editor\" data-id=\"9d2ea07\" data-element_type=\"widget\" data-widget_type=\"text-editor.default\">\n\t\t\t\t<div class=\"elementor-widget-container\">\n\t\t\t\t\t\t\t\t\t<h5>\u00a0\u2060Dok\u00fcmantasyon ve S\u00fcre\u00e7 Y\u00f6netimi<\/h5><ul><li>Genel Dok\u00fcman Listesi<\/li><li><a href=\"https:\/\/atauni.edu.tr\/tip-fakultesi\/kalite\/dokumantasyon-ve-surec-yonetimi-talimatlar\/\">Talimatlar<\/a><\/li><li><a href=\"https:\/\/birimler.atauni.edu.tr\/tip-fakultesi\/kalite\/dokumantasyon-ve-surec-yonetimi-formlar\/\">Formlar<\/a><\/li><li><a href=\"https:\/\/atauni.edu.tr\/tip-fakultesi\/kalite\/dokumantasyon-ve-surec-yonetimi-is-akis-semalari\/\">\u0130\u015f Ak\u0131\u015f \u015eemalar\u0131<\/a><\/li><\/ul>\t\t\t\t\t\t\t\t<\/div>\n\t\t\t\t<\/div>\n\t\t\t\t\t<\/div>\n\t\t<\/div>\n\t\t\t\t<div class=\"elementor-column elementor-col-33 elementor-top-column elementor-element elementor-element-5691d10\" data-id=\"5691d10\" data-element_type=\"column\">\n\t\t\t<div class=\"elementor-widget-wrap elementor-element-populated\">\n\t\t\t\t\t\t<div class=\"elementor-element elementor-element-fa8222b elementor-widget elementor-widget-text-editor\" data-id=\"fa8222b\" data-element_type=\"widget\" data-widget_type=\"text-editor.default\">\n\t\t\t\t<div class=\"elementor-widget-container\">\n\t\t\t\t\t\t\t\t\t<h5>\u2060\u0130zleme, De\u011ferlendirme ve \u0130yile\u015ftirme<\/h5><ul><li>Kalite \u0130zleme Plan\u0131<\/li><li>\u0130zleme Sunumlar\u0131<\/li><li><a href=\"https:\/\/birimler.atauni.edu.tr\/tip-fakultesi\/wp-content\/uploads\/sites\/73\/2026\/01\/2025-2026-KALI\u0307TE-TOPLANTI-TAKVI\u0307MI\u0307.xlsx\">Kalite Toplant\u0131lar\u0131<\/a><\/li><li><a href=\"https:\/\/atauni.edu.tr\/tip-fakultesi\/wp-content\/uploads\/sites\/73\/2026\/03\/PUKO\u0308-Do\u0308ngu\u0308su\u0308.pdf\">PUK\u00d6 D\u00f6ng\u00fcleri<\/a><\/li><li>Aksiyon Plan\u0131<\/li><li>\u0130\u00e7 Kontrol<\/li><li>\u0130yile\u015ftirmeler<\/li><\/ul>\t\t\t\t\t\t\t\t<\/div>\n\t\t\t\t<\/div>\n\t\t\t\t\t<\/div>\n\t\t<\/div>\n\t\t\t\t<div class=\"elementor-column elementor-col-33 elementor-top-column elementor-element elementor-element-2d07269\" data-id=\"2d07269\" data-element_type=\"column\">\n\t\t\t<div class=\"elementor-widget-wrap elementor-element-populated\">\n\t\t\t\t\t\t<div class=\"elementor-element elementor-element-f3f2dc5 elementor-widget elementor-widget-text-editor\" data-id=\"f3f2dc5\" data-element_type=\"widget\" data-widget_type=\"text-editor.default\">\n\t\t\t\t<div class=\"elementor-widget-container\">\n\t\t\t\t\t\t\t\t\t<h5>Geri Bildirim ve Kat\u0131l\u0131m Mekanizmalar\u0131<\/h5>\n<ul>\n<li><a href=\"https:\/\/birimler.atauni.edu.tr\/tip-fakultesi\/kalite\/\u2060-\u2060akreditasyon-ve-oz-degerlendirme\/anketler\/akademisyen-anketleri\/\">Anketler<\/a><\/li>\n<li><a href=\"http:\/\/atauni.edu.tr\/tip-fakultesi\/wp-content\/uploads\/sites\/73\/2026\/03\/Dekan-Performans-Deg\u0306erlendirme-Raporu.pdf\">Y\u00f6netici De\u011ferlendirme Anketi Sonu\u00e7 Raporu\u00a0<\/a><\/li>\n<\/ul>\t\t\t\t\t\t\t\t<\/div>\n\t\t\t\t<\/div>\n\t\t\t\t\t<\/div>\n\t\t<\/div>\n\t\t\t\t\t<\/div>\n\t\t<\/section>\n\t\t\t\t<section class=\"elementor-section elementor-top-section elementor-element elementor-element-1188f42 elementor-section-boxed elementor-section-height-default elementor-section-height-default\" data-id=\"1188f42\" data-element_type=\"section\">\n\t\t\t\t\t\t<div class=\"elementor-container elementor-column-gap-default\">\n\t\t\t\t\t<div class=\"elementor-column elementor-col-33 elementor-top-column elementor-element elementor-element-0c76123\" data-id=\"0c76123\" data-element_type=\"column\">\n\t\t\t<div class=\"elementor-widget-wrap elementor-element-populated\">\n\t\t\t\t\t\t\t<\/div>\n\t\t<\/div>\n\t\t\t\t<div class=\"elementor-column elementor-col-33 elementor-top-column elementor-element elementor-element-3bae8de\" data-id=\"3bae8de\" data-element_type=\"column\">\n\t\t\t<div class=\"elementor-widget-wrap elementor-element-populated\">\n\t\t\t\t\t\t<div class=\"elementor-element elementor-element-f549801 elementor-widget elementor-widget-text-editor\" data-id=\"f549801\" data-element_type=\"widget\" data-widget_type=\"text-editor.default\">\n\t\t\t\t<div class=\"elementor-widget-container\">\n\t\t\t\t\t\t\t\t\t<h5>\u2060Akreditasyon ve \u00d6z De\u011ferlendirme<\/h5><ul><li><a href=\"https:\/\/birimler.atauni.edu.tr\/tip-fakultesi\/kalite\/\u2060-\u2060akreditasyon-ve-oz-degerlendirme\/tip-egitimi-oz-degerlendirme-raporu\/\">T\u0131p E\u011fitimi \u00d6z De\u011ferlendirme Raporu<\/a><\/li><li><a href=\"https:\/\/birimler.atauni.edu.tr\/tip-fakultesi\/kalite\/\u2060-\u2060akreditasyon-ve-oz-degerlendirme\/akredite-olan-programlar-lisans-ve-tipta-uzmanlik\/\">Akredite Olan Programlar (Lisans ve T\u0131pta Uzmanl\u0131k)<\/a><\/li><\/ul>\t\t\t\t\t\t\t\t<\/div>\n\t\t\t\t<\/div>\n\t\t\t\t\t<\/div>\n\t\t<\/div>\n\t\t\t\t<div class=\"elementor-column elementor-col-33 elementor-top-column elementor-element elementor-element-223feec\" data-id=\"223feec\" data-element_type=\"column\">\n\t\t\t<div class=\"elementor-widget-wrap elementor-element-populated\">\n\t\t\t\t\t\t\t<\/div>\n\t\t<\/div>\n\t\t\t\t\t<\/div>\n\t\t<\/section>\n\t\t\t\t<section class=\"elementor-section elementor-top-section elementor-element elementor-element-5be7727 elementor-section-boxed elementor-section-height-default elementor-section-height-default\" data-id=\"5be7727\" data-element_type=\"section\">\n\t\t\t\t\t\t<div class=\"elementor-container elementor-column-gap-default\">\n\t\t\t\t\t<div class=\"elementor-column elementor-col-100 elementor-top-column elementor-element elementor-element-f61c5aa\" data-id=\"f61c5aa\" data-element_type=\"column\">\n\t\t\t<div class=\"elementor-widget-wrap elementor-element-populated\">\n\t\t\t\t\t\t<div class=\"elementor-element elementor-element-3c83de1 elementor-widget elementor-widget-spacer\" data-id=\"3c83de1\" data-element_type=\"widget\" data-widget_type=\"spacer.default\">\n\t\t\t\t<div class=\"elementor-widget-container\">\n\t\t\t\t\t\t\t<div class=\"elementor-spacer\">\n\t\t\t<div class=\"elementor-spacer-inner\"><\/div>\n\t\t<\/div>\n\t\t\t\t\t\t<\/div>\n\t\t\t\t<\/div>\n\t\t\t\t\t<\/div>\n\t\t<\/div>\n\t\t\t\t\t<\/div>\n\t\t<\/section>\n\t\t\t\t<\/div>\n\t\t","protected":false},"excerpt":{"rendered":"<p>Kalite \u00c7al\u0131\u015fma Ekipleri Toplumsal Katk\u0131 \u00c7al\u0131\u015fma Grubu Liderlik, Y\u00f6neti\u015fim ve Kalite Grubu E\u011fitim ve \u00d6\u011fretim Grubu Ara\u015ft\u0131rma ve Geli\u015ftirme Grubu Toplumsal Katk\u0131 \u00c7al\u0131\u015fma Grubu (NW) \u2060Kalite Politikas\u0131 ve Y\u00f6netim Yap\u0131s\u0131 Kalite Politikas\u0131 Kalite El Kitab\u0131 Stratejik Plan &amp; Raporlar Birim Kalite Ekibi Birim Strateji Geli\u015ftirme Kurulu Organizasyon ve G\u00f6rev Da\u011f\u0131l\u0131m\u0131 G\u00f6rev Tan\u0131mlar\u0131 G\u00f6rev Da\u011f\u0131l\u0131m Formu [&hellip;]<\/p>\n","protected":false},"author":62,"featured_media":0,"parent":0,"menu_order":0,"comment_status":"closed","ping_status":"closed","template":"","meta":{"footnotes":""},"class_list":["post-17082","page","type-page","status-publish","hentry"],"_links":{"self":[{"href":"https:\/\/atauni.edu.tr\/tip-fakultesi\/wp-json\/wp\/v2\/pages\/17082","targetHints":{"allow":["GET"]}}],"collection":[{"href":"https:\/\/atauni.edu.tr\/tip-fakultesi\/wp-json\/wp\/v2\/pages"}],"about":[{"href":"https:\/\/atauni.edu.tr\/tip-fakultesi\/wp-json\/wp\/v2\/types\/page"}],"author":[{"embeddable":true,"href":"https:\/\/atauni.edu.tr\/tip-fakultesi\/wp-json\/wp\/v2\/users\/62"}],"replies":[{"embeddable":true,"href":"https:\/\/atauni.edu.tr\/tip-fakultesi\/wp-json\/wp\/v2\/comments?post=17082"}],"version-history":[{"count":28,"href":"https:\/\/atauni.edu.tr\/tip-fakultesi\/wp-json\/wp\/v2\/pages\/17082\/revisions"}],"predecessor-version":[{"id":20859,"href":"https:\/\/atauni.edu.tr\/tip-fakultesi\/wp-json\/wp\/v2\/pages\/17082\/revisions\/20859"}],"wp:attachment":[{"href":"https:\/\/atauni.edu.tr\/tip-fakultesi\/wp-json\/wp\/v2\/media?parent=17082"}],"curies":[{"name":"wp","href":"https:\/\/api.w.org\/{rel}","templated":true}]}}