{"id":17107,"date":"2025-10-18T14:42:54","date_gmt":"2025-10-18T11:42:54","guid":{"rendered":"https:\/\/birimler.atauni.edu.tr\/tip-fakultesi\/?page_id=17107"},"modified":"2025-11-01T15:15:57","modified_gmt":"2025-11-01T12:15:57","slug":"yetkinlikler-yeterlilikler","status":"publish","type":"page","link":"https:\/\/atauni.edu.tr\/tip-fakultesi\/anasayfa1\/fakultemiz\/yetkinlikler-yeterlilikler\/","title":{"rendered":"Yetkinlikler &#8211; Yeterlilikler"},"content":{"rendered":"\t\t<div data-elementor-type=\"wp-page\" data-elementor-id=\"17107\" class=\"elementor elementor-17107\" data-elementor-post-type=\"page\">\n\t\t\t\t\t\t<section class=\"elementor-section elementor-top-section elementor-element elementor-element-3ddfc33 elementor-section-boxed elementor-section-height-default elementor-section-height-default\" data-id=\"3ddfc33\" data-element_type=\"section\">\n\t\t\t\t\t\t<div class=\"elementor-container elementor-column-gap-default\">\n\t\t\t\t\t<div class=\"elementor-column elementor-col-50 elementor-top-column elementor-element elementor-element-3ed97e2\" data-id=\"3ed97e2\" data-element_type=\"column\">\n\t\t\t<div class=\"elementor-widget-wrap elementor-element-populated\">\n\t\t\t\t\t\t<div class=\"elementor-element elementor-element-12d00f8 elementor-widget elementor-widget-heading\" data-id=\"12d00f8\" data-element_type=\"widget\" data-widget_type=\"heading.default\">\n\t\t\t\t<div class=\"elementor-widget-container\">\n\t\t\t\t\t<h2 class=\"elementor-heading-title elementor-size-default\">Fak\u00fcltemiz<\/h2>\t\t\t\t<\/div>\n\t\t\t\t<\/div>\n\t\t\t\t<div class=\"elementor-element elementor-element-4fbc289 elementor-widget-divider--view-line elementor-widget elementor-widget-divider\" data-id=\"4fbc289\" data-element_type=\"widget\" data-widget_type=\"divider.default\">\n\t\t\t\t<div class=\"elementor-widget-container\">\n\t\t\t\t\t\t\t<div class=\"elementor-divider\">\n\t\t\t<span class=\"elementor-divider-separator\">\n\t\t\t\t\t\t<\/span>\n\t\t<\/div>\n\t\t\t\t\t\t<\/div>\n\t\t\t\t<\/div>\n\t\t\t\t<div class=\"elementor-element elementor-element-2c5ba03 elementor-nav-menu__align-start smain elementor-nav-menu--dropdown-tablet elementor-nav-menu__text-align-aside elementor-nav-menu--toggle elementor-nav-menu--burger elementor-widget elementor-widget-nav-menu\" data-id=\"2c5ba03\" data-element_type=\"widget\" data-settings=\"{&quot;layout&quot;:&quot;vertical&quot;,&quot;submenu_icon&quot;:{&quot;value&quot;:&quot;&lt;i class=\\&quot;fas fa-caret-down\\&quot; aria-hidden=\\&quot;true\\&quot;&gt;&lt;\\\/i&gt;&quot;,&quot;library&quot;:&quot;fa-solid&quot;},&quot;toggle&quot;:&quot;burger&quot;}\" data-widget_type=\"nav-menu.default\">\n\t\t\t\t<div class=\"elementor-widget-container\">\n\t\t\t\t\t\t\t\t<nav aria-label=\"Menu\" class=\"elementor-nav-menu--main elementor-nav-menu__container elementor-nav-menu--layout-vertical e--pointer-none\">\n\t\t\t\t<ul id=\"menu-1-2c5ba03\" class=\"elementor-nav-menu sm-vertical\"><li class=\"menu-item menu-item-type-post_type menu-item-object-page menu-item-17216\"><a href=\"https:\/\/atauni.edu.tr\/tip-fakultesi\/anasayfa1\/fakultemiz\/misyon-vizyon-ve-temel-degerler\/\" class=\"elementor-item\">Misyon ve Vizyon<\/a><\/li>\n<li class=\"menu-item menu-item-type-post_type menu-item-object-page menu-item-20524\"><a href=\"https:\/\/atauni.edu.tr\/tip-fakultesi\/anasayfa1\/fakultemiz\/kurmsal-amac-ve-hedefler\/\" class=\"elementor-item\">Ama\u00e7 ve Hedefler<\/a><\/li>\n<li class=\"menu-item menu-item-type-post_type menu-item-object-page menu-item-17217\"><a href=\"https:\/\/atauni.edu.tr\/tip-fakultesi\/anasayfa1\/fakultemiz\/tarihce\/\" class=\"elementor-item\">Tarih\u00e7e<\/a><\/li>\n<li class=\"menu-item menu-item-type-post_type menu-item-object-page menu-item-17218\"><a href=\"https:\/\/atauni.edu.tr\/tip-fakultesi\/anasayfa1\/fakultemiz\/dekanimizdan-mesaj\/\" class=\"elementor-item\">Dekan\u0131m\u0131zdan Mesaj<\/a><\/li>\n<li class=\"menu-item menu-item-type-post_type menu-item-object-page menu-item-17219\"><a href=\"https:\/\/atauni.edu.tr\/tip-fakultesi\/anasayfa1\/fakultemiz\/akademik-yolculugumuz\/\" class=\"elementor-item\">Akademik Yolculu\u011fumuz<\/a><\/li>\n<li class=\"menu-item menu-item-type-post_type menu-item-object-page menu-item-17220\"><a href=\"https:\/\/atauni.edu.tr\/tip-fakultesi\/anasayfa1\/fakultemiz\/yonetim\/\" class=\"elementor-item\">Y\u00f6netim<\/a><\/li>\n<li class=\"menu-item menu-item-type-post_type menu-item-object-page menu-item-17221\"><a href=\"https:\/\/atauni.edu.tr\/tip-fakultesi\/anasayfa1\/fakultemiz\/yetkinlikler-yeterlilikler\/\" class=\"elementor-item\">Yetkinlikler \u2013 Yeterlilikler<\/a><\/li>\n<li class=\"menu-item menu-item-type-post_type menu-item-object-page menu-item-17222\"><a href=\"https:\/\/atauni.edu.tr\/tip-fakultesi\/anasayfa1\/fakultemiz\/kurullar-ve-komisyonlar\/\" class=\"elementor-item\">Kurullar ve Komisyonlar<\/a><\/li>\n<li class=\"menu-item menu-item-type-post_type menu-item-object-page menu-item-17223\"><a href=\"https:\/\/atauni.edu.tr\/tip-fakultesi\/anasayfa1\/fakultemiz\/idari_personel\/\" class=\"elementor-item\">\u0130dari Personel<\/a><\/li>\n<li class=\"menu-item menu-item-type-post_type menu-item-object-page menu-item-17224\"><a href=\"https:\/\/atauni.edu.tr\/tip-fakultesi\/anasayfa1\/fakultemiz\/organizasyon-semasi\/\" class=\"elementor-item\">Organizasyon \u015eemas\u0131<\/a><\/li>\n<li class=\"menu-item menu-item-type-post_type menu-item-object-page menu-item-17225\"><a href=\"https:\/\/atauni.edu.tr\/tip-fakultesi\/anasayfa1\/fakultemiz\/tip-fakultesi-tanitim-filmi\/\" class=\"elementor-item\">Tan\u0131t\u0131m<\/a><\/li>\n<\/ul>\t\t\t<\/nav>\n\t\t\t\t\t<div class=\"elementor-menu-toggle\" role=\"button\" tabindex=\"0\" aria-label=\"Menu Toggle\" aria-expanded=\"false\">\n\t\t\t<i aria-hidden=\"true\" role=\"presentation\" class=\"elementor-menu-toggle__icon--open eicon-menu-bar\"><\/i><i aria-hidden=\"true\" role=\"presentation\" class=\"elementor-menu-toggle__icon--close eicon-close\"><\/i>\t\t<\/div>\n\t\t\t\t\t<nav class=\"elementor-nav-menu--dropdown elementor-nav-menu__container\" aria-hidden=\"true\">\n\t\t\t\t<ul id=\"menu-2-2c5ba03\" class=\"elementor-nav-menu sm-vertical\"><li class=\"menu-item menu-item-type-post_type menu-item-object-page menu-item-17216\"><a href=\"https:\/\/atauni.edu.tr\/tip-fakultesi\/anasayfa1\/fakultemiz\/misyon-vizyon-ve-temel-degerler\/\" class=\"elementor-item\" tabindex=\"-1\">Misyon ve Vizyon<\/a><\/li>\n<li class=\"menu-item menu-item-type-post_type menu-item-object-page menu-item-20524\"><a href=\"https:\/\/atauni.edu.tr\/tip-fakultesi\/anasayfa1\/fakultemiz\/kurmsal-amac-ve-hedefler\/\" class=\"elementor-item\" tabindex=\"-1\">Ama\u00e7 ve Hedefler<\/a><\/li>\n<li class=\"menu-item menu-item-type-post_type menu-item-object-page menu-item-17217\"><a href=\"https:\/\/atauni.edu.tr\/tip-fakultesi\/anasayfa1\/fakultemiz\/tarihce\/\" class=\"elementor-item\" tabindex=\"-1\">Tarih\u00e7e<\/a><\/li>\n<li class=\"menu-item menu-item-type-post_type menu-item-object-page menu-item-17218\"><a href=\"https:\/\/atauni.edu.tr\/tip-fakultesi\/anasayfa1\/fakultemiz\/dekanimizdan-mesaj\/\" class=\"elementor-item\" tabindex=\"-1\">Dekan\u0131m\u0131zdan Mesaj<\/a><\/li>\n<li class=\"menu-item menu-item-type-post_type menu-item-object-page menu-item-17219\"><a href=\"https:\/\/atauni.edu.tr\/tip-fakultesi\/anasayfa1\/fakultemiz\/akademik-yolculugumuz\/\" class=\"elementor-item\" tabindex=\"-1\">Akademik Yolculu\u011fumuz<\/a><\/li>\n<li class=\"menu-item menu-item-type-post_type menu-item-object-page menu-item-17220\"><a href=\"https:\/\/atauni.edu.tr\/tip-fakultesi\/anasayfa1\/fakultemiz\/yonetim\/\" class=\"elementor-item\" tabindex=\"-1\">Y\u00f6netim<\/a><\/li>\n<li class=\"menu-item menu-item-type-post_type menu-item-object-page menu-item-17221\"><a href=\"https:\/\/atauni.edu.tr\/tip-fakultesi\/anasayfa1\/fakultemiz\/yetkinlikler-yeterlilikler\/\" class=\"elementor-item\" tabindex=\"-1\">Yetkinlikler \u2013 Yeterlilikler<\/a><\/li>\n<li class=\"menu-item menu-item-type-post_type menu-item-object-page menu-item-17222\"><a href=\"https:\/\/atauni.edu.tr\/tip-fakultesi\/anasayfa1\/fakultemiz\/kurullar-ve-komisyonlar\/\" class=\"elementor-item\" tabindex=\"-1\">Kurullar ve Komisyonlar<\/a><\/li>\n<li class=\"menu-item menu-item-type-post_type menu-item-object-page menu-item-17223\"><a href=\"https:\/\/atauni.edu.tr\/tip-fakultesi\/anasayfa1\/fakultemiz\/idari_personel\/\" class=\"elementor-item\" tabindex=\"-1\">\u0130dari Personel<\/a><\/li>\n<li class=\"menu-item menu-item-type-post_type menu-item-object-page menu-item-17224\"><a href=\"https:\/\/atauni.edu.tr\/tip-fakultesi\/anasayfa1\/fakultemiz\/organizasyon-semasi\/\" class=\"elementor-item\" tabindex=\"-1\">Organizasyon \u015eemas\u0131<\/a><\/li>\n<li class=\"menu-item menu-item-type-post_type menu-item-object-page menu-item-17225\"><a href=\"https:\/\/atauni.edu.tr\/tip-fakultesi\/anasayfa1\/fakultemiz\/tip-fakultesi-tanitim-filmi\/\" class=\"elementor-item\" tabindex=\"-1\">Tan\u0131t\u0131m<\/a><\/li>\n<\/ul>\t\t\t<\/nav>\n\t\t\t\t\t\t<\/div>\n\t\t\t\t<\/div>\n\t\t\t\t\t<\/div>\n\t\t<\/div>\n\t\t\t\t<div class=\"elementor-column elementor-col-50 elementor-top-column elementor-element elementor-element-2c9320d\" data-id=\"2c9320d\" data-element_type=\"column\">\n\t\t\t<div class=\"elementor-widget-wrap elementor-element-populated\">\n\t\t\t\t\t\t<section class=\"elementor-section elementor-inner-section elementor-element elementor-element-2187cf6 elementor-section-boxed elementor-section-height-default elementor-section-height-default\" data-id=\"2187cf6\" data-element_type=\"section\">\n\t\t\t\t\t\t<div class=\"elementor-container elementor-column-gap-default\">\n\t\t\t\t\t<div class=\"elementor-column elementor-col-100 elementor-inner-column elementor-element elementor-element-0d64727\" data-id=\"0d64727\" data-element_type=\"column\">\n\t\t\t<div class=\"elementor-widget-wrap elementor-element-populated\">\n\t\t\t\t\t\t<div class=\"elementor-element elementor-element-3c906b1 elementor-widget elementor-widget-text-editor\" data-id=\"3c906b1\" data-element_type=\"widget\" data-widget_type=\"text-editor.default\">\n\t\t\t\t<div class=\"elementor-widget-container\">\n\t\t\t\t\t\t\t\t\t<h5><strong>Yetkinlikler &#8211; Yeterlilikler<\/strong><\/h5>\t\t\t\t\t\t\t\t<\/div>\n\t\t\t\t<\/div>\n\t\t\t\t\t<\/div>\n\t\t<\/div>\n\t\t\t\t\t<\/div>\n\t\t<\/section>\n\t\t\t\t<section class=\"elementor-section elementor-inner-section elementor-element elementor-element-e9de30c elementor-section-boxed elementor-section-height-default elementor-section-height-default\" data-id=\"e9de30c\" data-element_type=\"section\">\n\t\t\t\t\t\t<div class=\"elementor-container elementor-column-gap-default\">\n\t\t\t\t\t<div class=\"elementor-column elementor-col-100 elementor-inner-column elementor-element elementor-element-ba60415\" data-id=\"ba60415\" data-element_type=\"column\">\n\t\t\t<div class=\"elementor-widget-wrap elementor-element-populated\">\n\t\t\t\t\t\t<div class=\"elementor-element elementor-element-4af44f2 elementor-widget elementor-widget-text-editor\" data-id=\"4af44f2\" data-element_type=\"widget\" data-widget_type=\"text-editor.default\">\n\t\t\t\t<div class=\"elementor-widget-container\">\n\t\t\t\t\t\t\t\t\t<table style=\"width:100%;margin:20px auto;border-collapse:collapse;font-family:Arial, sans-serif\">\n<thead>\n<tr style=\"background-color:#0D1461;color:white\">\n<td style=\"padding:15px;border:1px solid #E2B887;font-size:17px;text-align:center\" colspan=\"2\"><strong>ATAT\u00dcRK \u00dcN\u0130VERS\u0130TES\u0130 TIP FAK\u00dcLTES\u0130 MEZUNLARININ ULUSAL YETK\u0130NL\u0130K VE YETERL\u0130L\u0130KLER\u0130<\/strong><\/td>\n<\/tr>\n<\/thead>\n<\/table>\n\n<table style=\"width:100%;margin:20px auto;border-collapse:collapse;font-family:Arial, sans-serif\">\n<thead>\n<tr style=\"background-color:#0D1461;color:white\">\n<td style=\"padding:15px;border:1px solid #E2B887;font-size:17px;text-align:center\"><strong>TEMEL YETK\u0130NL\u0130K ALANI \/ MESLEK\u0130 UYGULAMALAR<\/strong><\/td>\n<\/tr>\n<\/thead>\n<tbody>\n<tr>\n<td style=\"padding:15px;border:1px solid #E2B887;font-size:17px;color:#555\">\n<strong style=\"color:#0D1461\">YETK\u0130NL\u0130K 1. SA\u011eLIK H\u0130ZMET\u0130 SUNUCUSU<\/strong><br><br>\n1. Temel ve klinik t\u0131p bilimlerinden, davran\u0131\u015f bilimlerinden ve sosyal bilimlerden edindi\u011fi bilgi, beceri ve tutumlar\u0131 b\u00fct\u00fcnle\u015ftirerek sa\u011fl\u0131k hizmeti sunumunda kullan\u0131r.<br><br>\n2. Hasta y\u00f6netiminde, dil, din, \u0131rk ve cins ayr\u0131m\u0131 g\u00f6zetmeden bireyin sosyodemografik ve sosyok\u00fclt\u00fcrel ge\u00e7mi\u015fini de dikkate alan biyopsikososyal bir yakla\u015f\u0131m g\u00f6sterir.<br><br>\n3. Sa\u011fl\u0131k hizmeti sunumunda, bireylerin ve toplumun sa\u011fl\u0131\u011f\u0131n\u0131 koruma ve geli\u015ftirmeyi \u00f6nceler.<br><br>\n4. Sa\u011fl\u0131\u011f\u0131 etkileyen bireysel, toplumsal, sosyal ve \u00e7evresel fakt\u00f6rleri dikkate alarak; sa\u011fl\u0131kl\u0131l\u0131k durumunun s\u00fcrd\u00fcr\u00fclmesi ve geli\u015ftirilmesi y\u00f6n\u00fcnde gerekli \u00e7al\u0131\u015fmalar\u0131 yapar.<br><br>\n5. Hedef kitlenin \u00f6zelliklerini, ihtiya\u00e7lar\u0131n\u0131 ve beklentilerini tan\u0131yarak, sa\u011fl\u0131kl\u0131\/hasta bireylere ve yak\u0131nlar\u0131na ve di\u011fer sa\u011fl\u0131k \u00e7al\u0131\u015fanlar\u0131na sa\u011fl\u0131k e\u011fitimi verir.<br><br>\n6. Sa\u011fl\u0131k hizmet sunumunda, koruma, tan\u0131, tedavi, takip ve rehabilitasyon s\u00fcre\u00e7lerinde g\u00fcvenli, ak\u0131lc\u0131 ve etkin yakla\u015f\u0131m g\u00f6sterir.<br><br>\n7. Tan\u0131, tedavi, takip ve rehabilitasyon s\u00fcre\u00e7lerinde, giri\u015fimsel ve\/veya giri\u015fimsel olmayan uygulamalar\u0131 hasta i\u00e7in g\u00fcvenli ve etkin bir bi\u00e7imde ger\u00e7ekle\u015ftirir.<br><br>\n8. Hasta ve \u00e7al\u0131\u015fan sa\u011fl\u0131\u011f\u0131n\u0131 ve g\u00fcvenli\u011fini g\u00f6z \u00f6n\u00fcnde bulundurarak sa\u011fl\u0131k hizmeti sunar.<br><br>\n9. Sa\u011fl\u0131k hizmet sunumunda, sa\u011fl\u0131\u011fa etki eden gerek b\u00f6lgesel ve k\u00fcresel \u00f6l\u00e7ekteki fiziksel ve sosyoekonomik \u00e7evreye ili\u015fkin de\u011fi\u015fiklikleri, gerekse de kendisine ba\u015fvuran ki\u015filerin bireysel \u00f6zellik ve davran\u0131\u015flar\u0131ndaki de\u011fi\u015fimleri g\u00f6z \u00f6n\u00fcnde bulundurur.\n<\/td>\n<\/tr>\n<\/tbody>\n<\/table>\n\n<table style=\"width:100%;margin:20px auto;border-collapse:collapse;font-family:Arial, sans-serif\">\n<thead>\n<tr style=\"background-color:#0D1461;color:white\">\n<td style=\"padding:15px;border:1px solid #E2B887;font-size:17px;text-align:center\"><strong>TEMEL YETK\u0130NL\u0130K ALANI \/ MESLEK\u0130 DE\u011eERLER VE YAKLA\u015eIM<\/strong><\/td>\n<\/tr>\n<\/thead>\n<tbody>\n<tr>\n<td style=\"padding:15px;border:1px solid #E2B887;font-size:17px;color:#555\">\n<strong style=\"color:#0D1461\">YETK\u0130NL\u0130K 2. MESLEK\u0130 ET\u0130K VE PROFESYONEL \u0130LKELER\u0130 BEN\u0130MSEYEN<\/strong><br><br>\n10. Mesle\u011fini y\u00fcr\u00fct\u00fcrken iyi hekimlik uygulamalar\u0131n\u0131 dikkate al\u0131r.<br><br>\n11. Mesle\u011finin gerektirdi\u011fi etik ilkeler ile hak ve yasal sorumluluklar \u00e7er\u00e7evesinde g\u00f6rev ve y\u00fck\u00fcml\u00fcl\u00fckleri yerine getirir.<br><br>\n12. Hastan\u0131n b\u00fct\u00fcnl\u00fc\u011f\u00fcn\u00fc dikkate alarak, y\u00fcksek nitelikli sa\u011fl\u0131k bak\u0131m\u0131 sunma konusunda kararl\u0131 davran\u0131\u015flar g\u00f6sterir.<br><br>\n13. Mesleki uygulamalar\u0131ndaki performans\u0131n\u0131, duygular\u0131n\u0131 ve bili\u015fsel \u00f6zelliklerini de g\u00f6z \u00f6n\u00fcnde bulundurarak de\u011ferlendirir.<br><br>\n\n<strong style=\"color:#0D1461\">YETK\u0130NL\u0130K 3. SA\u011eLIK SAVUNCUSU<\/strong><br><br>\n14. Toplum sa\u011fl\u0131\u011f\u0131n\u0131n korunmas\u0131 ve geli\u015ftirilmesi i\u00e7in, sosyal g\u00fcvenirlik ve sosyal y\u00fck\u00fcml\u00fcl\u00fck kavramlar\u0131n\u0131 g\u00f6z \u00f6n\u00fcnde bulundurarak, sa\u011fl\u0131k hizmet sunumunu geli\u015ftirmeyi savunur.<br><br>\n15. Sa\u011fl\u0131\u011f\u0131n korunmas\u0131 ve geli\u015ftirilmesi i\u00e7in birey ve toplum sa\u011fl\u0131\u011f\u0131 ile ilgili hizmet sunumu, e\u011fitim ve dan\u0131\u015fmanl\u0131k s\u00fcre\u00e7lerini t\u00fcm bile\u015fenler ile i\u015fbirli\u011fi i\u00e7inde planlayabilir ve y\u00fcr\u00fctebilir.<br><br>\n16. Sa\u011fl\u0131k politikalar\u0131n\u0131n ve uygulamalar\u0131n\u0131n birey ve toplum sa\u011fl\u0131k g\u00f6stergelerine etkisini de\u011ferlendirir ve sa\u011fl\u0131k hizmetleri kalitesinin art\u0131r\u0131lmas\u0131n\u0131 savunur.<br><br>\n17. Hekim kendi fiziksel, ruhsal ve sosyal y\u00f6nden sa\u011fl\u0131\u011f\u0131n\u0131 korumaya ve geli\u015ftirilmesine \u00f6nem verir, bunun i\u00e7in gerekenleri yapar.<br><br>\n\n<strong style=\"color:#0D1461\">YETK\u0130NL\u0130K 4. L\u0130DER-Y\u00d6NET\u0130C\u0130<\/strong><br><br>\n18. Hizmet sunumu s\u0131ras\u0131nda sa\u011fl\u0131k ekibi i\u00e7inde \u00f6rnek davran\u0131\u015flar g\u00f6sterir, liderlik yapar.<br><br>\n19. Y\u00f6neticisi oldu\u011fu sa\u011fl\u0131k kurulu\u015funda, sa\u011fl\u0131k hizmetlerini planlama, uygulama, de\u011ferlendirme s\u00fcre\u00e7lerinde kaynaklar\u0131 maliyet-etkin, toplum yarar\u0131na ve mevzuata uygun kullan\u0131r.<br><br>\n\n<strong style=\"color:#0D1461\">YETK\u0130NL\u0130K 5. EK\u0130P \u00dcYES\u0130<\/strong><br><br>\n20. Birlikte hizmet sundu\u011fu sa\u011fl\u0131k ekibi i\u00e7inde, olumlu ileti\u015fim kurar ve gerekti\u011finde farkl\u0131 ekip rollerini \u00fcstlenir.<br><br>\n21. Sa\u011fl\u0131k ekibi i\u00e7indeki sa\u011fl\u0131k \u00e7al\u0131\u015fanlar\u0131n\u0131n g\u00f6rev ve y\u00fck\u00fcml\u00fcl\u00fcklerinin fark\u0131ndad\u0131r ve buna uygun davran\u0131\u015flar g\u00f6sterir.<br><br>\n22. Mesleki uygulamalar\u0131nda meslekta\u015flar\u0131 ve di\u011fer meslek gruplar\u0131 ile uyumlu ve etkin \u00e7al\u0131\u015f\u0131r.<br><br>\n\n<strong style=\"color:#0D1461\">YETK\u0130NL\u0130K 6. \u0130LET\u0130\u015e\u0130MC\u0130<\/strong><br><br>\n23. Hasta, hasta yak\u0131nlar\u0131, sa\u011fl\u0131k \u00e7al\u0131\u015fanlar\u0131 ve di\u011fer meslek gruplar\u0131, kurum ve kurulu\u015flarla etkili ileti\u015fim kurar.<br><br>\n24. \u00d6zel yakla\u015f\u0131m gerektiren ve farkl\u0131 sosyok\u00fclt\u00fcrel \u00f6zelliklere sahip birey ve gruplar ile etkili ileti\u015fim kurar.<br><br>\n25. Tan\u0131, tedavi, takip ve rehabilitasyon s\u00fcre\u00e7lerinde, hastay\u0131 karar verme mekanizmalar\u0131na ortak eden, hasta merkezli bir yakla\u015f\u0131m g\u00f6sterir.\n<\/td>\n<\/tr>\n<\/tbody>\n<\/table>\n\n<table style=\"width:100%;margin:20px auto;border-collapse:collapse;font-family:Arial, sans-serif\">\n<thead>\n<tr style=\"background-color:#0D1461;color:white\">\n<td style=\"padding:15px;border:1px solid #E2B887;font-size:17px;text-align:center\"><strong>TEMEL YETK\u0130NL\u0130K ALANI \/ MESLEK\u0130 VE B\u0130REYSEL GEL\u0130\u015e\u0130M<\/strong><\/td>\n<\/tr>\n<\/thead>\n<tbody>\n<tr>\n<td style=\"padding:15px;border:1px solid #E2B887;font-size:17px;color:#555\">\n<strong style=\"color:#0D1461\">YETK\u0130NL\u0130K 7. B\u0130L\u0130MSEL VE ANAL\u0130T\u0130K YAKLA\u015eIM G\u00d6STEREN<\/strong><br><br>\n26. Hizmet sundu\u011fu n\u00fcfusa y\u00f6nelik, gerekli durumlarda bilimsel ara\u015ft\u0131rma planlar, uygular ve elde etti\u011fi sonu\u00e7lar\u0131 ve\/veya ba\u015fka ara\u015ft\u0131rmalar\u0131n sonu\u00e7lar\u0131n\u0131 toplumun yarar\u0131na kullan\u0131r.<br><br>\n27. Mesle\u011fi ile ilgili g\u00fcncel literat\u00fcr bilgisine ula\u015f\u0131r ve ele\u015ftirel de\u011ferlendirir.<br><br>\n28. Klinik karar verme s\u00fcrecinde, kan\u0131ta dayal\u0131 t\u0131p ilkelerini uygular.<br><br>\n29. Sa\u011fl\u0131k hizmeti, ara\u015ft\u0131rmas\u0131 ve e\u011fitimine y\u00f6nelik \u00e7al\u0131\u015fmalar\u0131n\u0131n etkinli\u011fini art\u0131rmak i\u00e7in bili\u015fim teknolojilerini kullan\u0131r.<br><br>\n\n<strong style=\"color:#0D1461\">YETK\u0130NL\u0130K 8. YA\u015eAM BOYU \u00d6\u011eRENEN<\/strong><br><br>\n30. Bireysel \u00e7al\u0131\u015fma s\u00fcre\u00e7lerini ve kariyer geli\u015fimini etkili olarak y\u00f6netir.<br><br>\n31. Yeni bilgileri edinme, de\u011ferlendirme, mevcut bilgileri ile entegre etme, mesleki durumlara uygulama ve meslek ya\u015fam\u0131 boyunca de\u011fi\u015fen ko\u015fullara uyum sa\u011flama becerilerini g\u00f6sterir.<br><br>\n32. Sundu\u011fu sa\u011fl\u0131k hizmetinin niteli\u011fini geli\u015ftirmek i\u00e7in do\u011fru \u00f6\u011frenme kaynaklar\u0131n\u0131 se\u00e7er, kendi \u00f6\u011frenme s\u00fcrecini d\u00fczenler.\n<\/td>\n<\/tr>\n<\/tbody>\n<\/table>\t\t\t\t\t\t\t\t<\/div>\n\t\t\t\t<\/div>\n\t\t\t\t\t<\/div>\n\t\t<\/div>\n\t\t\t\t\t<\/div>\n\t\t<\/section>\n\t\t\t\t<section class=\"elementor-section elementor-inner-section elementor-element elementor-element-53cdbcb elementor-section-boxed elementor-section-height-default elementor-section-height-default\" data-id=\"53cdbcb\" data-element_type=\"section\">\n\t\t\t\t\t\t<div class=\"elementor-container elementor-column-gap-default\">\n\t\t\t\t\t<div class=\"elementor-column elementor-col-100 elementor-inner-column elementor-element elementor-element-9682bca\" data-id=\"9682bca\" data-element_type=\"column\">\n\t\t\t<div class=\"elementor-widget-wrap elementor-element-populated\">\n\t\t\t\t\t\t<div class=\"elementor-element elementor-element-f60b78e elementor-widget elementor-widget-text-editor\" data-id=\"f60b78e\" data-element_type=\"widget\" data-widget_type=\"text-editor.default\">\n\t\t\t\t<div class=\"elementor-widget-container\">\n\t\t\t\t\t\t\t\t\t<p style=\"text-align: left\" align=\"center\">PDF format\u0131na ula\u015fmak i\u00e7in <a href=\"https:\/\/birimler.atauni.edu.tr\/tip-fakultesi\/wp-content\/uploads\/sites\/73\/2025\/10\/2025-2026-Turkce-Tip-1-2-3-4-5-6-Sinif-Ders-Programi-09-10-2025-1.docx\">t\u0131klay\u0131n\u0131z&#8230; \u00a0TR <\/a>\u00a0\/ \u00a0<a href=\"https:\/\/birimler.atauni.edu.tr\/tip-fakultesi\/wp-content\/uploads\/sites\/73\/2025\/10\/2025-2026-English-Medicine-1-2-3-4-5-6-Class-Schedule-09-10-2025-1.docx\">EN<\/a><\/p>\t\t\t\t\t\t\t\t<\/div>\n\t\t\t\t<\/div>\n\t\t\t\t\t<\/div>\n\t\t<\/div>\n\t\t\t\t\t<\/div>\n\t\t<\/section>\n\t\t\t\t\t<\/div>\n\t\t<\/div>\n\t\t\t\t\t<\/div>\n\t\t<\/section>\n\t\t\t\t<section class=\"elementor-section elementor-top-section elementor-element elementor-element-0b71d39 elementor-section-boxed elementor-section-height-default elementor-section-height-default\" data-id=\"0b71d39\" data-element_type=\"section\">\n\t\t\t\t\t\t<div class=\"elementor-container elementor-column-gap-default\">\n\t\t\t\t\t<div class=\"elementor-column elementor-col-100 elementor-top-column elementor-element elementor-element-5cc5a21\" data-id=\"5cc5a21\" data-element_type=\"column\">\n\t\t\t<div class=\"elementor-widget-wrap\">\n\t\t\t\t\t\t\t<\/div>\n\t\t<\/div>\n\t\t\t\t\t<\/div>\n\t\t<\/section>\n\t\t\t\t<\/div>\n\t\t","protected":false},"excerpt":{"rendered":"<p>Fak\u00fcltemiz Yetkinlikler &#8211; Yeterlilikler ATAT\u00dcRK \u00dcN\u0130VERS\u0130TES\u0130 TIP FAK\u00dcLTES\u0130 MEZUNLARININ ULUSAL YETK\u0130NL\u0130K VE YETERL\u0130L\u0130KLER\u0130 TEMEL YETK\u0130NL\u0130K ALANI \/ MESLEK\u0130 UYGULAMALAR YETK\u0130NL\u0130K 1. SA\u011eLIK H\u0130ZMET\u0130 SUNUCUSU 1. Temel ve klinik t\u0131p bilimlerinden, davran\u0131\u015f bilimlerinden ve sosyal bilimlerden edindi\u011fi bilgi, beceri ve tutumlar\u0131 b\u00fct\u00fcnle\u015ftirerek sa\u011fl\u0131k hizmeti sunumunda kullan\u0131r. 2. Hasta y\u00f6netiminde, dil, din, \u0131rk ve cins ayr\u0131m\u0131 g\u00f6zetmeden [&hellip;]<\/p>\n","protected":false},"author":62,"featured_media":0,"parent":17740,"menu_order":0,"comment_status":"closed","ping_status":"closed","template":"","meta":{"footnotes":""},"class_list":["post-17107","page","type-page","status-publish","hentry"],"_links":{"self":[{"href":"https:\/\/atauni.edu.tr\/tip-fakultesi\/wp-json\/wp\/v2\/pages\/17107","targetHints":{"allow":["GET"]}}],"collection":[{"href":"https:\/\/atauni.edu.tr\/tip-fakultesi\/wp-json\/wp\/v2\/pages"}],"about":[{"href":"https:\/\/atauni.edu.tr\/tip-fakultesi\/wp-json\/wp\/v2\/types\/page"}],"author":[{"embeddable":true,"href":"https:\/\/atauni.edu.tr\/tip-fakultesi\/wp-json\/wp\/v2\/users\/62"}],"replies":[{"embeddable":true,"href":"https:\/\/atauni.edu.tr\/tip-fakultesi\/wp-json\/wp\/v2\/comments?post=17107"}],"version-history":[{"count":68,"href":"https:\/\/atauni.edu.tr\/tip-fakultesi\/wp-json\/wp\/v2\/pages\/17107\/revisions"}],"predecessor-version":[{"id":17813,"href":"https:\/\/atauni.edu.tr\/tip-fakultesi\/wp-json\/wp\/v2\/pages\/17107\/revisions\/17813"}],"up":[{"embeddable":true,"href":"https:\/\/atauni.edu.tr\/tip-fakultesi\/wp-json\/wp\/v2\/pages\/17740"}],"wp:attachment":[{"href":"https:\/\/atauni.edu.tr\/tip-fakultesi\/wp-json\/wp\/v2\/media?parent=17107"}],"curies":[{"name":"wp","href":"https:\/\/api.w.org\/{rel}","templated":true}]}}