{"id":17826,"date":"2025-11-01T15:53:05","date_gmt":"2025-11-01T12:53:05","guid":{"rendered":"https:\/\/birimler.atauni.edu.tr\/tip-fakultesi\/?page_id=17826"},"modified":"2026-05-07T09:51:15","modified_gmt":"2026-05-07T06:51:15","slug":"mezuniyet-oncesi-egitim-ogretim-koordinatorlugu","status":"publish","type":"page","link":"https:\/\/atauni.edu.tr\/tip-fakultesi\/anasayfa1\/fakultemiz\/kurullar-ve-komisyonlar\/mezuniyet-oncesi-egitim-ogretim-koordinatorlugu\/","title":{"rendered":"Mezuniyet \u00d6ncesi E\u011fitim \u00d6\u011fretim Koordinat\u00f6rl\u00fc\u011f\u00fc"},"content":{"rendered":"\t\t<div data-elementor-type=\"wp-page\" data-elementor-id=\"17826\" class=\"elementor elementor-17826\" data-elementor-post-type=\"page\">\n\t\t\t\t\t\t<section class=\"elementor-section elementor-top-section elementor-element elementor-element-c4358a0 elementor-section-boxed elementor-section-height-default elementor-section-height-default\" data-id=\"c4358a0\" data-element_type=\"section\">\n\t\t\t\t\t\t<div class=\"elementor-container elementor-column-gap-default\">\n\t\t\t\t\t<div class=\"elementor-column elementor-col-100 elementor-top-column elementor-element elementor-element-d266631\" data-id=\"d266631\" data-element_type=\"column\">\n\t\t\t<div class=\"elementor-widget-wrap elementor-element-populated\">\n\t\t\t\t\t\t<div class=\"elementor-element elementor-element-0ff628b elementor-widget elementor-widget-text-editor\" data-id=\"0ff628b\" data-element_type=\"widget\" data-widget_type=\"text-editor.default\">\n\t\t\t\t<div class=\"elementor-widget-container\">\n\t\t\t\t\t\t\t\t\t<table style=\"width: 75%;margin: 20px auto;border-collapse: collapse;font-family: Arial, sans-serif\">\n<thead>\n<tr style=\"background-color: #0d1461;color: white\">\n<td style=\"padding: 15px;border: 1px solid #E2B887;font-size: 17px;text-align: center\" colspan=\"3\"><strong>E\u011e\u0130T\u0130M-\u00d6\u011eRET\u0130M KOORD\u0130NAT\u00d6RL\u00dc\u011e\u00dc (T\u0131p Program\u0131)<\/strong><\/td>\n<\/tr>\n<\/thead>\n<tbody>\n<tr>\n<\/tr>\n<tr>\n<td style=\"padding: 15px;border: 1px solid #E2B887;font-size: 17px;color: #555;text-align: center\"><strong style=\"color: #0d1461\">S\u0131n\u0131f<\/strong><\/td>\n<td style=\"padding: 15px;border: 1px solid #E2B887;font-size: 17px;color: #555;text-align: center\"><strong style=\"color: #0d1461\">Koordinat\u00f6r<\/strong><\/td>\n<td style=\"padding: 15px;border: 1px solid #E2B887;font-size: 17px;color: #555;text-align: center\"><strong style=\"color: #0d1461\">Koordinat\u00f6r Yard\u0131mc\u0131s\u0131<\/strong><\/td>\n<\/tr>\n<tr>\n<td style=\"padding: 15px;border: 1px solid #E2B887;font-size: 17px;color: #555;text-align: center\">1<\/td>\n<td style=\"padding: 15px;border: 1px solid #E2B887;font-size: 17px;color: #555\">Dr. \u00d6\u011fr. \u00dcyesi Burhan YARAR<\/td>\n<td style=\"padding: 15px;border: 1px solid #E2B887;font-size: 17px;color: #555\">Dr. \u00d6\u011fr. \u00dcyesi Saime \u00d6ZBEK \u015eEB\u0130N<\/td>\n<\/tr>\n<tr>\n<td style=\"padding: 15px;border: 1px solid #E2B887;font-size: 17px;color: #555;text-align: center\">2<\/td>\n<td style=\"padding: 15px;border: 1px solid #E2B887;font-size: 17px;color: #555\">Do\u00e7. Dr. Murat KAYABEK\u0130R<\/td>\n<td style=\"padding: 15px;border: 1px solid #E2B887;font-size: 17px;color: #555\">Dr. \u00d6\u011fr. \u00dcyesi Furkan \u015eAK\u0130RO\u011eLU<\/td>\n<\/tr>\n<tr>\n<td style=\"padding: 15px;border: 1px solid #E2B887;font-size: 17px;color: #555;text-align: center\">3<\/td>\n<td style=\"padding: 15px;border: 1px solid #E2B887;font-size: 17px;color: #555\">Dr. \u00d6\u011fr. \u00dcyesi Mehmet Akif NAS<\/td>\n<td style=\"padding: 15px;border: 1px solid #E2B887;font-size: 17px;color: #555\">Dr. \u00d6\u011fr. \u00dcyesi Mustafa YE\u015e\u0130LYURT<\/td>\n<\/tr>\n<tr>\n<td style=\"padding: 15px;border: 1px solid #E2B887;font-size: 17px;color: #555;text-align: center\">4<\/td>\n<td style=\"padding: 15px;border: 1px solid #E2B887;font-size: 17px;color: #555\">Prof. Dr. Hakan D\u00d6NERAY<\/td>\n<td style=\"padding: 15px;border: 1px solid #E2B887;font-size: 17px;color: #555\">Do\u00e7. Dr. Necip ALTUNDA\u015e<\/td>\n<\/tr>\n<tr>\n<td style=\"padding: 15px;border: 1px solid #E2B887;font-size: 17px;color: #555;text-align: center\">5<\/td>\n<td style=\"padding: 15px;border: 1px solid #E2B887;font-size: 17px;color: #555\">Do\u00e7. Dr. Nuray B\u0130LGE<\/td>\n<td style=\"padding: 15px;border: 1px solid #E2B887;font-size: 17px;color: #555\">Dr. \u00d6\u011fr. \u00dcyesi Zeynep KARACA URAL<\/td>\n<\/tr>\n<tr>\n<td style=\"padding: 15px;border: 1px solid #E2B887;font-size: 17px;color: #555;text-align: center\">6<\/td>\n<td style=\"padding: 15px;border: 1px solid #E2B887;font-size: 17px;color: #555\">Do\u00e7. Dr. P\u0131nar TOSUN TA\u015eAR<\/td>\n<td style=\"padding: 15px;border: 1px solid #E2B887;font-size: 17px;color: #555\">Do\u00e7. Dr. Can SEV\u0130N\u00c7<\/td>\n<\/tr>\n<\/tbody>\n<\/table>\t\t\t\t\t\t\t\t<\/div>\n\t\t\t\t<\/div>\n\t\t\t\t<div class=\"elementor-element elementor-element-34f0373 elementor-widget elementor-widget-text-editor\" data-id=\"34f0373\" data-element_type=\"widget\" data-widget_type=\"text-editor.default\">\n\t\t\t\t<div class=\"elementor-widget-container\">\n\t\t\t\t\t\t\t\t\t<p>\u00a0<\/p>\n<table style=\"width: 75%;margin: 20px auto;border-collapse: collapse;font-family: Arial, sans-serif\">\n<thead>\n<tr style=\"background-color: #0d1461;color: white\">\n<td style=\"padding: 15px;border: 1px solid #E2B887;font-size: 17px;text-align: center\" colspan=\"3\"><strong>E\u011e\u0130T\u0130M-\u00d6\u011eRET\u0130M KOORD\u0130NAT\u00d6RL\u00dc\u011e\u00dc (T\u0131p Program\u0131 &#8211; \u0130ngilizce)<\/strong><\/td>\n<\/tr>\n<\/thead>\n<tbody>\n<tr>\n<td style=\"padding: 15px;border: 1px solid #E2B887;font-size: 17px;color: #555;text-align: center\"><strong style=\"color: #0d1461\">Class<\/strong><\/td>\n<td style=\"padding: 15px;border: 1px solid #E2B887;font-size: 17px;color: #555;text-align: center\"><strong style=\"color: #0d1461\">Koordinat\u00f6r<\/strong><\/td>\n<td style=\"padding: 15px;border: 1px solid #E2B887;font-size: 17px;color: #555;text-align: center\"><strong style=\"color: #0d1461\">Koordinat\u00f6r Yard\u0131mc\u0131s\u0131<\/strong><\/td>\n<\/tr>\n<tr>\n<td style=\"padding: 15px;border: 1px solid #E2B887;font-size: 17px;color: #555;text-align: center\">1<\/td>\n<td style=\"padding: 15px;border: 1px solid #E2B887;font-size: 17px;color: #555\">Dr. \u00d6\u011fr. \u00dcyesi \u0130deal Beraa KARTAL YILMAZ<\/td>\n<td style=\"padding: 15px;border: 1px solid #E2B887;font-size: 17px;color: #555\">Dr. \u00d6\u011fr. \u00dcyesi Ezel Bilge YERL\u0130<\/td>\n<\/tr>\n<tr>\n<td style=\"padding: 15px;border: 1px solid #E2B887;font-size: 17px;color: #555;text-align: center\">2<\/td>\n<td style=\"padding: 15px;border: 1px solid #E2B887;font-size: 17px;color: #555\">Dr. \u00d6\u011fr. \u00dcyesi Talip VURAL<\/td>\n<td style=\"padding: 15px;border: 1px solid #E2B887;font-size: 17px;color: #555\">Dr. \u00d6\u011fr. \u00dcyesi Bilgehan \u00d6ZTOP<\/td>\n<\/tr>\n<tr>\n<td style=\"padding: 15px;border: 1px solid #E2B887;font-size: 17px;color: #555;text-align: center\">3<\/td>\n<td style=\"padding: 15px;border: 1px solid #E2B887;font-size: 17px;color: #555\">Dr. \u00d6\u011fr. \u00dcyesi Sel\u00e7uk \u015eENYAYLA<\/td>\n<td style=\"padding: 15px;border: 1px solid #E2B887;font-size: 17px;color: #555\">Dr.\u00d6\u011fr.\u00dcyesi Fatma TUYGAR OKUTUCU<\/td>\n<\/tr>\n<tr>\n<td style=\"padding: 15px;border: 1px solid #E2B887;font-size: 17px;color: #555;text-align: center\">4<\/td>\n<td style=\"padding: 15px;border: 1px solid #E2B887;font-size: 17px;color: #555\">Do\u00e7. Dr. Elif G\u00d6ZGE\u00c7<\/td>\n<td style=\"padding: 15px;border: 1px solid #E2B887;font-size: 17px;color: #555\">Do\u00e7. Dr. Emsal P\u0131nar TOPDA\u011eI YILMAZ<\/td>\n<\/tr>\n<tr>\n<td style=\"padding: 15px;border: 1px solid #E2B887;font-size: 17px;color: #555;text-align: center\">5<\/td>\n<td style=\"padding: 15px;border: 1px solid #E2B887;font-size: 17px;color: #555\">Do\u00e7. Dr. Fatma KESMEZ CAN<\/td>\n<td style=\"padding: 15px;border: 1px solid #E2B887;font-size: 17px;color: #555\">Do\u00e7. Dr. \u015eaban O\u011fuz DEM\u0130RD\u00d6\u011eEN<\/td>\n<\/tr>\n<tr>\n<td style=\"padding: 15px;border: 1px solid #E2B887;font-size: 17px;color: #555;text-align: center\">6<\/td>\n<td style=\"padding: 15px;border: 1px solid #E2B887;font-size: 17px;color: #555\">Prof. Dr. Mustafa Talip \u015eENER<\/td>\n<td style=\"padding: 15px;border: 1px solid #E2B887;font-size: 17px;color: #555\">Dr. \u00d6\u011fr. \u00dcyesi Mevlana G\u00dcL<\/td>\n<\/tr>\n<\/tbody>\n<\/table>\t\t\t\t\t\t\t\t<\/div>\n\t\t\t\t<\/div>\n\t\t\t\t\t<\/div>\n\t\t<\/div>\n\t\t\t\t\t<\/div>\n\t\t<\/section>\n\t\t\t\t<\/div>\n\t\t","protected":false},"excerpt":{"rendered":"<p>E\u011e\u0130T\u0130M-\u00d6\u011eRET\u0130M KOORD\u0130NAT\u00d6RL\u00dc\u011e\u00dc (T\u0131p Program\u0131) S\u0131n\u0131f Koordinat\u00f6r Koordinat\u00f6r Yard\u0131mc\u0131s\u0131 1 Dr. \u00d6\u011fr. \u00dcyesi Burhan YARAR Dr. \u00d6\u011fr. \u00dcyesi Saime \u00d6ZBEK \u015eEB\u0130N 2 Do\u00e7. Dr. Murat KAYABEK\u0130R Dr. \u00d6\u011fr. \u00dcyesi Furkan \u015eAK\u0130RO\u011eLU 3 Dr. \u00d6\u011fr. \u00dcyesi Mehmet Akif NAS Dr. \u00d6\u011fr. \u00dcyesi Mustafa YE\u015e\u0130LYURT 4 Prof. Dr. Hakan D\u00d6NERAY Do\u00e7. Dr. Necip ALTUNDA\u015e 5 Do\u00e7. Dr. Nuray [&hellip;]<\/p>\n","protected":false},"author":62,"featured_media":0,"parent":12687,"menu_order":0,"comment_status":"closed","ping_status":"closed","template":"","meta":{"footnotes":""},"class_list":["post-17826","page","type-page","status-publish","hentry"],"_links":{"self":[{"href":"https:\/\/atauni.edu.tr\/tip-fakultesi\/wp-json\/wp\/v2\/pages\/17826","targetHints":{"allow":["GET"]}}],"collection":[{"href":"https:\/\/atauni.edu.tr\/tip-fakultesi\/wp-json\/wp\/v2\/pages"}],"about":[{"href":"https:\/\/atauni.edu.tr\/tip-fakultesi\/wp-json\/wp\/v2\/types\/page"}],"author":[{"embeddable":true,"href":"https:\/\/atauni.edu.tr\/tip-fakultesi\/wp-json\/wp\/v2\/users\/62"}],"replies":[{"embeddable":true,"href":"https:\/\/atauni.edu.tr\/tip-fakultesi\/wp-json\/wp\/v2\/comments?post=17826"}],"version-history":[{"count":33,"href":"https:\/\/atauni.edu.tr\/tip-fakultesi\/wp-json\/wp\/v2\/pages\/17826\/revisions"}],"predecessor-version":[{"id":21316,"href":"https:\/\/atauni.edu.tr\/tip-fakultesi\/wp-json\/wp\/v2\/pages\/17826\/revisions\/21316"}],"up":[{"embeddable":true,"href":"https:\/\/atauni.edu.tr\/tip-fakultesi\/wp-json\/wp\/v2\/pages\/12687"}],"wp:attachment":[{"href":"https:\/\/atauni.edu.tr\/tip-fakultesi\/wp-json\/wp\/v2\/media?parent=17826"}],"curies":[{"name":"wp","href":"https:\/\/api.w.org\/{rel}","templated":true}]}}