{"id":19353,"date":"2025-12-17T01:57:38","date_gmt":"2025-12-16T22:57:38","guid":{"rendered":"https:\/\/birimler.atauni.edu.tr\/tip-fakultesi\/?page_id=19353"},"modified":"2026-05-07T00:32:13","modified_gmt":"2026-05-06T21:32:13","slug":"surekli-tip-egitim-ogretim-koordinatorlugu","status":"publish","type":"page","link":"https:\/\/atauni.edu.tr\/tip-fakultesi\/anasayfa1\/fakultemiz\/kurullar-ve-komisyonlar\/surekli-tip-egitim-ogretim-koordinatorlugu\/","title":{"rendered":"S\u00fcrekli T\u0131p E\u011fitim \u00d6\u011fretim Koordinat\u00f6rl\u00fc\u011f\u00fc"},"content":{"rendered":"\t\t<div data-elementor-type=\"wp-page\" data-elementor-id=\"19353\" class=\"elementor elementor-19353\" data-elementor-post-type=\"page\">\n\t\t\t\t\t\t<section class=\"elementor-section elementor-top-section elementor-element elementor-element-0864fa6 elementor-section-boxed elementor-section-height-default elementor-section-height-default\" data-id=\"0864fa6\" data-element_type=\"section\">\n\t\t\t\t\t\t<div class=\"elementor-container elementor-column-gap-default\">\n\t\t\t\t\t<div class=\"elementor-column elementor-col-100 elementor-top-column elementor-element elementor-element-8c6c2e3\" data-id=\"8c6c2e3\" data-element_type=\"column\">\n\t\t\t<div class=\"elementor-widget-wrap elementor-element-populated\">\n\t\t\t\t\t\t<div class=\"elementor-element elementor-element-4c4dc32 elementor-widget elementor-widget-text-editor\" data-id=\"4c4dc32\" data-element_type=\"widget\" data-widget_type=\"text-editor.default\">\n\t\t\t\t<div class=\"elementor-widget-container\">\n\t\t\t\t\t\t\t\t\t<table style=\"width: 90%;margin: 20px auto;border-collapse: collapse;font-family: Arial, sans-serif\">\n<thead>\n<tr style=\"background-color: #0d1461;color: white\">\n<td style=\"padding: 15px;border: 1px solid #E2B887;font-size: 17px;text-align: center\" colspan=\"2\"><strong>S\u00fcrekli T\u0131p E\u011fitim \u00d6\u011fretim Koordinat\u00f6rl\u00fc\u011f\u00fc<\/strong><\/td>\n<\/tr>\n<tr style=\"background-color: #0d1461;color: white\">\n<td style=\"padding: 15px;border: 1px solid #E2B887;font-size: 17px;text-align: center\"><strong>\u00dcNVANI-ADI VE SOYADI<\/strong><\/td>\n<td style=\"padding: 15px;border: 1px solid #E2B887;font-size: 17px;text-align: center\"><strong>G\u00d6REV\u0130<\/strong><\/td>\n<\/tr>\n<\/thead>\n<tbody>\n<tr>\n<td style=\"padding: 15px;border: 1px solid #E2B887;font-size: 17px;color: #555\">Prof. Dr. Canan ATALAY<\/td>\n<td style=\"padding: 15px;border: 1px solid #E2B887;font-size: 17px;color: #555\">Koordinat\u00f6r<\/td>\n<\/tr>\n<tr>\n<td style=\"padding: 15px;border: 1px solid #E2B887;font-size: 17px;color: #555\">Do\u00e7. Dr. Can SEV\u0130N\u00c7<\/td>\n<td style=\"padding: 15px;border: 1px solid #E2B887;font-size: 17px;color: #555\">Koordinat\u00f6r Yard\u0131mc\u0131s\u0131<\/td>\n<\/tr>\n<tr>\n<td style=\"padding: 15px;border: 1px solid #E2B887;font-size: 17px;color: #555\">Prof. Dr. Sevilay \u00d6ZMEN<\/td>\n<td style=\"padding: 15px;border: 1px solid #E2B887;font-size: 17px;color: #555\">Koordinat\u00f6r Yard\u0131mc\u0131s\u0131<\/td>\n<\/tr>\n<\/tbody>\n<\/table>\t\t\t\t\t\t\t\t<\/div>\n\t\t\t\t<\/div>\n\t\t\t\t\t<\/div>\n\t\t<\/div>\n\t\t\t\t\t<\/div>\n\t\t<\/section>\n\t\t\t\t<\/div>\n\t\t","protected":false},"excerpt":{"rendered":"<p>S\u00fcrekli T\u0131p E\u011fitim \u00d6\u011fretim Koordinat\u00f6rl\u00fc\u011f\u00fc \u00dcNVANI-ADI VE SOYADI G\u00d6REV\u0130 Prof. Dr. Canan ATALAY Koordinat\u00f6r Do\u00e7. Dr. Can SEV\u0130N\u00c7 Koordinat\u00f6r Yard\u0131mc\u0131s\u0131 Prof. Dr. Sevilay \u00d6ZMEN Koordinat\u00f6r Yard\u0131mc\u0131s\u0131<\/p>\n","protected":false},"author":62,"featured_media":0,"parent":12687,"menu_order":0,"comment_status":"closed","ping_status":"closed","template":"","meta":{"footnotes":""},"class_list":["post-19353","page","type-page","status-publish","hentry"],"_links":{"self":[{"href":"https:\/\/atauni.edu.tr\/tip-fakultesi\/wp-json\/wp\/v2\/pages\/19353","targetHints":{"allow":["GET"]}}],"collection":[{"href":"https:\/\/atauni.edu.tr\/tip-fakultesi\/wp-json\/wp\/v2\/pages"}],"about":[{"href":"https:\/\/atauni.edu.tr\/tip-fakultesi\/wp-json\/wp\/v2\/types\/page"}],"author":[{"embeddable":true,"href":"https:\/\/atauni.edu.tr\/tip-fakultesi\/wp-json\/wp\/v2\/users\/62"}],"replies":[{"embeddable":true,"href":"https:\/\/atauni.edu.tr\/tip-fakultesi\/wp-json\/wp\/v2\/comments?post=19353"}],"version-history":[{"count":8,"href":"https:\/\/atauni.edu.tr\/tip-fakultesi\/wp-json\/wp\/v2\/pages\/19353\/revisions"}],"predecessor-version":[{"id":21268,"href":"https:\/\/atauni.edu.tr\/tip-fakultesi\/wp-json\/wp\/v2\/pages\/19353\/revisions\/21268"}],"up":[{"embeddable":true,"href":"https:\/\/atauni.edu.tr\/tip-fakultesi\/wp-json\/wp\/v2\/pages\/12687"}],"wp:attachment":[{"href":"https:\/\/atauni.edu.tr\/tip-fakultesi\/wp-json\/wp\/v2\/media?parent=19353"}],"curies":[{"name":"wp","href":"https:\/\/api.w.org\/{rel}","templated":true}]}}