{"id":19559,"date":"2025-12-22T10:13:45","date_gmt":"2025-12-22T07:13:45","guid":{"rendered":"https:\/\/birimler.atauni.edu.tr\/tip-fakultesi\/?page_id=19559"},"modified":"2026-05-05T16:19:33","modified_gmt":"2026-05-05T13:19:33","slug":"tip-egitimi-oz-degerlendirme-raporu","status":"publish","type":"page","link":"https:\/\/atauni.edu.tr\/tip-fakultesi\/kalite\/%e2%81%a0-%e2%81%a0akreditasyon-ve-oz-degerlendirme__trashed\/tip-egitimi-oz-degerlendirme-raporu\/","title":{"rendered":"T\u0131p E\u011fitimi \u00d6z De\u011ferlendirme Raporu"},"content":{"rendered":"\t\t<div data-elementor-type=\"wp-page\" data-elementor-id=\"19559\" class=\"elementor elementor-19559\" data-elementor-post-type=\"page\">\n\t\t\t\t\t\t<section class=\"elementor-section elementor-top-section elementor-element elementor-element-f0cdfc2 elementor-section-boxed elementor-section-height-default elementor-section-height-default\" data-id=\"f0cdfc2\" data-element_type=\"section\">\n\t\t\t\t\t\t<div class=\"elementor-container elementor-column-gap-default\">\n\t\t\t\t\t<div class=\"elementor-column elementor-col-50 elementor-top-column elementor-element elementor-element-903aa3e\" data-id=\"903aa3e\" data-element_type=\"column\">\n\t\t\t<div class=\"elementor-widget-wrap elementor-element-populated\">\n\t\t\t\t\t\t<div class=\"elementor-element elementor-element-f55e0be elementor-widget elementor-widget-image\" data-id=\"f55e0be\" data-element_type=\"widget\" data-widget_type=\"image.default\">\n\t\t\t\t<div class=\"elementor-widget-container\">\n\t\t\t\t\t\t\t\t\t\t\t\t\t\t\t<img fetchpriority=\"high\" decoding=\"async\" width=\"768\" height=\"530\" src=\"https:\/\/atauni.edu.tr\/tip-fakultesi\/wp-content\/uploads\/sites\/73\/2025\/12\/tu\u0308rkc\u0327e-akreditasyon-768x530.jpg\" class=\"attachment-medium_large size-medium_large wp-image-19563\" alt=\"\" srcset=\"https:\/\/atauni.edu.tr\/tip-fakultesi\/wp-content\/uploads\/sites\/73\/2025\/12\/tu\u0308rkc\u0327e-akreditasyon-768x530.jpg 768w, https:\/\/atauni.edu.tr\/tip-fakultesi\/wp-content\/uploads\/sites\/73\/2025\/12\/tu\u0308rkc\u0327e-akreditasyon-300x207.jpg 300w, https:\/\/atauni.edu.tr\/tip-fakultesi\/wp-content\/uploads\/sites\/73\/2025\/12\/tu\u0308rkc\u0327e-akreditasyon-1024x706.jpg 1024w, https:\/\/atauni.edu.tr\/tip-fakultesi\/wp-content\/uploads\/sites\/73\/2025\/12\/tu\u0308rkc\u0327e-akreditasyon-600x414.jpg 600w, https:\/\/atauni.edu.tr\/tip-fakultesi\/wp-content\/uploads\/sites\/73\/2025\/12\/tu\u0308rkc\u0327e-akreditasyon-560x386.jpg 560w, https:\/\/atauni.edu.tr\/tip-fakultesi\/wp-content\/uploads\/sites\/73\/2025\/12\/tu\u0308rkc\u0327e-akreditasyon.jpg 1536w\" sizes=\"(max-width: 768px) 100vw, 768px\" \/>\t\t\t\t\t\t\t\t\t\t\t\t\t\t\t<\/div>\n\t\t\t\t<\/div>\n\t\t\t\t\t<\/div>\n\t\t<\/div>\n\t\t\t\t<div class=\"elementor-column elementor-col-50 elementor-top-column elementor-element elementor-element-b0e9a54\" data-id=\"b0e9a54\" data-element_type=\"column\">\n\t\t\t<div class=\"elementor-widget-wrap elementor-element-populated\">\n\t\t\t\t\t\t<div class=\"elementor-element elementor-element-fa91dcb elementor-widget elementor-widget-text-editor\" data-id=\"fa91dcb\" data-element_type=\"widget\" data-widget_type=\"text-editor.default\">\n\t\t\t\t<div class=\"elementor-widget-container\">\n\t\t\t\t\t\t\t\t\t<p><i>G\u00fcncellenmektedir&#8230;<\/i><\/p>\t\t\t\t\t\t\t\t<\/div>\n\t\t\t\t<\/div>\n\t\t\t\t\t<\/div>\n\t\t<\/div>\n\t\t\t\t\t<\/div>\n\t\t<\/section>\n\t\t\t\t<section class=\"elementor-section elementor-top-section elementor-element elementor-element-e0912c6 elementor-section-boxed elementor-section-height-default elementor-section-height-default\" data-id=\"e0912c6\" data-element_type=\"section\">\n\t\t\t\t\t\t<div class=\"elementor-container elementor-column-gap-default\">\n\t\t\t\t\t<div class=\"elementor-column elementor-col-50 elementor-top-column elementor-element elementor-element-edcf42d\" data-id=\"edcf42d\" data-element_type=\"column\">\n\t\t\t<div class=\"elementor-widget-wrap elementor-element-populated\">\n\t\t\t\t\t\t<div class=\"elementor-element elementor-element-4d8b888 elementor-widget elementor-widget-image\" data-id=\"4d8b888\" data-element_type=\"widget\" data-widget_type=\"image.default\">\n\t\t\t\t<div class=\"elementor-widget-container\">\n\t\t\t\t\t\t\t\t\t\t\t\t\t\t\t<img decoding=\"async\" width=\"768\" height=\"543\" src=\"https:\/\/atauni.edu.tr\/tip-fakultesi\/wp-content\/uploads\/sites\/73\/2025\/12\/ingilizce-akreditasyon-768x543.jpg\" class=\"attachment-medium_large size-medium_large wp-image-19562\" alt=\"\" srcset=\"https:\/\/atauni.edu.tr\/tip-fakultesi\/wp-content\/uploads\/sites\/73\/2025\/12\/ingilizce-akreditasyon-768x543.jpg 768w, https:\/\/atauni.edu.tr\/tip-fakultesi\/wp-content\/uploads\/sites\/73\/2025\/12\/ingilizce-akreditasyon-300x212.jpg 300w, https:\/\/atauni.edu.tr\/tip-fakultesi\/wp-content\/uploads\/sites\/73\/2025\/12\/ingilizce-akreditasyon-1024x724.jpg 1024w, https:\/\/atauni.edu.tr\/tip-fakultesi\/wp-content\/uploads\/sites\/73\/2025\/12\/ingilizce-akreditasyon-600x424.jpg 600w, https:\/\/atauni.edu.tr\/tip-fakultesi\/wp-content\/uploads\/sites\/73\/2025\/12\/ingilizce-akreditasyon-560x396.jpg 560w, https:\/\/atauni.edu.tr\/tip-fakultesi\/wp-content\/uploads\/sites\/73\/2025\/12\/ingilizce-akreditasyon.jpg 1536w\" sizes=\"(max-width: 768px) 100vw, 768px\" \/>\t\t\t\t\t\t\t\t\t\t\t\t\t\t\t<\/div>\n\t\t\t\t<\/div>\n\t\t\t\t\t<\/div>\n\t\t<\/div>\n\t\t\t\t<div class=\"elementor-column elementor-col-50 elementor-top-column elementor-element elementor-element-a0793e0\" data-id=\"a0793e0\" data-element_type=\"column\">\n\t\t\t<div class=\"elementor-widget-wrap elementor-element-populated\">\n\t\t\t\t\t\t<div class=\"elementor-element elementor-element-a65c250 elementor-widget elementor-widget-text-editor\" data-id=\"a65c250\" data-element_type=\"widget\" data-widget_type=\"text-editor.default\">\n\t\t\t\t<div class=\"elementor-widget-container\">\n\t\t\t\t\t\t\t\t\t<p><i>G\u00fcncellenmektedir&#8230;<\/i><\/p>\t\t\t\t\t\t\t\t<\/div>\n\t\t\t\t<\/div>\n\t\t\t\t\t<\/div>\n\t\t<\/div>\n\t\t\t\t\t<\/div>\n\t\t<\/section>\n\t\t\t\t<section class=\"elementor-section elementor-top-section elementor-element elementor-element-9e5274e elementor-section-boxed elementor-section-height-default elementor-section-height-default\" data-id=\"9e5274e\" data-element_type=\"section\">\n\t\t\t\t\t\t<div class=\"elementor-container elementor-column-gap-default\">\n\t\t\t\t\t<div class=\"elementor-column elementor-col-100 elementor-top-column elementor-element elementor-element-f84271a\" data-id=\"f84271a\" data-element_type=\"column\">\n\t\t\t<div class=\"elementor-widget-wrap elementor-element-populated\">\n\t\t\t\t\t\t<div class=\"elementor-element elementor-element-30cfd19 elementor-widget elementor-widget-text-editor\" data-id=\"30cfd19\" data-element_type=\"widget\" data-widget_type=\"text-editor.default\">\n\t\t\t\t<div class=\"elementor-widget-container\">\n\t\t\t\t\t\t\t\t\t<p><span style=\"text-decoration: underline\"><strong>\u00d6z De\u011ferlendirme Raporlar\u0131:<\/strong><\/span><\/p><ul><li><a href=\"https:\/\/atauni.edu.tr\/tip-fakultesi\/wp-content\/uploads\/sites\/73\/2026\/05\/ATATU\u0308RK-U\u0308NI\u0307VERSI\u0307TESI\u0307-TIP-FAKU\u0308LTESI\u0307-ARA-O\u0308DR.pdf\">2024 \u00d6z De\u011ferlendirme Raporu<\/a><\/li><li><a href=\"https:\/\/atauni.edu.tr\/tip-fakultesi\/wp-content\/uploads\/sites\/73\/2026\/05\/Ataturk-Universitesi-Tip-Fakultesi-Akreditasyon-Sonuc-ve-Oneri-raporu.pdf\">2022 \u00d6z De\u011ferlendirme Raporu<\/a><\/li><li><a href=\"https:\/\/atauni.edu.tr\/tip-fakultesi\/wp-content\/uploads\/sites\/73\/2026\/05\/Atatu\u0308rk-U\u0308niversitesi-Tip-Faku\u0308ltesi-Tu\u0308rkc\u0327e-Tip-Programi-O\u0308DR-2020.docx\">2020 \u00d6z De\u011ferlendirme Raporu<\/a><\/li><\/ul>\t\t\t\t\t\t\t\t<\/div>\n\t\t\t\t<\/div>\n\t\t\t\t\t<\/div>\n\t\t<\/div>\n\t\t\t\t\t<\/div>\n\t\t<\/section>\n\t\t\t\t<\/div>\n\t\t","protected":false},"excerpt":{"rendered":"<p>G\u00fcncellenmektedir&#8230; G\u00fcncellenmektedir&#8230; \u00d6z De\u011ferlendirme Raporlar\u0131: 2024 \u00d6z De\u011ferlendirme Raporu 2022 \u00d6z De\u011ferlendirme Raporu 2020 \u00d6z De\u011ferlendirme Raporu<\/p>\n","protected":false},"author":62,"featured_media":0,"parent":17520,"menu_order":0,"comment_status":"closed","ping_status":"closed","template":"","meta":{"footnotes":""},"class_list":["post-19559","page","type-page","status-publish","hentry"],"_links":{"self":[{"href":"https:\/\/atauni.edu.tr\/tip-fakultesi\/wp-json\/wp\/v2\/pages\/19559","targetHints":{"allow":["GET"]}}],"collection":[{"href":"https:\/\/atauni.edu.tr\/tip-fakultesi\/wp-json\/wp\/v2\/pages"}],"about":[{"href":"https:\/\/atauni.edu.tr\/tip-fakultesi\/wp-json\/wp\/v2\/types\/page"}],"author":[{"embeddable":true,"href":"https:\/\/atauni.edu.tr\/tip-fakultesi\/wp-json\/wp\/v2\/users\/62"}],"replies":[{"embeddable":true,"href":"https:\/\/atauni.edu.tr\/tip-fakultesi\/wp-json\/wp\/v2\/comments?post=19559"}],"version-history":[{"count":13,"href":"https:\/\/atauni.edu.tr\/tip-fakultesi\/wp-json\/wp\/v2\/pages\/19559\/revisions"}],"predecessor-version":[{"id":21196,"href":"https:\/\/atauni.edu.tr\/tip-fakultesi\/wp-json\/wp\/v2\/pages\/19559\/revisions\/21196"}],"up":[{"embeddable":true,"href":"https:\/\/atauni.edu.tr\/tip-fakultesi\/wp-json\/wp\/v2\/pages\/17520"}],"wp:attachment":[{"href":"https:\/\/atauni.edu.tr\/tip-fakultesi\/wp-json\/wp\/v2\/media?parent=19559"}],"curies":[{"name":"wp","href":"https:\/\/api.w.org\/{rel}","templated":true}]}}