{"id":19570,"date":"2025-12-22T10:29:29","date_gmt":"2025-12-22T07:29:29","guid":{"rendered":"https:\/\/birimler.atauni.edu.tr\/tip-fakultesi\/?page_id=19570"},"modified":"2026-05-07T11:23:04","modified_gmt":"2026-05-07T08:23:04","slug":"akredite-olan-programlar-lisans-ve-tipta-uzmanlik","status":"publish","type":"page","link":"https:\/\/atauni.edu.tr\/tip-fakultesi\/kalite\/%e2%81%a0-%e2%81%a0akreditasyon-ve-oz-degerlendirme__trashed\/akredite-olan-programlar-lisans-ve-tipta-uzmanlik\/","title":{"rendered":"Akredite Olan Programlar (Lisans ve T\u0131pta Uzmanl\u0131k)"},"content":{"rendered":"\t\t<div data-elementor-type=\"wp-page\" data-elementor-id=\"19570\" class=\"elementor elementor-19570\" data-elementor-post-type=\"page\">\n\t\t\t\t\t\t<section class=\"elementor-section elementor-top-section elementor-element elementor-element-f0cdfc2 elementor-section-boxed elementor-section-height-default elementor-section-height-default\" data-id=\"f0cdfc2\" data-element_type=\"section\">\n\t\t\t\t\t\t<div class=\"elementor-container elementor-column-gap-default\">\n\t\t\t\t\t<div class=\"elementor-column elementor-col-50 elementor-top-column elementor-element elementor-element-903aa3e\" data-id=\"903aa3e\" data-element_type=\"column\">\n\t\t\t<div class=\"elementor-widget-wrap elementor-element-populated\">\n\t\t\t\t\t\t<div class=\"elementor-element elementor-element-f55e0be elementor-widget elementor-widget-image\" data-id=\"f55e0be\" data-element_type=\"widget\" data-widget_type=\"image.default\">\n\t\t\t\t<div class=\"elementor-widget-container\">\n\t\t\t\t\t\t\t\t\t\t\t\t\t\t\t<img fetchpriority=\"high\" decoding=\"async\" width=\"1024\" height=\"706\" src=\"https:\/\/atauni.edu.tr\/tip-fakultesi\/wp-content\/uploads\/sites\/73\/2025\/12\/tu\u0308rkc\u0327e-akreditasyon-1024x706.jpg\" class=\"attachment-large size-large wp-image-19563\" alt=\"\" srcset=\"https:\/\/atauni.edu.tr\/tip-fakultesi\/wp-content\/uploads\/sites\/73\/2025\/12\/tu\u0308rkc\u0327e-akreditasyon-1024x706.jpg 1024w, https:\/\/atauni.edu.tr\/tip-fakultesi\/wp-content\/uploads\/sites\/73\/2025\/12\/tu\u0308rkc\u0327e-akreditasyon-300x207.jpg 300w, https:\/\/atauni.edu.tr\/tip-fakultesi\/wp-content\/uploads\/sites\/73\/2025\/12\/tu\u0308rkc\u0327e-akreditasyon-768x530.jpg 768w, https:\/\/atauni.edu.tr\/tip-fakultesi\/wp-content\/uploads\/sites\/73\/2025\/12\/tu\u0308rkc\u0327e-akreditasyon-600x414.jpg 600w, https:\/\/atauni.edu.tr\/tip-fakultesi\/wp-content\/uploads\/sites\/73\/2025\/12\/tu\u0308rkc\u0327e-akreditasyon-560x386.jpg 560w, https:\/\/atauni.edu.tr\/tip-fakultesi\/wp-content\/uploads\/sites\/73\/2025\/12\/tu\u0308rkc\u0327e-akreditasyon.jpg 1536w\" sizes=\"(max-width: 1024px) 100vw, 1024px\" \/>\t\t\t\t\t\t\t\t\t\t\t\t\t\t\t<\/div>\n\t\t\t\t<\/div>\n\t\t\t\t\t<\/div>\n\t\t<\/div>\n\t\t\t\t<div class=\"elementor-column elementor-col-50 elementor-top-column elementor-element elementor-element-b0e9a54\" data-id=\"b0e9a54\" data-element_type=\"column\">\n\t\t\t<div class=\"elementor-widget-wrap elementor-element-populated\">\n\t\t\t\t\t\t<div class=\"elementor-element elementor-element-73c5ee7 elementor-widget elementor-widget-image\" data-id=\"73c5ee7\" data-element_type=\"widget\" data-widget_type=\"image.default\">\n\t\t\t\t<div class=\"elementor-widget-container\">\n\t\t\t\t\t\t\t\t\t\t\t\t\t\t\t<img decoding=\"async\" width=\"1024\" height=\"724\" src=\"https:\/\/atauni.edu.tr\/tip-fakultesi\/wp-content\/uploads\/sites\/73\/2025\/12\/ingilizce-akreditasyon-1024x724.jpg\" class=\"attachment-large size-large wp-image-19562\" alt=\"\" srcset=\"https:\/\/atauni.edu.tr\/tip-fakultesi\/wp-content\/uploads\/sites\/73\/2025\/12\/ingilizce-akreditasyon-1024x724.jpg 1024w, https:\/\/atauni.edu.tr\/tip-fakultesi\/wp-content\/uploads\/sites\/73\/2025\/12\/ingilizce-akreditasyon-300x212.jpg 300w, https:\/\/atauni.edu.tr\/tip-fakultesi\/wp-content\/uploads\/sites\/73\/2025\/12\/ingilizce-akreditasyon-768x543.jpg 768w, https:\/\/atauni.edu.tr\/tip-fakultesi\/wp-content\/uploads\/sites\/73\/2025\/12\/ingilizce-akreditasyon-600x424.jpg 600w, https:\/\/atauni.edu.tr\/tip-fakultesi\/wp-content\/uploads\/sites\/73\/2025\/12\/ingilizce-akreditasyon-560x396.jpg 560w, https:\/\/atauni.edu.tr\/tip-fakultesi\/wp-content\/uploads\/sites\/73\/2025\/12\/ingilizce-akreditasyon.jpg 1536w\" sizes=\"(max-width: 1024px) 100vw, 1024px\" \/>\t\t\t\t\t\t\t\t\t\t\t\t\t\t\t<\/div>\n\t\t\t\t<\/div>\n\t\t\t\t\t<\/div>\n\t\t<\/div>\n\t\t\t\t\t<\/div>\n\t\t<\/section>\n\t\t\t\t<section class=\"elementor-section elementor-top-section elementor-element elementor-element-a440203 elementor-section-boxed elementor-section-height-default elementor-section-height-default\" data-id=\"a440203\" data-element_type=\"section\">\n\t\t\t\t\t\t<div class=\"elementor-container elementor-column-gap-default\">\n\t\t\t\t\t<div class=\"elementor-column elementor-col-50 elementor-top-column elementor-element elementor-element-1e80b49\" data-id=\"1e80b49\" data-element_type=\"column\">\n\t\t\t<div class=\"elementor-widget-wrap elementor-element-populated\">\n\t\t\t\t\t\t<div class=\"elementor-element elementor-element-be8431c elementor-widget elementor-widget-text-editor\" data-id=\"be8431c\" data-element_type=\"widget\" data-widget_type=\"text-editor.default\">\n\t\t\t\t<div class=\"elementor-widget-container\">\n\t\t\t\t\t\t\t\t\t<h6 style=\"text-align: center\"><em><strong>T\u0131p E\u011fitimi Program\u0131 <\/strong><\/em><em><strong>Akreditasyon Belgesi\u00a0<\/strong>\u00a0 \u00a0\u00a0<\/em><\/h6>\t\t\t\t\t\t\t\t<\/div>\n\t\t\t\t<\/div>\n\t\t\t\t\t<\/div>\n\t\t<\/div>\n\t\t\t\t<div class=\"elementor-column elementor-col-50 elementor-top-column elementor-element elementor-element-75be1db\" data-id=\"75be1db\" data-element_type=\"column\">\n\t\t\t<div class=\"elementor-widget-wrap elementor-element-populated\">\n\t\t\t\t\t\t<div class=\"elementor-element elementor-element-433d73e elementor-widget elementor-widget-text-editor\" data-id=\"433d73e\" data-element_type=\"widget\" data-widget_type=\"text-editor.default\">\n\t\t\t\t<div class=\"elementor-widget-container\">\n\t\t\t\t\t\t\t\t\t<p style=\"text-align: center\"><span style=\"color: #000000\"><em><strong>T\u0131p E\u011fitimi &#8211; \u0130ngilizce Program\u0131 <\/strong><\/em><em><strong>Akreditasyon Belgesi\u00a0<\/strong>\u00a0 \u00a0\u00a0<\/em><\/span><\/p>\t\t\t\t\t\t\t\t<\/div>\n\t\t\t\t<\/div>\n\t\t\t\t\t<\/div>\n\t\t<\/div>\n\t\t\t\t\t<\/div>\n\t\t<\/section>\n\t\t\t\t<section class=\"elementor-section elementor-top-section elementor-element elementor-element-1e240da elementor-section-boxed elementor-section-height-default elementor-section-height-default\" data-id=\"1e240da\" data-element_type=\"section\">\n\t\t\t\t\t\t<div class=\"elementor-container elementor-column-gap-default\">\n\t\t\t\t\t<div class=\"elementor-column elementor-col-100 elementor-top-column elementor-element elementor-element-470597e\" data-id=\"470597e\" data-element_type=\"column\">\n\t\t\t<div class=\"elementor-widget-wrap\">\n\t\t\t\t\t\t\t<\/div>\n\t\t<\/div>\n\t\t\t\t\t<\/div>\n\t\t<\/section>\n\t\t\t\t<\/div>\n\t\t","protected":false},"excerpt":{"rendered":"<p>T\u0131p E\u011fitimi Program\u0131 Akreditasyon Belgesi\u00a0\u00a0 \u00a0\u00a0 T\u0131p E\u011fitimi &#8211; \u0130ngilizce Program\u0131 Akreditasyon Belgesi\u00a0\u00a0 \u00a0\u00a0<\/p>\n","protected":false},"author":62,"featured_media":0,"parent":17520,"menu_order":0,"comment_status":"closed","ping_status":"closed","template":"","meta":{"footnotes":""},"class_list":["post-19570","page","type-page","status-publish","hentry"],"_links":{"self":[{"href":"https:\/\/atauni.edu.tr\/tip-fakultesi\/wp-json\/wp\/v2\/pages\/19570","targetHints":{"allow":["GET"]}}],"collection":[{"href":"https:\/\/atauni.edu.tr\/tip-fakultesi\/wp-json\/wp\/v2\/pages"}],"about":[{"href":"https:\/\/atauni.edu.tr\/tip-fakultesi\/wp-json\/wp\/v2\/types\/page"}],"author":[{"embeddable":true,"href":"https:\/\/atauni.edu.tr\/tip-fakultesi\/wp-json\/wp\/v2\/users\/62"}],"replies":[{"embeddable":true,"href":"https:\/\/atauni.edu.tr\/tip-fakultesi\/wp-json\/wp\/v2\/comments?post=19570"}],"version-history":[{"count":7,"href":"https:\/\/atauni.edu.tr\/tip-fakultesi\/wp-json\/wp\/v2\/pages\/19570\/revisions"}],"predecessor-version":[{"id":21322,"href":"https:\/\/atauni.edu.tr\/tip-fakultesi\/wp-json\/wp\/v2\/pages\/19570\/revisions\/21322"}],"up":[{"embeddable":true,"href":"https:\/\/atauni.edu.tr\/tip-fakultesi\/wp-json\/wp\/v2\/pages\/17520"}],"wp:attachment":[{"href":"https:\/\/atauni.edu.tr\/tip-fakultesi\/wp-json\/wp\/v2\/media?parent=19570"}],"curies":[{"name":"wp","href":"https:\/\/api.w.org\/{rel}","templated":true}]}}