{"id":20515,"date":"2026-03-10T08:48:32","date_gmt":"2026-03-10T05:48:32","guid":{"rendered":"https:\/\/atauni.edu.tr\/tip-fakultesi\/?page_id=20515"},"modified":"2026-03-10T08:58:54","modified_gmt":"2026-03-10T05:58:54","slug":"kurmsal-amac-ve-hedefler","status":"publish","type":"page","link":"https:\/\/atauni.edu.tr\/tip-fakultesi\/anasayfa1\/fakultemiz\/kurmsal-amac-ve-hedefler\/","title":{"rendered":"Kurumsal Ama\u00e7 ve Hedefler"},"content":{"rendered":"\t\t<div data-elementor-type=\"wp-page\" data-elementor-id=\"20515\" class=\"elementor elementor-20515\" data-elementor-post-type=\"page\">\n\t\t\t\t\t\t<section class=\"elementor-section elementor-top-section elementor-element elementor-element-3cb7d31 elementor-section-boxed elementor-section-height-default elementor-section-height-default\" data-id=\"3cb7d31\" data-element_type=\"section\">\n\t\t\t\t\t\t<div class=\"elementor-container elementor-column-gap-default\">\n\t\t\t\t\t<div class=\"elementor-column elementor-col-50 elementor-top-column elementor-element elementor-element-6d6346b\" data-id=\"6d6346b\" data-element_type=\"column\">\n\t\t\t<div class=\"elementor-widget-wrap elementor-element-populated\">\n\t\t\t\t\t\t<div class=\"elementor-element elementor-element-a470bb5 elementor-widget elementor-widget-heading\" data-id=\"a470bb5\" data-element_type=\"widget\" data-widget_type=\"heading.default\">\n\t\t\t\t<div class=\"elementor-widget-container\">\n\t\t\t\t\t<h2 class=\"elementor-heading-title elementor-size-default\">Fak\u00fcltemiz<\/h2>\t\t\t\t<\/div>\n\t\t\t\t<\/div>\n\t\t\t\t<div class=\"elementor-element elementor-element-3d1f8cb elementor-widget-divider--view-line elementor-widget elementor-widget-divider\" data-id=\"3d1f8cb\" data-element_type=\"widget\" data-widget_type=\"divider.default\">\n\t\t\t\t<div class=\"elementor-widget-container\">\n\t\t\t\t\t\t\t<div class=\"elementor-divider\">\n\t\t\t<span class=\"elementor-divider-separator\">\n\t\t\t\t\t\t<\/span>\n\t\t<\/div>\n\t\t\t\t\t\t<\/div>\n\t\t\t\t<\/div>\n\t\t\t\t<div class=\"elementor-element elementor-element-f2c6567 elementor-nav-menu__align-start smain elementor-nav-menu--dropdown-tablet elementor-nav-menu__text-align-aside elementor-nav-menu--toggle elementor-nav-menu--burger elementor-widget elementor-widget-nav-menu\" data-id=\"f2c6567\" data-element_type=\"widget\" data-settings=\"{&quot;layout&quot;:&quot;vertical&quot;,&quot;submenu_icon&quot;:{&quot;value&quot;:&quot;&lt;i class=\\&quot;fas fa-caret-down\\&quot; aria-hidden=\\&quot;true\\&quot;&gt;&lt;\\\/i&gt;&quot;,&quot;library&quot;:&quot;fa-solid&quot;},&quot;toggle&quot;:&quot;burger&quot;}\" data-widget_type=\"nav-menu.default\">\n\t\t\t\t<div class=\"elementor-widget-container\">\n\t\t\t\t\t\t\t\t<nav aria-label=\"Menu\" class=\"elementor-nav-menu--main elementor-nav-menu__container elementor-nav-menu--layout-vertical e--pointer-none\">\n\t\t\t\t<ul id=\"menu-1-f2c6567\" class=\"elementor-nav-menu sm-vertical\"><li class=\"menu-item menu-item-type-post_type menu-item-object-page menu-item-17216\"><a href=\"https:\/\/atauni.edu.tr\/tip-fakultesi\/anasayfa1\/fakultemiz\/misyon-vizyon-ve-temel-degerler\/\" class=\"elementor-item\">Misyon ve Vizyon<\/a><\/li>\n<li class=\"menu-item menu-item-type-post_type menu-item-object-page menu-item-20524\"><a href=\"https:\/\/atauni.edu.tr\/tip-fakultesi\/anasayfa1\/fakultemiz\/kurmsal-amac-ve-hedefler\/\" class=\"elementor-item\">Ama\u00e7 ve Hedefler<\/a><\/li>\n<li class=\"menu-item menu-item-type-post_type menu-item-object-page menu-item-17217\"><a href=\"https:\/\/atauni.edu.tr\/tip-fakultesi\/anasayfa1\/fakultemiz\/tarihce\/\" class=\"elementor-item\">Tarih\u00e7e<\/a><\/li>\n<li class=\"menu-item menu-item-type-post_type menu-item-object-page menu-item-17218\"><a href=\"https:\/\/atauni.edu.tr\/tip-fakultesi\/anasayfa1\/fakultemiz\/dekanimizdan-mesaj\/\" class=\"elementor-item\">Dekan\u0131m\u0131zdan Mesaj<\/a><\/li>\n<li class=\"menu-item menu-item-type-post_type menu-item-object-page menu-item-17219\"><a href=\"https:\/\/atauni.edu.tr\/tip-fakultesi\/anasayfa1\/fakultemiz\/akademik-yolculugumuz\/\" class=\"elementor-item\">Akademik Yolculu\u011fumuz<\/a><\/li>\n<li class=\"menu-item menu-item-type-post_type menu-item-object-page menu-item-17220\"><a href=\"https:\/\/atauni.edu.tr\/tip-fakultesi\/anasayfa1\/fakultemiz\/yonetim\/\" class=\"elementor-item\">Y\u00f6netim<\/a><\/li>\n<li class=\"menu-item menu-item-type-post_type menu-item-object-page menu-item-17221\"><a href=\"https:\/\/atauni.edu.tr\/tip-fakultesi\/anasayfa1\/fakultemiz\/yetkinlikler-yeterlilikler\/\" class=\"elementor-item\">Yetkinlikler \u2013 Yeterlilikler<\/a><\/li>\n<li class=\"menu-item menu-item-type-post_type menu-item-object-page menu-item-17222\"><a href=\"https:\/\/atauni.edu.tr\/tip-fakultesi\/anasayfa1\/fakultemiz\/kurullar-ve-komisyonlar\/\" class=\"elementor-item\">Kurullar ve Komisyonlar<\/a><\/li>\n<li class=\"menu-item menu-item-type-post_type menu-item-object-page menu-item-17223\"><a href=\"https:\/\/atauni.edu.tr\/tip-fakultesi\/anasayfa1\/fakultemiz\/idari_personel\/\" class=\"elementor-item\">\u0130dari Personel<\/a><\/li>\n<li class=\"menu-item menu-item-type-post_type menu-item-object-page menu-item-17224\"><a href=\"https:\/\/atauni.edu.tr\/tip-fakultesi\/anasayfa1\/fakultemiz\/organizasyon-semasi\/\" class=\"elementor-item\">Organizasyon \u015eemas\u0131<\/a><\/li>\n<li class=\"menu-item menu-item-type-post_type menu-item-object-page menu-item-17225\"><a href=\"https:\/\/atauni.edu.tr\/tip-fakultesi\/anasayfa1\/fakultemiz\/tip-fakultesi-tanitim-filmi\/\" class=\"elementor-item\">Tan\u0131t\u0131m<\/a><\/li>\n<\/ul>\t\t\t<\/nav>\n\t\t\t\t\t<div class=\"elementor-menu-toggle\" role=\"button\" tabindex=\"0\" aria-label=\"Menu Toggle\" aria-expanded=\"false\">\n\t\t\t<i aria-hidden=\"true\" role=\"presentation\" class=\"elementor-menu-toggle__icon--open eicon-menu-bar\"><\/i><i aria-hidden=\"true\" role=\"presentation\" class=\"elementor-menu-toggle__icon--close eicon-close\"><\/i>\t\t<\/div>\n\t\t\t\t\t<nav class=\"elementor-nav-menu--dropdown elementor-nav-menu__container\" aria-hidden=\"true\">\n\t\t\t\t<ul id=\"menu-2-f2c6567\" class=\"elementor-nav-menu sm-vertical\"><li class=\"menu-item menu-item-type-post_type menu-item-object-page menu-item-17216\"><a href=\"https:\/\/atauni.edu.tr\/tip-fakultesi\/anasayfa1\/fakultemiz\/misyon-vizyon-ve-temel-degerler\/\" class=\"elementor-item\" tabindex=\"-1\">Misyon ve Vizyon<\/a><\/li>\n<li class=\"menu-item menu-item-type-post_type menu-item-object-page menu-item-20524\"><a href=\"https:\/\/atauni.edu.tr\/tip-fakultesi\/anasayfa1\/fakultemiz\/kurmsal-amac-ve-hedefler\/\" class=\"elementor-item\" tabindex=\"-1\">Ama\u00e7 ve Hedefler<\/a><\/li>\n<li class=\"menu-item menu-item-type-post_type menu-item-object-page menu-item-17217\"><a href=\"https:\/\/atauni.edu.tr\/tip-fakultesi\/anasayfa1\/fakultemiz\/tarihce\/\" class=\"elementor-item\" tabindex=\"-1\">Tarih\u00e7e<\/a><\/li>\n<li class=\"menu-item menu-item-type-post_type menu-item-object-page menu-item-17218\"><a href=\"https:\/\/atauni.edu.tr\/tip-fakultesi\/anasayfa1\/fakultemiz\/dekanimizdan-mesaj\/\" class=\"elementor-item\" tabindex=\"-1\">Dekan\u0131m\u0131zdan Mesaj<\/a><\/li>\n<li class=\"menu-item menu-item-type-post_type menu-item-object-page menu-item-17219\"><a href=\"https:\/\/atauni.edu.tr\/tip-fakultesi\/anasayfa1\/fakultemiz\/akademik-yolculugumuz\/\" class=\"elementor-item\" tabindex=\"-1\">Akademik Yolculu\u011fumuz<\/a><\/li>\n<li class=\"menu-item menu-item-type-post_type menu-item-object-page menu-item-17220\"><a href=\"https:\/\/atauni.edu.tr\/tip-fakultesi\/anasayfa1\/fakultemiz\/yonetim\/\" class=\"elementor-item\" tabindex=\"-1\">Y\u00f6netim<\/a><\/li>\n<li class=\"menu-item menu-item-type-post_type menu-item-object-page menu-item-17221\"><a href=\"https:\/\/atauni.edu.tr\/tip-fakultesi\/anasayfa1\/fakultemiz\/yetkinlikler-yeterlilikler\/\" class=\"elementor-item\" tabindex=\"-1\">Yetkinlikler \u2013 Yeterlilikler<\/a><\/li>\n<li class=\"menu-item menu-item-type-post_type menu-item-object-page menu-item-17222\"><a href=\"https:\/\/atauni.edu.tr\/tip-fakultesi\/anasayfa1\/fakultemiz\/kurullar-ve-komisyonlar\/\" class=\"elementor-item\" tabindex=\"-1\">Kurullar ve Komisyonlar<\/a><\/li>\n<li class=\"menu-item menu-item-type-post_type menu-item-object-page menu-item-17223\"><a href=\"https:\/\/atauni.edu.tr\/tip-fakultesi\/anasayfa1\/fakultemiz\/idari_personel\/\" class=\"elementor-item\" tabindex=\"-1\">\u0130dari Personel<\/a><\/li>\n<li class=\"menu-item menu-item-type-post_type menu-item-object-page menu-item-17224\"><a href=\"https:\/\/atauni.edu.tr\/tip-fakultesi\/anasayfa1\/fakultemiz\/organizasyon-semasi\/\" class=\"elementor-item\" tabindex=\"-1\">Organizasyon \u015eemas\u0131<\/a><\/li>\n<li class=\"menu-item menu-item-type-post_type menu-item-object-page menu-item-17225\"><a href=\"https:\/\/atauni.edu.tr\/tip-fakultesi\/anasayfa1\/fakultemiz\/tip-fakultesi-tanitim-filmi\/\" class=\"elementor-item\" tabindex=\"-1\">Tan\u0131t\u0131m<\/a><\/li>\n<\/ul>\t\t\t<\/nav>\n\t\t\t\t\t\t<\/div>\n\t\t\t\t<\/div>\n\t\t\t\t\t<\/div>\n\t\t<\/div>\n\t\t\t\t<div class=\"elementor-column elementor-col-50 elementor-top-column elementor-element elementor-element-6ce2745\" data-id=\"6ce2745\" data-element_type=\"column\">\n\t\t\t<div class=\"elementor-widget-wrap elementor-element-populated\">\n\t\t\t\t\t\t<section class=\"elementor-section elementor-inner-section elementor-element elementor-element-35aab25 elementor-section-boxed elementor-section-height-default elementor-section-height-default\" data-id=\"35aab25\" data-element_type=\"section\">\n\t\t\t\t\t\t<div class=\"elementor-container elementor-column-gap-default\">\n\t\t\t\t\t<div class=\"elementor-column elementor-col-100 elementor-inner-column elementor-element elementor-element-1f9bf18\" data-id=\"1f9bf18\" data-element_type=\"column\">\n\t\t\t<div class=\"elementor-widget-wrap elementor-element-populated\">\n\t\t\t\t\t\t<div class=\"elementor-element elementor-element-ab442e7 elementor-widget elementor-widget-text-editor\" data-id=\"ab442e7\" data-element_type=\"widget\" data-widget_type=\"text-editor.default\">\n\t\t\t\t<div class=\"elementor-widget-container\">\n\t\t\t\t\t\t\t\t\t<h3><strong>Kurumsal Ama\u00e7 ve Hedefler<\/strong><\/h3>\t\t\t\t\t\t\t\t<\/div>\n\t\t\t\t<\/div>\n\t\t\t\t\t<\/div>\n\t\t<\/div>\n\t\t\t\t\t<\/div>\n\t\t<\/section>\n\t\t\t\t<section class=\"elementor-section elementor-inner-section elementor-element elementor-element-c115f8a elementor-section-boxed elementor-section-height-default elementor-section-height-default\" data-id=\"c115f8a\" data-element_type=\"section\">\n\t\t\t\t\t\t<div class=\"elementor-container elementor-column-gap-default\">\n\t\t\t\t\t<div class=\"elementor-column elementor-col-100 elementor-inner-column elementor-element elementor-element-fd2bc44\" data-id=\"fd2bc44\" data-element_type=\"column\">\n\t\t\t<div class=\"elementor-widget-wrap elementor-element-populated\">\n\t\t\t\t\t\t<div class=\"elementor-element elementor-element-96090f5 elementor-widget elementor-widget-image\" data-id=\"96090f5\" data-element_type=\"widget\" data-widget_type=\"image.default\">\n\t\t\t\t<div class=\"elementor-widget-container\">\n\t\t\t\t\t\t\t\t\t\t\t\t\t\t\t<img fetchpriority=\"high\" decoding=\"async\" width=\"1024\" height=\"769\" src=\"https:\/\/atauni.edu.tr\/tip-fakultesi\/wp-content\/uploads\/sites\/73\/2021\/12\/36-1024x769.jpg\" class=\"attachment-large size-large wp-image-6956\" alt=\"\" srcset=\"https:\/\/atauni.edu.tr\/tip-fakultesi\/wp-content\/uploads\/sites\/73\/2021\/12\/36-1024x769.jpg 1024w, https:\/\/atauni.edu.tr\/tip-fakultesi\/wp-content\/uploads\/sites\/73\/2021\/12\/36-300x225.jpg 300w, https:\/\/atauni.edu.tr\/tip-fakultesi\/wp-content\/uploads\/sites\/73\/2021\/12\/36-768x577.jpg 768w, https:\/\/atauni.edu.tr\/tip-fakultesi\/wp-content\/uploads\/sites\/73\/2021\/12\/36-600x451.jpg 600w, https:\/\/atauni.edu.tr\/tip-fakultesi\/wp-content\/uploads\/sites\/73\/2021\/12\/36-560x421.jpg 560w, https:\/\/atauni.edu.tr\/tip-fakultesi\/wp-content\/uploads\/sites\/73\/2021\/12\/36.jpg 1142w\" sizes=\"(max-width: 1024px) 100vw, 1024px\" \/>\t\t\t\t\t\t\t\t\t\t\t\t\t\t\t<\/div>\n\t\t\t\t<\/div>\n\t\t\t\t\t<\/div>\n\t\t<\/div>\n\t\t\t\t\t<\/div>\n\t\t<\/section>\n\t\t\t\t<section class=\"elementor-section elementor-inner-section elementor-element elementor-element-8fb80c4 elementor-section-boxed elementor-section-height-default elementor-section-height-default\" data-id=\"8fb80c4\" data-element_type=\"section\">\n\t\t\t\t\t\t<div class=\"elementor-container elementor-column-gap-default\">\n\t\t\t\t\t<div class=\"elementor-column elementor-col-100 elementor-inner-column elementor-element elementor-element-a507f41\" data-id=\"a507f41\" data-element_type=\"column\">\n\t\t\t<div class=\"elementor-widget-wrap elementor-element-populated\">\n\t\t\t\t\t\t<div class=\"elementor-element elementor-element-5cd2a1a elementor-widget elementor-widget-text-editor\" data-id=\"5cd2a1a\" data-element_type=\"widget\" data-widget_type=\"text-editor.default\">\n\t\t\t\t<div class=\"elementor-widget-container\">\n\t\t\t\t\t\t\t\t\t<p>Atat\u00fcrk \u00dcniversitesi T\u0131p Fak\u00fcltesi; e\u011fitim, ara\u015ft\u0131rma ve sa\u011fl\u0131k hizmeti alanlar\u0131nda kalite g\u00fcvencesi ilkelerini benimseyen, bilimsel \u00fcretimi ve toplumsal katk\u0131y\u0131 \u00f6nceleyen k\u00f6kl\u00fc bir e\u011fitim kurumudur. Fak\u00fcltemiz, \u00dcniversitemizin kalite politikas\u0131 do\u011frultusunda mezuniyet \u00f6ncesi ve sonras\u0131 t\u0131p e\u011fitimini geli\u015ftirmeyi, ulusal ve uluslararas\u0131 d\u00fczeyde nitelikli ara\u015ft\u0131rmalar y\u00fcr\u00fctmeyi ve toplum sa\u011fl\u0131\u011f\u0131n\u0131 geli\u015ftiren sa\u011fl\u0131k hizmetleri sunmay\u0131 temel ama\u00e7 olarak benimsemektedir.<\/p>\n<p>Bu do\u011frultuda fak\u00fcltemizin kurumsal ama\u00e7lar\u0131 ve bu ama\u00e7lara y\u00f6nelik stratejik hedefleri a\u015fa\u011f\u0131da sunulmu\u015ftur.<\/p>\n<h3><span style=\"text-decoration: underline\">E\u011fitim Amac\u0131<\/span><\/h3>\n<p>Toplumun sa\u011fl\u0131k gereksinimlerini g\u00f6zeten, bilimsel geli\u015fmeleri takip eden, etik de\u011ferlere ba\u011fl\u0131, ileti\u015fim ve liderlik becerileri geli\u015fmi\u015f, hasta ve hekim haklar\u0131n\u0131n bilincinde olan nitelikli hekimler yeti\u015ftirmek.<\/p>\n<h5><strong>E\u011fitim program\u0131n\u0131n s\u00fcrekli iyile\u015ftirilmesi<\/strong><\/h5>\n<p>T\u0131p e\u011fitimi program\u0131n\u0131n ulusal ve uluslararas\u0131 akreditasyon standartlar\u0131 do\u011frultusunda d\u00fczenli olarak g\u00f6zden ge\u00e7irilmesi<\/p>\n<p>E\u011fitim program\u0131n\u0131n <strong>her y\u0131l \u00f6\u011frenci, mezun ve \u00f6\u011fretim \u00fcyesi geri bildirimleri ile de\u011ferlendirilmesi<\/strong><\/p>\n<p>E\u011fitim program\u0131 iyile\u015ftirmelerinde <strong>PUK\u00d6 d\u00f6ng\u00fcs\u00fcn\u00fcn sistematik olarak uygulanmas\u0131<\/strong><\/p>\n<h5><strong>\u00d6\u011frenci merkezli e\u011fitim ortamlar\u0131n\u0131n geli\u015ftirilmesi<\/strong><\/h5>\n<p>Sim\u00fclasyon, beceri laboratuvarlar\u0131 ve dijital e\u011fitim platformlar\u0131n\u0131n etkin kullan\u0131m\u0131n\u0131n art\u0131r\u0131lmas\u0131<\/p>\n<p>Klinik e\u011fitim s\u00fcre\u00e7lerinde \u00f6\u011frencilerin aktif kat\u0131l\u0131m\u0131n\u0131n sa\u011flanmas\u0131<\/p>\n<p>\u00d6\u011frenci memnuniyetinin d\u00fczenli olarak \u00f6l\u00e7\u00fclmesi ve sonu\u00e7lara g\u00f6re iyile\u015ftirme yap\u0131lmas\u0131<\/p>\n<h5><strong>E\u011fitimde uluslararas\u0131la\u015fman\u0131n art\u0131r\u0131lmas\u0131<\/strong><\/h5>\n<p>Uluslararas\u0131 \u00f6\u011frenci ve \u00f6\u011fretim \u00fcyesi de\u011fi\u015fim programlar\u0131n\u0131n desteklenmesi<\/p>\n<p>Uluslararas\u0131 ortak e\u011fitim faaliyetleri ve akademik i\u015f birliklerinin art\u0131r\u0131lmas\u0131<\/p>\n<p>Mezunlar\u0131n uluslararas\u0131 mesleki yeterliliklerinin desteklenmesi<\/p>\n<h3><span style=\"text-decoration: underline\">Ara\u015ft\u0131rma Amac\u0131<\/span><\/h3>\n<p>Sa\u011fl\u0131k bilimleri alan\u0131nda bilimsel bilgi \u00fcretimini art\u0131rmak, ulusal ve uluslararas\u0131 ara\u015ft\u0131rma projeleri geli\u015ftirmek ve disiplinler aras\u0131 ara\u015ft\u0131rma k\u00fclt\u00fcr\u00fcn\u00fc g\u00fc\u00e7lendirmek.<\/p>\n<h5><strong>Bilimsel ara\u015ft\u0131rma kapasitesinin g\u00fc\u00e7lendirilmesi<\/strong><\/h5>\n<p>\u00d6\u011fretim \u00fcyelerinin ulusal ve uluslararas\u0131 ara\u015ft\u0131rma projelerine kat\u0131l\u0131m\u0131n\u0131n art\u0131r\u0131lmas\u0131<\/p>\n<p>T\u00dcB\u0130TAK, T\u00dcSEB ve Avrupa Birli\u011fi ara\u015ft\u0131rma fonlar\u0131na ba\u015fvurular\u0131n te\u015fvik edilmesi<\/p>\n<p>Gen\u00e7 ara\u015ft\u0131rmac\u0131lar\u0131n ara\u015ft\u0131rma s\u00fcre\u00e7lerine aktif kat\u0131l\u0131m\u0131n\u0131n desteklenmesi<\/p>\n<h5><strong>Bilimsel yay\u0131n kalitesinin art\u0131r\u0131lmas\u0131<\/strong><\/h5>\n<p>Uluslararas\u0131 indekslerde taranan dergilerde yay\u0131n say\u0131s\u0131n\u0131n art\u0131r\u0131lmas\u0131<\/p>\n<p>Disiplinler aras\u0131 ara\u015ft\u0131rma projelerinin te\u015fvik edilmesi<\/p>\n<p>Ara\u015ft\u0131rma \u00e7\u0131kt\u0131lar\u0131n\u0131n toplumsal ve klinik uygulamalara aktar\u0131lmas\u0131n\u0131n desteklenmesi<\/p>\n<h5><strong>\u00d6\u011frenci ara\u015ft\u0131rma k\u00fclt\u00fcr\u00fcn\u00fcn geli\u015ftirilmesi<\/strong><\/h5>\n<p>T\u0131p \u00f6\u011frencilerinin bilimsel ara\u015ft\u0131rma projelerine kat\u0131l\u0131m\u0131n\u0131n art\u0131r\u0131lmas\u0131<\/p>\n<p>\u00d6\u011frenci bilimsel ara\u015ft\u0131rma programlar\u0131n\u0131n desteklenmesi<\/p>\n<p>\u00d6\u011frenci bilimsel kongreleri ve ara\u015ft\u0131rma etkinliklerinin te\u015fvik edilmesi<\/p>\n<h3><span style=\"text-decoration: underline\">Sa\u011fl\u0131k Hizmeti Amac\u0131<\/span><\/h3>\n<p>Toplumun sa\u011fl\u0131k gereksinimlerine duyarl\u0131, bilimsel ve etik ilkeler do\u011frultusunda g\u00fcvenilir, eri\u015filebilir ve kaliteli sa\u011fl\u0131k hizmeti sunmak.<\/p>\n<h5><strong>Sa\u011fl\u0131k hizmeti kalitesinin art\u0131r\u0131lmas\u0131<\/strong><\/h5>\n<p>Kan\u0131ta dayal\u0131 t\u0131p uygulamalar\u0131n\u0131n yayg\u0131nla\u015ft\u0131r\u0131lmas\u0131<\/p>\n<p>Hasta g\u00fcvenli\u011fi ve hasta memnuniyeti uygulamalar\u0131n\u0131n g\u00fc\u00e7lendirilmesi<\/p>\n<p>Klinik kalite g\u00f6stergelerinin d\u00fczenli olarak izlenmesi<\/p>\n<h5><strong>E\u011fitim ve hizmet entegrasyonunun g\u00fc\u00e7lendirilmesi<\/strong><\/h5>\n<p>Klinik hizmet s\u00fcre\u00e7lerinin \u00f6\u011frencilerin e\u011fitimine katk\u0131 sa\u011flayacak \u015fekilde planlanmas\u0131<\/p>\n<p>Klinik uygulamalarda multidisipliner yakla\u015f\u0131m\u0131n te\u015fvik edilmesi<\/p>\n<p>Sa\u011fl\u0131k hizmeti s\u00fcre\u00e7lerinde e\u011fitim, ara\u015ft\u0131rma ve hizmet b\u00fct\u00fcnl\u00fc\u011f\u00fcn\u00fcn sa\u011flanmas\u0131<\/p>\n<h5><strong>Toplum sa\u011fl\u0131\u011f\u0131na katk\u0131n\u0131n art\u0131r\u0131lmas\u0131<\/strong><\/h5>\n<p>B\u00f6lgesel sa\u011fl\u0131k sorunlar\u0131na y\u00f6nelik projelerin geli\u015ftirilmesi<\/p>\n<p>Koruyucu sa\u011fl\u0131k hizmetleri ve toplum sa\u011fl\u0131\u011f\u0131 fark\u0131ndal\u0131k \u00e7al\u0131\u015fmalar\u0131n\u0131n art\u0131r\u0131lmas\u0131<\/p>\n<p>Sa\u011fl\u0131k alan\u0131nda toplumsal sorumluluk projelerinin desteklenmesi<\/p>\n<h3><span style=\"text-decoration: underline\">Kurumsal Geli\u015fim ve Kalite G\u00fcvencesi Amac\u0131<\/span><\/h3>\n<p>Kurumsal y\u00f6netim s\u00fcre\u00e7lerinde kalite g\u00fcvencesi yakla\u015f\u0131m\u0131n\u0131 benimseyerek fak\u00fcltenin s\u00fcrd\u00fcr\u00fclebilir geli\u015fimini sa\u011flamak.<\/p>\n<h5><strong>Kalite k\u00fclt\u00fcr\u00fcn\u00fcn yayg\u0131nla\u015ft\u0131r\u0131lmas\u0131<\/strong><\/h5>\n<p>Fak\u00fclte genelinde kalite fark\u0131ndal\u0131\u011f\u0131n\u0131 art\u0131racak e\u011fitim faaliyetlerinin d\u00fczenlenmesi<\/p>\n<p>Birimlerde kalite komisyonlar\u0131n\u0131n etkin \u00e7al\u0131\u015fmas\u0131n\u0131n sa\u011flanmas\u0131<\/p>\n<p>Kurumsal s\u00fcre\u00e7lerde \u015feffafl\u0131k ve hesap verebilirlik ilkelerinin g\u00fc\u00e7lendirilmesi<\/p>\n<h5><strong>Kurumsal performans\u0131n izlenmesi<\/strong><\/h5>\n<p>E\u011fitim, ara\u015ft\u0131rma ve sa\u011fl\u0131k hizmetlerine ili\u015fkin performans g\u00f6stergelerinin d\u00fczenli olarak izlenmesi<\/p>\n<p>\u0130\u00e7 de\u011ferlendirme raporlar\u0131n\u0131n d\u00fczenli haz\u0131rlanmas\u0131<\/p>\n<p>Kurumsal iyile\u015ftirme planlar\u0131n\u0131n uygulanmas\u0131<\/p>\n<h5><strong>Ulusal ve uluslararas\u0131 g\u00f6r\u00fcn\u00fcrl\u00fc\u011f\u00fcn art\u0131r\u0131lmas\u0131<\/strong><\/h5>\n<p>Fak\u00fcltenin uluslararas\u0131 akademik s\u0131ralamalardaki g\u00f6r\u00fcn\u00fcrl\u00fc\u011f\u00fcn\u00fcn art\u0131r\u0131lmas\u0131<\/p>\n<p>Uluslararas\u0131 akademik i\u015f birliklerinin geli\u015ftirilmesi<\/p>\n<p>Fak\u00fcltenin bilimsel ve akademik faaliyetlerinin k\u00fcresel d\u00fczeyde tan\u0131t\u0131lmas\u0131<\/p>\n<p>\u00a0<\/p>\n<p>\u00a0<\/p>\t\t\t\t\t\t\t\t<\/div>\n\t\t\t\t<\/div>\n\t\t\t\t\t<\/div>\n\t\t<\/div>\n\t\t\t\t\t<\/div>\n\t\t<\/section>\n\t\t\t\t\t<\/div>\n\t\t<\/div>\n\t\t\t\t\t<\/div>\n\t\t<\/section>\n\t\t\t\t<section class=\"elementor-section elementor-top-section elementor-element elementor-element-b4ef428 elementor-section-boxed elementor-section-height-default elementor-section-height-default\" data-id=\"b4ef428\" data-element_type=\"section\">\n\t\t\t\t\t\t<div class=\"elementor-container elementor-column-gap-default\">\n\t\t\t\t\t<div class=\"elementor-column elementor-col-100 elementor-top-column elementor-element elementor-element-7994f5f\" data-id=\"7994f5f\" data-element_type=\"column\">\n\t\t\t<div class=\"elementor-widget-wrap elementor-element-populated\">\n\t\t\t\t\t\t<div class=\"elementor-element elementor-element-6255cc5 elementor-widget elementor-widget-spacer\" data-id=\"6255cc5\" data-element_type=\"widget\" data-widget_type=\"spacer.default\">\n\t\t\t\t<div class=\"elementor-widget-container\">\n\t\t\t\t\t\t\t<div class=\"elementor-spacer\">\n\t\t\t<div class=\"elementor-spacer-inner\"><\/div>\n\t\t<\/div>\n\t\t\t\t\t\t<\/div>\n\t\t\t\t<\/div>\n\t\t\t\t\t<\/div>\n\t\t<\/div>\n\t\t\t\t\t<\/div>\n\t\t<\/section>\n\t\t\t\t<\/div>\n\t\t","protected":false},"excerpt":{"rendered":"<p>Fak\u00fcltemiz Kurumsal Ama\u00e7 ve Hedefler Atat\u00fcrk \u00dcniversitesi T\u0131p Fak\u00fcltesi; e\u011fitim, ara\u015ft\u0131rma ve sa\u011fl\u0131k hizmeti alanlar\u0131nda kalite g\u00fcvencesi ilkelerini benimseyen, bilimsel \u00fcretimi ve toplumsal katk\u0131y\u0131 \u00f6nceleyen k\u00f6kl\u00fc bir e\u011fitim kurumudur. Fak\u00fcltemiz, \u00dcniversitemizin kalite politikas\u0131 do\u011frultusunda mezuniyet \u00f6ncesi ve sonras\u0131 t\u0131p e\u011fitimini geli\u015ftirmeyi, ulusal ve uluslararas\u0131 d\u00fczeyde nitelikli ara\u015ft\u0131rmalar y\u00fcr\u00fctmeyi ve toplum sa\u011fl\u0131\u011f\u0131n\u0131 geli\u015ftiren sa\u011fl\u0131k hizmetleri sunmay\u0131 [&hellip;]<\/p>\n","protected":false},"author":687,"featured_media":0,"parent":17740,"menu_order":0,"comment_status":"closed","ping_status":"closed","template":"","meta":{"footnotes":""},"class_list":["post-20515","page","type-page","status-publish","hentry"],"_links":{"self":[{"href":"https:\/\/atauni.edu.tr\/tip-fakultesi\/wp-json\/wp\/v2\/pages\/20515","targetHints":{"allow":["GET"]}}],"collection":[{"href":"https:\/\/atauni.edu.tr\/tip-fakultesi\/wp-json\/wp\/v2\/pages"}],"about":[{"href":"https:\/\/atauni.edu.tr\/tip-fakultesi\/wp-json\/wp\/v2\/types\/page"}],"author":[{"embeddable":true,"href":"https:\/\/atauni.edu.tr\/tip-fakultesi\/wp-json\/wp\/v2\/users\/687"}],"replies":[{"embeddable":true,"href":"https:\/\/atauni.edu.tr\/tip-fakultesi\/wp-json\/wp\/v2\/comments?post=20515"}],"version-history":[{"count":5,"href":"https:\/\/atauni.edu.tr\/tip-fakultesi\/wp-json\/wp\/v2\/pages\/20515\/revisions"}],"predecessor-version":[{"id":20522,"href":"https:\/\/atauni.edu.tr\/tip-fakultesi\/wp-json\/wp\/v2\/pages\/20515\/revisions\/20522"}],"up":[{"embeddable":true,"href":"https:\/\/atauni.edu.tr\/tip-fakultesi\/wp-json\/wp\/v2\/pages\/17740"}],"wp:attachment":[{"href":"https:\/\/atauni.edu.tr\/tip-fakultesi\/wp-json\/wp\/v2\/media?parent=20515"}],"curies":[{"name":"wp","href":"https:\/\/api.w.org\/{rel}","templated":true}]}}