{"id":20738,"date":"2026-03-27T15:04:15","date_gmt":"2026-03-27T12:04:15","guid":{"rendered":"https:\/\/atauni.edu.tr\/tip-fakultesi\/?page_id=20738"},"modified":"2026-03-30T17:06:06","modified_gmt":"2026-03-30T14:06:06","slug":"dokumantasyon-ve-surec-yonetimi-talimatlar","status":"publish","type":"page","link":"https:\/\/atauni.edu.tr\/tip-fakultesi\/kalite\/dokumantasyon-ve-surec-yonetimi-talimatlar\/","title":{"rendered":"Dok\u00fcmantasyon ve S\u00fcre\u00e7 Y\u00f6netimi &#8211; Talimatlar"},"content":{"rendered":"\t\t<div data-elementor-type=\"wp-page\" data-elementor-id=\"20738\" class=\"elementor elementor-20738\" data-elementor-post-type=\"page\">\n\t\t\t\t\t\t<section class=\"elementor-section elementor-top-section elementor-element elementor-element-0816568 elementor-section-boxed elementor-section-height-default elementor-section-height-default\" data-id=\"0816568\" data-element_type=\"section\">\n\t\t\t\t\t\t<div class=\"elementor-container elementor-column-gap-default\">\n\t\t\t\t\t<div class=\"elementor-column elementor-col-100 elementor-top-column elementor-element elementor-element-b6fc803\" data-id=\"b6fc803\" data-element_type=\"column\">\n\t\t\t<div class=\"elementor-widget-wrap elementor-element-populated\">\n\t\t\t\t\t\t<section class=\"elementor-section elementor-inner-section elementor-element elementor-element-ed0ffeb elementor-section-boxed elementor-section-height-default elementor-section-height-default\" data-id=\"ed0ffeb\" data-element_type=\"section\">\n\t\t\t\t\t\t<div class=\"elementor-container elementor-column-gap-default\">\n\t\t\t\t\t<div class=\"elementor-column elementor-col-100 elementor-inner-column elementor-element elementor-element-ea5683f\" data-id=\"ea5683f\" data-element_type=\"column\">\n\t\t\t<div class=\"elementor-widget-wrap elementor-element-populated\">\n\t\t\t\t\t\t<div class=\"elementor-element elementor-element-ee6d800 elementor-widget elementor-widget-text-editor\" data-id=\"ee6d800\" data-element_type=\"widget\" data-widget_type=\"text-editor.default\">\n\t\t\t\t<div class=\"elementor-widget-container\">\n\t\t\t\t\t\t\t\t\t<h5>Talimatlar<\/h5>\t\t\t\t\t\t\t\t<\/div>\n\t\t\t\t<\/div>\n\t\t\t\t\t<\/div>\n\t\t<\/div>\n\t\t\t\t\t<\/div>\n\t\t<\/section>\n\t\t\t\t<section class=\"elementor-section elementor-inner-section elementor-element elementor-element-aedefb8 elementor-section-boxed elementor-section-height-default elementor-section-height-default\" data-id=\"aedefb8\" data-element_type=\"section\">\n\t\t\t\t\t\t<div class=\"elementor-container elementor-column-gap-default\">\n\t\t\t\t\t<div class=\"elementor-column elementor-col-100 elementor-inner-column elementor-element elementor-element-4c69a8d\" data-id=\"4c69a8d\" data-element_type=\"column\">\n\t\t\t<div class=\"elementor-widget-wrap elementor-element-populated\">\n\t\t\t\t\t\t<div class=\"elementor-element elementor-element-83355cb elementor-widget elementor-widget-text-editor\" data-id=\"83355cb\" data-element_type=\"widget\" data-widget_type=\"text-editor.default\">\n\t\t\t\t<div class=\"elementor-widget-container\">\n\t\t\t\t\t\t\t\t\t<p>\u00a0<\/p><table style=\"width: 100%;margin: 20px auto;border-collapse: collapse;font-family: Arial, sans-serif\"><thead><tr style=\"background-color: #0d1461;color: white\"><td style=\"padding: 15px;border: 1px solid #E2B887;font-size: 17px;text-align: center\" colspan=\"2\"><strong>Talimat Listesi<\/strong><\/td><\/tr><\/thead><tbody><tr><td style=\"padding: 12px;border: 1px solid #E2B887;font-size: 16px;color: #0d1461;text-align: center;font-weight: bold;width: 120px\">Kod No<\/td><td style=\"padding: 12px;border: 1px solid #E2B887;font-size: 16px;color: #0d1461;text-align: center;font-weight: bold\">Talimatlar<\/td><\/tr><tr><td style=\"padding: 10px;border: 1px solid #E2B887;font-size: 15px;color: #555;text-align: center;font-weight: bold\">TIP.TLMT.01<\/td><td style=\"padding: 10px;border: 1px solid #E2B887;font-size: 15px;color: #555\"><a href=\"https:\/\/atauni.edu.tr\/tip-fakultesi\/wp-content\/uploads\/sites\/73\/2026\/03\/TIP.TLMT_.01-Ambar-Talimati.docx\">Ambar Talimat\u0131<\/a><\/td><\/tr><tr><td style=\"padding: 10px;border: 1px solid #E2B887;font-size: 15px;color: #555;text-align: center;font-weight: bold\">TIP.TLMT.02<\/td><td style=\"padding: 10px;border: 1px solid #E2B887;font-size: 15px;color: #555\"><a href=\"https:\/\/atauni.edu.tr\/tip-fakultesi\/wp-content\/uploads\/sites\/73\/2026\/03\/TIP.TLMT_.02-Bilgisayar-Kullanma-Talimati.docx\">Bilgisayar Kullanma Talimat\u0131<\/a><\/td><\/tr><tr><td style=\"padding: 10px;border: 1px solid #E2B887;font-size: 15px;color: #555;text-align: center;font-weight: bold\">TIP.TLMT.03<\/td><td style=\"padding: 10px;border: 1px solid #E2B887;font-size: 15px;color: #555\"><a href=\"https:\/\/atauni.edu.tr\/tip-fakultesi\/wp-content\/uploads\/sites\/73\/2026\/03\/TIP.TLMT_.03-Bilgisayar-Laboratuvari-Kullanma-Talimati.docx\">Bilgisayar Laboratuvar\u0131 Kullanma Talimat\u0131<\/a><\/td><\/tr><tr><td style=\"padding: 10px;border: 1px solid #E2B887;font-size: 15px;color: #555;text-align: center;font-weight: bold\">TIP.TLMT.04<\/td><td style=\"padding: 10px;border: 1px solid #E2B887;font-size: 15px;color: #555\"><a href=\"https:\/\/atauni.edu.tr\/tip-fakultesi\/wp-content\/uploads\/sites\/73\/2026\/03\/TIP.TLMT_.04-Bu\u0308ro-ve-Odalarin-Temizlik-Talimati.docx\">Bu\u0308ro ve Odalar\u0131n Temizlik Talimat\u0131<\/a><\/td><\/tr><tr><td style=\"padding: 10px;border: 1px solid #E2B887;font-size: 15px;color: #555;text-align: center;font-weight: bold\">TIP.TLMT.05<\/td><td style=\"padding: 10px;border: 1px solid #E2B887;font-size: 15px;color: #555\"><a href=\"https:\/\/atauni.edu.tr\/tip-fakultesi\/wp-content\/uploads\/sites\/73\/2026\/03\/TIP.TLMT_.05-Derslik-ve-Amfi-Temizlik-Talimati.docx\">Derslik ve Amfi Temizlik Talimat\u0131<\/a><\/td><\/tr><tr><td style=\"padding: 10px;border: 1px solid #E2B887;font-size: 15px;color: #555;text-align: center;font-weight: bold\">TIP.TLMT.06<\/td><td style=\"padding: 10px;border: 1px solid #E2B887;font-size: 15px;color: #555\"><a href=\"https:\/\/atauni.edu.tr\/tip-fakultesi\/wp-content\/uploads\/sites\/73\/2026\/03\/TIP.TLMT_.06-Fotokopi-Makinasi-Kullanma-Talimati.docx\">Fotokopi Makinas\u0131 Kullanma Talimat\u0131<\/a><\/td><\/tr><tr><td style=\"padding: 10px;border: 1px solid #E2B887;font-size: 15px;color: #555;text-align: center;font-weight: bold\">TIP.TLMT.07<\/td><td style=\"padding: 10px;border: 1px solid #E2B887;font-size: 15px;color: #555\"><a href=\"https:\/\/atauni.edu.tr\/tip-fakultesi\/wp-content\/uploads\/sites\/73\/2026\/03\/TIP.TLMT_.07-Genel-C\u0327evre-Temizlik-Talimati.docx\">Genel C\u0327evre Temizlik Talimat\u0131<\/a><\/td><\/tr><tr><td style=\"padding: 10px;border: 1px solid #E2B887;font-size: 15px;color: #555;text-align: center;font-weight: bold\">TIP.TLMT.08<\/td><td style=\"padding: 10px;border: 1px solid #E2B887;font-size: 15px;color: #555\"><a href=\"https:\/\/atauni.edu.tr\/tip-fakultesi\/wp-content\/uploads\/sites\/73\/2026\/03\/TIP.TLMT_.08-Genel-Tuvalet-ve-Lavabo-Temizlik-Talimati.docx\">Genel Tuvalet ve Lavabo Temizlik Talimat\u0131<\/a><\/td><\/tr><tr><td style=\"padding: 10px;border: 1px solid #E2B887;font-size: 15px;color: #555;text-align: center;font-weight: bold\">TIP.TLMT.09<\/td><td style=\"padding: 10px;border: 1px solid #E2B887;font-size: 15px;color: #555\"><a href=\"https:\/\/atauni.edu.tr\/tip-fakultesi\/wp-content\/uploads\/sites\/73\/2026\/03\/TIP.TLMT_.09-Klima-Kullanma-Talimati.docx\">Klima Kullanma Talimat\u0131<\/a><\/td><\/tr><tr><td style=\"padding: 10px;border: 1px solid #E2B887;font-size: 15px;color: #555;text-align: center;font-weight: bold\">TIP.TLMT.10<\/td><td style=\"padding: 10px;border: 1px solid #E2B887;font-size: 15px;color: #555\"><a href=\"https:\/\/atauni.edu.tr\/tip-fakultesi\/wp-content\/uploads\/sites\/73\/2026\/03\/TIP.TLMT_.10-Konferans-Salonu-Kullanma-Talimati.docx\">Konferans Salonu Kullanma Talimat\u0131<\/a><\/td><\/tr><tr><td style=\"padding: 10px;border: 1px solid #E2B887;font-size: 15px;color: #555;text-align: center;font-weight: bold\">TIP.TLMT.11<\/td><td style=\"padding: 10px;border: 1px solid #E2B887;font-size: 15px;color: #555\"><a href=\"https:\/\/atauni.edu.tr\/tip-fakultesi\/wp-content\/uploads\/sites\/73\/2026\/03\/TIP.TLMT_.11-Konferans-ve-Toplanti-Salonlari-Temizlik-Talimati.docx\">Konferans ve Toplant\u0131 Salonlar\u0131 Temizlik Talimat\u0131<\/a><\/td><\/tr><tr><td style=\"padding: 10px;border: 1px solid #E2B887;font-size: 15px;color: #555;text-align: center;font-weight: bold\">TIP.TLMT.12<\/td><td style=\"padding: 10px;border: 1px solid #E2B887;font-size: 15px;color: #555\"><a href=\"https:\/\/atauni.edu.tr\/tip-fakultesi\/wp-content\/uploads\/sites\/73\/2026\/03\/TIP.TLMT_.12-O\u0308g\u0306renci-Topluluklari-Odasi-Kullanma-Talimati.docx\">O\u0308g\u0306renci Topluluklar\u0131 Odas\u0131 Kullanma Talimat\u0131<\/a><\/td><\/tr><tr><td style=\"padding: 10px;border: 1px solid #E2B887;font-size: 15px;color: #555;text-align: center;font-weight: bold\">TIP.TLMT.13<\/td><td style=\"padding: 10px;border: 1px solid #E2B887;font-size: 15px;color: #555\"><a href=\"https:\/\/atauni.edu.tr\/tip-fakultesi\/wp-content\/uploads\/sites\/73\/2026\/03\/TIP.TLMT_.13-Projeksiyon-Kullanma-Talimati.docx\">Projeksiyon Kullanma Talimat\u0131<\/a><\/td><\/tr><tr><td style=\"padding: 10px;border: 1px solid #E2B887;font-size: 15px;color: #555;text-align: center;font-weight: bold\">TIP.TLMT.14<\/td><td style=\"padding: 10px;border: 1px solid #E2B887;font-size: 15px;color: #555\"><a href=\"https:\/\/atauni.edu.tr\/tip-fakultesi\/wp-content\/uploads\/sites\/73\/2026\/03\/TIP.TLMT_.14-Yangin-So\u0308ndu\u0308rme-Tu\u0308pu\u0308-Bakim-ve-Kullanma-Talimati.docx\">Yang\u0131n So\u0308ndu\u0308rme Tu\u0308pu\u0308 Bak\u0131m ve Kullanma Talimat\u0131<\/a><\/td><\/tr><tr><td style=\"padding: 10px;border: 1px solid #E2B887;font-size: 15px;color: #555;text-align: center;font-weight: bold\">TIP.TLMT.15<\/td><td style=\"padding: 10px;border: 1px solid #E2B887;font-size: 15px;color: #555\"><a href=\"https:\/\/atauni.edu.tr\/tip-fakultesi\/wp-content\/uploads\/sites\/73\/2026\/03\/TIP.TLMT_.15-Yangin-Talimati.docx\">Yang\u0131n Talimat\u0131<\/a><\/td><\/tr><tr><td style=\"padding: 10px;border: 1px solid #E2B887;font-size: 15px;color: #555;text-align: center;font-weight: bold\">TIP.TLMT.16<\/td><td style=\"padding: 10px;border: 1px solid #E2B887;font-size: 15px;color: #555\"><a href=\"https:\/\/atauni.edu.tr\/tip-fakultesi\/wp-content\/uploads\/sites\/73\/2026\/03\/TIP.TLMT_.16-Yazici-Kullanma-Talimati.docx\">Yaz\u0131c\u0131 Kullanma Talimat\u0131<\/a><\/td><\/tr><tr><td style=\"padding: 10px;border: 1px solid #E2B887;font-size: 15px;color: #555;text-align: center;font-weight: bold\">TIP.TLMT.17<\/td><td style=\"padding: 10px;border: 1px solid #E2B887;font-size: 15px;color: #555\"><a href=\"https:\/\/atauni.edu.tr\/tip-fakultesi\/wp-content\/uploads\/sites\/73\/2026\/03\/TIP.TLMT_.17-Yer-Temizleme-Makinasi-Kullanma-Talimati.docx\">Yer Temizleme Makinas\u0131 Kullanma Talimat\u0131<\/a><\/td><\/tr><\/tbody><\/table>\t\t\t\t\t\t\t\t<\/div>\n\t\t\t\t<\/div>\n\t\t\t\t\t<\/div>\n\t\t<\/div>\n\t\t\t\t\t<\/div>\n\t\t<\/section>\n\t\t\t\t\t<\/div>\n\t\t<\/div>\n\t\t\t\t\t<\/div>\n\t\t<\/section>\n\t\t\t\t<section class=\"elementor-section elementor-top-section elementor-element elementor-element-9cb2bdf elementor-section-boxed elementor-section-height-default elementor-section-height-default\" data-id=\"9cb2bdf\" data-element_type=\"section\">\n\t\t\t\t\t\t<div class=\"elementor-container elementor-column-gap-default\">\n\t\t\t\t\t<div class=\"elementor-column elementor-col-100 elementor-top-column elementor-element elementor-element-a13f06e\" data-id=\"a13f06e\" data-element_type=\"column\">\n\t\t\t<div class=\"elementor-widget-wrap elementor-element-populated\">\n\t\t\t\t\t\t<div class=\"elementor-element elementor-element-637a3aa elementor-widget elementor-widget-spacer\" data-id=\"637a3aa\" data-element_type=\"widget\" data-widget_type=\"spacer.default\">\n\t\t\t\t<div class=\"elementor-widget-container\">\n\t\t\t\t\t\t\t<div class=\"elementor-spacer\">\n\t\t\t<div class=\"elementor-spacer-inner\"><\/div>\n\t\t<\/div>\n\t\t\t\t\t\t<\/div>\n\t\t\t\t<\/div>\n\t\t\t\t\t<\/div>\n\t\t<\/div>\n\t\t\t\t\t<\/div>\n\t\t<\/section>\n\t\t\t\t<\/div>\n\t\t","protected":false},"excerpt":{"rendered":"<p>Talimatlar \u00a0 Talimat Listesi Kod No Talimatlar TIP.TLMT.01 Ambar Talimat\u0131 TIP.TLMT.02 Bilgisayar Kullanma Talimat\u0131 TIP.TLMT.03 Bilgisayar Laboratuvar\u0131 Kullanma Talimat\u0131 TIP.TLMT.04 Bu\u0308ro ve Odalar\u0131n Temizlik Talimat\u0131 TIP.TLMT.05 Derslik ve Amfi Temizlik Talimat\u0131 TIP.TLMT.06 Fotokopi Makinas\u0131 Kullanma Talimat\u0131 TIP.TLMT.07 Genel C\u0327evre Temizlik Talimat\u0131 TIP.TLMT.08 Genel Tuvalet ve Lavabo Temizlik Talimat\u0131 TIP.TLMT.09 Klima Kullanma Talimat\u0131 TIP.TLMT.10 Konferans Salonu [&hellip;]<\/p>\n","protected":false},"author":687,"featured_media":0,"parent":17082,"menu_order":0,"comment_status":"closed","ping_status":"closed","template":"elementor_header_footer","meta":{"footnotes":""},"class_list":["post-20738","page","type-page","status-publish","hentry"],"_links":{"self":[{"href":"https:\/\/atauni.edu.tr\/tip-fakultesi\/wp-json\/wp\/v2\/pages\/20738","targetHints":{"allow":["GET"]}}],"collection":[{"href":"https:\/\/atauni.edu.tr\/tip-fakultesi\/wp-json\/wp\/v2\/pages"}],"about":[{"href":"https:\/\/atauni.edu.tr\/tip-fakultesi\/wp-json\/wp\/v2\/types\/page"}],"author":[{"embeddable":true,"href":"https:\/\/atauni.edu.tr\/tip-fakultesi\/wp-json\/wp\/v2\/users\/687"}],"replies":[{"embeddable":true,"href":"https:\/\/atauni.edu.tr\/tip-fakultesi\/wp-json\/wp\/v2\/comments?post=20738"}],"version-history":[{"count":16,"href":"https:\/\/atauni.edu.tr\/tip-fakultesi\/wp-json\/wp\/v2\/pages\/20738\/revisions"}],"predecessor-version":[{"id":20813,"href":"https:\/\/atauni.edu.tr\/tip-fakultesi\/wp-json\/wp\/v2\/pages\/20738\/revisions\/20813"}],"up":[{"embeddable":true,"href":"https:\/\/atauni.edu.tr\/tip-fakultesi\/wp-json\/wp\/v2\/pages\/17082"}],"wp:attachment":[{"href":"https:\/\/atauni.edu.tr\/tip-fakultesi\/wp-json\/wp\/v2\/media?parent=20738"}],"curies":[{"name":"wp","href":"https:\/\/api.w.org\/{rel}","templated":true}]}}