{"id":21229,"date":"2026-05-06T23:56:29","date_gmt":"2026-05-06T20:56:29","guid":{"rendered":"https:\/\/atauni.edu.tr\/tip-fakultesi\/?page_id=21229"},"modified":"2026-05-10T13:44:13","modified_gmt":"2026-05-10T10:44:13","slug":"secmeli-ders-kurulu","status":"publish","type":"page","link":"https:\/\/atauni.edu.tr\/tip-fakultesi\/secmeli-ders-kurulu\/","title":{"rendered":"Se\u00e7meli Ders Kurulu"},"content":{"rendered":"\t\t<div data-elementor-type=\"wp-page\" data-elementor-id=\"21229\" class=\"elementor elementor-21229\" data-elementor-post-type=\"page\">\n\t\t\t\t\t\t<section class=\"elementor-section elementor-top-section elementor-element elementor-element-1e33bf10 elementor-section-boxed elementor-section-height-default elementor-section-height-default\" data-id=\"1e33bf10\" data-element_type=\"section\">\n\t\t\t\t\t\t<div class=\"elementor-container elementor-column-gap-default\">\n\t\t\t\t\t<div class=\"elementor-column elementor-col-100 elementor-top-column elementor-element elementor-element-2eeaa979\" data-id=\"2eeaa979\" data-element_type=\"column\">\n\t\t\t<div class=\"elementor-widget-wrap elementor-element-populated\">\n\t\t\t\t\t\t<div class=\"elementor-element elementor-element-529f4c5c elementor-widget elementor-widget-text-editor\" data-id=\"529f4c5c\" data-element_type=\"widget\" data-widget_type=\"text-editor.default\">\n\t\t\t\t<div class=\"elementor-widget-container\">\n\t\t\t\t\t\t\t\t\t<table style=\"width: 90%;margin: 20px auto;border-collapse: collapse;font-family: Arial, sans-serif\"><thead><tr style=\"background-color: #0d1461;color: white\"><td style=\"padding: 15px;border: 1px solid #E2B887;font-size: 17px;text-align: center\" colspan=\"2\"><strong>Se\u00e7meli Ders Kurulu<\/strong><\/td><\/tr><tr style=\"background-color: #0d1461;color: white\"><td style=\"padding: 15px;border: 1px solid #E2B887;font-size: 17px;text-align: center\"><strong>Ad\u0131 Soyad\u0131<\/strong><\/td><td style=\"padding: 15px;border: 1px solid #E2B887;font-size: 17px;text-align: center\"><strong>Ana Bilim Dal\u0131<\/strong><\/td><\/tr><\/thead><tbody><tr><td style=\"padding: 15px;border: 1px solid #E2B887;font-size: 17px;color: #555\">Do\u00e7. Dr. Esra \u00c7INAR TANRIVERD\u0130 <strong>(Ba\u015fkan)<\/strong><\/td><td style=\"padding: 15px;border: 1px solid #E2B887;font-size: 17px;color: #555\">T\u0131p E\u011fitimi<\/td><\/tr><tr><td style=\"padding: 15px;border: 1px solid #E2B887;font-size: 17px;color: #555\">Do\u00e7. Dr. Irmak FERAH OKKAY<\/td><td style=\"padding: 15px;border: 1px solid #E2B887;font-size: 17px;color: #555\">T\u0131bbi Farmakoloji<\/td><\/tr><tr><td style=\"padding: 15px;border: 1px solid #E2B887;font-size: 17px;color: #555\">Do\u00e7. Dr. Erdal PALA<\/td><td style=\"padding: 15px;border: 1px solid #E2B887;font-size: 17px;color: #555\">Deri ve Z\u00fchrevi Hastal\u0131klar\u0131<\/td><\/tr><tr><td style=\"padding: 15px;border: 1px solid #E2B887;font-size: 17px;color: #555\">Dr. \u00d6\u011fr. \u00dcyesi Suat S\u0130NCAN<\/td><td style=\"padding: 15px;border: 1px solid #E2B887;font-size: 17px;color: #555\">Aile Hekimli\u011fi<\/td><\/tr><tr><td style=\"padding: 15px;border: 1px solid #E2B887;font-size: 17px;color: #555\">Dr. \u00d6\u011fr. \u00dcyesi Aysun ARAS<\/td><td style=\"padding: 15px;border: 1px solid #E2B887;font-size: 17px;color: #555\">Halk Sa\u011fl\u0131\u011f\u0131<\/td><\/tr><tr><td style=\"padding: 15px;border: 1px solid #E2B887;font-size: 17px;color: #555\">Yaren KALKI\u015eIM<\/td><td style=\"padding: 15px;border: 1px solid #E2B887;font-size: 17px;color: #555\">\u00d6\u011frenci Temsilcisi<\/td><\/tr><tr><td style=\"padding: 15px;border: 1px solid #E2B887;font-size: 17px;color: #555\">Seda ASLAN<\/td><td style=\"padding: 15px;border: 1px solid #E2B887;font-size: 17px;color: #555\">\u00d6\u011frenci Temsilcisi<\/td><\/tr><\/tbody><\/table>\t\t\t\t\t\t\t\t<\/div>\n\t\t\t\t<\/div>\n\t\t\t\t\t<\/div>\n\t\t<\/div>\n\t\t\t\t\t<\/div>\n\t\t<\/section>\n\t\t\t\t<\/div>\n\t\t","protected":false},"excerpt":{"rendered":"<p>Se\u00e7meli Ders Kurulu Ad\u0131 Soyad\u0131 Ana Bilim Dal\u0131 Do\u00e7. Dr. Esra \u00c7INAR TANRIVERD\u0130 (Ba\u015fkan) T\u0131p E\u011fitimi Do\u00e7. Dr. Irmak FERAH OKKAY T\u0131bbi Farmakoloji Do\u00e7. Dr. Erdal PALA Deri ve Z\u00fchrevi Hastal\u0131klar\u0131 Dr. \u00d6\u011fr. \u00dcyesi Suat S\u0130NCAN Aile Hekimli\u011fi Dr. \u00d6\u011fr. \u00dcyesi Aysun ARAS Halk Sa\u011fl\u0131\u011f\u0131 Yaren KALKI\u015eIM \u00d6\u011frenci Temsilcisi Seda ASLAN \u00d6\u011frenci Temsilcisi<\/p>\n","protected":false},"author":687,"featured_media":0,"parent":0,"menu_order":0,"comment_status":"closed","ping_status":"closed","template":"","meta":{"footnotes":""},"class_list":["post-21229","page","type-page","status-publish","hentry"],"_links":{"self":[{"href":"https:\/\/atauni.edu.tr\/tip-fakultesi\/wp-json\/wp\/v2\/pages\/21229","targetHints":{"allow":["GET"]}}],"collection":[{"href":"https:\/\/atauni.edu.tr\/tip-fakultesi\/wp-json\/wp\/v2\/pages"}],"about":[{"href":"https:\/\/atauni.edu.tr\/tip-fakultesi\/wp-json\/wp\/v2\/types\/page"}],"author":[{"embeddable":true,"href":"https:\/\/atauni.edu.tr\/tip-fakultesi\/wp-json\/wp\/v2\/users\/687"}],"replies":[{"embeddable":true,"href":"https:\/\/atauni.edu.tr\/tip-fakultesi\/wp-json\/wp\/v2\/comments?post=21229"}],"version-history":[{"count":7,"href":"https:\/\/atauni.edu.tr\/tip-fakultesi\/wp-json\/wp\/v2\/pages\/21229\/revisions"}],"predecessor-version":[{"id":21375,"href":"https:\/\/atauni.edu.tr\/tip-fakultesi\/wp-json\/wp\/v2\/pages\/21229\/revisions\/21375"}],"wp:attachment":[{"href":"https:\/\/atauni.edu.tr\/tip-fakultesi\/wp-json\/wp\/v2\/media?parent=21229"}],"curies":[{"name":"wp","href":"https:\/\/api.w.org\/{rel}","templated":true}]}}