{"id":21280,"date":"2026-05-07T00:41:26","date_gmt":"2026-05-06T21:41:26","guid":{"rendered":"https:\/\/atauni.edu.tr\/tip-fakultesi\/?page_id=21280"},"modified":"2026-05-07T00:42:16","modified_gmt":"2026-05-06T21:42:16","slug":"sosyal-ve-kulturel-etkinlikler-koordinatorlugu","status":"publish","type":"page","link":"https:\/\/atauni.edu.tr\/tip-fakultesi\/anasayfa1\/fakultemiz\/kurullar-ve-komisyonlar\/sosyal-ve-kulturel-etkinlikler-koordinatorlugu\/","title":{"rendered":"Sosyal ve K\u00fclt\u00fcrel Etkinlikler Koordinat\u00f6rl\u00fc\u011f\u00fc"},"content":{"rendered":"\t\t<div data-elementor-type=\"wp-page\" data-elementor-id=\"21280\" class=\"elementor elementor-21280\" data-elementor-post-type=\"page\">\n\t\t\t\t\t\t<section class=\"elementor-section elementor-top-section elementor-element elementor-element-653154de elementor-section-boxed elementor-section-height-default elementor-section-height-default\" data-id=\"653154de\" data-element_type=\"section\">\n\t\t\t\t\t\t<div class=\"elementor-container elementor-column-gap-default\">\n\t\t\t\t\t<div class=\"elementor-column elementor-col-100 elementor-top-column elementor-element elementor-element-2acb9ede\" data-id=\"2acb9ede\" data-element_type=\"column\">\n\t\t\t<div class=\"elementor-widget-wrap elementor-element-populated\">\n\t\t\t\t\t\t<div class=\"elementor-element elementor-element-9890e48 elementor-widget elementor-widget-text-editor\" data-id=\"9890e48\" data-element_type=\"widget\" data-widget_type=\"text-editor.default\">\n\t\t\t\t<div class=\"elementor-widget-container\">\n\t\t\t\t\t\t\t\t\t<table style=\"width: 90%;margin: 20px auto;border-collapse: collapse;font-family: Arial, sans-serif\">\n<thead>\n<tr style=\"background-color: #0d1461;color: white\">\n<td style=\"padding: 15px;border: 1px solid #E2B887;font-size: 17px;text-align: center\" colspan=\"2\"><strong>SOSYAL VE K\u00dcLT\u00dcREL ETK\u0130NL\u0130KLER KOORD\u0130NAT\u00d6RL\u00dc\u011e\u00dc<\/strong><\/td>\n<\/tr>\n<tr style=\"background-color: #0d1461;color: white\">\n<td style=\"padding: 15px;border: 1px solid #E2B887;font-size: 17px;text-align: center\"><strong>\u00dcNVANI-ADI VE SOYADI<\/strong><\/td>\n<td style=\"padding: 15px;border: 1px solid #E2B887;font-size: 17px;text-align: center\"><strong>G\u00d6REV\u0130<\/strong><\/td>\n<\/tr>\n<\/thead>\n<tbody>\n<tr>\n<td style=\"padding: 15px;border: 1px solid #E2B887;font-size: 17px;color: #555\">Prof. Dr. Mustafa KARA<\/td>\n<td style=\"padding: 15px;border: 1px solid #E2B887;font-size: 17px;color: #555\">Koordinat\u00f6r<\/td>\n<\/tr>\n<tr>\n<td style=\"padding: 15px;border: 1px solid #E2B887;font-size: 17px;color: #555\">Do\u00e7. Dr. Fatma KESMEZ CAN<\/td>\n<td style=\"padding: 15px;border: 1px solid #E2B887;font-size: 17px;color: #555\">Koordinat\u00f6r Yard\u0131mc\u0131s\u0131<\/td>\n<\/tr>\n<tr>\n<td style=\"padding: 15px;border: 1px solid #E2B887;font-size: 17px;color: #555\">Dr. \u00d6\u011fr. \u00dcyesi Bilgehan \u00d6ZTOP<\/td>\n<td style=\"padding: 15px;border: 1px solid #E2B887;font-size: 17px;color: #555\">Koordinat\u00f6r Yard\u0131mc\u0131s\u0131<\/td>\n\n<\/tr>\n<tr>\n<td style=\"padding: 15px;border: 1px solid #E2B887;font-size: 17px;color: #555\">Do\u00e7. Dr. Muhammed \u00c7a\u011fatay ENG\u0130N<\/td>\n<td style=\"padding: 15px;border: 1px solid #E2B887;font-size: 17px;color: #555\">\u00dcye<\/td>\n<\/tr>\n<tr>\n<td style=\"padding: 15px;border: 1px solid #E2B887;font-size: 17px;color: #555\">Do\u00e7. Dr. Esra D\u0130\u015e\u00c7\u0130<\/td>\n<td style=\"padding: 15px;border: 1px solid #E2B887;font-size: 17px;color: #555\">\u00dcye<\/td>\n<\/tr>\n<tr>\n<td style=\"padding: 15px;border: 1px solid #E2B887;font-size: 17px;color: #555\">Dr. \u00d6\u011fr. \u00dcyesi Kamber KA\u015eAL\u0130<\/td>\n<td style=\"padding: 15px;border: 1px solid #E2B887;font-size: 17px;color: #555\">\u00dcye<\/td>\n<\/tr>\n<\/tbody>\n<\/table>\t\t\t\t\t\t\t\t<\/div>\n\t\t\t\t<\/div>\n\t\t\t\t\t<\/div>\n\t\t<\/div>\n\t\t\t\t\t<\/div>\n\t\t<\/section>\n\t\t\t\t<\/div>\n\t\t","protected":false},"excerpt":{"rendered":"<p>SOSYAL VE K\u00dcLT\u00dcREL ETK\u0130NL\u0130KLER KOORD\u0130NAT\u00d6RL\u00dc\u011e\u00dc \u00dcNVANI-ADI VE SOYADI G\u00d6REV\u0130 Prof. Dr. Mustafa KARA Koordinat\u00f6r Do\u00e7. Dr. Fatma KESMEZ CAN Koordinat\u00f6r Yard\u0131mc\u0131s\u0131 Dr. \u00d6\u011fr. \u00dcyesi Bilgehan \u00d6ZTOP Koordinat\u00f6r Yard\u0131mc\u0131s\u0131 Do\u00e7. Dr. Muhammed \u00c7a\u011fatay ENG\u0130N \u00dcye Do\u00e7. Dr. Esra D\u0130\u015e\u00c7\u0130 \u00dcye Dr. \u00d6\u011fr. \u00dcyesi Kamber KA\u015eAL\u0130 \u00dcye<\/p>\n","protected":false},"author":687,"featured_media":0,"parent":12687,"menu_order":0,"comment_status":"closed","ping_status":"closed","template":"","meta":{"footnotes":""},"class_list":["post-21280","page","type-page","status-publish","hentry"],"_links":{"self":[{"href":"https:\/\/atauni.edu.tr\/tip-fakultesi\/wp-json\/wp\/v2\/pages\/21280","targetHints":{"allow":["GET"]}}],"collection":[{"href":"https:\/\/atauni.edu.tr\/tip-fakultesi\/wp-json\/wp\/v2\/pages"}],"about":[{"href":"https:\/\/atauni.edu.tr\/tip-fakultesi\/wp-json\/wp\/v2\/types\/page"}],"author":[{"embeddable":true,"href":"https:\/\/atauni.edu.tr\/tip-fakultesi\/wp-json\/wp\/v2\/users\/687"}],"replies":[{"embeddable":true,"href":"https:\/\/atauni.edu.tr\/tip-fakultesi\/wp-json\/wp\/v2\/comments?post=21280"}],"version-history":[{"count":4,"href":"https:\/\/atauni.edu.tr\/tip-fakultesi\/wp-json\/wp\/v2\/pages\/21280\/revisions"}],"predecessor-version":[{"id":21284,"href":"https:\/\/atauni.edu.tr\/tip-fakultesi\/wp-json\/wp\/v2\/pages\/21280\/revisions\/21284"}],"up":[{"embeddable":true,"href":"https:\/\/atauni.edu.tr\/tip-fakultesi\/wp-json\/wp\/v2\/pages\/12687"}],"wp:attachment":[{"href":"https:\/\/atauni.edu.tr\/tip-fakultesi\/wp-json\/wp\/v2\/media?parent=21280"}],"curies":[{"name":"wp","href":"https:\/\/api.w.org\/{rel}","templated":true}]}}