{"id":21288,"date":"2026-05-07T00:44:30","date_gmt":"2026-05-06T21:44:30","guid":{"rendered":"https:\/\/atauni.edu.tr\/tip-fakultesi\/?page_id=21288"},"modified":"2026-05-07T00:45:48","modified_gmt":"2026-05-06T21:45:48","slug":"kariyer-gunleri-etkinlikleri-koordinatorlugu","status":"publish","type":"page","link":"https:\/\/atauni.edu.tr\/tip-fakultesi\/anasayfa1\/fakultemiz\/kurullar-ve-komisyonlar\/kariyer-gunleri-etkinlikleri-koordinatorlugu\/","title":{"rendered":"Kariyer G\u00fcnleri Etkinlikleri Koordinat\u00f6rl\u00fc\u011f\u00fc"},"content":{"rendered":"\t\t<div data-elementor-type=\"wp-page\" data-elementor-id=\"21288\" class=\"elementor elementor-21288\" data-elementor-post-type=\"page\">\n\t\t\t\t\t\t<section class=\"elementor-section elementor-top-section elementor-element elementor-element-43f5a426 elementor-section-boxed elementor-section-height-default elementor-section-height-default\" data-id=\"43f5a426\" data-element_type=\"section\">\n\t\t\t\t\t\t<div class=\"elementor-container elementor-column-gap-default\">\n\t\t\t\t\t<div class=\"elementor-column elementor-col-100 elementor-top-column elementor-element elementor-element-31dc572b\" data-id=\"31dc572b\" data-element_type=\"column\">\n\t\t\t<div class=\"elementor-widget-wrap elementor-element-populated\">\n\t\t\t\t\t\t<div class=\"elementor-element elementor-element-a50bfb5 elementor-widget elementor-widget-text-editor\" data-id=\"a50bfb5\" data-element_type=\"widget\" data-widget_type=\"text-editor.default\">\n\t\t\t\t<div class=\"elementor-widget-container\">\n\t\t\t\t\t\t\t\t\t<table style=\"width: 90%;margin: 20px auto;border-collapse: collapse;font-family: Arial, sans-serif\">\n<thead>\n<tr style=\"background-color: #0d1461;color: white\">\n<td style=\"padding: 15px;border: 1px solid #E2B887;font-size: 17px;text-align: center\" colspan=\"2\"><strong>KAR\u0130YER G\u00dcNLER\u0130 ETK\u0130NL\u0130KLER\u0130 KOORD\u0130NAT\u00d6RL\u00dc\u011e\u00dc<\/strong><\/td>\n<\/tr>\n<tr style=\"background-color: #0d1461;color: white\">\n<td style=\"padding: 15px;border: 1px solid #E2B887;font-size: 17px;text-align: center\"><strong>\u00dcNVANI-ADI VE SOYADI<\/strong><\/td>\n<td style=\"padding: 15px;border: 1px solid #E2B887;font-size: 17px;text-align: center\"><strong>G\u00d6REV\u0130<\/strong><\/td>\n<\/tr>\n<\/thead>\n<tbody>\n<tr>\n<td style=\"padding: 15px;border: 1px solid #E2B887;font-size: 17px;color: #555\">Prof. Dr. Hakan USLU<\/td>\n<td style=\"padding: 15px;border: 1px solid #E2B887;font-size: 17px;color: #555\">Koordinat\u00f6r<\/td>\n<\/tr>\n<tr>\n<td style=\"padding: 15px;border: 1px solid #E2B887;font-size: 17px;color: #555\">Prof. Dr. Tuba DEM\u0130RC\u0130<\/td>\n<td style=\"padding: 15px;border: 1px solid #E2B887;font-size: 17px;color: #555\">Koordinat\u00f6r Yard\u0131mc\u0131s\u0131<\/td>\n<\/tr>\n<\/tbody>\n<\/table>\t\t\t\t\t\t\t\t<\/div>\n\t\t\t\t<\/div>\n\t\t\t\t\t<\/div>\n\t\t<\/div>\n\t\t\t\t\t<\/div>\n\t\t<\/section>\n\t\t\t\t<\/div>\n\t\t","protected":false},"excerpt":{"rendered":"<p>KAR\u0130YER G\u00dcNLER\u0130 ETK\u0130NL\u0130KLER\u0130 KOORD\u0130NAT\u00d6RL\u00dc\u011e\u00dc \u00dcNVANI-ADI VE SOYADI G\u00d6REV\u0130 Prof. Dr. Hakan USLU Koordinat\u00f6r Prof. Dr. Tuba DEM\u0130RC\u0130 Koordinat\u00f6r Yard\u0131mc\u0131s\u0131<\/p>\n","protected":false},"author":687,"featured_media":0,"parent":12687,"menu_order":0,"comment_status":"closed","ping_status":"closed","template":"","meta":{"footnotes":""},"class_list":["post-21288","page","type-page","status-publish","hentry"],"_links":{"self":[{"href":"https:\/\/atauni.edu.tr\/tip-fakultesi\/wp-json\/wp\/v2\/pages\/21288","targetHints":{"allow":["GET"]}}],"collection":[{"href":"https:\/\/atauni.edu.tr\/tip-fakultesi\/wp-json\/wp\/v2\/pages"}],"about":[{"href":"https:\/\/atauni.edu.tr\/tip-fakultesi\/wp-json\/wp\/v2\/types\/page"}],"author":[{"embeddable":true,"href":"https:\/\/atauni.edu.tr\/tip-fakultesi\/wp-json\/wp\/v2\/users\/687"}],"replies":[{"embeddable":true,"href":"https:\/\/atauni.edu.tr\/tip-fakultesi\/wp-json\/wp\/v2\/comments?post=21288"}],"version-history":[{"count":4,"href":"https:\/\/atauni.edu.tr\/tip-fakultesi\/wp-json\/wp\/v2\/pages\/21288\/revisions"}],"predecessor-version":[{"id":21292,"href":"https:\/\/atauni.edu.tr\/tip-fakultesi\/wp-json\/wp\/v2\/pages\/21288\/revisions\/21292"}],"up":[{"embeddable":true,"href":"https:\/\/atauni.edu.tr\/tip-fakultesi\/wp-json\/wp\/v2\/pages\/12687"}],"wp:attachment":[{"href":"https:\/\/atauni.edu.tr\/tip-fakultesi\/wp-json\/wp\/v2\/media?parent=21288"}],"curies":[{"name":"wp","href":"https:\/\/api.w.org\/{rel}","templated":true}]}}